{"id":6058,"date":"2020-05-15T08:40:38","date_gmt":"2020-05-15T06:40:38","guid":{"rendered":"https:\/\/debesto.com\/pl\/?page_id=6058"},"modified":"2026-03-26T11:55:36","modified_gmt":"2026-03-26T10:55:36","slug":"kalkulator-okien-pcv-dla-firm","status":"publish","type":"page","link":"https:\/\/debesto.com\/pl\/kalkulator-okien\/kalkulator-okien-pcv-dla-firm\/","title":{"rendered":"kalkulator okien plastikowych &#8211; zam\u00f3w online okna na wymiar"},"content":{"rendered":"\n<style>\n@media screen and (max-width: 1149px) {\n    body.frontpage {\n        padding-top: 70px;\n    }\n}\n<\/style>\n\n\n\n<div style=\"height:40px\" aria-hidden=\"true\" class=\"wp-block-spacer\"><\/div>\n\n\n\n<h2 class=\"wp-block-heading\">Kalkulator okien na wymiar do szybkiej wyceny online<\/h2>\n\n\n\n<h3 class=\"wp-block-heading\">Dlaczego polscy fachowcy w Europie wybieraj\u0105 nasz kalkulator?<\/h3>\n\n\n\n<p>Praca na budowie zagranic\u0105 np. w Holandii, Belgii czy Irlandii to ci\u0105g\u0142y wy\u015bcig z czasem. Jako w\u0142a\u015bciciel ma\u0142ej firmy nie chcesz traci\u0107 wieczor\u00f3w na r\u0119czne liczenie ofert czy czekanie dniami na odpowied\u017a od handlowca.&nbsp;<\/p>\n\n\n\n<p>Nasz <strong>kalkulator okien online<\/strong> pozwala przygotowa\u0107 wycen\u0119 24\/7 &#8211; wtedy, gdy potrzebujesz: u klienta, siedz\u0105c w aucie pod domem inwestora lub wieczorem po pracy na budowie. To narz\u0119dzie dla profesjonalist\u00f3w, kt\u00f3rzy chc\u0105 zarabia\u0107 wi\u0119cej, szybciej ofertowa\u0107 i zamawia\u0107 bez stresu.<\/p>\n\n\n\n<p>Stw\u00f3rz <strong>wycen\u0119 okien PCV <\/strong>w polskiej cenie i zam\u00f3w dostaw\u0119 okien z roz\u0142adunkiem na Twoj\u0105 budow\u0119. Skorzystaj z narz\u0119dzia zaprojektowanego z my\u015bl\u0105 o fachowcach, kt\u00f3re potrzebuj\u0105 wyceny bez czekania godzin lub dni na ofert\u0119. Zrobisz pe\u0142n\u0105 wycen\u0119 w 5 minut, odzyskuj\u0105c wolne wieczory.<\/p>\n\n\n\n<div style=\"height:40px\" aria-hidden=\"true\" class=\"wp-block-spacer\"><\/div>\n\n\n\n<h2 class=\"wp-block-heading\">Jak dzia\u0142a kalkulator okien \u2013 krok po kroku:<\/h2>\n\n\n\n<p>1.Podajesz wymiary i natychmiast dostajesz wst\u0119pn\u0105 cen\u0119<\/p>\n\n\n\n<p>2.Wybierasz typ okna (okno rozwierno-uchylne, balkonowe, drzwi tarasowe)<\/p>\n\n\n\n<p>3.Konfigurujesz parametry (kolor, pakiet szybowy, dodatki)<\/p>\n\n\n\n<p>4.Dodajesz gotowe okna do wyceny<\/p>\n\n\n\n<p>5.Sk\u0142adasz zam\u00f3wienie online z bezpieczn\u0105 p\u0142atno\u015bci\u0105 PayU<\/p>\n\n\n\n<div style=\"height:40px\" aria-hidden=\"true\" class=\"wp-block-spacer\"><\/div>\n\n\n\n<h3 class=\"wp-block-heading\">Kompleksowa wycena online okien, drzwi tarasowych i drzwi wej\u015bciowych<\/h3>\n\n\n\n<p>Nasz<strong> konfigurator okien<\/strong> ma wspiera\u0107 import okien z Polski. Umo\u017cliwia szybk\u0105 wycen\u0119 okien PCV, zestaw\u00f3w balkonowych, drzwi tarasowych i drzwi wej\u015bciowych. Po podaniu wymiar\u00f3w od razu widzisz cen\u0119 i mo\u017cesz przej\u015b\u0107 do dalszej konfiguracji zam\u00f3wienia.<\/p>\n\n\n\n<h4 class=\"wp-block-heading\"><strong>B\u0142yskawiczna wycena okien online:<\/strong><\/h4>\n\n\n\n<p>Kalkulator debesto pozwala uzyska\u0107 cen\u0119 w 30 sekund. To wygodne rozwi\u0105zanie, gdy chcesz przygotowa\u0107 wst\u0119pn\u0105 wycen\u0119 jeszcze podczas spotkania z klientem.<\/p>\n\n\n\n<h4 class=\"wp-block-heading\"><strong>Bezpieczne okna na wymiar:<\/strong><\/h4>\n\n\n\n<p>Nasz <strong>konfigurator okien <\/strong>uwzgl\u0119dnia ograniczenia technologiczne, dlatego nie pozwala wybra\u0107 parametr\u00f3w, kt\u00f3rych nie mo\u017cna bezpiecznie zrealizowa\u0107. Dodatkowo ka\u017cde zam\u00f3wienie jest weryfikowane przez technologa.<br><br>&#8222;Z rozm\u00f3w z polskimi budowla\u0144cami, wiemy, \u017ce b\u0142\u0105d w wymiarach. Je\u015bli po dokonaniu <strong>wyceny online<\/strong> zauwa\u017cysz b\u0142\u0105d, masz 48h na korekt\u0119, zanim zam\u00f3wienie na <strong>okna na wymiar<\/strong> trafi do produkcji&#8221; &#8211; wyja\u015bnia Wojtek Stanowski, w\u0142a\u015bciciel debesto.com.<br><br>Je\u015bli potrzebujesz niestandardowego rozwi\u0105zania, skontaktuj si\u0119 z naszym konsultantem, kt\u00f3ry po doprecyzowaniu szczeg\u00f3\u0142\u00f3w doda je do Twojego koszyka.<\/p>\n\n\n\n<h4 class=\"wp-block-heading\"><strong>Ceny jak u producenta okien PCV:<\/strong><\/h4>\n\n\n\n<p>Zamawiasz <strong>okna PCV<\/strong> bezpo\u015brednio z Polski z dostaw\u0105 na budow\u0119. To pozwala \u0142atwiej kontrolowa\u0107 koszt zakupu i szybciej przygotowa\u0107 ofert\u0119 dla Twojego klienta.<\/p>\n\n\n\n<div style=\"height:40px\" aria-hidden=\"true\" class=\"wp-block-spacer\"><\/div>\n\n\n\n<h3 class=\"wp-block-heading\">Jak konfigurator online debesto u\u0142atwia import okien z Polski?<\/h3>\n\n\n\n<p><strong>Kalkulator okien<\/strong> powsta\u0142 na bazie do\u015bwiadcze\u0144 setek ekip budowlanych, kt\u00f3re chc\u0105 szybciej wycenia\u0107 stolark\u0119, ogranicza\u0107 liczb\u0119 pomy\u0142ek i sprawniej zamawia\u0107 okna do pracy w r\u00f3\u017cnych krajach UE. \u0141\u0105czymy prost\u0105 wycen\u0119 online z praktyczn\u0105 wiedz\u0105 o transporcie, konfiguracji i realizacji zam\u00f3wie\u0144 (do tej pory mamy okna w ponad 30 krajach \u015bwiata).<\/p>\n\n\n\n<p>Wiele narz\u0119dzi do wyceny okien to skomplikowane aplikacje wzorowane na programach dealerskich zoptymalizowanych pod produkcj\u0119 okien, a nie do u\u017cytku przez klienta. Dlatego zawieraj\u0105 po kilkadziesi\u0105t krok\u00f3w, kt\u00f3re trzeba samodzielnie przej\u015b\u0107 i mozolnie konfigurowa\u0107 ka\u017cde okno. W kalkulatorze debesto postawili\u015bmy na prostot\u0119, szybko\u015b\u0107 i bezpiecze\u0144stwo.<\/p>\n\n\n\n<p>Konfigurator wyceny okien jest zintegrowany z procesem zam\u00f3wienia i logistyk\u0105 debesto. Dzi\u0119ki temu mo\u017cesz nie tylko sprawdzi\u0107 cen\u0119, ale te\u017c sprawniej przej\u015b\u0107 przez ca\u0142y proces zakupu <strong>okien na wymiar online<\/strong> wraz z transportem.<\/p>\n\n\n\n<p><strong>Podsumowuj\u0105c &#8211; kalkulator okien debesto to:<\/strong><\/p>\n\n\n\n<p>&#8211; prosty proces konfiguracji<\/p>\n\n\n\n<p>&#8211; natychmiastowa wycena<\/p>\n\n\n\n<p>&#8211; integracja z logistyk\u0105<\/p>\n\n\n\n<p>&#8211; wsparcie dla ekip budowlanych za granic\u0105<\/p>\n\n\n\n<div style=\"height:40px\" aria-hidden=\"true\" class=\"wp-block-spacer\"><\/div>\n\n\n\n<h3 class=\"wp-block-heading\">W skr\u00f3cie: Dlaczego warto wyceni\u0107 okna w debesto.com?<\/h3>\n\n\n\n<h4 class=\"wp-block-heading\"><strong>Wycena okien online w 30 sekund<\/strong><\/h4>\n\n\n\n<p>Oszcz\u0119dzasz czas: ofertujesz klienta od r\u0119ki 24\/7, wtedy gdy masz czas i bez czekania na wyceny od handlowc\u00f3w.<\/p>\n\n\n\n<h4 class=\"wp-block-heading\"><strong>Konfigurator okien na wymiar bez b\u0142\u0119d\u00f3w<\/strong><\/h4>\n\n\n\n<p>Ka\u017cde okno w konfiguratorze posiada blokady technologiczne, a po zam\u00f3wieniu jest dodatkowo weryfikowane przez technologa. Ogranicza to ryzyko pomy\u0142ek, kt\u00f3re na budowach za granic\u0105 kosztuj\u0105 najwi\u0119cej.<\/p>\n\n\n\n<h4 class=\"wp-block-heading\"><strong>48h na bezp\u0142atn\u0105 zmian\u0119 zam\u00f3wienia<\/strong><\/h4>\n\n\n\n<p>Na budowie sytuacja jest dynamiczna. Dajemy Ci bezpiecze\u0144stwo i <strong>mo\u017cliwo\u015b\u0107 korekty wymiar\u00f3w do 48h po zam\u00f3wieniu<\/strong>, je\u015bli zauwa\u017cysz b\u0142\u0105d.<\/p>\n\n\n\n<h4 class=\"wp-block-heading\"><strong>Hurtowe ceny okien PCV<\/strong><\/h4>\n\n\n\n<p>Kupujesz stolark\u0119 w polskich cenach &#8211; dla profesjonalist\u00f3w mamy specjalny rabat. <a href=\"https:\/\/debesto.com\/pl\/szybki-kontakt\/\">Poznaj warunki dla firm<\/a><\/p>\n\n\n\n<h4 class=\"wp-block-heading\"><strong>Dostawa z roz\u0142adunkiem w Europie<\/strong><\/h4>\n\n\n\n<p>Obs\u0142ugujemy wszystkie kraje w Unii Europejskiej. Mamy regularne trasy do <strong>Holandii, Belgii i Irlandii<\/strong>. Okna na wymiar docieraj\u0105 bezpo\u015brednio na Tw\u00f3j plac budowy, gotowe do monta\u017cu.<\/p>\n\n\n\n<div style=\"height:40px\" aria-hidden=\"true\" class=\"wp-block-spacer\"><\/div>\n\n\n\n<h2 class=\"wp-block-heading\">Podsumowanie \u2013 najwa\u017cniejsze informacje<\/h2>\n\n\n\n<p>Kalkulator okien PCV debesto pozwala szybko sprawdzi\u0107 cen\u0119 (w 30 sekund), skonfigurowa\u0107 zam\u00f3wienie (z opcj\u0105 korekty do 48h) i zam\u00f3wi\u0107 stolark\u0119 z dostaw\u0105 na budow\u0119. System wspiera polskie firmy budowlane dzia\u0142aj\u0105ce za granic\u0105, upraszczaj\u0105c wycen\u0119 oraz ograniczaj\u0105c ryzyko b\u0142\u0119d\u00f3w przy zam\u00f3wieniu.<\/p>\n\n\n\n<div style=\"height:40px\" aria-hidden=\"true\" class=\"wp-block-spacer\"><\/div>\n\n\n\n<p><\/p>\n","protected":false},"excerpt":{"rendered":"<p>Kalkulator okien na wymiar do szybkiej wyceny online Dlaczego polscy fachowcy w Europie wybieraj\u0105 nasz kalkulator? Praca na budowie zagranic\u0105 np. w Holandii, Belgii czy Irlandii to ci\u0105g\u0142y wy\u015bcig z czasem. Jako w\u0142a\u015bciciel ma\u0142ej firmy nie chcesz traci\u0107 wieczor\u00f3w na r\u0119czne liczenie ofert czy czekanie dniami na odpowied\u017a od handlowca.&nbsp; Nasz kalkulator okien online pozwala [&hellip;]<\/p>\n","protected":false},"author":2,"featured_media":1742,"parent":15916,"menu_order":72,"comment_status":"closed","ping_status":"closed","template":"controllers\/page-calculator-next-gen.php","meta":{"_acf_changed":false,"_uag_custom_page_level_css":"","footnotes":""},"class_list":["post-6058","page","type-page","status-publish","has-post-thumbnail","hentry"],"acf":[],"yoast_head":"<!-- This site is optimized with the Yoast SEO plugin v25.6 - https:\/\/yoast.com\/wordpress\/plugins\/seo\/ -->\n<title>Okna PCV Kalkulator - Wyce\u0144 i Zam\u00f3w Online z Dostaw\u0105 | debesto<\/title>\n<meta name=\"description\" content=\"Kalkulator Okien Online z Dostaw\u0105 na Budow\u0119. Wycena Okna w 30s. Montujesz okna PCV? Sprawd\u017a Hurtowe Ceny Okien PCV. Wyce\u0144 teraz i zam\u00f3w online!\" \/>\n<meta name=\"robots\" content=\"index, follow, max-snippet:-1, max-image-preview:large, max-video-preview:-1\" \/>\n<link rel=\"canonical\" href=\"https:\/\/debesto.com\/pl\/kalkulator-okien\/kalkulator-okien-pcv-dla-firm\/\" \/>\n<meta property=\"og:locale\" content=\"pl_PL\" \/>\n<meta property=\"og:type\" content=\"article\" \/>\n<meta property=\"og:title\" content=\"Wyce\u0144 i Zam\u00f3w Okna PCV Online | Kalkulator Okien na Wymiar\" \/>\n<meta property=\"og:description\" content=\"Samodzielnie zamontujesz okna PCV? Dla Ciebie mamy hurtowe ceny okien PCV. Importuj okna plastikowe z Polski. Wyce\u0144 teraz i zam\u00f3w online!\" \/>\n<meta property=\"og:url\" content=\"https:\/\/debesto.com\/pl\/kalkulator-okien\/kalkulator-okien-pcv-dla-firm\/\" \/>\n<meta property=\"og:site_name\" content=\"debesto (PL)\" \/>\n<meta property=\"article:modified_time\" content=\"2026-03-26T10:55:36+00:00\" \/>\n<meta property=\"og:image\" content=\"https:\/\/cdn.debesto.com\/web\/assets\/sites\/1\/2021\/07\/06085648\/calculator-ranking-1.jpg\" \/>\n\t<meta property=\"og:image:width\" content=\"620\" \/>\n\t<meta property=\"og:image:height\" content=\"400\" \/>\n\t<meta property=\"og:image:type\" content=\"image\/jpeg\" \/>\n<meta name=\"twitter:card\" content=\"summary_large_image\" \/>\n<meta name=\"twitter:label1\" content=\"Szacowany czas czytania\" \/>\n\t<meta name=\"twitter:data1\" content=\"5 minut\" \/>\n<script type=\"application\/ld+json\" class=\"yoast-schema-graph\">{\"@context\":\"https:\/\/schema.org\",\"@graph\":[{\"@type\":\"WebPage\",\"@id\":\"https:\/\/debesto.com\/pl\/kalkulator-okien\/kalkulator-okien-pcv-dla-firm\/\",\"url\":\"https:\/\/debesto.com\/pl\/kalkulator-okien\/kalkulator-okien-pcv-dla-firm\/\",\"name\":\"Okna PCV Kalkulator - Wyce\u0144 i Zam\u00f3w Online z Dostaw\u0105 | debesto\",\"isPartOf\":{\"@id\":\"https:\/\/debesto.com\/pl\/#website\"},\"primaryImageOfPage\":{\"@id\":\"https:\/\/debesto.com\/pl\/kalkulator-okien\/kalkulator-okien-pcv-dla-firm\/#primaryimage\"},\"image\":{\"@id\":\"https:\/\/debesto.com\/pl\/kalkulator-okien\/kalkulator-okien-pcv-dla-firm\/#primaryimage\"},\"thumbnailUrl\":\"https:\/\/cdn.debesto.com\/web\/assets\/sites\/1\/2019\/05\/06090559\/kalkulator.jpg\",\"datePublished\":\"2020-05-15T06:40:38+00:00\",\"dateModified\":\"2026-03-26T10:55:36+00:00\",\"description\":\"Kalkulator Okien Online z Dostaw\u0105 na Budow\u0119. Wycena Okna w 30s. Montujesz okna PCV? Sprawd\u017a Hurtowe Ceny Okien PCV. Wyce\u0144 teraz i zam\u00f3w online!\",\"breadcrumb\":{\"@id\":\"https:\/\/debesto.com\/pl\/kalkulator-okien\/kalkulator-okien-pcv-dla-firm\/#breadcrumb\"},\"inLanguage\":\"pl-PL\",\"potentialAction\":[{\"@type\":\"ReadAction\",\"target\":[\"https:\/\/debesto.com\/pl\/kalkulator-okien\/kalkulator-okien-pcv-dla-firm\/\"]}]},{\"@type\":\"ImageObject\",\"inLanguage\":\"pl-PL\",\"@id\":\"https:\/\/debesto.com\/pl\/kalkulator-okien\/kalkulator-okien-pcv-dla-firm\/#primaryimage\",\"url\":\"https:\/\/cdn.debesto.com\/web\/assets\/sites\/1\/2019\/05\/06090559\/kalkulator.jpg\",\"contentUrl\":\"https:\/\/cdn.debesto.com\/web\/assets\/sites\/1\/2019\/05\/06090559\/kalkulator.jpg\",\"width\":457,\"height\":457,\"caption\":\"kalkulator okien online\"},{\"@type\":\"BreadcrumbList\",\"@id\":\"https:\/\/debesto.com\/pl\/kalkulator-okien\/kalkulator-okien-pcv-dla-firm\/#breadcrumb\",\"itemListElement\":[{\"@type\":\"ListItem\",\"position\":1,\"name\":\"Strona g\u0142\u00f3wna\",\"item\":\"https:\/\/debesto.com\/pl\/\"},{\"@type\":\"ListItem\",\"position\":2,\"name\":\"Kalkulatory &#8211; ceny okien, bram i rolet online\",\"item\":\"https:\/\/debesto.com\/pl\/kalkulator-okien\/\"},{\"@type\":\"ListItem\",\"position\":3,\"name\":\"kalkulator okien plastikowych &#8211; zam\u00f3w online okna na wymiar\"}]},{\"@type\":\"WebSite\",\"@id\":\"https:\/\/debesto.com\/pl\/#website\",\"url\":\"https:\/\/debesto.com\/pl\/\",\"name\":\"debesto (PL)\",\"description\":\"\",\"publisher\":{\"@id\":\"https:\/\/debesto.com\/pl\/#organization\"},\"potentialAction\":[{\"@type\":\"SearchAction\",\"target\":{\"@type\":\"EntryPoint\",\"urlTemplate\":\"https:\/\/debesto.com\/pl\/?s={search_term_string}\"},\"query-input\":{\"@type\":\"PropertyValueSpecification\",\"valueRequired\":true,\"valueName\":\"search_term_string\"}}],\"inLanguage\":\"pl-PL\"},{\"@type\":\"Organization\",\"@id\":\"https:\/\/debesto.com\/pl\/#organization\",\"name\":\"debesto.com\",\"url\":\"https:\/\/debesto.com\/pl\/\",\"logo\":{\"@type\":\"ImageObject\",\"inLanguage\":\"pl-PL\",\"@id\":\"https:\/\/debesto.com\/pl\/#\/schema\/logo\/image\/\",\"url\":\"https:\/\/cdn.debesto.com\/web\/assets\/sites\/1\/2019\/12\/06090155\/debesto_kwadrat.jpg\",\"contentUrl\":\"https:\/\/cdn.debesto.com\/web\/assets\/sites\/1\/2019\/12\/06090155\/debesto_kwadrat.jpg\",\"width\":512,\"height\":512,\"caption\":\"debesto.com\"},\"image\":{\"@id\":\"https:\/\/debesto.com\/pl\/#\/schema\/logo\/image\/\"}}]}<\/script>\n<!-- \/ Yoast SEO plugin. -->","yoast_head_json":{"title":"Okna PCV Kalkulator - Wyce\u0144 i Zam\u00f3w Online z Dostaw\u0105 | debesto","description":"Kalkulator Okien Online z Dostaw\u0105 na Budow\u0119. Wycena Okna w 30s. Montujesz okna PCV? Sprawd\u017a Hurtowe Ceny Okien PCV. Wyce\u0144 teraz i zam\u00f3w online!","robots":{"index":"index","follow":"follow","max-snippet":"max-snippet:-1","max-image-preview":"max-image-preview:large","max-video-preview":"max-video-preview:-1"},"canonical":"https:\/\/debesto.com\/pl\/kalkulator-okien\/kalkulator-okien-pcv-dla-firm\/","og_locale":"pl_PL","og_type":"article","og_title":"Wyce\u0144 i Zam\u00f3w Okna PCV Online | Kalkulator Okien na Wymiar","og_description":"Samodzielnie zamontujesz okna PCV? Dla Ciebie mamy hurtowe ceny okien PCV. Importuj okna plastikowe z Polski. Wyce\u0144 teraz i zam\u00f3w online!","og_url":"https:\/\/debesto.com\/pl\/kalkulator-okien\/kalkulator-okien-pcv-dla-firm\/","og_site_name":"debesto (PL)","article_modified_time":"2026-03-26T10:55:36+00:00","og_image":[{"width":620,"height":400,"url":"https:\/\/cdn.debesto.com\/web\/assets\/sites\/1\/2021\/07\/06085648\/calculator-ranking-1.jpg","type":"image\/jpeg"}],"twitter_card":"summary_large_image","twitter_misc":{"Szacowany czas czytania":"5 minut"},"schema":{"@context":"https:\/\/schema.org","@graph":[{"@type":"WebPage","@id":"https:\/\/debesto.com\/pl\/kalkulator-okien\/kalkulator-okien-pcv-dla-firm\/","url":"https:\/\/debesto.com\/pl\/kalkulator-okien\/kalkulator-okien-pcv-dla-firm\/","name":"Okna PCV Kalkulator - Wyce\u0144 i Zam\u00f3w Online z Dostaw\u0105 | debesto","isPartOf":{"@id":"https:\/\/debesto.com\/pl\/#website"},"primaryImageOfPage":{"@id":"https:\/\/debesto.com\/pl\/kalkulator-okien\/kalkulator-okien-pcv-dla-firm\/#primaryimage"},"image":{"@id":"https:\/\/debesto.com\/pl\/kalkulator-okien\/kalkulator-okien-pcv-dla-firm\/#primaryimage"},"thumbnailUrl":"https:\/\/cdn.debesto.com\/web\/assets\/sites\/1\/2019\/05\/06090559\/kalkulator.jpg","datePublished":"2020-05-15T06:40:38+00:00","dateModified":"2026-03-26T10:55:36+00:00","description":"Kalkulator Okien Online z Dostaw\u0105 na Budow\u0119. Wycena Okna w 30s. Montujesz okna PCV? Sprawd\u017a Hurtowe Ceny Okien PCV. Wyce\u0144 teraz i zam\u00f3w online!","breadcrumb":{"@id":"https:\/\/debesto.com\/pl\/kalkulator-okien\/kalkulator-okien-pcv-dla-firm\/#breadcrumb"},"inLanguage":"pl-PL","potentialAction":[{"@type":"ReadAction","target":["https:\/\/debesto.com\/pl\/kalkulator-okien\/kalkulator-okien-pcv-dla-firm\/"]}]},{"@type":"ImageObject","inLanguage":"pl-PL","@id":"https:\/\/debesto.com\/pl\/kalkulator-okien\/kalkulator-okien-pcv-dla-firm\/#primaryimage","url":"https:\/\/cdn.debesto.com\/web\/assets\/sites\/1\/2019\/05\/06090559\/kalkulator.jpg","contentUrl":"https:\/\/cdn.debesto.com\/web\/assets\/sites\/1\/2019\/05\/06090559\/kalkulator.jpg","width":457,"height":457,"caption":"kalkulator okien online"},{"@type":"BreadcrumbList","@id":"https:\/\/debesto.com\/pl\/kalkulator-okien\/kalkulator-okien-pcv-dla-firm\/#breadcrumb","itemListElement":[{"@type":"ListItem","position":1,"name":"Strona g\u0142\u00f3wna","item":"https:\/\/debesto.com\/pl\/"},{"@type":"ListItem","position":2,"name":"Kalkulatory &#8211; ceny okien, bram i rolet online","item":"https:\/\/debesto.com\/pl\/kalkulator-okien\/"},{"@type":"ListItem","position":3,"name":"kalkulator okien plastikowych &#8211; zam\u00f3w online okna na wymiar"}]},{"@type":"WebSite","@id":"https:\/\/debesto.com\/pl\/#website","url":"https:\/\/debesto.com\/pl\/","name":"debesto (PL)","description":"","publisher":{"@id":"https:\/\/debesto.com\/pl\/#organization"},"potentialAction":[{"@type":"SearchAction","target":{"@type":"EntryPoint","urlTemplate":"https:\/\/debesto.com\/pl\/?s={search_term_string}"},"query-input":{"@type":"PropertyValueSpecification","valueRequired":true,"valueName":"search_term_string"}}],"inLanguage":"pl-PL"},{"@type":"Organization","@id":"https:\/\/debesto.com\/pl\/#organization","name":"debesto.com","url":"https:\/\/debesto.com\/pl\/","logo":{"@type":"ImageObject","inLanguage":"pl-PL","@id":"https:\/\/debesto.com\/pl\/#\/schema\/logo\/image\/","url":"https:\/\/cdn.debesto.com\/web\/assets\/sites\/1\/2019\/12\/06090155\/debesto_kwadrat.jpg","contentUrl":"https:\/\/cdn.debesto.com\/web\/assets\/sites\/1\/2019\/12\/06090155\/debesto_kwadrat.jpg","width":512,"height":512,"caption":"debesto.com"},"image":{"@id":"https:\/\/debesto.com\/pl\/#\/schema\/logo\/image\/"}}]}},"uagb_featured_image_src":{"full":["https:\/\/cdn.debesto.com\/web\/assets\/sites\/1\/2019\/05\/06090559\/kalkulator.jpg",457,457,false],"thumbnail":["https:\/\/cdn.debesto.com\/web\/assets\/sites\/1\/2019\/05\/06090559\/kalkulator-150x150.jpg",150,150,true],"medium":["https:\/\/cdn.debesto.com\/web\/assets\/sites\/1\/2019\/05\/06090559\/kalkulator-300x300.jpg",300,300,true],"medium_large":["https:\/\/cdn.debesto.com\/web\/assets\/sites\/1\/2019\/05\/06090559\/kalkulator.jpg",457,457,false],"large":["https:\/\/cdn.debesto.com\/web\/assets\/sites\/1\/2019\/05\/06090559\/kalkulator.jpg",457,457,false],"1536x1536":["https:\/\/cdn.debesto.com\/web\/assets\/sites\/1\/2019\/05\/06090559\/kalkulator.jpg",457,457,false],"2048x2048":["https:\/\/cdn.debesto.com\/web\/assets\/sites\/1\/2019\/05\/06090559\/kalkulator.jpg",457,457,false]},"uagb_author_info":{"display_name":"debesto","author_link":"https:\/\/debesto.com\/pl\/author\/debesto\/"},"uagb_comment_info":0,"uagb_excerpt":"Kalkulator okien na wymiar do szybkiej wyceny online Dlaczego polscy fachowcy w Europie wybieraj\u0105 nasz kalkulator? Praca na budowie zagranic\u0105 np. w Holandii, Belgii czy Irlandii to ci\u0105g\u0142y wy\u015bcig z czasem. Jako w\u0142a\u015bciciel ma\u0142ej firmy nie chcesz traci\u0107 wieczor\u00f3w na r\u0119czne liczenie ofert czy czekanie dniami na odpowied\u017a od handlowca.&nbsp; Nasz kalkulator okien online pozwala&hellip;","_links":{"self":[{"href":"https:\/\/debesto.com\/pl\/wp-json\/wp\/v2\/pages\/6058","targetHints":{"allow":["GET"]}}],"collection":[{"href":"https:\/\/debesto.com\/pl\/wp-json\/wp\/v2\/pages"}],"about":[{"href":"https:\/\/debesto.com\/pl\/wp-json\/wp\/v2\/types\/page"}],"author":[{"embeddable":true,"href":"https:\/\/debesto.com\/pl\/wp-json\/wp\/v2\/users\/2"}],"replies":[{"embeddable":true,"href":"https:\/\/debesto.com\/pl\/wp-json\/wp\/v2\/comments?post=6058"}],"version-history":[{"count":248,"href":"https:\/\/debesto.com\/pl\/wp-json\/wp\/v2\/pages\/6058\/revisions"}],"predecessor-version":[{"id":44848,"href":"https:\/\/debesto.com\/pl\/wp-json\/wp\/v2\/pages\/6058\/revisions\/44848"}],"up":[{"embeddable":true,"href":"https:\/\/debesto.com\/pl\/wp-json\/wp\/v2\/pages\/15916"}],"wp:featuredmedia":[{"embeddable":true,"href":"https:\/\/debesto.com\/pl\/wp-json\/wp\/v2\/media\/1742"}],"wp:attachment":[{"href":"https:\/\/debesto.com\/pl\/wp-json\/wp\/v2\/media?parent=6058"}],"curies":[{"name":"wp","href":"https:\/\/api.w.org\/{rel}","templated":true}]}}