{"id":4700,"date":"2020-02-27T23:42:25","date_gmt":"2020-02-27T22:42:25","guid":{"rendered":"https:\/\/debesto.com\/pl\/?page_id=4700"},"modified":"2023-07-19T09:59:32","modified_gmt":"2023-07-19T07:59:32","slug":"cennik-okien-drewnianych-dla-firm","status":"publish","type":"page","link":"https:\/\/debesto.com\/pl\/cenniki\/cennik-okien-drewnianych-dla-firm\/","title":{"rendered":"cennik okien drewnianych dla firm"},"content":{"rendered":"","protected":false},"excerpt":{"rendered":"","protected":false},"author":7,"featured_media":0,"parent":16,"menu_order":67,"comment_status":"closed","ping_status":"closed","template":"controllers\/pricing.php","meta":{"_acf_changed":false,"_uag_custom_page_level_css":"","footnotes":""},"class_list":["post-4700","page","type-page","status-publish","hentry"],"acf":[],"yoast_head":"<!-- This site is optimized with the Yoast SEO plugin v25.6 - https:\/\/yoast.com\/wordpress\/plugins\/seo\/ -->\n<title>Cennik Okien Drewnianych Dla Firm | Cena Okien Sosna, Meranti, D\u0105b - debesto.com<\/title>\n<meta name=\"description\" content=\"Sprzedajesz lub montujesz stolark\u0119 otworow\u0105? Sprawd\u017a cennik okien drewnianych dla firm i oszcz\u0119dzaj do 50% importuj\u0105c stolark\u0119 z Polski.\" \/>\n<meta name=\"robots\" content=\"index, follow, max-snippet:-1, max-image-preview:large, max-video-preview:-1\" \/>\n<link rel=\"canonical\" href=\"https:\/\/debesto.com\/pl\/cenniki\/cennik-okien-drewnianych-dla-firm\/\" \/>\n<meta property=\"og:locale\" content=\"pl_PL\" \/>\n<meta property=\"og:type\" content=\"article\" \/>\n<meta property=\"og:title\" content=\"Cennik Okien Drewnianych Dla Firm | Cena Okien Sosna, Meranti, D\u0105b - debesto.com\" \/>\n<meta property=\"og:description\" content=\"Sprzedajesz lub montujesz stolark\u0119 otworow\u0105? Sprawd\u017a cennik okien drewnianych dla firm i oszcz\u0119dzaj do 50% importuj\u0105c stolark\u0119 z Polski.\" \/>\n<meta property=\"og:url\" content=\"https:\/\/debesto.com\/pl\/cenniki\/cennik-okien-drewnianych-dla-firm\/\" \/>\n<meta property=\"og:site_name\" content=\"debesto (PL)\" \/>\n<meta property=\"article:modified_time\" content=\"2023-07-19T07:59:32+00:00\" \/>\n<meta name=\"twitter:card\" content=\"summary_large_image\" \/>\n<script type=\"application\/ld+json\" class=\"yoast-schema-graph\">{\"@context\":\"https:\/\/schema.org\",\"@graph\":[{\"@type\":\"WebPage\",\"@id\":\"https:\/\/debesto.com\/pl\/cenniki\/cennik-okien-drewnianych-dla-firm\/\",\"url\":\"https:\/\/debesto.com\/pl\/cenniki\/cennik-okien-drewnianych-dla-firm\/\",\"name\":\"Cennik Okien Drewnianych Dla Firm | Cena Okien Sosna, Meranti, D\u0105b - debesto.com\",\"isPartOf\":{\"@id\":\"https:\/\/debesto.com\/pl\/#website\"},\"datePublished\":\"2020-02-27T22:42:25+00:00\",\"dateModified\":\"2023-07-19T07:59:32+00:00\",\"description\":\"Sprzedajesz lub montujesz stolark\u0119 otworow\u0105? Sprawd\u017a cennik okien drewnianych dla firm i oszcz\u0119dzaj do 50% importuj\u0105c stolark\u0119 z Polski.\",\"breadcrumb\":{\"@id\":\"https:\/\/debesto.com\/pl\/cenniki\/cennik-okien-drewnianych-dla-firm\/#breadcrumb\"},\"inLanguage\":\"pl-PL\",\"potentialAction\":[{\"@type\":\"ReadAction\",\"target\":[\"https:\/\/debesto.com\/pl\/cenniki\/cennik-okien-drewnianych-dla-firm\/\"]}]},{\"@type\":\"BreadcrumbList\",\"@id\":\"https:\/\/debesto.com\/pl\/cenniki\/cennik-okien-drewnianych-dla-firm\/#breadcrumb\",\"itemListElement\":[{\"@type\":\"ListItem\",\"position\":1,\"name\":\"Strona g\u0142\u00f3wna\",\"item\":\"https:\/\/debesto.com\/pl\/\"},{\"@type\":\"ListItem\",\"position\":2,\"name\":\"cenniki\",\"item\":\"https:\/\/debesto.com\/pl\/cenniki\/\"},{\"@type\":\"ListItem\",\"position\":3,\"name\":\"cennik okien drewnianych dla firm\"}]},{\"@type\":\"WebSite\",\"@id\":\"https:\/\/debesto.com\/pl\/#website\",\"url\":\"https:\/\/debesto.com\/pl\/\",\"name\":\"debesto (PL)\",\"description\":\"\",\"publisher\":{\"@id\":\"https:\/\/debesto.com\/pl\/#organization\"},\"potentialAction\":[{\"@type\":\"SearchAction\",\"target\":{\"@type\":\"EntryPoint\",\"urlTemplate\":\"https:\/\/debesto.com\/pl\/?s={search_term_string}\"},\"query-input\":{\"@type\":\"PropertyValueSpecification\",\"valueRequired\":true,\"valueName\":\"search_term_string\"}}],\"inLanguage\":\"pl-PL\"},{\"@type\":\"Organization\",\"@id\":\"https:\/\/debesto.com\/pl\/#organization\",\"name\":\"debesto.com\",\"url\":\"https:\/\/debesto.com\/pl\/\",\"logo\":{\"@type\":\"ImageObject\",\"inLanguage\":\"pl-PL\",\"@id\":\"https:\/\/debesto.com\/pl\/#\/schema\/logo\/image\/\",\"url\":\"https:\/\/cdn.debesto.com\/web\/assets\/sites\/1\/2019\/12\/06090155\/debesto_kwadrat.jpg\",\"contentUrl\":\"https:\/\/cdn.debesto.com\/web\/assets\/sites\/1\/2019\/12\/06090155\/debesto_kwadrat.jpg\",\"width\":512,\"height\":512,\"caption\":\"debesto.com\"},\"image\":{\"@id\":\"https:\/\/debesto.com\/pl\/#\/schema\/logo\/image\/\"}}]}<\/script>\n<!-- \/ Yoast SEO plugin. -->","yoast_head_json":{"title":"Cennik Okien Drewnianych Dla Firm | Cena Okien Sosna, Meranti, D\u0105b - debesto.com","description":"Sprzedajesz lub montujesz stolark\u0119 otworow\u0105? Sprawd\u017a cennik okien drewnianych dla firm i oszcz\u0119dzaj do 50% importuj\u0105c stolark\u0119 z Polski.","robots":{"index":"index","follow":"follow","max-snippet":"max-snippet:-1","max-image-preview":"max-image-preview:large","max-video-preview":"max-video-preview:-1"},"canonical":"https:\/\/debesto.com\/pl\/cenniki\/cennik-okien-drewnianych-dla-firm\/","og_locale":"pl_PL","og_type":"article","og_title":"Cennik Okien Drewnianych Dla Firm | Cena Okien Sosna, Meranti, D\u0105b - debesto.com","og_description":"Sprzedajesz lub montujesz stolark\u0119 otworow\u0105? Sprawd\u017a cennik okien drewnianych dla firm i oszcz\u0119dzaj do 50% importuj\u0105c stolark\u0119 z Polski.","og_url":"https:\/\/debesto.com\/pl\/cenniki\/cennik-okien-drewnianych-dla-firm\/","og_site_name":"debesto (PL)","article_modified_time":"2023-07-19T07:59:32+00:00","twitter_card":"summary_large_image","schema":{"@context":"https:\/\/schema.org","@graph":[{"@type":"WebPage","@id":"https:\/\/debesto.com\/pl\/cenniki\/cennik-okien-drewnianych-dla-firm\/","url":"https:\/\/debesto.com\/pl\/cenniki\/cennik-okien-drewnianych-dla-firm\/","name":"Cennik Okien Drewnianych Dla Firm | Cena Okien Sosna, Meranti, D\u0105b - debesto.com","isPartOf":{"@id":"https:\/\/debesto.com\/pl\/#website"},"datePublished":"2020-02-27T22:42:25+00:00","dateModified":"2023-07-19T07:59:32+00:00","description":"Sprzedajesz lub montujesz stolark\u0119 otworow\u0105? Sprawd\u017a cennik okien drewnianych dla firm i oszcz\u0119dzaj do 50% importuj\u0105c stolark\u0119 z Polski.","breadcrumb":{"@id":"https:\/\/debesto.com\/pl\/cenniki\/cennik-okien-drewnianych-dla-firm\/#breadcrumb"},"inLanguage":"pl-PL","potentialAction":[{"@type":"ReadAction","target":["https:\/\/debesto.com\/pl\/cenniki\/cennik-okien-drewnianych-dla-firm\/"]}]},{"@type":"BreadcrumbList","@id":"https:\/\/debesto.com\/pl\/cenniki\/cennik-okien-drewnianych-dla-firm\/#breadcrumb","itemListElement":[{"@type":"ListItem","position":1,"name":"Strona g\u0142\u00f3wna","item":"https:\/\/debesto.com\/pl\/"},{"@type":"ListItem","position":2,"name":"cenniki","item":"https:\/\/debesto.com\/pl\/cenniki\/"},{"@type":"ListItem","position":3,"name":"cennik okien drewnianych dla firm"}]},{"@type":"WebSite","@id":"https:\/\/debesto.com\/pl\/#website","url":"https:\/\/debesto.com\/pl\/","name":"debesto (PL)","description":"","publisher":{"@id":"https:\/\/debesto.com\/pl\/#organization"},"potentialAction":[{"@type":"SearchAction","target":{"@type":"EntryPoint","urlTemplate":"https:\/\/debesto.com\/pl\/?s={search_term_string}"},"query-input":{"@type":"PropertyValueSpecification","valueRequired":true,"valueName":"search_term_string"}}],"inLanguage":"pl-PL"},{"@type":"Organization","@id":"https:\/\/debesto.com\/pl\/#organization","name":"debesto.com","url":"https:\/\/debesto.com\/pl\/","logo":{"@type":"ImageObject","inLanguage":"pl-PL","@id":"https:\/\/debesto.com\/pl\/#\/schema\/logo\/image\/","url":"https:\/\/cdn.debesto.com\/web\/assets\/sites\/1\/2019\/12\/06090155\/debesto_kwadrat.jpg","contentUrl":"https:\/\/cdn.debesto.com\/web\/assets\/sites\/1\/2019\/12\/06090155\/debesto_kwadrat.jpg","width":512,"height":512,"caption":"debesto.com"},"image":{"@id":"https:\/\/debesto.com\/pl\/#\/schema\/logo\/image\/"}}]}},"uagb_featured_image_src":{"full":false,"thumbnail":false,"medium":false,"medium_large":false,"large":false,"1536x1536":false,"2048x2048":false},"uagb_author_info":{"display_name":"pmakosza","author_link":"https:\/\/debesto.com\/pl\/author\/pmakosza\/"},"uagb_comment_info":0,"uagb_excerpt":null,"_links":{"self":[{"href":"https:\/\/debesto.com\/pl\/wp-json\/wp\/v2\/pages\/4700","targetHints":{"allow":["GET"]}}],"collection":[{"href":"https:\/\/debesto.com\/pl\/wp-json\/wp\/v2\/pages"}],"about":[{"href":"https:\/\/debesto.com\/pl\/wp-json\/wp\/v2\/types\/page"}],"author":[{"embeddable":true,"href":"https:\/\/debesto.com\/pl\/wp-json\/wp\/v2\/users\/7"}],"replies":[{"embeddable":true,"href":"https:\/\/debesto.com\/pl\/wp-json\/wp\/v2\/comments?post=4700"}],"version-history":[{"count":26,"href":"https:\/\/debesto.com\/pl\/wp-json\/wp\/v2\/pages\/4700\/revisions"}],"predecessor-version":[{"id":35223,"href":"https:\/\/debesto.com\/pl\/wp-json\/wp\/v2\/pages\/4700\/revisions\/35223"}],"up":[{"embeddable":true,"href":"https:\/\/debesto.com\/pl\/wp-json\/wp\/v2\/pages\/16"}],"wp:attachment":[{"href":"https:\/\/debesto.com\/pl\/wp-json\/wp\/v2\/media?parent=4700"}],"curies":[{"name":"wp","href":"https:\/\/api.w.org\/{rel}","templated":true}]}}