{"id":46,"date":"2019-02-20T19:04:59","date_gmt":"2019-02-20T18:04:59","guid":{"rendered":"https:\/\/debesto.com\/pl\/?page_id=46"},"modified":"2023-02-14T13:28:20","modified_gmt":"2023-02-14T12:28:20","slug":"rolety","status":"publish","type":"page","link":"https:\/\/debesto.com\/pl\/pozostale-produkty\/rolety\/","title":{"rendered":"rolety"},"content":{"rendered":"<p><strong>Izolacja<\/strong><br \/>\nRolety zwi\u0119kszaj\u0105 zar\u00f3wno izolacj\u0119 termiczn\u0105 jak i akustyczn\u0105 przestrzeni okna.<br \/>\nZmniejszaj\u0105 tym samym rachunki za ogrzewanie domu w zimie lub ch\u0142odzenie w lecie. Przes\u0142oni\u0119cie okna pancerzem rolety tworzy przestrze\u0144 mi\u0119dzy oknem, a rolet\u0105 zmniejszaj\u0105c straty ciep\u0142a. Podczas du\u017cego nas\u0142onecznienia opuszczona roleta blokuje promienie s\u0142oneczne, zmniejszaj\u0105c nagrzewanie si\u0119 pomieszczenia. Stanowi r\u00f3wnie\u017c barier\u0119 przed nadmiernym ha\u0142asem z zewn\u0105trz.<\/p>\n<p><strong>Poczucie bezpiecze\u0144stwa<\/strong><br \/>\nRolety i inne os\u0142ony okienne nie stanowi\u0105 bariery nie do pokonania, jednak w \u0142atwy spos\u00f3b mo\u017cna po\u0142\u0105czy\u0107 je z systemami SSWiN (Systemy Sygnalizacji W\u0142amania i Napadu). Dodatkowo rolety posiadaj\u0105 zabezpieczenia przed r\u0119cznym podniesieniem pancerza oraz mo\u017cliwo\u015b\u0107 zaprogramowania scen. Zaprogramowanie rolet pozwala imitowa\u0107 obecno\u015b\u0107 domownik\u00f3w podczas, gdy s\u0105 poza domem.<\/p>\n<p><strong>Komfort u\u017cytkowania<\/strong><br \/>\nWiele mo\u017cliwo\u015bci automatyzacji os\u0142on okiennych sprawia, \u017ce korzystanie z nich staje si\u0119 proste i przyjemne. Zas\u0142oni\u0119cie okien np. w sypialni dzieci spowoduje, \u017ce poranne s\u0142o\u0144ce nie obudzi ich, a Ty w spokoju rozpoczniesz sw\u00f3j dzie\u0144. Os\u0142ony okienne ochroni\u0105 Ci\u0119 przed spojrzeniami ciekawskich przechodni\u00f3w, daj\u0105c poczucie prywatno\u015bci i intymno\u015bci.<\/p>\n","protected":false},"excerpt":{"rendered":"<p>Izolacja Rolety zwi\u0119kszaj\u0105 zar\u00f3wno izolacj\u0119 termiczn\u0105 jak i akustyczn\u0105 przestrzeni okna. Zmniejszaj\u0105 tym samym rachunki za ogrzewanie domu w zimie lub ch\u0142odzenie w lecie. Przes\u0142oni\u0119cie okna pancerzem rolety tworzy przestrze\u0144 mi\u0119dzy oknem, a rolet\u0105 zmniejszaj\u0105c straty ciep\u0142a. Podczas du\u017cego nas\u0142onecznienia opuszczona roleta blokuje promienie s\u0142oneczne, zmniejszaj\u0105c nagrzewanie si\u0119 pomieszczenia. Stanowi r\u00f3wnie\u017c barier\u0119 przed nadmiernym ha\u0142asem [&hellip;]<\/p>\n","protected":false},"author":1,"featured_media":0,"parent":5541,"menu_order":103,"comment_status":"closed","ping_status":"closed","template":"controllers\/product-category-other.php","meta":{"_acf_changed":false,"_uag_custom_page_level_css":"","footnotes":""},"class_list":["post-46","page","type-page","status-publish","hentry"],"acf":[],"yoast_head":"<!-- This site is optimized with the Yoast SEO plugin v25.6 - https:\/\/yoast.com\/wordpress\/plugins\/seo\/ -->\n<title>Rolety i os\u0142ony okienne z Polski | Debesto.com<\/title>\n<meta name=\"description\" content=\"Montujesz lub sprzedajesz stolark\u0119 otworow\u0105? Odwied\u017a nasz\u0105 stron\u0119, wybierz najlepsze rolety dla siebie z oferty debesto.com i oszcz\u0119dzaj nawet do 50%.\" \/>\n<meta name=\"robots\" content=\"index, follow, max-snippet:-1, max-image-preview:large, max-video-preview:-1\" \/>\n<link rel=\"canonical\" href=\"https:\/\/debesto.com\/pl\/pozostale-produkty\/rolety\/\" \/>\n<meta property=\"og:locale\" content=\"pl_PL\" \/>\n<meta property=\"og:type\" content=\"article\" \/>\n<meta property=\"og:title\" content=\"Wsp\u00f3\u0142pracuj z nami i oszcz\u0119dzaj do 50%\" \/>\n<meta property=\"og:description\" content=\"Sprzedajesz lub montujesz stolark\u0119 otworow\u0105? Importuj okna z Polski i zarabiaj wi\u0119cej.\" \/>\n<meta property=\"og:url\" content=\"https:\/\/debesto.com\/pl\/pozostale-produkty\/rolety\/\" \/>\n<meta property=\"og:site_name\" content=\"debesto (PL)\" \/>\n<meta property=\"article:modified_time\" content=\"2023-02-14T12:28:20+00:00\" \/>\n<meta property=\"og:image\" content=\"https:\/\/cdn.debesto.com\/web\/assets\/sites\/1\/2019\/03\/06090612\/rolety_zewnetrzne_it2000_debesto.png\" \/>\n\t<meta property=\"og:image:width\" content=\"1024\" \/>\n\t<meta property=\"og:image:height\" content=\"645\" \/>\n\t<meta property=\"og:image:type\" content=\"image\/png\" \/>\n<meta name=\"twitter:card\" content=\"summary_large_image\" \/>\n<meta name=\"twitter:label1\" content=\"Szacowany czas czytania\" \/>\n\t<meta name=\"twitter:data1\" content=\"1 minuta\" \/>\n<script type=\"application\/ld+json\" class=\"yoast-schema-graph\">{\"@context\":\"https:\/\/schema.org\",\"@graph\":[{\"@type\":\"WebPage\",\"@id\":\"https:\/\/debesto.com\/pl\/pozostale-produkty\/rolety\/\",\"url\":\"https:\/\/debesto.com\/pl\/pozostale-produkty\/rolety\/\",\"name\":\"Rolety i os\u0142ony okienne z Polski | Debesto.com\",\"isPartOf\":{\"@id\":\"https:\/\/debesto.com\/pl\/#website\"},\"datePublished\":\"2019-02-20T18:04:59+00:00\",\"dateModified\":\"2023-02-14T12:28:20+00:00\",\"description\":\"Montujesz lub sprzedajesz stolark\u0119 otworow\u0105? Odwied\u017a nasz\u0105 stron\u0119, wybierz najlepsze rolety dla siebie z oferty debesto.com i oszcz\u0119dzaj nawet do 50%.\",\"breadcrumb\":{\"@id\":\"https:\/\/debesto.com\/pl\/pozostale-produkty\/rolety\/#breadcrumb\"},\"inLanguage\":\"pl-PL\",\"potentialAction\":[{\"@type\":\"ReadAction\",\"target\":[\"https:\/\/debesto.com\/pl\/pozostale-produkty\/rolety\/\"]}]},{\"@type\":\"BreadcrumbList\",\"@id\":\"https:\/\/debesto.com\/pl\/pozostale-produkty\/rolety\/#breadcrumb\",\"itemListElement\":[{\"@type\":\"ListItem\",\"position\":1,\"name\":\"Strona g\u0142\u00f3wna\",\"item\":\"https:\/\/debesto.com\/pl\/\"},{\"@type\":\"ListItem\",\"position\":2,\"name\":\"Pozosta\u0142e produkty\",\"item\":\"https:\/\/debesto.com\/pl\/pozostale-produkty\/\"},{\"@type\":\"ListItem\",\"position\":3,\"name\":\"rolety\"}]},{\"@type\":\"WebSite\",\"@id\":\"https:\/\/debesto.com\/pl\/#website\",\"url\":\"https:\/\/debesto.com\/pl\/\",\"name\":\"debesto (PL)\",\"description\":\"\",\"publisher\":{\"@id\":\"https:\/\/debesto.com\/pl\/#organization\"},\"potentialAction\":[{\"@type\":\"SearchAction\",\"target\":{\"@type\":\"EntryPoint\",\"urlTemplate\":\"https:\/\/debesto.com\/pl\/?s={search_term_string}\"},\"query-input\":{\"@type\":\"PropertyValueSpecification\",\"valueRequired\":true,\"valueName\":\"search_term_string\"}}],\"inLanguage\":\"pl-PL\"},{\"@type\":\"Organization\",\"@id\":\"https:\/\/debesto.com\/pl\/#organization\",\"name\":\"debesto.com\",\"url\":\"https:\/\/debesto.com\/pl\/\",\"logo\":{\"@type\":\"ImageObject\",\"inLanguage\":\"pl-PL\",\"@id\":\"https:\/\/debesto.com\/pl\/#\/schema\/logo\/image\/\",\"url\":\"https:\/\/cdn.debesto.com\/web\/assets\/sites\/1\/2019\/12\/06090155\/debesto_kwadrat.jpg\",\"contentUrl\":\"https:\/\/cdn.debesto.com\/web\/assets\/sites\/1\/2019\/12\/06090155\/debesto_kwadrat.jpg\",\"width\":512,\"height\":512,\"caption\":\"debesto.com\"},\"image\":{\"@id\":\"https:\/\/debesto.com\/pl\/#\/schema\/logo\/image\/\"}}]}<\/script>\n<!-- \/ Yoast SEO plugin. -->","yoast_head_json":{"title":"Rolety i os\u0142ony okienne z Polski | Debesto.com","description":"Montujesz lub sprzedajesz stolark\u0119 otworow\u0105? Odwied\u017a nasz\u0105 stron\u0119, wybierz najlepsze rolety dla siebie z oferty debesto.com i oszcz\u0119dzaj nawet do 50%.","robots":{"index":"index","follow":"follow","max-snippet":"max-snippet:-1","max-image-preview":"max-image-preview:large","max-video-preview":"max-video-preview:-1"},"canonical":"https:\/\/debesto.com\/pl\/pozostale-produkty\/rolety\/","og_locale":"pl_PL","og_type":"article","og_title":"Wsp\u00f3\u0142pracuj z nami i oszcz\u0119dzaj do 50%","og_description":"Sprzedajesz lub montujesz stolark\u0119 otworow\u0105? Importuj okna z Polski i zarabiaj wi\u0119cej.","og_url":"https:\/\/debesto.com\/pl\/pozostale-produkty\/rolety\/","og_site_name":"debesto (PL)","article_modified_time":"2023-02-14T12:28:20+00:00","og_image":[{"width":1024,"height":645,"url":"https:\/\/cdn.debesto.com\/web\/assets\/sites\/1\/2019\/03\/06090612\/rolety_zewnetrzne_it2000_debesto.png","type":"image\/png"}],"twitter_card":"summary_large_image","twitter_misc":{"Szacowany czas czytania":"1 minuta"},"schema":{"@context":"https:\/\/schema.org","@graph":[{"@type":"WebPage","@id":"https:\/\/debesto.com\/pl\/pozostale-produkty\/rolety\/","url":"https:\/\/debesto.com\/pl\/pozostale-produkty\/rolety\/","name":"Rolety i os\u0142ony okienne z Polski | Debesto.com","isPartOf":{"@id":"https:\/\/debesto.com\/pl\/#website"},"datePublished":"2019-02-20T18:04:59+00:00","dateModified":"2023-02-14T12:28:20+00:00","description":"Montujesz lub sprzedajesz stolark\u0119 otworow\u0105? Odwied\u017a nasz\u0105 stron\u0119, wybierz najlepsze rolety dla siebie z oferty debesto.com i oszcz\u0119dzaj nawet do 50%.","breadcrumb":{"@id":"https:\/\/debesto.com\/pl\/pozostale-produkty\/rolety\/#breadcrumb"},"inLanguage":"pl-PL","potentialAction":[{"@type":"ReadAction","target":["https:\/\/debesto.com\/pl\/pozostale-produkty\/rolety\/"]}]},{"@type":"BreadcrumbList","@id":"https:\/\/debesto.com\/pl\/pozostale-produkty\/rolety\/#breadcrumb","itemListElement":[{"@type":"ListItem","position":1,"name":"Strona g\u0142\u00f3wna","item":"https:\/\/debesto.com\/pl\/"},{"@type":"ListItem","position":2,"name":"Pozosta\u0142e produkty","item":"https:\/\/debesto.com\/pl\/pozostale-produkty\/"},{"@type":"ListItem","position":3,"name":"rolety"}]},{"@type":"WebSite","@id":"https:\/\/debesto.com\/pl\/#website","url":"https:\/\/debesto.com\/pl\/","name":"debesto (PL)","description":"","publisher":{"@id":"https:\/\/debesto.com\/pl\/#organization"},"potentialAction":[{"@type":"SearchAction","target":{"@type":"EntryPoint","urlTemplate":"https:\/\/debesto.com\/pl\/?s={search_term_string}"},"query-input":{"@type":"PropertyValueSpecification","valueRequired":true,"valueName":"search_term_string"}}],"inLanguage":"pl-PL"},{"@type":"Organization","@id":"https:\/\/debesto.com\/pl\/#organization","name":"debesto.com","url":"https:\/\/debesto.com\/pl\/","logo":{"@type":"ImageObject","inLanguage":"pl-PL","@id":"https:\/\/debesto.com\/pl\/#\/schema\/logo\/image\/","url":"https:\/\/cdn.debesto.com\/web\/assets\/sites\/1\/2019\/12\/06090155\/debesto_kwadrat.jpg","contentUrl":"https:\/\/cdn.debesto.com\/web\/assets\/sites\/1\/2019\/12\/06090155\/debesto_kwadrat.jpg","width":512,"height":512,"caption":"debesto.com"},"image":{"@id":"https:\/\/debesto.com\/pl\/#\/schema\/logo\/image\/"}}]}},"uagb_featured_image_src":{"full":false,"thumbnail":false,"medium":false,"medium_large":false,"large":false,"1536x1536":false,"2048x2048":false},"uagb_author_info":{"display_name":"mohito","author_link":"https:\/\/debesto.com\/pl\/author\/mohito\/"},"uagb_comment_info":0,"uagb_excerpt":"Izolacja Rolety zwi\u0119kszaj\u0105 zar\u00f3wno izolacj\u0119 termiczn\u0105 jak i akustyczn\u0105 przestrzeni okna. Zmniejszaj\u0105 tym samym rachunki za ogrzewanie domu w zimie lub ch\u0142odzenie w lecie. Przes\u0142oni\u0119cie okna pancerzem rolety tworzy przestrze\u0144 mi\u0119dzy oknem, a rolet\u0105 zmniejszaj\u0105c straty ciep\u0142a. Podczas du\u017cego nas\u0142onecznienia opuszczona roleta blokuje promienie s\u0142oneczne, zmniejszaj\u0105c nagrzewanie si\u0119 pomieszczenia. Stanowi r\u00f3wnie\u017c barier\u0119 przed nadmiernym ha\u0142asem&hellip;","_links":{"self":[{"href":"https:\/\/debesto.com\/pl\/wp-json\/wp\/v2\/pages\/46","targetHints":{"allow":["GET"]}}],"collection":[{"href":"https:\/\/debesto.com\/pl\/wp-json\/wp\/v2\/pages"}],"about":[{"href":"https:\/\/debesto.com\/pl\/wp-json\/wp\/v2\/types\/page"}],"author":[{"embeddable":true,"href":"https:\/\/debesto.com\/pl\/wp-json\/wp\/v2\/users\/1"}],"replies":[{"embeddable":true,"href":"https:\/\/debesto.com\/pl\/wp-json\/wp\/v2\/comments?post=46"}],"version-history":[{"count":60,"href":"https:\/\/debesto.com\/pl\/wp-json\/wp\/v2\/pages\/46\/revisions"}],"predecessor-version":[{"id":22395,"href":"https:\/\/debesto.com\/pl\/wp-json\/wp\/v2\/pages\/46\/revisions\/22395"}],"up":[{"embeddable":true,"href":"https:\/\/debesto.com\/pl\/wp-json\/wp\/v2\/pages\/5541"}],"wp:attachment":[{"href":"https:\/\/debesto.com\/pl\/wp-json\/wp\/v2\/media?parent=46"}],"curies":[{"name":"wp","href":"https:\/\/api.w.org\/{rel}","templated":true}]}}