{"id":421,"date":"2019-02-26T15:23:47","date_gmt":"2019-02-26T14:23:47","guid":{"rendered":"https:\/\/debesto.com\/pl\/?page_id=421"},"modified":"2023-01-27T13:00:53","modified_gmt":"2023-01-27T12:00:53","slug":"okna-dachowe","status":"publish","type":"page","link":"https:\/\/debesto.com\/pl\/okna\/okna-dachowe\/","title":{"rendered":"okna dachowe"},"content":{"rendered":"","protected":false},"excerpt":{"rendered":"","protected":false},"author":1,"featured_media":0,"parent":20,"menu_order":98,"comment_status":"closed","ping_status":"closed","template":"controllers\/windows.php","meta":{"_acf_changed":false,"_uag_custom_page_level_css":"","footnotes":""},"class_list":["post-421","page","type-page","status-publish","hentry"],"acf":[],"yoast_head":"<!-- This site is optimized with the Yoast SEO plugin v25.6 - https:\/\/yoast.com\/wordpress\/plugins\/seo\/ -->\n<title>Okna dachowe z Polski | I Oferta Biznesowa I debesto.com<\/title>\n<meta name=\"description\" content=\"Pracujesz w bran\u017cy budowlanej? Kliknij i sprawd\u017a ceny okien dachowych z Polski dla Twojej firmy. Importuj okna z Polski i oscz\u0119dzaj do 50%.\" \/>\n<meta name=\"robots\" content=\"index, follow, max-snippet:-1, max-image-preview:large, max-video-preview:-1\" \/>\n<link rel=\"canonical\" href=\"https:\/\/debesto.com\/pl\/okna\/okna-dachowe\/\" \/>\n<meta property=\"og:locale\" content=\"pl_PL\" \/>\n<meta property=\"og:type\" content=\"article\" \/>\n<meta property=\"og:title\" content=\"Importuj okna z Polski i zarabiaj wi\u0119cej\" \/>\n<meta property=\"og:description\" content=\"Sprzedajesz lub montujesz stolark\u0119 otworow\u0105? Wsp\u00f3\u0142pracuj z nami i oszcz\u0119dzaj do 50%\" \/>\n<meta property=\"og:url\" content=\"https:\/\/debesto.com\/pl\/okna\/okna-dachowe\/\" \/>\n<meta property=\"og:site_name\" content=\"debesto (PL)\" \/>\n<meta property=\"article:modified_time\" content=\"2023-01-27T12:00:53+00:00\" \/>\n<meta property=\"og:image\" content=\"https:\/\/cdn.debesto.com\/web\/assets\/sites\/1\/2019\/09\/06090346\/Skylight-TERMO-min2-1-min.jpg\" \/>\n\t<meta property=\"og:image:width\" content=\"806\" \/>\n\t<meta property=\"og:image:height\" content=\"960\" \/>\n\t<meta property=\"og:image:type\" content=\"image\/jpeg\" \/>\n<meta name=\"twitter:card\" content=\"summary_large_image\" \/>\n<script type=\"application\/ld+json\" class=\"yoast-schema-graph\">{\"@context\":\"https:\/\/schema.org\",\"@graph\":[{\"@type\":\"WebPage\",\"@id\":\"https:\/\/debesto.com\/pl\/okna\/okna-dachowe\/\",\"url\":\"https:\/\/debesto.com\/pl\/okna\/okna-dachowe\/\",\"name\":\"Okna dachowe z Polski | I Oferta Biznesowa I debesto.com\",\"isPartOf\":{\"@id\":\"https:\/\/debesto.com\/pl\/#website\"},\"datePublished\":\"2019-02-26T14:23:47+00:00\",\"dateModified\":\"2023-01-27T12:00:53+00:00\",\"description\":\"Pracujesz w bran\u017cy budowlanej? Kliknij i sprawd\u017a ceny okien dachowych z Polski dla Twojej firmy. Importuj okna z Polski i oscz\u0119dzaj do 50%.\",\"breadcrumb\":{\"@id\":\"https:\/\/debesto.com\/pl\/okna\/okna-dachowe\/#breadcrumb\"},\"inLanguage\":\"pl-PL\",\"potentialAction\":[{\"@type\":\"ReadAction\",\"target\":[\"https:\/\/debesto.com\/pl\/okna\/okna-dachowe\/\"]}]},{\"@type\":\"BreadcrumbList\",\"@id\":\"https:\/\/debesto.com\/pl\/okna\/okna-dachowe\/#breadcrumb\",\"itemListElement\":[{\"@type\":\"ListItem\",\"position\":1,\"name\":\"Strona g\u0142\u00f3wna\",\"item\":\"https:\/\/debesto.com\/pl\/\"},{\"@type\":\"ListItem\",\"position\":2,\"name\":\"okna\",\"item\":\"https:\/\/debesto.com\/pl\/okna\/\"},{\"@type\":\"ListItem\",\"position\":3,\"name\":\"okna dachowe\"}]},{\"@type\":\"WebSite\",\"@id\":\"https:\/\/debesto.com\/pl\/#website\",\"url\":\"https:\/\/debesto.com\/pl\/\",\"name\":\"debesto (PL)\",\"description\":\"\",\"publisher\":{\"@id\":\"https:\/\/debesto.com\/pl\/#organization\"},\"potentialAction\":[{\"@type\":\"SearchAction\",\"target\":{\"@type\":\"EntryPoint\",\"urlTemplate\":\"https:\/\/debesto.com\/pl\/?s={search_term_string}\"},\"query-input\":{\"@type\":\"PropertyValueSpecification\",\"valueRequired\":true,\"valueName\":\"search_term_string\"}}],\"inLanguage\":\"pl-PL\"},{\"@type\":\"Organization\",\"@id\":\"https:\/\/debesto.com\/pl\/#organization\",\"name\":\"debesto.com\",\"url\":\"https:\/\/debesto.com\/pl\/\",\"logo\":{\"@type\":\"ImageObject\",\"inLanguage\":\"pl-PL\",\"@id\":\"https:\/\/debesto.com\/pl\/#\/schema\/logo\/image\/\",\"url\":\"https:\/\/cdn.debesto.com\/web\/assets\/sites\/1\/2019\/12\/06090155\/debesto_kwadrat.jpg\",\"contentUrl\":\"https:\/\/cdn.debesto.com\/web\/assets\/sites\/1\/2019\/12\/06090155\/debesto_kwadrat.jpg\",\"width\":512,\"height\":512,\"caption\":\"debesto.com\"},\"image\":{\"@id\":\"https:\/\/debesto.com\/pl\/#\/schema\/logo\/image\/\"}}]}<\/script>\n<!-- \/ Yoast SEO plugin. -->","yoast_head_json":{"title":"Okna dachowe z Polski | I Oferta Biznesowa I debesto.com","description":"Pracujesz w bran\u017cy budowlanej? Kliknij i sprawd\u017a ceny okien dachowych z Polski dla Twojej firmy. Importuj okna z Polski i oscz\u0119dzaj do 50%.","robots":{"index":"index","follow":"follow","max-snippet":"max-snippet:-1","max-image-preview":"max-image-preview:large","max-video-preview":"max-video-preview:-1"},"canonical":"https:\/\/debesto.com\/pl\/okna\/okna-dachowe\/","og_locale":"pl_PL","og_type":"article","og_title":"Importuj okna z Polski i zarabiaj wi\u0119cej","og_description":"Sprzedajesz lub montujesz stolark\u0119 otworow\u0105? Wsp\u00f3\u0142pracuj z nami i oszcz\u0119dzaj do 50%","og_url":"https:\/\/debesto.com\/pl\/okna\/okna-dachowe\/","og_site_name":"debesto (PL)","article_modified_time":"2023-01-27T12:00:53+00:00","og_image":[{"width":806,"height":960,"url":"https:\/\/cdn.debesto.com\/web\/assets\/sites\/1\/2019\/09\/06090346\/Skylight-TERMO-min2-1-min.jpg","type":"image\/jpeg"}],"twitter_card":"summary_large_image","schema":{"@context":"https:\/\/schema.org","@graph":[{"@type":"WebPage","@id":"https:\/\/debesto.com\/pl\/okna\/okna-dachowe\/","url":"https:\/\/debesto.com\/pl\/okna\/okna-dachowe\/","name":"Okna dachowe z Polski | I Oferta Biznesowa I debesto.com","isPartOf":{"@id":"https:\/\/debesto.com\/pl\/#website"},"datePublished":"2019-02-26T14:23:47+00:00","dateModified":"2023-01-27T12:00:53+00:00","description":"Pracujesz w bran\u017cy budowlanej? Kliknij i sprawd\u017a ceny okien dachowych z Polski dla Twojej firmy. Importuj okna z Polski i oscz\u0119dzaj do 50%.","breadcrumb":{"@id":"https:\/\/debesto.com\/pl\/okna\/okna-dachowe\/#breadcrumb"},"inLanguage":"pl-PL","potentialAction":[{"@type":"ReadAction","target":["https:\/\/debesto.com\/pl\/okna\/okna-dachowe\/"]}]},{"@type":"BreadcrumbList","@id":"https:\/\/debesto.com\/pl\/okna\/okna-dachowe\/#breadcrumb","itemListElement":[{"@type":"ListItem","position":1,"name":"Strona g\u0142\u00f3wna","item":"https:\/\/debesto.com\/pl\/"},{"@type":"ListItem","position":2,"name":"okna","item":"https:\/\/debesto.com\/pl\/okna\/"},{"@type":"ListItem","position":3,"name":"okna dachowe"}]},{"@type":"WebSite","@id":"https:\/\/debesto.com\/pl\/#website","url":"https:\/\/debesto.com\/pl\/","name":"debesto (PL)","description":"","publisher":{"@id":"https:\/\/debesto.com\/pl\/#organization"},"potentialAction":[{"@type":"SearchAction","target":{"@type":"EntryPoint","urlTemplate":"https:\/\/debesto.com\/pl\/?s={search_term_string}"},"query-input":{"@type":"PropertyValueSpecification","valueRequired":true,"valueName":"search_term_string"}}],"inLanguage":"pl-PL"},{"@type":"Organization","@id":"https:\/\/debesto.com\/pl\/#organization","name":"debesto.com","url":"https:\/\/debesto.com\/pl\/","logo":{"@type":"ImageObject","inLanguage":"pl-PL","@id":"https:\/\/debesto.com\/pl\/#\/schema\/logo\/image\/","url":"https:\/\/cdn.debesto.com\/web\/assets\/sites\/1\/2019\/12\/06090155\/debesto_kwadrat.jpg","contentUrl":"https:\/\/cdn.debesto.com\/web\/assets\/sites\/1\/2019\/12\/06090155\/debesto_kwadrat.jpg","width":512,"height":512,"caption":"debesto.com"},"image":{"@id":"https:\/\/debesto.com\/pl\/#\/schema\/logo\/image\/"}}]}},"uagb_featured_image_src":{"full":false,"thumbnail":false,"medium":false,"medium_large":false,"large":false,"1536x1536":false,"2048x2048":false},"uagb_author_info":{"display_name":"mohito","author_link":"https:\/\/debesto.com\/pl\/author\/mohito\/"},"uagb_comment_info":0,"uagb_excerpt":null,"_links":{"self":[{"href":"https:\/\/debesto.com\/pl\/wp-json\/wp\/v2\/pages\/421","targetHints":{"allow":["GET"]}}],"collection":[{"href":"https:\/\/debesto.com\/pl\/wp-json\/wp\/v2\/pages"}],"about":[{"href":"https:\/\/debesto.com\/pl\/wp-json\/wp\/v2\/types\/page"}],"author":[{"embeddable":true,"href":"https:\/\/debesto.com\/pl\/wp-json\/wp\/v2\/users\/1"}],"replies":[{"embeddable":true,"href":"https:\/\/debesto.com\/pl\/wp-json\/wp\/v2\/comments?post=421"}],"version-history":[{"count":12,"href":"https:\/\/debesto.com\/pl\/wp-json\/wp\/v2\/pages\/421\/revisions"}],"predecessor-version":[{"id":27513,"href":"https:\/\/debesto.com\/pl\/wp-json\/wp\/v2\/pages\/421\/revisions\/27513"}],"up":[{"embeddable":true,"href":"https:\/\/debesto.com\/pl\/wp-json\/wp\/v2\/pages\/20"}],"wp:attachment":[{"href":"https:\/\/debesto.com\/pl\/wp-json\/wp\/v2\/media?parent=421"}],"curies":[{"name":"wp","href":"https:\/\/api.w.org\/{rel}","templated":true}]}}