{"id":42,"date":"2019-02-20T19:04:48","date_gmt":"2019-02-20T18:04:48","guid":{"rendered":"https:\/\/debesto.com\/pl\/?page_id=42"},"modified":"2026-02-11T11:02:27","modified_gmt":"2026-02-11T10:02:27","slug":"drzwi","status":"publish","type":"page","link":"https:\/\/debesto.com\/pl\/pozostale-produkty\/drzwi\/","title":{"rendered":"drzwi"},"content":{"rendered":"","protected":false},"excerpt":{"rendered":"","protected":false},"author":1,"featured_media":0,"parent":5541,"menu_order":101,"comment_status":"closed","ping_status":"closed","template":"controllers\/product-category-other.php","meta":{"_acf_changed":false,"_uag_custom_page_level_css":"","footnotes":""},"class_list":["post-42","page","type-page","status-publish","hentry"],"acf":[],"yoast_head":"<!-- This site is optimized with the Yoast SEO plugin v25.6 - https:\/\/yoast.com\/wordpress\/plugins\/seo\/ -->\n<title>Drzwi - aluminiowe, drewniane, stalowe I Oferta Biznesowa I debesto.com<\/title>\n<meta name=\"description\" content=\"Montujesz lub sprzedajesz stolark\u0119 otworow\u0105? Wsp\u00f3\u0142pracuj z nami, importuj drzwi z Polski i oszcz\u0119dzaj do 50%.\" \/>\n<meta name=\"robots\" content=\"index, follow, max-snippet:-1, max-image-preview:large, max-video-preview:-1\" \/>\n<link rel=\"canonical\" href=\"https:\/\/debesto.com\/pl\/pozostale-produkty\/drzwi\/\" \/>\n<meta property=\"og:locale\" content=\"pl_PL\" \/>\n<meta property=\"og:type\" content=\"article\" \/>\n<meta property=\"og:title\" content=\"Wsp\u00f3\u0142pracuj z nami i oszcz\u0119dzaj do 50%\" \/>\n<meta property=\"og:description\" content=\"Sprzedajesz lub montujesz stolark\u0119 otworow\u0105? Importuj drzwi z Polski i zarabiaj wi\u0119cej.\" \/>\n<meta property=\"og:url\" content=\"https:\/\/debesto.com\/pl\/pozostale-produkty\/drzwi\/\" \/>\n<meta property=\"og:site_name\" content=\"debesto (PL)\" \/>\n<meta property=\"article:modified_time\" content=\"2026-02-11T10:02:27+00:00\" \/>\n<meta property=\"og:image\" content=\"https:\/\/cdn.debesto.com\/web\/assets\/sites\/1\/2019\/04\/06090248\/wooden-doors-min.jpg\" \/>\n\t<meta property=\"og:image:width\" content=\"500\" \/>\n\t<meta property=\"og:image:height\" content=\"500\" \/>\n\t<meta property=\"og:image:type\" content=\"image\/jpeg\" \/>\n<meta name=\"twitter:card\" content=\"summary_large_image\" \/>\n<meta name=\"twitter:label1\" content=\"Szacowany czas czytania\" \/>\n\t<meta name=\"twitter:data1\" content=\"2 minuty\" \/>\n<script type=\"application\/ld+json\" class=\"yoast-schema-graph\">{\"@context\":\"https:\/\/schema.org\",\"@graph\":[{\"@type\":\"WebPage\",\"@id\":\"https:\/\/debesto.com\/pl\/pozostale-produkty\/drzwi\/\",\"url\":\"https:\/\/debesto.com\/pl\/pozostale-produkty\/drzwi\/\",\"name\":\"Drzwi - aluminiowe, drewniane, stalowe I Oferta Biznesowa I debesto.com\",\"isPartOf\":{\"@id\":\"https:\/\/debesto.com\/pl\/#website\"},\"datePublished\":\"2019-02-20T18:04:48+00:00\",\"dateModified\":\"2026-02-11T10:02:27+00:00\",\"description\":\"Montujesz lub sprzedajesz stolark\u0119 otworow\u0105? Wsp\u00f3\u0142pracuj z nami, importuj drzwi z Polski i oszcz\u0119dzaj do 50%.\",\"breadcrumb\":{\"@id\":\"https:\/\/debesto.com\/pl\/pozostale-produkty\/drzwi\/#breadcrumb\"},\"inLanguage\":\"pl-PL\",\"potentialAction\":[{\"@type\":\"ReadAction\",\"target\":[\"https:\/\/debesto.com\/pl\/pozostale-produkty\/drzwi\/\"]}]},{\"@type\":\"BreadcrumbList\",\"@id\":\"https:\/\/debesto.com\/pl\/pozostale-produkty\/drzwi\/#breadcrumb\",\"itemListElement\":[{\"@type\":\"ListItem\",\"position\":1,\"name\":\"Strona g\u0142\u00f3wna\",\"item\":\"https:\/\/debesto.com\/pl\/\"},{\"@type\":\"ListItem\",\"position\":2,\"name\":\"Pozosta\u0142e produkty\",\"item\":\"https:\/\/debesto.com\/pl\/pozostale-produkty\/\"},{\"@type\":\"ListItem\",\"position\":3,\"name\":\"drzwi\"}]},{\"@type\":\"WebSite\",\"@id\":\"https:\/\/debesto.com\/pl\/#website\",\"url\":\"https:\/\/debesto.com\/pl\/\",\"name\":\"debesto (PL)\",\"description\":\"\",\"publisher\":{\"@id\":\"https:\/\/debesto.com\/pl\/#organization\"},\"potentialAction\":[{\"@type\":\"SearchAction\",\"target\":{\"@type\":\"EntryPoint\",\"urlTemplate\":\"https:\/\/debesto.com\/pl\/?s={search_term_string}\"},\"query-input\":{\"@type\":\"PropertyValueSpecification\",\"valueRequired\":true,\"valueName\":\"search_term_string\"}}],\"inLanguage\":\"pl-PL\"},{\"@type\":\"Organization\",\"@id\":\"https:\/\/debesto.com\/pl\/#organization\",\"name\":\"debesto.com\",\"url\":\"https:\/\/debesto.com\/pl\/\",\"logo\":{\"@type\":\"ImageObject\",\"inLanguage\":\"pl-PL\",\"@id\":\"https:\/\/debesto.com\/pl\/#\/schema\/logo\/image\/\",\"url\":\"https:\/\/cdn.debesto.com\/web\/assets\/sites\/1\/2019\/12\/06090155\/debesto_kwadrat.jpg\",\"contentUrl\":\"https:\/\/cdn.debesto.com\/web\/assets\/sites\/1\/2019\/12\/06090155\/debesto_kwadrat.jpg\",\"width\":512,\"height\":512,\"caption\":\"debesto.com\"},\"image\":{\"@id\":\"https:\/\/debesto.com\/pl\/#\/schema\/logo\/image\/\"}}]}<\/script>\n<!-- \/ Yoast SEO plugin. -->","yoast_head_json":{"title":"Drzwi - aluminiowe, drewniane, stalowe I Oferta Biznesowa I debesto.com","description":"Montujesz lub sprzedajesz stolark\u0119 otworow\u0105? Wsp\u00f3\u0142pracuj z nami, importuj drzwi z Polski i oszcz\u0119dzaj do 50%.","robots":{"index":"index","follow":"follow","max-snippet":"max-snippet:-1","max-image-preview":"max-image-preview:large","max-video-preview":"max-video-preview:-1"},"canonical":"https:\/\/debesto.com\/pl\/pozostale-produkty\/drzwi\/","og_locale":"pl_PL","og_type":"article","og_title":"Wsp\u00f3\u0142pracuj z nami i oszcz\u0119dzaj do 50%","og_description":"Sprzedajesz lub montujesz stolark\u0119 otworow\u0105? Importuj drzwi z Polski i zarabiaj wi\u0119cej.","og_url":"https:\/\/debesto.com\/pl\/pozostale-produkty\/drzwi\/","og_site_name":"debesto (PL)","article_modified_time":"2026-02-11T10:02:27+00:00","og_image":[{"width":500,"height":500,"url":"https:\/\/cdn.debesto.com\/web\/assets\/sites\/1\/2019\/04\/06090248\/wooden-doors-min.jpg","type":"image\/jpeg"}],"twitter_card":"summary_large_image","twitter_misc":{"Szacowany czas czytania":"2 minuty"},"schema":{"@context":"https:\/\/schema.org","@graph":[{"@type":"WebPage","@id":"https:\/\/debesto.com\/pl\/pozostale-produkty\/drzwi\/","url":"https:\/\/debesto.com\/pl\/pozostale-produkty\/drzwi\/","name":"Drzwi - aluminiowe, drewniane, stalowe I Oferta Biznesowa I debesto.com","isPartOf":{"@id":"https:\/\/debesto.com\/pl\/#website"},"datePublished":"2019-02-20T18:04:48+00:00","dateModified":"2026-02-11T10:02:27+00:00","description":"Montujesz lub sprzedajesz stolark\u0119 otworow\u0105? Wsp\u00f3\u0142pracuj z nami, importuj drzwi z Polski i oszcz\u0119dzaj do 50%.","breadcrumb":{"@id":"https:\/\/debesto.com\/pl\/pozostale-produkty\/drzwi\/#breadcrumb"},"inLanguage":"pl-PL","potentialAction":[{"@type":"ReadAction","target":["https:\/\/debesto.com\/pl\/pozostale-produkty\/drzwi\/"]}]},{"@type":"BreadcrumbList","@id":"https:\/\/debesto.com\/pl\/pozostale-produkty\/drzwi\/#breadcrumb","itemListElement":[{"@type":"ListItem","position":1,"name":"Strona g\u0142\u00f3wna","item":"https:\/\/debesto.com\/pl\/"},{"@type":"ListItem","position":2,"name":"Pozosta\u0142e produkty","item":"https:\/\/debesto.com\/pl\/pozostale-produkty\/"},{"@type":"ListItem","position":3,"name":"drzwi"}]},{"@type":"WebSite","@id":"https:\/\/debesto.com\/pl\/#website","url":"https:\/\/debesto.com\/pl\/","name":"debesto (PL)","description":"","publisher":{"@id":"https:\/\/debesto.com\/pl\/#organization"},"potentialAction":[{"@type":"SearchAction","target":{"@type":"EntryPoint","urlTemplate":"https:\/\/debesto.com\/pl\/?s={search_term_string}"},"query-input":{"@type":"PropertyValueSpecification","valueRequired":true,"valueName":"search_term_string"}}],"inLanguage":"pl-PL"},{"@type":"Organization","@id":"https:\/\/debesto.com\/pl\/#organization","name":"debesto.com","url":"https:\/\/debesto.com\/pl\/","logo":{"@type":"ImageObject","inLanguage":"pl-PL","@id":"https:\/\/debesto.com\/pl\/#\/schema\/logo\/image\/","url":"https:\/\/cdn.debesto.com\/web\/assets\/sites\/1\/2019\/12\/06090155\/debesto_kwadrat.jpg","contentUrl":"https:\/\/cdn.debesto.com\/web\/assets\/sites\/1\/2019\/12\/06090155\/debesto_kwadrat.jpg","width":512,"height":512,"caption":"debesto.com"},"image":{"@id":"https:\/\/debesto.com\/pl\/#\/schema\/logo\/image\/"}}]}},"uagb_featured_image_src":{"full":false,"thumbnail":false,"medium":false,"medium_large":false,"large":false,"1536x1536":false,"2048x2048":false},"uagb_author_info":{"display_name":"mohito","author_link":"https:\/\/debesto.com\/pl\/author\/mohito\/"},"uagb_comment_info":0,"uagb_excerpt":null,"_links":{"self":[{"href":"https:\/\/debesto.com\/pl\/wp-json\/wp\/v2\/pages\/42","targetHints":{"allow":["GET"]}}],"collection":[{"href":"https:\/\/debesto.com\/pl\/wp-json\/wp\/v2\/pages"}],"about":[{"href":"https:\/\/debesto.com\/pl\/wp-json\/wp\/v2\/types\/page"}],"author":[{"embeddable":true,"href":"https:\/\/debesto.com\/pl\/wp-json\/wp\/v2\/users\/1"}],"replies":[{"embeddable":true,"href":"https:\/\/debesto.com\/pl\/wp-json\/wp\/v2\/comments?post=42"}],"version-history":[{"count":24,"href":"https:\/\/debesto.com\/pl\/wp-json\/wp\/v2\/pages\/42\/revisions"}],"predecessor-version":[{"id":44652,"href":"https:\/\/debesto.com\/pl\/wp-json\/wp\/v2\/pages\/42\/revisions\/44652"}],"up":[{"embeddable":true,"href":"https:\/\/debesto.com\/pl\/wp-json\/wp\/v2\/pages\/5541"}],"wp:attachment":[{"href":"https:\/\/debesto.com\/pl\/wp-json\/wp\/v2\/media?parent=42"}],"curies":[{"name":"wp","href":"https:\/\/api.w.org\/{rel}","templated":true}]}}