{"id":419,"date":"2019-02-26T15:23:36","date_gmt":"2019-02-26T14:23:36","guid":{"rendered":"https:\/\/debesto.com\/pl\/?page_id=419"},"modified":"2026-02-11T11:05:14","modified_gmt":"2026-02-11T10:05:14","slug":"okna-aluminiowe","status":"publish","type":"page","link":"https:\/\/debesto.com\/pl\/okna\/okna-aluminiowe\/","title":{"rendered":"okna aluminiowe"},"content":{"rendered":"","protected":false},"excerpt":{"rendered":"","protected":false},"author":1,"featured_media":2517,"parent":20,"menu_order":94,"comment_status":"closed","ping_status":"closed","template":"controllers\/windows.php","meta":{"_acf_changed":false,"_uag_custom_page_level_css":"","footnotes":""},"class_list":["post-419","page","type-page","status-publish","has-post-thumbnail","hentry"],"acf":[],"yoast_head":"<!-- This site is optimized with the Yoast SEO plugin v25.6 - https:\/\/yoast.com\/wordpress\/plugins\/seo\/ -->\n<title>Okna Aluminiowe z Polski - Ceny, Cennik i Opinie | debesto.com<\/title>\n<meta name=\"description\" content=\"Pracujesz w bran\u017cy budowlanej? Sprawd\u017a nasze ceny na okna aluminiowe. Kliknij i zobacz cennik okien aluminiowych z Polski dla Twojej firmy.\" \/>\n<meta name=\"robots\" content=\"index, follow, max-snippet:-1, max-image-preview:large, max-video-preview:-1\" \/>\n<link rel=\"canonical\" href=\"https:\/\/debesto.com\/pl\/okna\/okna-aluminiowe\/\" \/>\n<meta property=\"og:locale\" content=\"pl_PL\" \/>\n<meta property=\"og:type\" content=\"article\" \/>\n<meta property=\"og:title\" content=\"Importuj okna aluminiowe z Polski i oszcz\u0119dzaj do 50%\" \/>\n<meta property=\"og:description\" content=\"Sprzedajesz lub montujesz stolark\u0119 otworow\u0105? Wsp\u00f3\u0142pracuj z nami i zarabiaj wi\u0119cej.\" \/>\n<meta property=\"og:url\" content=\"https:\/\/debesto.com\/pl\/okna\/okna-aluminiowe\/\" \/>\n<meta property=\"og:site_name\" content=\"debesto (PL)\" \/>\n<meta property=\"article:modified_time\" content=\"2026-02-11T10:05:14+00:00\" \/>\n<meta property=\"og:image\" content=\"https:\/\/cdn.debesto.com\/web\/assets\/sites\/1\/2019\/08\/06090424\/2-min.png\" \/>\n\t<meta property=\"og:image:width\" content=\"439\" \/>\n\t<meta property=\"og:image:height\" content=\"600\" \/>\n\t<meta property=\"og:image:type\" content=\"image\/png\" \/>\n<meta name=\"twitter:card\" content=\"summary_large_image\" \/>\n<meta name=\"twitter:label1\" content=\"Szacowany czas czytania\" \/>\n\t<meta name=\"twitter:data1\" content=\"8 minut\" \/>\n<script type=\"application\/ld+json\" class=\"yoast-schema-graph\">{\"@context\":\"https:\/\/schema.org\",\"@graph\":[{\"@type\":\"WebPage\",\"@id\":\"https:\/\/debesto.com\/pl\/okna\/okna-aluminiowe\/\",\"url\":\"https:\/\/debesto.com\/pl\/okna\/okna-aluminiowe\/\",\"name\":\"Okna Aluminiowe z Polski - Ceny, Cennik i Opinie | debesto.com\",\"isPartOf\":{\"@id\":\"https:\/\/debesto.com\/pl\/#website\"},\"primaryImageOfPage\":{\"@id\":\"https:\/\/debesto.com\/pl\/okna\/okna-aluminiowe\/#primaryimage\"},\"image\":{\"@id\":\"https:\/\/debesto.com\/pl\/okna\/okna-aluminiowe\/#primaryimage\"},\"thumbnailUrl\":\"https:\/\/cdn.debesto.com\/web\/assets\/sites\/1\/2019\/08\/06090425\/Aluprof-MB-86-Fold-Line-min.png\",\"datePublished\":\"2019-02-26T14:23:36+00:00\",\"dateModified\":\"2026-02-11T10:05:14+00:00\",\"description\":\"Pracujesz w bran\u017cy budowlanej? Sprawd\u017a nasze ceny na okna aluminiowe. Kliknij i zobacz cennik okien aluminiowych z Polski dla Twojej firmy.\",\"breadcrumb\":{\"@id\":\"https:\/\/debesto.com\/pl\/okna\/okna-aluminiowe\/#breadcrumb\"},\"inLanguage\":\"pl-PL\",\"potentialAction\":[{\"@type\":\"ReadAction\",\"target\":[\"https:\/\/debesto.com\/pl\/okna\/okna-aluminiowe\/\"]}]},{\"@type\":\"ImageObject\",\"inLanguage\":\"pl-PL\",\"@id\":\"https:\/\/debesto.com\/pl\/okna\/okna-aluminiowe\/#primaryimage\",\"url\":\"https:\/\/cdn.debesto.com\/web\/assets\/sites\/1\/2019\/08\/06090425\/Aluprof-MB-86-Fold-Line-min.png\",\"contentUrl\":\"https:\/\/cdn.debesto.com\/web\/assets\/sites\/1\/2019\/08\/06090425\/Aluprof-MB-86-Fold-Line-min.png\",\"width\":319,\"height\":550,\"caption\":\"Drzwi-okna-aluminiowe-harmonijkowe-Aluprof-MB-86-profil-debesto\"},{\"@type\":\"BreadcrumbList\",\"@id\":\"https:\/\/debesto.com\/pl\/okna\/okna-aluminiowe\/#breadcrumb\",\"itemListElement\":[{\"@type\":\"ListItem\",\"position\":1,\"name\":\"Strona g\u0142\u00f3wna\",\"item\":\"https:\/\/debesto.com\/pl\/\"},{\"@type\":\"ListItem\",\"position\":2,\"name\":\"okna\",\"item\":\"https:\/\/debesto.com\/pl\/okna\/\"},{\"@type\":\"ListItem\",\"position\":3,\"name\":\"okna aluminiowe\"}]},{\"@type\":\"WebSite\",\"@id\":\"https:\/\/debesto.com\/pl\/#website\",\"url\":\"https:\/\/debesto.com\/pl\/\",\"name\":\"debesto (PL)\",\"description\":\"\",\"publisher\":{\"@id\":\"https:\/\/debesto.com\/pl\/#organization\"},\"potentialAction\":[{\"@type\":\"SearchAction\",\"target\":{\"@type\":\"EntryPoint\",\"urlTemplate\":\"https:\/\/debesto.com\/pl\/?s={search_term_string}\"},\"query-input\":{\"@type\":\"PropertyValueSpecification\",\"valueRequired\":true,\"valueName\":\"search_term_string\"}}],\"inLanguage\":\"pl-PL\"},{\"@type\":\"Organization\",\"@id\":\"https:\/\/debesto.com\/pl\/#organization\",\"name\":\"debesto.com\",\"url\":\"https:\/\/debesto.com\/pl\/\",\"logo\":{\"@type\":\"ImageObject\",\"inLanguage\":\"pl-PL\",\"@id\":\"https:\/\/debesto.com\/pl\/#\/schema\/logo\/image\/\",\"url\":\"https:\/\/cdn.debesto.com\/web\/assets\/sites\/1\/2019\/12\/06090155\/debesto_kwadrat.jpg\",\"contentUrl\":\"https:\/\/cdn.debesto.com\/web\/assets\/sites\/1\/2019\/12\/06090155\/debesto_kwadrat.jpg\",\"width\":512,\"height\":512,\"caption\":\"debesto.com\"},\"image\":{\"@id\":\"https:\/\/debesto.com\/pl\/#\/schema\/logo\/image\/\"}}]}<\/script>\n<!-- \/ Yoast SEO plugin. -->","yoast_head_json":{"title":"Okna Aluminiowe z Polski - Ceny, Cennik i Opinie | debesto.com","description":"Pracujesz w bran\u017cy budowlanej? Sprawd\u017a nasze ceny na okna aluminiowe. Kliknij i zobacz cennik okien aluminiowych z Polski dla Twojej firmy.","robots":{"index":"index","follow":"follow","max-snippet":"max-snippet:-1","max-image-preview":"max-image-preview:large","max-video-preview":"max-video-preview:-1"},"canonical":"https:\/\/debesto.com\/pl\/okna\/okna-aluminiowe\/","og_locale":"pl_PL","og_type":"article","og_title":"Importuj okna aluminiowe z Polski i oszcz\u0119dzaj do 50%","og_description":"Sprzedajesz lub montujesz stolark\u0119 otworow\u0105? Wsp\u00f3\u0142pracuj z nami i zarabiaj wi\u0119cej.","og_url":"https:\/\/debesto.com\/pl\/okna\/okna-aluminiowe\/","og_site_name":"debesto (PL)","article_modified_time":"2026-02-11T10:05:14+00:00","og_image":[{"width":439,"height":600,"url":"https:\/\/cdn.debesto.com\/web\/assets\/sites\/1\/2019\/08\/06090424\/2-min.png","type":"image\/png"}],"twitter_card":"summary_large_image","twitter_misc":{"Szacowany czas czytania":"8 minut"},"schema":{"@context":"https:\/\/schema.org","@graph":[{"@type":"WebPage","@id":"https:\/\/debesto.com\/pl\/okna\/okna-aluminiowe\/","url":"https:\/\/debesto.com\/pl\/okna\/okna-aluminiowe\/","name":"Okna Aluminiowe z Polski - Ceny, Cennik i Opinie | debesto.com","isPartOf":{"@id":"https:\/\/debesto.com\/pl\/#website"},"primaryImageOfPage":{"@id":"https:\/\/debesto.com\/pl\/okna\/okna-aluminiowe\/#primaryimage"},"image":{"@id":"https:\/\/debesto.com\/pl\/okna\/okna-aluminiowe\/#primaryimage"},"thumbnailUrl":"https:\/\/cdn.debesto.com\/web\/assets\/sites\/1\/2019\/08\/06090425\/Aluprof-MB-86-Fold-Line-min.png","datePublished":"2019-02-26T14:23:36+00:00","dateModified":"2026-02-11T10:05:14+00:00","description":"Pracujesz w bran\u017cy budowlanej? Sprawd\u017a nasze ceny na okna aluminiowe. Kliknij i zobacz cennik okien aluminiowych z Polski dla Twojej firmy.","breadcrumb":{"@id":"https:\/\/debesto.com\/pl\/okna\/okna-aluminiowe\/#breadcrumb"},"inLanguage":"pl-PL","potentialAction":[{"@type":"ReadAction","target":["https:\/\/debesto.com\/pl\/okna\/okna-aluminiowe\/"]}]},{"@type":"ImageObject","inLanguage":"pl-PL","@id":"https:\/\/debesto.com\/pl\/okna\/okna-aluminiowe\/#primaryimage","url":"https:\/\/cdn.debesto.com\/web\/assets\/sites\/1\/2019\/08\/06090425\/Aluprof-MB-86-Fold-Line-min.png","contentUrl":"https:\/\/cdn.debesto.com\/web\/assets\/sites\/1\/2019\/08\/06090425\/Aluprof-MB-86-Fold-Line-min.png","width":319,"height":550,"caption":"Drzwi-okna-aluminiowe-harmonijkowe-Aluprof-MB-86-profil-debesto"},{"@type":"BreadcrumbList","@id":"https:\/\/debesto.com\/pl\/okna\/okna-aluminiowe\/#breadcrumb","itemListElement":[{"@type":"ListItem","position":1,"name":"Strona g\u0142\u00f3wna","item":"https:\/\/debesto.com\/pl\/"},{"@type":"ListItem","position":2,"name":"okna","item":"https:\/\/debesto.com\/pl\/okna\/"},{"@type":"ListItem","position":3,"name":"okna aluminiowe"}]},{"@type":"WebSite","@id":"https:\/\/debesto.com\/pl\/#website","url":"https:\/\/debesto.com\/pl\/","name":"debesto (PL)","description":"","publisher":{"@id":"https:\/\/debesto.com\/pl\/#organization"},"potentialAction":[{"@type":"SearchAction","target":{"@type":"EntryPoint","urlTemplate":"https:\/\/debesto.com\/pl\/?s={search_term_string}"},"query-input":{"@type":"PropertyValueSpecification","valueRequired":true,"valueName":"search_term_string"}}],"inLanguage":"pl-PL"},{"@type":"Organization","@id":"https:\/\/debesto.com\/pl\/#organization","name":"debesto.com","url":"https:\/\/debesto.com\/pl\/","logo":{"@type":"ImageObject","inLanguage":"pl-PL","@id":"https:\/\/debesto.com\/pl\/#\/schema\/logo\/image\/","url":"https:\/\/cdn.debesto.com\/web\/assets\/sites\/1\/2019\/12\/06090155\/debesto_kwadrat.jpg","contentUrl":"https:\/\/cdn.debesto.com\/web\/assets\/sites\/1\/2019\/12\/06090155\/debesto_kwadrat.jpg","width":512,"height":512,"caption":"debesto.com"},"image":{"@id":"https:\/\/debesto.com\/pl\/#\/schema\/logo\/image\/"}}]}},"uagb_featured_image_src":{"full":["https:\/\/cdn.debesto.com\/web\/assets\/sites\/1\/2019\/08\/06090425\/Aluprof-MB-86-Fold-Line-min.png",319,550,false],"thumbnail":["https:\/\/cdn.debesto.com\/web\/assets\/sites\/1\/2019\/08\/06090425\/Aluprof-MB-86-Fold-Line-min-150x150.png",150,150,true],"medium":["https:\/\/cdn.debesto.com\/web\/assets\/sites\/1\/2019\/08\/06090425\/Aluprof-MB-86-Fold-Line-min-174x300.png",174,300,true],"medium_large":["https:\/\/cdn.debesto.com\/web\/assets\/sites\/1\/2019\/08\/06090425\/Aluprof-MB-86-Fold-Line-min.png",319,550,false],"large":["https:\/\/cdn.debesto.com\/web\/assets\/sites\/1\/2019\/08\/06090425\/Aluprof-MB-86-Fold-Line-min.png",319,550,false],"1536x1536":["https:\/\/cdn.debesto.com\/web\/assets\/sites\/1\/2019\/08\/06090425\/Aluprof-MB-86-Fold-Line-min.png",319,550,false],"2048x2048":["https:\/\/cdn.debesto.com\/web\/assets\/sites\/1\/2019\/08\/06090425\/Aluprof-MB-86-Fold-Line-min.png",319,550,false]},"uagb_author_info":{"display_name":"mohito","author_link":"https:\/\/debesto.com\/pl\/author\/mohito\/"},"uagb_comment_info":0,"uagb_excerpt":null,"_links":{"self":[{"href":"https:\/\/debesto.com\/pl\/wp-json\/wp\/v2\/pages\/419","targetHints":{"allow":["GET"]}}],"collection":[{"href":"https:\/\/debesto.com\/pl\/wp-json\/wp\/v2\/pages"}],"about":[{"href":"https:\/\/debesto.com\/pl\/wp-json\/wp\/v2\/types\/page"}],"author":[{"embeddable":true,"href":"https:\/\/debesto.com\/pl\/wp-json\/wp\/v2\/users\/1"}],"replies":[{"embeddable":true,"href":"https:\/\/debesto.com\/pl\/wp-json\/wp\/v2\/comments?post=419"}],"version-history":[{"count":48,"href":"https:\/\/debesto.com\/pl\/wp-json\/wp\/v2\/pages\/419\/revisions"}],"predecessor-version":[{"id":44658,"href":"https:\/\/debesto.com\/pl\/wp-json\/wp\/v2\/pages\/419\/revisions\/44658"}],"up":[{"embeddable":true,"href":"https:\/\/debesto.com\/pl\/wp-json\/wp\/v2\/pages\/20"}],"wp:featuredmedia":[{"embeddable":true,"href":"https:\/\/debesto.com\/pl\/wp-json\/wp\/v2\/media\/2517"}],"wp:attachment":[{"href":"https:\/\/debesto.com\/pl\/wp-json\/wp\/v2\/media?parent=419"}],"curies":[{"name":"wp","href":"https:\/\/api.w.org\/{rel}","templated":true}]}}