{"id":415,"date":"2019-02-26T15:23:16","date_gmt":"2019-02-26T14:23:16","guid":{"rendered":"https:\/\/debesto.com\/pl\/?page_id=415"},"modified":"2026-02-11T11:43:56","modified_gmt":"2026-02-11T10:43:56","slug":"okna-pcv","status":"publish","type":"page","link":"https:\/\/debesto.com\/pl\/okna\/okna-pcv\/","title":{"rendered":"okna pcv"},"content":{"rendered":"","protected":false},"excerpt":{"rendered":"","protected":false},"author":1,"featured_media":0,"parent":20,"menu_order":97,"comment_status":"closed","ping_status":"closed","template":"controllers\/windows.php","meta":{"_acf_changed":false,"_uag_custom_page_level_css":"","footnotes":""},"class_list":["post-415","page","type-page","status-publish","hentry"],"acf":[],"yoast_head":"<!-- This site is optimized with the Yoast SEO plugin v25.6 - https:\/\/yoast.com\/wordpress\/plugins\/seo\/ -->\n<title>Okna PCV z Polski - okna plastikowe | Debesto.com<\/title>\n<meta name=\"description\" content=\"Prowadzisz firm\u0119 i szukasz okien PCV? Interesuje ci\u0119 wycena okien PCV z dostaw\u0105? Sprawd\u017a ceny okien plastikowych w ofercie debesto.com.\" \/>\n<meta name=\"robots\" content=\"index, follow, max-snippet:-1, max-image-preview:large, max-video-preview:-1\" \/>\n<link rel=\"canonical\" href=\"https:\/\/debesto.com\/pl\/okna\/okna-pcv\/\" \/>\n<meta property=\"og:locale\" content=\"pl_PL\" \/>\n<meta property=\"og:type\" content=\"article\" \/>\n<meta property=\"og:title\" content=\"Wsp\u00f3\u0142pracuj z nami i oszcz\u0119dzaj do 50%\" \/>\n<meta property=\"og:description\" content=\"Sprzedajesz lub montujesz stolark\u0119 otworow\u0105? Importuj okna z Polski i zarabiaj wi\u0119cej.\" \/>\n<meta property=\"og:url\" content=\"https:\/\/debesto.com\/pl\/okna\/okna-pcv\/\" \/>\n<meta property=\"og:site_name\" content=\"debesto (PL)\" \/>\n<meta property=\"article:modified_time\" content=\"2026-02-11T10:43:56+00:00\" \/>\n<meta property=\"og:image\" content=\"https:\/\/cdn.debesto.com\/web\/assets\/sites\/1\/2019\/03\/06090353\/veka_softline_76__md_005-1.png\" \/>\n\t<meta property=\"og:image:width\" content=\"640\" \/>\n\t<meta property=\"og:image:height\" content=\"640\" \/>\n\t<meta property=\"og:image:type\" content=\"image\/png\" \/>\n<meta name=\"twitter:card\" content=\"summary_large_image\" \/>\n<meta name=\"twitter:label1\" content=\"Szacowany czas czytania\" \/>\n\t<meta name=\"twitter:data1\" content=\"4 minuty\" \/>\n<script type=\"application\/ld+json\" class=\"yoast-schema-graph\">{\"@context\":\"https:\/\/schema.org\",\"@graph\":[{\"@type\":\"WebPage\",\"@id\":\"https:\/\/debesto.com\/pl\/okna\/okna-pcv\/\",\"url\":\"https:\/\/debesto.com\/pl\/okna\/okna-pcv\/\",\"name\":\"Okna PCV z Polski - okna plastikowe | Debesto.com\",\"isPartOf\":{\"@id\":\"https:\/\/debesto.com\/pl\/#website\"},\"datePublished\":\"2019-02-26T14:23:16+00:00\",\"dateModified\":\"2026-02-11T10:43:56+00:00\",\"description\":\"Prowadzisz firm\u0119 i szukasz okien PCV? Interesuje ci\u0119 wycena okien PCV z dostaw\u0105? Sprawd\u017a ceny okien plastikowych w ofercie debesto.com.\",\"breadcrumb\":{\"@id\":\"https:\/\/debesto.com\/pl\/okna\/okna-pcv\/#breadcrumb\"},\"inLanguage\":\"pl-PL\",\"potentialAction\":[{\"@type\":\"ReadAction\",\"target\":[\"https:\/\/debesto.com\/pl\/okna\/okna-pcv\/\"]}]},{\"@type\":\"BreadcrumbList\",\"@id\":\"https:\/\/debesto.com\/pl\/okna\/okna-pcv\/#breadcrumb\",\"itemListElement\":[{\"@type\":\"ListItem\",\"position\":1,\"name\":\"Strona g\u0142\u00f3wna\",\"item\":\"https:\/\/debesto.com\/pl\/\"},{\"@type\":\"ListItem\",\"position\":2,\"name\":\"okna\",\"item\":\"https:\/\/debesto.com\/pl\/okna\/\"},{\"@type\":\"ListItem\",\"position\":3,\"name\":\"okna pcv\"}]},{\"@type\":\"WebSite\",\"@id\":\"https:\/\/debesto.com\/pl\/#website\",\"url\":\"https:\/\/debesto.com\/pl\/\",\"name\":\"debesto (PL)\",\"description\":\"\",\"publisher\":{\"@id\":\"https:\/\/debesto.com\/pl\/#organization\"},\"potentialAction\":[{\"@type\":\"SearchAction\",\"target\":{\"@type\":\"EntryPoint\",\"urlTemplate\":\"https:\/\/debesto.com\/pl\/?s={search_term_string}\"},\"query-input\":{\"@type\":\"PropertyValueSpecification\",\"valueRequired\":true,\"valueName\":\"search_term_string\"}}],\"inLanguage\":\"pl-PL\"},{\"@type\":\"Organization\",\"@id\":\"https:\/\/debesto.com\/pl\/#organization\",\"name\":\"debesto.com\",\"url\":\"https:\/\/debesto.com\/pl\/\",\"logo\":{\"@type\":\"ImageObject\",\"inLanguage\":\"pl-PL\",\"@id\":\"https:\/\/debesto.com\/pl\/#\/schema\/logo\/image\/\",\"url\":\"https:\/\/cdn.debesto.com\/web\/assets\/sites\/1\/2019\/12\/06090155\/debesto_kwadrat.jpg\",\"contentUrl\":\"https:\/\/cdn.debesto.com\/web\/assets\/sites\/1\/2019\/12\/06090155\/debesto_kwadrat.jpg\",\"width\":512,\"height\":512,\"caption\":\"debesto.com\"},\"image\":{\"@id\":\"https:\/\/debesto.com\/pl\/#\/schema\/logo\/image\/\"}}]}<\/script>\n<!-- \/ Yoast SEO plugin. -->","yoast_head_json":{"title":"Okna PCV z Polski - okna plastikowe | Debesto.com","description":"Prowadzisz firm\u0119 i szukasz okien PCV? Interesuje ci\u0119 wycena okien PCV z dostaw\u0105? Sprawd\u017a ceny okien plastikowych w ofercie debesto.com.","robots":{"index":"index","follow":"follow","max-snippet":"max-snippet:-1","max-image-preview":"max-image-preview:large","max-video-preview":"max-video-preview:-1"},"canonical":"https:\/\/debesto.com\/pl\/okna\/okna-pcv\/","og_locale":"pl_PL","og_type":"article","og_title":"Wsp\u00f3\u0142pracuj z nami i oszcz\u0119dzaj do 50%","og_description":"Sprzedajesz lub montujesz stolark\u0119 otworow\u0105? Importuj okna z Polski i zarabiaj wi\u0119cej.","og_url":"https:\/\/debesto.com\/pl\/okna\/okna-pcv\/","og_site_name":"debesto (PL)","article_modified_time":"2026-02-11T10:43:56+00:00","og_image":[{"width":640,"height":640,"url":"https:\/\/cdn.debesto.com\/web\/assets\/sites\/1\/2019\/03\/06090353\/veka_softline_76__md_005-1.png","type":"image\/png"}],"twitter_card":"summary_large_image","twitter_misc":{"Szacowany czas czytania":"4 minuty"},"schema":{"@context":"https:\/\/schema.org","@graph":[{"@type":"WebPage","@id":"https:\/\/debesto.com\/pl\/okna\/okna-pcv\/","url":"https:\/\/debesto.com\/pl\/okna\/okna-pcv\/","name":"Okna PCV z Polski - okna plastikowe | Debesto.com","isPartOf":{"@id":"https:\/\/debesto.com\/pl\/#website"},"datePublished":"2019-02-26T14:23:16+00:00","dateModified":"2026-02-11T10:43:56+00:00","description":"Prowadzisz firm\u0119 i szukasz okien PCV? Interesuje ci\u0119 wycena okien PCV z dostaw\u0105? Sprawd\u017a ceny okien plastikowych w ofercie debesto.com.","breadcrumb":{"@id":"https:\/\/debesto.com\/pl\/okna\/okna-pcv\/#breadcrumb"},"inLanguage":"pl-PL","potentialAction":[{"@type":"ReadAction","target":["https:\/\/debesto.com\/pl\/okna\/okna-pcv\/"]}]},{"@type":"BreadcrumbList","@id":"https:\/\/debesto.com\/pl\/okna\/okna-pcv\/#breadcrumb","itemListElement":[{"@type":"ListItem","position":1,"name":"Strona g\u0142\u00f3wna","item":"https:\/\/debesto.com\/pl\/"},{"@type":"ListItem","position":2,"name":"okna","item":"https:\/\/debesto.com\/pl\/okna\/"},{"@type":"ListItem","position":3,"name":"okna pcv"}]},{"@type":"WebSite","@id":"https:\/\/debesto.com\/pl\/#website","url":"https:\/\/debesto.com\/pl\/","name":"debesto (PL)","description":"","publisher":{"@id":"https:\/\/debesto.com\/pl\/#organization"},"potentialAction":[{"@type":"SearchAction","target":{"@type":"EntryPoint","urlTemplate":"https:\/\/debesto.com\/pl\/?s={search_term_string}"},"query-input":{"@type":"PropertyValueSpecification","valueRequired":true,"valueName":"search_term_string"}}],"inLanguage":"pl-PL"},{"@type":"Organization","@id":"https:\/\/debesto.com\/pl\/#organization","name":"debesto.com","url":"https:\/\/debesto.com\/pl\/","logo":{"@type":"ImageObject","inLanguage":"pl-PL","@id":"https:\/\/debesto.com\/pl\/#\/schema\/logo\/image\/","url":"https:\/\/cdn.debesto.com\/web\/assets\/sites\/1\/2019\/12\/06090155\/debesto_kwadrat.jpg","contentUrl":"https:\/\/cdn.debesto.com\/web\/assets\/sites\/1\/2019\/12\/06090155\/debesto_kwadrat.jpg","width":512,"height":512,"caption":"debesto.com"},"image":{"@id":"https:\/\/debesto.com\/pl\/#\/schema\/logo\/image\/"}}]}},"uagb_featured_image_src":{"full":false,"thumbnail":false,"medium":false,"medium_large":false,"large":false,"1536x1536":false,"2048x2048":false},"uagb_author_info":{"display_name":"mohito","author_link":"https:\/\/debesto.com\/pl\/author\/mohito\/"},"uagb_comment_info":0,"uagb_excerpt":null,"_links":{"self":[{"href":"https:\/\/debesto.com\/pl\/wp-json\/wp\/v2\/pages\/415","targetHints":{"allow":["GET"]}}],"collection":[{"href":"https:\/\/debesto.com\/pl\/wp-json\/wp\/v2\/pages"}],"about":[{"href":"https:\/\/debesto.com\/pl\/wp-json\/wp\/v2\/types\/page"}],"author":[{"embeddable":true,"href":"https:\/\/debesto.com\/pl\/wp-json\/wp\/v2\/users\/1"}],"replies":[{"embeddable":true,"href":"https:\/\/debesto.com\/pl\/wp-json\/wp\/v2\/comments?post=415"}],"version-history":[{"count":37,"href":"https:\/\/debesto.com\/pl\/wp-json\/wp\/v2\/pages\/415\/revisions"}],"predecessor-version":[{"id":44664,"href":"https:\/\/debesto.com\/pl\/wp-json\/wp\/v2\/pages\/415\/revisions\/44664"}],"up":[{"embeddable":true,"href":"https:\/\/debesto.com\/pl\/wp-json\/wp\/v2\/pages\/20"}],"wp:attachment":[{"href":"https:\/\/debesto.com\/pl\/wp-json\/wp\/v2\/media?parent=415"}],"curies":[{"name":"wp","href":"https:\/\/api.w.org\/{rel}","templated":true}]}}