{"id":34654,"date":"2023-06-30T08:41:39","date_gmt":"2023-06-30T06:41:39","guid":{"rendered":"https:\/\/debesto.com\/pl\/cenniki\/cennik-okien-pcv-dla-firm-2\/"},"modified":"2023-07-03T13:28:13","modified_gmt":"2023-07-03T11:28:13","slug":"cennik-okien-pcv-alu-look-dla-firm","status":"publish","type":"page","link":"https:\/\/debesto.com\/pl\/cenniki\/cennik-okien-pcv-alu-look-dla-firm\/","title":{"rendered":"Cennik okien PCV alu look dla firm"},"content":{"rendered":"","protected":false},"excerpt":{"rendered":"","protected":false},"author":37,"featured_media":27454,"parent":16,"menu_order":68,"comment_status":"closed","ping_status":"closed","template":"controllers\/pricing.php","meta":{"_acf_changed":false,"_uag_custom_page_level_css":"","footnotes":""},"class_list":["post-34654","page","type-page","status-publish","has-post-thumbnail","hentry"],"acf":[],"yoast_head":"<!-- This site is optimized with the Yoast SEO plugin v25.6 - https:\/\/yoast.com\/wordpress\/plugins\/seo\/ -->\n<title>Cennik okien PCV alu look dla FIRM | Okna do 50% taniej | debesto<\/title>\n<meta name=\"description\" content=\"Dzia\u0142asz w bran\u017cy budowlanej? Dla Ciebie mamy hurtowe ceny okien PCV. Sprawd\u017a cennik okien PCV o wygl\u0105dzie aluminium i importuj z zyskiem okna z Polski.\" \/>\n<meta name=\"robots\" content=\"index, follow, max-snippet:-1, max-image-preview:large, max-video-preview:-1\" \/>\n<link rel=\"canonical\" href=\"https:\/\/debesto.com\/pl\/cenniki\/cennik-okien-pcv-alu-look-dla-firm\/\" \/>\n<meta property=\"og:locale\" content=\"pl_PL\" \/>\n<meta property=\"og:type\" content=\"article\" \/>\n<meta property=\"og:title\" content=\"Wsp\u00f3\u0142pracuj z nami i oszcz\u0119dzaj do 50%\" \/>\n<meta property=\"og:description\" content=\"Dzia\u0142asz w bran\u017cy budowlanej? Dla Ciebie mamy hurtowe ceny okien PCV. Sprawd\u017a cennik okien PCV dla firm i importuj okna plastikowe z Polski.\" \/>\n<meta property=\"og:url\" content=\"https:\/\/debesto.com\/pl\/cenniki\/cennik-okien-pcv-alu-look-dla-firm\/\" \/>\n<meta property=\"og:site_name\" content=\"debesto (PL)\" \/>\n<meta property=\"article:modified_time\" content=\"2023-07-03T11:28:13+00:00\" \/>\n<meta property=\"og:image\" content=\"https:\/\/cdn.debesto.com\/web\/assets\/sites\/1\/2021\/12\/06085601\/Gealan-linear-ostre-krawedzie2.jpg\" \/>\n\t<meta property=\"og:image:width\" content=\"1100\" \/>\n\t<meta property=\"og:image:height\" content=\"825\" \/>\n\t<meta property=\"og:image:type\" content=\"image\/jpeg\" \/>\n<meta name=\"twitter:card\" content=\"summary_large_image\" \/>\n<script type=\"application\/ld+json\" class=\"yoast-schema-graph\">{\"@context\":\"https:\/\/schema.org\",\"@graph\":[{\"@type\":\"WebPage\",\"@id\":\"https:\/\/debesto.com\/pl\/cenniki\/cennik-okien-pcv-alu-look-dla-firm\/\",\"url\":\"https:\/\/debesto.com\/pl\/cenniki\/cennik-okien-pcv-alu-look-dla-firm\/\",\"name\":\"Cennik okien PCV alu look dla FIRM | Okna do 50% taniej | debesto\",\"isPartOf\":{\"@id\":\"https:\/\/debesto.com\/pl\/#website\"},\"primaryImageOfPage\":{\"@id\":\"https:\/\/debesto.com\/pl\/cenniki\/cennik-okien-pcv-alu-look-dla-firm\/#primaryimage\"},\"image\":{\"@id\":\"https:\/\/debesto.com\/pl\/cenniki\/cennik-okien-pcv-alu-look-dla-firm\/#primaryimage\"},\"thumbnailUrl\":\"https:\/\/cdn.debesto.com\/web\/assets\/sites\/1\/2023\/01\/06085147\/ideal-neo-1.png\",\"datePublished\":\"2023-06-30T06:41:39+00:00\",\"dateModified\":\"2023-07-03T11:28:13+00:00\",\"description\":\"Dzia\u0142asz w bran\u017cy budowlanej? Dla Ciebie mamy hurtowe ceny okien PCV. Sprawd\u017a cennik okien PCV o wygl\u0105dzie aluminium i importuj z zyskiem okna z Polski.\",\"breadcrumb\":{\"@id\":\"https:\/\/debesto.com\/pl\/cenniki\/cennik-okien-pcv-alu-look-dla-firm\/#breadcrumb\"},\"inLanguage\":\"pl-PL\",\"potentialAction\":[{\"@type\":\"ReadAction\",\"target\":[\"https:\/\/debesto.com\/pl\/cenniki\/cennik-okien-pcv-alu-look-dla-firm\/\"]}]},{\"@type\":\"ImageObject\",\"inLanguage\":\"pl-PL\",\"@id\":\"https:\/\/debesto.com\/pl\/cenniki\/cennik-okien-pcv-alu-look-dla-firm\/#primaryimage\",\"url\":\"https:\/\/cdn.debesto.com\/web\/assets\/sites\/1\/2023\/01\/06085147\/ideal-neo-1.png\",\"contentUrl\":\"https:\/\/cdn.debesto.com\/web\/assets\/sites\/1\/2023\/01\/06085147\/ideal-neo-1.png\",\"width\":715,\"height\":782,\"caption\":\"Aluplast ideal neo zdj\u0119cie przekroju\"},{\"@type\":\"BreadcrumbList\",\"@id\":\"https:\/\/debesto.com\/pl\/cenniki\/cennik-okien-pcv-alu-look-dla-firm\/#breadcrumb\",\"itemListElement\":[{\"@type\":\"ListItem\",\"position\":1,\"name\":\"Strona g\u0142\u00f3wna\",\"item\":\"https:\/\/debesto.com\/pl\/\"},{\"@type\":\"ListItem\",\"position\":2,\"name\":\"cenniki\",\"item\":\"https:\/\/debesto.com\/pl\/cenniki\/\"},{\"@type\":\"ListItem\",\"position\":3,\"name\":\"Cennik okien PCV alu look dla firm\"}]},{\"@type\":\"WebSite\",\"@id\":\"https:\/\/debesto.com\/pl\/#website\",\"url\":\"https:\/\/debesto.com\/pl\/\",\"name\":\"debesto (PL)\",\"description\":\"\",\"publisher\":{\"@id\":\"https:\/\/debesto.com\/pl\/#organization\"},\"potentialAction\":[{\"@type\":\"SearchAction\",\"target\":{\"@type\":\"EntryPoint\",\"urlTemplate\":\"https:\/\/debesto.com\/pl\/?s={search_term_string}\"},\"query-input\":{\"@type\":\"PropertyValueSpecification\",\"valueRequired\":true,\"valueName\":\"search_term_string\"}}],\"inLanguage\":\"pl-PL\"},{\"@type\":\"Organization\",\"@id\":\"https:\/\/debesto.com\/pl\/#organization\",\"name\":\"debesto.com\",\"url\":\"https:\/\/debesto.com\/pl\/\",\"logo\":{\"@type\":\"ImageObject\",\"inLanguage\":\"pl-PL\",\"@id\":\"https:\/\/debesto.com\/pl\/#\/schema\/logo\/image\/\",\"url\":\"https:\/\/cdn.debesto.com\/web\/assets\/sites\/1\/2019\/12\/06090155\/debesto_kwadrat.jpg\",\"contentUrl\":\"https:\/\/cdn.debesto.com\/web\/assets\/sites\/1\/2019\/12\/06090155\/debesto_kwadrat.jpg\",\"width\":512,\"height\":512,\"caption\":\"debesto.com\"},\"image\":{\"@id\":\"https:\/\/debesto.com\/pl\/#\/schema\/logo\/image\/\"}}]}<\/script>\n<!-- \/ Yoast SEO plugin. -->","yoast_head_json":{"title":"Cennik okien PCV alu look dla FIRM | Okna do 50% taniej | debesto","description":"Dzia\u0142asz w bran\u017cy budowlanej? Dla Ciebie mamy hurtowe ceny okien PCV. Sprawd\u017a cennik okien PCV o wygl\u0105dzie aluminium i importuj z zyskiem okna z Polski.","robots":{"index":"index","follow":"follow","max-snippet":"max-snippet:-1","max-image-preview":"max-image-preview:large","max-video-preview":"max-video-preview:-1"},"canonical":"https:\/\/debesto.com\/pl\/cenniki\/cennik-okien-pcv-alu-look-dla-firm\/","og_locale":"pl_PL","og_type":"article","og_title":"Wsp\u00f3\u0142pracuj z nami i oszcz\u0119dzaj do 50%","og_description":"Dzia\u0142asz w bran\u017cy budowlanej? Dla Ciebie mamy hurtowe ceny okien PCV. Sprawd\u017a cennik okien PCV dla firm i importuj okna plastikowe z Polski.","og_url":"https:\/\/debesto.com\/pl\/cenniki\/cennik-okien-pcv-alu-look-dla-firm\/","og_site_name":"debesto (PL)","article_modified_time":"2023-07-03T11:28:13+00:00","og_image":[{"width":1100,"height":825,"url":"https:\/\/cdn.debesto.com\/web\/assets\/sites\/1\/2021\/12\/06085601\/Gealan-linear-ostre-krawedzie2.jpg","type":"image\/jpeg"}],"twitter_card":"summary_large_image","schema":{"@context":"https:\/\/schema.org","@graph":[{"@type":"WebPage","@id":"https:\/\/debesto.com\/pl\/cenniki\/cennik-okien-pcv-alu-look-dla-firm\/","url":"https:\/\/debesto.com\/pl\/cenniki\/cennik-okien-pcv-alu-look-dla-firm\/","name":"Cennik okien PCV alu look dla FIRM | Okna do 50% taniej | debesto","isPartOf":{"@id":"https:\/\/debesto.com\/pl\/#website"},"primaryImageOfPage":{"@id":"https:\/\/debesto.com\/pl\/cenniki\/cennik-okien-pcv-alu-look-dla-firm\/#primaryimage"},"image":{"@id":"https:\/\/debesto.com\/pl\/cenniki\/cennik-okien-pcv-alu-look-dla-firm\/#primaryimage"},"thumbnailUrl":"https:\/\/cdn.debesto.com\/web\/assets\/sites\/1\/2023\/01\/06085147\/ideal-neo-1.png","datePublished":"2023-06-30T06:41:39+00:00","dateModified":"2023-07-03T11:28:13+00:00","description":"Dzia\u0142asz w bran\u017cy budowlanej? Dla Ciebie mamy hurtowe ceny okien PCV. Sprawd\u017a cennik okien PCV o wygl\u0105dzie aluminium i importuj z zyskiem okna z Polski.","breadcrumb":{"@id":"https:\/\/debesto.com\/pl\/cenniki\/cennik-okien-pcv-alu-look-dla-firm\/#breadcrumb"},"inLanguage":"pl-PL","potentialAction":[{"@type":"ReadAction","target":["https:\/\/debesto.com\/pl\/cenniki\/cennik-okien-pcv-alu-look-dla-firm\/"]}]},{"@type":"ImageObject","inLanguage":"pl-PL","@id":"https:\/\/debesto.com\/pl\/cenniki\/cennik-okien-pcv-alu-look-dla-firm\/#primaryimage","url":"https:\/\/cdn.debesto.com\/web\/assets\/sites\/1\/2023\/01\/06085147\/ideal-neo-1.png","contentUrl":"https:\/\/cdn.debesto.com\/web\/assets\/sites\/1\/2023\/01\/06085147\/ideal-neo-1.png","width":715,"height":782,"caption":"Aluplast ideal neo zdj\u0119cie przekroju"},{"@type":"BreadcrumbList","@id":"https:\/\/debesto.com\/pl\/cenniki\/cennik-okien-pcv-alu-look-dla-firm\/#breadcrumb","itemListElement":[{"@type":"ListItem","position":1,"name":"Strona g\u0142\u00f3wna","item":"https:\/\/debesto.com\/pl\/"},{"@type":"ListItem","position":2,"name":"cenniki","item":"https:\/\/debesto.com\/pl\/cenniki\/"},{"@type":"ListItem","position":3,"name":"Cennik okien PCV alu look dla firm"}]},{"@type":"WebSite","@id":"https:\/\/debesto.com\/pl\/#website","url":"https:\/\/debesto.com\/pl\/","name":"debesto (PL)","description":"","publisher":{"@id":"https:\/\/debesto.com\/pl\/#organization"},"potentialAction":[{"@type":"SearchAction","target":{"@type":"EntryPoint","urlTemplate":"https:\/\/debesto.com\/pl\/?s={search_term_string}"},"query-input":{"@type":"PropertyValueSpecification","valueRequired":true,"valueName":"search_term_string"}}],"inLanguage":"pl-PL"},{"@type":"Organization","@id":"https:\/\/debesto.com\/pl\/#organization","name":"debesto.com","url":"https:\/\/debesto.com\/pl\/","logo":{"@type":"ImageObject","inLanguage":"pl-PL","@id":"https:\/\/debesto.com\/pl\/#\/schema\/logo\/image\/","url":"https:\/\/cdn.debesto.com\/web\/assets\/sites\/1\/2019\/12\/06090155\/debesto_kwadrat.jpg","contentUrl":"https:\/\/cdn.debesto.com\/web\/assets\/sites\/1\/2019\/12\/06090155\/debesto_kwadrat.jpg","width":512,"height":512,"caption":"debesto.com"},"image":{"@id":"https:\/\/debesto.com\/pl\/#\/schema\/logo\/image\/"}}]}},"uagb_featured_image_src":{"full":["https:\/\/cdn.debesto.com\/web\/assets\/sites\/1\/2023\/01\/06085147\/ideal-neo-1.png",715,782,false],"thumbnail":["https:\/\/cdn.debesto.com\/web\/assets\/sites\/1\/2023\/01\/06085147\/ideal-neo-1-150x150.png",150,150,true],"medium":["https:\/\/cdn.debesto.com\/web\/assets\/sites\/1\/2023\/01\/06085147\/ideal-neo-1-274x300.png",274,300,true],"medium_large":["https:\/\/cdn.debesto.com\/web\/assets\/sites\/1\/2023\/01\/06085147\/ideal-neo-1.png",715,782,false],"large":["https:\/\/cdn.debesto.com\/web\/assets\/sites\/1\/2023\/01\/06085147\/ideal-neo-1.png",715,782,false],"1536x1536":["https:\/\/cdn.debesto.com\/web\/assets\/sites\/1\/2023\/01\/06085147\/ideal-neo-1.png",715,782,false],"2048x2048":["https:\/\/cdn.debesto.com\/web\/assets\/sites\/1\/2023\/01\/06085147\/ideal-neo-1.png",715,782,false]},"uagb_author_info":{"display_name":"ajozwicka","author_link":"https:\/\/debesto.com\/pl\/author\/ajozwicka\/"},"uagb_comment_info":0,"uagb_excerpt":null,"_links":{"self":[{"href":"https:\/\/debesto.com\/pl\/wp-json\/wp\/v2\/pages\/34654","targetHints":{"allow":["GET"]}}],"collection":[{"href":"https:\/\/debesto.com\/pl\/wp-json\/wp\/v2\/pages"}],"about":[{"href":"https:\/\/debesto.com\/pl\/wp-json\/wp\/v2\/types\/page"}],"author":[{"embeddable":true,"href":"https:\/\/debesto.com\/pl\/wp-json\/wp\/v2\/users\/37"}],"replies":[{"embeddable":true,"href":"https:\/\/debesto.com\/pl\/wp-json\/wp\/v2\/comments?post=34654"}],"version-history":[{"count":52,"href":"https:\/\/debesto.com\/pl\/wp-json\/wp\/v2\/pages\/34654\/revisions"}],"predecessor-version":[{"id":34797,"href":"https:\/\/debesto.com\/pl\/wp-json\/wp\/v2\/pages\/34654\/revisions\/34797"}],"up":[{"embeddable":true,"href":"https:\/\/debesto.com\/pl\/wp-json\/wp\/v2\/pages\/16"}],"wp:featuredmedia":[{"embeddable":true,"href":"https:\/\/debesto.com\/pl\/wp-json\/wp\/v2\/media\/27454"}],"wp:attachment":[{"href":"https:\/\/debesto.com\/pl\/wp-json\/wp\/v2\/media?parent=34654"}],"curies":[{"name":"wp","href":"https:\/\/api.w.org\/{rel}","templated":true}]}}