{"id":29772,"date":"2023-03-07T10:36:51","date_gmt":"2023-03-07T09:36:51","guid":{"rendered":"https:\/\/debesto.com\/pl\/drzwi-aluminiowe-schuco-2\/"},"modified":"2023-03-31T16:39:55","modified_gmt":"2023-03-31T14:39:55","slug":"cena-drzwi-aluminiowych-rama","status":"publish","type":"page","link":"https:\/\/debesto.com\/pl\/cena-drzwi-aluminiowych-rama\/","title":{"rendered":"Cena ramy drzwi aluminiowych"},"content":{"rendered":"\n<figure class=\"wp-block-image size-large\"><img decoding=\"async\" width=\"1024\" height=\"256\" src=\"https:\/\/cdn.debesto.com\/web\/assets\/sites\/1\/2023\/03\/06085034\/banner-aluminum-window-frame-1024x256.jpg\" alt=\"baner ceny ram drzwi aluminiowych\" class=\"wp-image-30939\" srcset=\"https:\/\/cdn.debesto.com\/web\/assets\/sites\/1\/2023\/03\/06085034\/banner-aluminum-window-frame-1024x256.jpg 1024w, https:\/\/cdn.debesto.com\/web\/assets\/sites\/1\/2023\/03\/06085034\/banner-aluminum-window-frame-300x75.jpg 300w, https:\/\/cdn.debesto.com\/web\/assets\/sites\/1\/2023\/03\/06085034\/banner-aluminum-window-frame-768x192.jpg 768w, https:\/\/cdn.debesto.com\/web\/assets\/sites\/1\/2023\/03\/06085034\/banner-aluminum-window-frame.jpg 1200w\" sizes=\"(max-width: 1024px) 100vw, 1024px\" \/><\/figure>\n\n\n\n<div style=\"height:20px\" aria-hidden=\"true\" class=\"wp-block-spacer\"><\/div>\n\n\n\n<h3 class=\"wp-block-heading\"><strong>Poszukujesz ramy drzwiowej do projektu, ale nie jeste\u015b obeznany z tematem? Przeczytaj nasz tekst, a szybko podejmiesz \u015bwiadom\u0105 decyzj\u0119.<\/strong><\/h3>\n\n\n\n<div style=\"height:40px\" aria-hidden=\"true\" class=\"wp-block-spacer\"><\/div>\n\n\n\n<h2 class=\"wp-block-heading\">Z tego artyku\u0142u dowiesz si\u0119:<\/h2>\n\n\n\n<div style=\"height:20px\" aria-hidden=\"true\" class=\"wp-block-spacer\"><\/div>\n\n\n\n<ul class=\"wp-block-list\"><li><a href=\"#Ile-kosztuje-rama-drzwiowa\">Ile kosztuje rama do drzwi<\/a><\/li><li><a href=\"#Czy-aluminiowe-ramy-s\u0105-dobrym-wyborem\">Czy rama aluminiowa to dobry wyb\u00f3r <\/a><\/li><li><a href=\"#Jaka-rama-drzwiowa-b\u0119dzie-najlepsza-do-domu\">Jak\u0105 ram\u0119 drzwiow\u0105 powiniene\u015b poleci\u0107 Swojemu klientowi<\/a><\/li><\/ul>\n\n\n\n<div style=\"height:40px\" aria-hidden=\"true\" class=\"wp-block-spacer\"><\/div>\n\n\n\n<h2 class=\"wp-block-heading\" id=\"Ile-kosztuje-rama-drzwiowa\">Ile kosztuje rama drzwiowa?<\/h2>\n\n\n\n<div style=\"height:20px\" aria-hidden=\"true\" class=\"wp-block-spacer\"><\/div>\n\n\n\n<div class=\"wp-block-columns are-vertically-aligned-top is-layout-flex wp-container-core-columns-is-layout-1 wp-block-columns-is-layout-flex\">\n<div class=\"wp-block-column is-vertically-aligned-top is-layout-flow wp-block-column-is-layout-flow\">\n<div class=\"wp-block-image\"><figure class=\"alignright size-full\"><img decoding=\"async\" width=\"750\" height=\"750\" src=\"https:\/\/cdn.debesto.com\/web\/assets\/sites\/1\/2023\/02\/06085043\/wizualizacja-bi-fold-aluminium-drzwi.jpg\" alt=\"wizualizacja aluminiowych drzwi bi-fold harmonijkowych\" class=\"wp-image-30825\" srcset=\"https:\/\/cdn.debesto.com\/web\/assets\/sites\/1\/2023\/02\/06085043\/wizualizacja-bi-fold-aluminium-drzwi.jpg 750w, https:\/\/cdn.debesto.com\/web\/assets\/sites\/1\/2023\/02\/06085043\/wizualizacja-bi-fold-aluminium-drzwi-300x300.jpg 300w, https:\/\/cdn.debesto.com\/web\/assets\/sites\/1\/2023\/02\/06085043\/wizualizacja-bi-fold-aluminium-drzwi-150x150.jpg 150w\" sizes=\"(max-width: 750px) 100vw, 750px\" \/><\/figure><\/div>\n<\/div>\n\n\n\n<div class=\"wp-block-column is-vertically-aligned-top is-layout-flow wp-block-column-is-layout-flow\" style=\"flex-basis:10%\"><\/div>\n\n\n\n<div class=\"wp-block-column is-vertically-aligned-top is-layout-flow wp-block-column-is-layout-flow\">\n<p>Koszt o\u015bcie\u017cnicy r\u00f3\u017cni si\u0119 g\u0142\u00f3wnie od u\u017cytego materia\u0142u i wybranego rozmiaru. Je\u015bli jednak chcemy przyjrze\u0107 si\u0119 przyk\u0142adowym cenom w Stanach, sprawa wygl\u0105da nast\u0119puj\u0105co:<\/p>\n\n\n\n<div style=\"height:20px\" aria-hidden=\"true\" class=\"wp-block-spacer\"><\/div>\n\n\n\n<ul class=\"wp-block-list\"><li>rama plastikowa \u2014 <strong>od 100$ do 200$+<\/strong><\/li><\/ul>\n\n\n\n<ul class=\"wp-block-list\"><li>rama stalowa \u2014 <strong>od 200$ do 320$+<\/strong><\/li><\/ul>\n\n\n\n<ul class=\"wp-block-list\"><li>rama drewniana \u2014 <strong>od 130$ do 500$+<\/strong><\/li><\/ul>\n\n\n\n<ul class=\"wp-block-list\"><li>rama aluminiowa \u2014 <strong>od 200 do 550$+<\/strong><\/li><\/ul>\n<\/div>\n<\/div>\n\n\n\n<div style=\"height:40px\" aria-hidden=\"true\" class=\"wp-block-spacer\"><\/div>\n\n\n\n<div style=\"height:20px\" aria-hidden=\"true\" class=\"wp-block-spacer\"><\/div>\n\n\n\n<div class=\"wp-block-columns are-vertically-aligned-top is-layout-flex wp-container-core-columns-is-layout-2 wp-block-columns-is-layout-flex\">\n<div class=\"wp-block-column is-vertically-aligned-top is-layout-flow wp-block-column-is-layout-flow\">\n<p>Dla por\u00f3wnania, w Polsce zap\u0142acisz:<\/p>\n\n\n\n<div style=\"height:20px\" aria-hidden=\"true\" class=\"wp-block-spacer\"><\/div>\n\n\n\n<ul class=\"wp-block-list\"><li>rama plastikowa \u2014 <strong>od 80 do 260$+<\/strong> (300 do 1000+ z\u0142)<\/li><\/ul>\n\n\n\n<ul class=\"wp-block-list\"><li>rama stalowa \u2014 <strong>od<\/strong> <strong>30 do 300$<\/strong>+ (180 do 1300+ z\u0142)<\/li><\/ul>\n\n\n\n<ul class=\"wp-block-list\"><li>rama drewniana \u2014 <strong>od 30 do 260$+<\/strong> (180 do 100+ z\u0142)<\/li><\/ul>\n\n\n\n<ul class=\"wp-block-list\"><li>rama aluminiowa \u2014 <strong>od 80 do 260$+ <\/strong>(300 do 1000+ z\u0142)<\/li><\/ul>\n<\/div>\n\n\n\n<div class=\"wp-block-column is-vertically-aligned-top is-layout-flow wp-block-column-is-layout-flow\" style=\"flex-basis:10%\"><\/div>\n\n\n\n<div class=\"wp-block-column is-vertically-aligned-top is-layout-flow wp-block-column-is-layout-flow\">\n<figure class=\"wp-block-image size-full\"><img decoding=\"async\" width=\"750\" height=\"750\" src=\"https:\/\/cdn.debesto.com\/web\/assets\/sites\/1\/2023\/03\/06085042\/Cortizo-COR-Vision-Plus-IT-Sliding-system.jpg\" alt=\"wizualizacja Cortizo COR Vision Plus IT Sliding system\" class=\"wp-image-30847\" srcset=\"https:\/\/cdn.debesto.com\/web\/assets\/sites\/1\/2023\/03\/06085042\/Cortizo-COR-Vision-Plus-IT-Sliding-system.jpg 750w, https:\/\/cdn.debesto.com\/web\/assets\/sites\/1\/2023\/03\/06085042\/Cortizo-COR-Vision-Plus-IT-Sliding-system-300x300.jpg 300w, https:\/\/cdn.debesto.com\/web\/assets\/sites\/1\/2023\/03\/06085042\/Cortizo-COR-Vision-Plus-IT-Sliding-system-150x150.jpg 150w\" sizes=\"(max-width: 750px) 100vw, 750px\" \/><\/figure>\n<\/div>\n<\/div>\n\n\n\n<div style=\"height:40px\" aria-hidden=\"true\" class=\"wp-block-spacer\"><\/div>\n\n\n\n<h2 class=\"wp-block-heading\" id=\"Czy-aluminiowe-ramy-s\u0105-dobrym-wyborem\">Czy aluminiowe ramy s\u0105 dobrym wyborem?<\/h2>\n\n\n\n<div style=\"height:20px\" aria-hidden=\"true\" class=\"wp-block-spacer\"><\/div>\n\n\n\n<div class=\"wp-block-columns are-vertically-aligned-top is-layout-flex wp-container-core-columns-is-layout-3 wp-block-columns-is-layout-flex\">\n<div class=\"wp-block-column is-vertically-aligned-top is-layout-flow wp-block-column-is-layout-flow\">\n<div class=\"wp-block-image\"><figure class=\"alignright size-full\"><img decoding=\"async\" width=\"750\" height=\"750\" src=\"https:\/\/cdn.debesto.com\/web\/assets\/sites\/1\/2023\/02\/06085043\/wizualizacja-sliding-patio-drzwi-aluminiowe.jpg\" alt=\"\" class=\"wp-image-30827\" srcset=\"https:\/\/cdn.debesto.com\/web\/assets\/sites\/1\/2023\/02\/06085043\/wizualizacja-sliding-patio-drzwi-aluminiowe.jpg 750w, https:\/\/cdn.debesto.com\/web\/assets\/sites\/1\/2023\/02\/06085043\/wizualizacja-sliding-patio-drzwi-aluminiowe-300x300.jpg 300w, https:\/\/cdn.debesto.com\/web\/assets\/sites\/1\/2023\/02\/06085043\/wizualizacja-sliding-patio-drzwi-aluminiowe-150x150.jpg 150w\" sizes=\"(max-width: 750px) 100vw, 750px\" \/><\/figure><\/div>\n<\/div>\n\n\n\n<div class=\"wp-block-column is-vertically-aligned-top is-layout-flow wp-block-column-is-layout-flow\" style=\"flex-basis:10%\"><\/div>\n\n\n\n<div class=\"wp-block-column is-vertically-aligned-top is-layout-flow wp-block-column-is-layout-flow\">\n<p>Tak jak inne produkty wykonane z aluminium, tak rama zrobiona z tego materia\u0142u b\u0119dzie <strong>energooszcz\u0119dna<\/strong> oraz <strong>odporna na warunki atmosferyczne i zarysowania<\/strong>. Aluminium <strong>wymaga te\u017c mniej konserwacji i piel\u0119gnacji<\/strong>. Ramy te dost\u0119pne s\u0105 w r\u00f3\u017cnych wyko\u0144czeniach, co pozwala na dostosowanie ich do estetyki danego budynku.&nbsp;<\/p>\n\n\n\n<p>Ich g\u0142\u00f3wn\u0105 wad\u0105 jest <strong>wy\u017csza cena <\/strong>oraz <strong>mniejsza <\/strong>wzgl\u0119dem np. drewna <strong>d\u017awi\u0119koszczelno\u015b\u0107<\/strong>.&nbsp;<\/p>\n<\/div>\n<\/div>\n\n\n\n<div style=\"height:40px\" aria-hidden=\"true\" class=\"wp-block-spacer\"><\/div>\n\n\n\n<h2 class=\"wp-block-heading\" id=\"Jaka-rama-drzwiowa-b\u0119dzie-najlepsza-do-domu\">Jaka rama drzwiowa b\u0119dzie najlepsza do domu?<\/h2>\n\n\n\n<div style=\"height:20px\" aria-hidden=\"true\" class=\"wp-block-spacer\"><\/div>\n\n\n\n<div class=\"wp-block-columns are-vertically-aligned-top is-layout-flex wp-container-core-columns-is-layout-4 wp-block-columns-is-layout-flex\">\n<div class=\"wp-block-column is-vertically-aligned-top is-layout-flow wp-block-column-is-layout-flow\">\n<p>Wszystko zale\u017cy od tego, czego szuka Tw\u00f3j klient, je\u015bli chce ram\u0119:<\/p>\n\n\n\n<div style=\"height:20px\" aria-hidden=\"true\" class=\"wp-block-spacer\"><\/div>\n\n\n\n<ul class=\"wp-block-list\"><li><strong>trwa\u0142\u0105<\/strong>, <strong>energooszcz\u0119dn\u0105 o estetycznym wygl\u0105dzie <\/strong>i jest przygotowany na <strong>regularn\u0105 konserwacj\u0119<\/strong>, zapoznaj go z ofert\u0105<strong> ram drewnianych<\/strong><\/li><\/ul>\n\n\n\n<ul class=\"wp-block-list\"><li><strong>wytrzyma\u0142\u0105<\/strong>,<strong> odporn\u0105 na warunki atmosferyczne<\/strong>, <strong>wymagaj\u0105c\u0105 ma\u0142\u0105 ilo\u015b\u0107 konserwacji<\/strong>, a zarazem <strong>o ni\u017cszej cenie<\/strong>, ale te\u017c z<strong> mniejsz\u0105<\/strong> <strong>energooszcz\u0119dno\u015bci\u0105<\/strong>, to rekomendujemy <strong>ram\u0119 stalow\u0105<\/strong><\/li><\/ul>\n\n\n\n<ul class=\"wp-block-list\"><li>ma\u0142o wymagaj\u0105c\u0105, je\u015bli chodzi o piel\u0119gnacj\u0119,<strong> niedrog\u0105<\/strong>, ale <strong>z dobrymi parametrami cieplnymi<\/strong>, wybierz <strong>ram\u0119 plastikow\u0105<\/strong><\/li><\/ul>\n\n\n\n<ul class=\"wp-block-list\"><li><strong>energooszcz\u0119dn\u0105<\/strong>, <strong>odporn\u0105<\/strong> na <strong>warunki pogodowe czy zarysowania<\/strong>, wymagaj\u0105c\u0105 <strong>sporadyczne konserwacje<\/strong>, ale liczy si\u0119 z ich <strong>wy\u017cszym kosztem<\/strong>, pole\u0107 mu <strong>ram\u0119 aluminiow\u0105<\/strong><\/li><\/ul>\n<\/div>\n\n\n\n<div class=\"wp-block-column is-vertically-aligned-top is-layout-flow wp-block-column-is-layout-flow\" style=\"flex-basis:10%\"><\/div>\n\n\n\n<div class=\"wp-block-column is-vertically-aligned-top is-layout-flow wp-block-column-is-layout-flow\">\n<figure class=\"wp-block-image size-full\"><img decoding=\"async\" width=\"750\" height=\"750\" src=\"https:\/\/cdn.debesto.com\/web\/assets\/sites\/1\/2023\/03\/06085034\/reynaers-Hi-Finity-framless-sliding-system.jpg\" alt=\"wizualizacja reynaers hi-finity frameless sliding\" class=\"wp-image-30946\" srcset=\"https:\/\/cdn.debesto.com\/web\/assets\/sites\/1\/2023\/03\/06085034\/reynaers-Hi-Finity-framless-sliding-system.jpg 750w, https:\/\/cdn.debesto.com\/web\/assets\/sites\/1\/2023\/03\/06085034\/reynaers-Hi-Finity-framless-sliding-system-300x300.jpg 300w, https:\/\/cdn.debesto.com\/web\/assets\/sites\/1\/2023\/03\/06085034\/reynaers-Hi-Finity-framless-sliding-system-150x150.jpg 150w\" sizes=\"(max-width: 750px) 100vw, 750px\" \/><\/figure>\n<\/div>\n<\/div>\n\n\n\n<div style=\"height:40px\" aria-hidden=\"true\" class=\"wp-block-spacer\"><\/div>\n\n\n<article class=\"post post--tile\">\n  <div class=\"post__image\">\n    <figure class=\"\">\n      <img decoding=\"async\" class=\"\" src=\"https:\/\/cdn.debesto.com\/web\/assets\/sites\/1\/2023\/03\/06085114\/clearview-header-schueco-sliding-door-1.jpg\" alt=\"wizualizacja drzwi przesuwnych schuco\"\/>\n    <\/figure>\n  <\/div>\n  <div class=\"post__content\">\n    <h2><a href=\"https:\/\/debesto.com\/pl\/szybki-kontakt\/\" title=\"Napisz do nas\">Poszukujesz drzwi lub ramy do swojego projektu? <\/a><\/h2>\n        <p>Skontaktuj si\u0119 z naszymi specjalistami \u2014 technologiem i konsultantem biznesowym. <\/p>\n        <a href=\"https:\/\/debesto.com\/pl\/szybki-kontakt\/\" class=\"btn btn--fill\" title=\"Napisz do nas\"><span>Napisz do nas<\/span><\/a>\n  <\/div>\n<\/article>","protected":false},"excerpt":{"rendered":"<p>Poszukujesz ramy drzwiowej do projektu, ale nie jeste\u015b obeznany z tematem? Przeczytaj nasz tekst, a szybko podejmiesz \u015bwiadom\u0105 decyzj\u0119. Z tego artyku\u0142u dowiesz si\u0119: Ile kosztuje rama do drzwi Czy rama aluminiowa to dobry wyb\u00f3r Jak\u0105 ram\u0119 drzwiow\u0105 powiniene\u015b poleci\u0107 Swojemu klientowi Ile kosztuje rama drzwiowa? Koszt o\u015bcie\u017cnicy r\u00f3\u017cni si\u0119 g\u0142\u00f3wnie od u\u017cytego materia\u0142u i [&hellip;]<\/p>\n","protected":false},"author":32,"featured_media":0,"parent":0,"menu_order":7,"comment_status":"closed","ping_status":"closed","template":"controllers\/page-gutenberg.php","meta":{"_acf_changed":false,"_uag_custom_page_level_css":"","footnotes":""},"class_list":["post-29772","page","type-page","status-publish","hentry"],"acf":[],"yoast_head":"<!-- This site is optimized with the Yoast SEO plugin v25.6 - https:\/\/yoast.com\/wordpress\/plugins\/seo\/ -->\n<title>Ceny ram drzwiowych | debesto.com<\/title>\n<meta name=\"description\" content=\"Poszukujesz ram drzwiowych do Twojego projektu? Przyjrzyj si\u0119 ich cenie oraz w\u0142a\u015bciwo\u015bciach i zadecyduj, kt\u00f3ra rama b\u0119dzie odpowiednia.\" \/>\n<meta name=\"robots\" content=\"index, follow, max-snippet:-1, max-image-preview:large, max-video-preview:-1\" \/>\n<link rel=\"canonical\" href=\"https:\/\/debesto.com\/pl\/cena-drzwi-aluminiowych-rama\/\" \/>\n<meta property=\"og:locale\" content=\"pl_PL\" \/>\n<meta property=\"og:type\" content=\"article\" \/>\n<meta property=\"og:title\" content=\"Ceny ram drzwiowych | debesto.com\" \/>\n<meta property=\"og:description\" content=\"Poszukujesz ram drzwiowych do Twojego projektu? Przyjrzyj si\u0119 ich cenie oraz w\u0142a\u015bciwo\u015bciach i zadecyduj, kt\u00f3ra rama b\u0119dzie odpowiednia.\" \/>\n<meta property=\"og:url\" content=\"https:\/\/debesto.com\/pl\/cena-drzwi-aluminiowych-rama\/\" \/>\n<meta property=\"og:site_name\" content=\"debesto (PL)\" \/>\n<meta property=\"article:modified_time\" content=\"2023-03-31T14:39:55+00:00\" \/>\n<meta property=\"og:image\" content=\"https:\/\/debesto.com\/pl\/wp-content\/uploads\/sites\/1\/2023\/03\/banner-aluminum-window-frame-1024x256.jpg\" \/>\n<meta name=\"twitter:card\" content=\"summary_large_image\" \/>\n<meta name=\"twitter:label1\" content=\"Szacowany czas czytania\" \/>\n\t<meta name=\"twitter:data1\" content=\"3 minuty\" \/>\n<script type=\"application\/ld+json\" class=\"yoast-schema-graph\">{\"@context\":\"https:\/\/schema.org\",\"@graph\":[{\"@type\":\"WebPage\",\"@id\":\"https:\/\/debesto.com\/pl\/cena-drzwi-aluminiowych-rama\/\",\"url\":\"https:\/\/debesto.com\/pl\/cena-drzwi-aluminiowych-rama\/\",\"name\":\"Ceny ram drzwiowych | debesto.com\",\"isPartOf\":{\"@id\":\"https:\/\/debesto.com\/pl\/#website\"},\"primaryImageOfPage\":{\"@id\":\"https:\/\/debesto.com\/pl\/cena-drzwi-aluminiowych-rama\/#primaryimage\"},\"image\":{\"@id\":\"https:\/\/debesto.com\/pl\/cena-drzwi-aluminiowych-rama\/#primaryimage\"},\"thumbnailUrl\":\"https:\/\/debesto.com\/pl\/wp-content\/uploads\/sites\/1\/2023\/03\/banner-aluminum-window-frame-1024x256.jpg\",\"datePublished\":\"2023-03-07T09:36:51+00:00\",\"dateModified\":\"2023-03-31T14:39:55+00:00\",\"description\":\"Poszukujesz ram drzwiowych do Twojego projektu? Przyjrzyj si\u0119 ich cenie oraz w\u0142a\u015bciwo\u015bciach i zadecyduj, kt\u00f3ra rama b\u0119dzie odpowiednia.\",\"breadcrumb\":{\"@id\":\"https:\/\/debesto.com\/pl\/cena-drzwi-aluminiowych-rama\/#breadcrumb\"},\"inLanguage\":\"pl-PL\",\"potentialAction\":[{\"@type\":\"ReadAction\",\"target\":[\"https:\/\/debesto.com\/pl\/cena-drzwi-aluminiowych-rama\/\"]}]},{\"@type\":\"ImageObject\",\"inLanguage\":\"pl-PL\",\"@id\":\"https:\/\/debesto.com\/pl\/cena-drzwi-aluminiowych-rama\/#primaryimage\",\"url\":\"https:\/\/cdn.debesto.com\/web\/assets\/sites\/1\/2023\/03\/06085034\/banner-aluminum-window-frame.jpg\",\"contentUrl\":\"https:\/\/cdn.debesto.com\/web\/assets\/sites\/1\/2023\/03\/06085034\/banner-aluminum-window-frame.jpg\",\"width\":1200,\"height\":300,\"caption\":\"baner ceny ram drzwi aluminiowych\"},{\"@type\":\"BreadcrumbList\",\"@id\":\"https:\/\/debesto.com\/pl\/cena-drzwi-aluminiowych-rama\/#breadcrumb\",\"itemListElement\":[{\"@type\":\"ListItem\",\"position\":1,\"name\":\"Strona g\u0142\u00f3wna\",\"item\":\"https:\/\/debesto.com\/pl\/\"},{\"@type\":\"ListItem\",\"position\":2,\"name\":\"Cena ramy drzwi aluminiowych\"}]},{\"@type\":\"WebSite\",\"@id\":\"https:\/\/debesto.com\/pl\/#website\",\"url\":\"https:\/\/debesto.com\/pl\/\",\"name\":\"debesto (PL)\",\"description\":\"\",\"publisher\":{\"@id\":\"https:\/\/debesto.com\/pl\/#organization\"},\"potentialAction\":[{\"@type\":\"SearchAction\",\"target\":{\"@type\":\"EntryPoint\",\"urlTemplate\":\"https:\/\/debesto.com\/pl\/?s={search_term_string}\"},\"query-input\":{\"@type\":\"PropertyValueSpecification\",\"valueRequired\":true,\"valueName\":\"search_term_string\"}}],\"inLanguage\":\"pl-PL\"},{\"@type\":\"Organization\",\"@id\":\"https:\/\/debesto.com\/pl\/#organization\",\"name\":\"debesto.com\",\"url\":\"https:\/\/debesto.com\/pl\/\",\"logo\":{\"@type\":\"ImageObject\",\"inLanguage\":\"pl-PL\",\"@id\":\"https:\/\/debesto.com\/pl\/#\/schema\/logo\/image\/\",\"url\":\"https:\/\/cdn.debesto.com\/web\/assets\/sites\/1\/2019\/12\/06090155\/debesto_kwadrat.jpg\",\"contentUrl\":\"https:\/\/cdn.debesto.com\/web\/assets\/sites\/1\/2019\/12\/06090155\/debesto_kwadrat.jpg\",\"width\":512,\"height\":512,\"caption\":\"debesto.com\"},\"image\":{\"@id\":\"https:\/\/debesto.com\/pl\/#\/schema\/logo\/image\/\"}}]}<\/script>\n<!-- \/ Yoast SEO plugin. -->","yoast_head_json":{"title":"Ceny ram drzwiowych | debesto.com","description":"Poszukujesz ram drzwiowych do Twojego projektu? Przyjrzyj si\u0119 ich cenie oraz w\u0142a\u015bciwo\u015bciach i zadecyduj, kt\u00f3ra rama b\u0119dzie odpowiednia.","robots":{"index":"index","follow":"follow","max-snippet":"max-snippet:-1","max-image-preview":"max-image-preview:large","max-video-preview":"max-video-preview:-1"},"canonical":"https:\/\/debesto.com\/pl\/cena-drzwi-aluminiowych-rama\/","og_locale":"pl_PL","og_type":"article","og_title":"Ceny ram drzwiowych | debesto.com","og_description":"Poszukujesz ram drzwiowych do Twojego projektu? Przyjrzyj si\u0119 ich cenie oraz w\u0142a\u015bciwo\u015bciach i zadecyduj, kt\u00f3ra rama b\u0119dzie odpowiednia.","og_url":"https:\/\/debesto.com\/pl\/cena-drzwi-aluminiowych-rama\/","og_site_name":"debesto (PL)","article_modified_time":"2023-03-31T14:39:55+00:00","og_image":[{"url":"https:\/\/debesto.com\/pl\/wp-content\/uploads\/sites\/1\/2023\/03\/banner-aluminum-window-frame-1024x256.jpg","type":"","width":"","height":""}],"twitter_card":"summary_large_image","twitter_misc":{"Szacowany czas czytania":"3 minuty"},"schema":{"@context":"https:\/\/schema.org","@graph":[{"@type":"WebPage","@id":"https:\/\/debesto.com\/pl\/cena-drzwi-aluminiowych-rama\/","url":"https:\/\/debesto.com\/pl\/cena-drzwi-aluminiowych-rama\/","name":"Ceny ram drzwiowych | debesto.com","isPartOf":{"@id":"https:\/\/debesto.com\/pl\/#website"},"primaryImageOfPage":{"@id":"https:\/\/debesto.com\/pl\/cena-drzwi-aluminiowych-rama\/#primaryimage"},"image":{"@id":"https:\/\/debesto.com\/pl\/cena-drzwi-aluminiowych-rama\/#primaryimage"},"thumbnailUrl":"https:\/\/debesto.com\/pl\/wp-content\/uploads\/sites\/1\/2023\/03\/banner-aluminum-window-frame-1024x256.jpg","datePublished":"2023-03-07T09:36:51+00:00","dateModified":"2023-03-31T14:39:55+00:00","description":"Poszukujesz ram drzwiowych do Twojego projektu? Przyjrzyj si\u0119 ich cenie oraz w\u0142a\u015bciwo\u015bciach i zadecyduj, kt\u00f3ra rama b\u0119dzie odpowiednia.","breadcrumb":{"@id":"https:\/\/debesto.com\/pl\/cena-drzwi-aluminiowych-rama\/#breadcrumb"},"inLanguage":"pl-PL","potentialAction":[{"@type":"ReadAction","target":["https:\/\/debesto.com\/pl\/cena-drzwi-aluminiowych-rama\/"]}]},{"@type":"ImageObject","inLanguage":"pl-PL","@id":"https:\/\/debesto.com\/pl\/cena-drzwi-aluminiowych-rama\/#primaryimage","url":"https:\/\/cdn.debesto.com\/web\/assets\/sites\/1\/2023\/03\/06085034\/banner-aluminum-window-frame.jpg","contentUrl":"https:\/\/cdn.debesto.com\/web\/assets\/sites\/1\/2023\/03\/06085034\/banner-aluminum-window-frame.jpg","width":1200,"height":300,"caption":"baner ceny ram drzwi aluminiowych"},{"@type":"BreadcrumbList","@id":"https:\/\/debesto.com\/pl\/cena-drzwi-aluminiowych-rama\/#breadcrumb","itemListElement":[{"@type":"ListItem","position":1,"name":"Strona g\u0142\u00f3wna","item":"https:\/\/debesto.com\/pl\/"},{"@type":"ListItem","position":2,"name":"Cena ramy drzwi aluminiowych"}]},{"@type":"WebSite","@id":"https:\/\/debesto.com\/pl\/#website","url":"https:\/\/debesto.com\/pl\/","name":"debesto (PL)","description":"","publisher":{"@id":"https:\/\/debesto.com\/pl\/#organization"},"potentialAction":[{"@type":"SearchAction","target":{"@type":"EntryPoint","urlTemplate":"https:\/\/debesto.com\/pl\/?s={search_term_string}"},"query-input":{"@type":"PropertyValueSpecification","valueRequired":true,"valueName":"search_term_string"}}],"inLanguage":"pl-PL"},{"@type":"Organization","@id":"https:\/\/debesto.com\/pl\/#organization","name":"debesto.com","url":"https:\/\/debesto.com\/pl\/","logo":{"@type":"ImageObject","inLanguage":"pl-PL","@id":"https:\/\/debesto.com\/pl\/#\/schema\/logo\/image\/","url":"https:\/\/cdn.debesto.com\/web\/assets\/sites\/1\/2019\/12\/06090155\/debesto_kwadrat.jpg","contentUrl":"https:\/\/cdn.debesto.com\/web\/assets\/sites\/1\/2019\/12\/06090155\/debesto_kwadrat.jpg","width":512,"height":512,"caption":"debesto.com"},"image":{"@id":"https:\/\/debesto.com\/pl\/#\/schema\/logo\/image\/"}}]}},"uagb_featured_image_src":{"full":false,"thumbnail":false,"medium":false,"medium_large":false,"large":false,"1536x1536":false,"2048x2048":false},"uagb_author_info":{"display_name":"oklonowska","author_link":"https:\/\/debesto.com\/pl\/author\/oklonowska\/"},"uagb_comment_info":0,"uagb_excerpt":"Poszukujesz ramy drzwiowej do projektu, ale nie jeste\u015b obeznany z tematem? Przeczytaj nasz tekst, a szybko podejmiesz \u015bwiadom\u0105 decyzj\u0119. Z tego artyku\u0142u dowiesz si\u0119: Ile kosztuje rama do drzwi Czy rama aluminiowa to dobry wyb\u00f3r Jak\u0105 ram\u0119 drzwiow\u0105 powiniene\u015b poleci\u0107 Swojemu klientowi Ile kosztuje rama drzwiowa? Koszt o\u015bcie\u017cnicy r\u00f3\u017cni si\u0119 g\u0142\u00f3wnie od u\u017cytego materia\u0142u i&hellip;","_links":{"self":[{"href":"https:\/\/debesto.com\/pl\/wp-json\/wp\/v2\/pages\/29772","targetHints":{"allow":["GET"]}}],"collection":[{"href":"https:\/\/debesto.com\/pl\/wp-json\/wp\/v2\/pages"}],"about":[{"href":"https:\/\/debesto.com\/pl\/wp-json\/wp\/v2\/types\/page"}],"author":[{"embeddable":true,"href":"https:\/\/debesto.com\/pl\/wp-json\/wp\/v2\/users\/32"}],"replies":[{"embeddable":true,"href":"https:\/\/debesto.com\/pl\/wp-json\/wp\/v2\/comments?post=29772"}],"version-history":[{"count":54,"href":"https:\/\/debesto.com\/pl\/wp-json\/wp\/v2\/pages\/29772\/revisions"}],"predecessor-version":[{"id":30948,"href":"https:\/\/debesto.com\/pl\/wp-json\/wp\/v2\/pages\/29772\/revisions\/30948"}],"wp:attachment":[{"href":"https:\/\/debesto.com\/pl\/wp-json\/wp\/v2\/media?parent=29772"}],"curies":[{"name":"wp","href":"https:\/\/api.w.org\/{rel}","templated":true}]}}