{"id":29620,"date":"2023-03-03T13:37:28","date_gmt":"2023-03-03T12:37:28","guid":{"rendered":"https:\/\/debesto.com\/pl\/?page_id=29620"},"modified":"2023-03-03T14:31:31","modified_gmt":"2023-03-03T13:31:31","slug":"drzwi-aluminiowe-schuco","status":"publish","type":"page","link":"https:\/\/debesto.com\/pl\/drzwi-aluminiowe-schuco\/","title":{"rendered":"Drzwi aluminiowe Sch\u00fcco"},"content":{"rendered":"\n<figure class=\"wp-block-image size-large\"><img decoding=\"async\" src=\"https:\/\/debesto.com\/pl\/wp-content\/uploads\/sites\/1\/2023\/03\/banner-schuco-1024x315.jpg\" alt=\"banner wizualizacja systemu schuco\" class=\"wp-image-29585\" \/><\/figure>\n\n\n\n<p><strong>Szukasz okna tarasowego lub drzwi harmonijkowych? Tw\u00f3j klient ma specyficzne wymagania i potrzebuje konstrukcj\u0119 o du\u017cych wymiarach, kt\u00f3ra nadal b\u0119dzie wygl\u0105da\u0107 estetycznie? To czas, aby\u015b przyjrza\u0142 si\u0119 ofercie marki Sch\u00fcco.\u00a0<\/strong><\/p>\n\n\n\n<div style=\"height:40px\" aria-hidden=\"true\" class=\"wp-block-spacer\"><\/div>\n\n\n\n<h2 class=\"wp-block-heading\">Z tego artyku\u0142u dowiesz si\u0119:<\/h2>\n\n\n\n<div style=\"height:20px\" aria-hidden=\"true\" class=\"wp-block-spacer\"><\/div>\n\n\n\n<ul class=\"wp-block-list\"><li><a href=\"#Kim-jest-firma-Sch\u00fcco\">Kim jest firma Sch\u00fcco<\/a><\/li><li><a href=\"#Czy-Sch\u00fcco-to-dobra-marka\">Czy Sch\u00fcco to dobra marka<\/a><\/li><li><a href=\"#Gdzie-produkowane-s\u0105-drzwi-i-okna-Sch\u00fcco\">Gdzie produkowane drzwi i okna Sch\u00fcco<\/a><\/li><\/ul>\n\n\n\n<div style=\"height:40px\" aria-hidden=\"true\" class=\"wp-block-spacer\"><\/div>\n\n\n\n<h2 class=\"wp-block-heading\" id=\"Kim-jest-firma-Sch\u00fcco\">Kim jest firma Sch\u00fcco?<\/h2>\n\n\n\n<div style=\"height:20px\" aria-hidden=\"true\" class=\"wp-block-spacer\"><\/div>\n\n\n\n<div class=\"wp-block-columns are-vertically-aligned-top is-layout-flex wp-container-core-columns-is-layout-1 wp-block-columns-is-layout-flex\">\n<div class=\"wp-block-column is-vertically-aligned-top is-layout-flow wp-block-column-is-layout-flow\">\n<div class=\"wp-block-image\"><figure class=\"alignright size-full\"><img decoding=\"async\" width=\"960\" height=\"480\" src=\"https:\/\/cdn.debesto.com\/web\/assets\/sites\/1\/2020\/03\/06090053\/schuco.jpg\" alt=\"okna-aluminiowe-schuco-debesto\" class=\"wp-image-5792\" srcset=\"https:\/\/cdn.debesto.com\/web\/assets\/sites\/1\/2020\/03\/06090053\/schuco.jpg 960w, https:\/\/cdn.debesto.com\/web\/assets\/sites\/1\/2020\/03\/06090053\/schuco-300x150.jpg 300w, https:\/\/cdn.debesto.com\/web\/assets\/sites\/1\/2020\/03\/06090053\/schuco-768x384.jpg 768w\" sizes=\"(max-width: 960px) 100vw, 960px\" \/><\/figure><\/div>\n<\/div>\n\n\n\n<div class=\"wp-block-column is-vertically-aligned-top is-layout-flow wp-block-column-is-layout-flow\" style=\"flex-basis:10%\"><\/div>\n\n\n\n<div class=\"wp-block-column is-vertically-aligned-top is-layout-flow wp-block-column-is-layout-flow\">\n<p>Sch\u00fcco to niemiecka firma specjalizuj\u0105ca si\u0119 w <strong>projektowaniu i produkcji wysokiej jako\u015bci<\/strong> okien, drzwi i fasad z aluminium oraz tworzywa sztucznego. Firma zosta\u0142a za\u0142o\u017cona w 1951 roku i obecnie ma swoj\u0105 siedzib\u0119 w Bielefeld w Niemczech. Dzia\u0142a globalnie w ponad 80 krajach, a jej nowoczesne systemy <strong>sprawdz\u0105 si\u0119 zar\u00f3wno w domach jedno i wielorodzinnych<\/strong>, <strong>jak i w obiektach handlowych i przemys\u0142owych<\/strong>.<\/p>\n\n\n\n<p>Dodatkowo Sch\u00fcco wdra\u017ca ekologiczne rozwi\u0105zania np. poprzez u\u017cywanie recyklingowanego materia\u0142u do produkcji czy korzystanie z odnawialnych \u017ar\u00f3de\u0142 energii.<\/p>\n<\/div>\n<\/div>\n\n\n\n<div style=\"height:40px\" aria-hidden=\"true\" class=\"wp-block-spacer\"><\/div>\n\n\n\n<h2 class=\"wp-block-heading\" id=\"Czy-Sch\u00fcco-to-dobra-marka\">Czy Sch\u00fcco to dobra marka?<\/h2>\n\n\n\n<div style=\"height:20px\" aria-hidden=\"true\" class=\"wp-block-spacer\"><\/div>\n\n\n\n<div class=\"wp-block-columns are-vertically-aligned-top is-layout-flex wp-container-core-columns-is-layout-2 wp-block-columns-is-layout-flex\">\n<div class=\"wp-block-column is-vertically-aligned-top is-layout-flow wp-block-column-is-layout-flow\">\n<p>Tak, Sch\u00fcco jest \u015bwiatowo <strong>uznawane za renomowanego producenta system\u00f3w okiennych i drzwiowych<\/strong>. Opr\u00f3cz wdra\u017cania najnowocze\u015bniejszych technologii Sch\u00fcco dba o to, aby ich <strong>profile by\u0142y wytwarzane z wysokogatunkowych materia\u0142\u00f3w<\/strong>. Ich systemy <strong>posiadaj\u0105 certyfikaty wielu mi\u0119dzynarodowych organizacji<\/strong>, m.in. Passivhaus-Institut (PHI), Cradle-to-Cradle, VinylPlus\u00ae oraz Aluminium Stewardship Initiative (ASI).<\/p>\n<\/div>\n\n\n\n<div class=\"wp-block-column is-vertically-aligned-top is-layout-flow wp-block-column-is-layout-flow\" style=\"flex-basis:10%\"><\/div>\n\n\n\n<div class=\"wp-block-column is-vertically-aligned-top is-layout-flow wp-block-column-is-layout-flow\">\n<figure class=\"wp-block-image size-large\"><img decoding=\"async\" width=\"1024\" height=\"707\" src=\"https:\/\/cdn.debesto.com\/web\/assets\/sites\/1\/2023\/03\/06085115\/SSGanzglas0101-2.1506001372.3958-1024x707.jpg\" alt=\"wizualizacja schuco sliding system ASS 77 PD\" class=\"wp-image-29623\" srcset=\"https:\/\/cdn.debesto.com\/web\/assets\/sites\/1\/2023\/03\/06085115\/SSGanzglas0101-2.1506001372.3958-1024x707.jpg 1024w, https:\/\/cdn.debesto.com\/web\/assets\/sites\/1\/2023\/03\/06085115\/SSGanzglas0101-2.1506001372.3958-300x207.jpg 300w, https:\/\/cdn.debesto.com\/web\/assets\/sites\/1\/2023\/03\/06085115\/SSGanzglas0101-2.1506001372.3958-768x530.jpg 768w, https:\/\/cdn.debesto.com\/web\/assets\/sites\/1\/2023\/03\/06085115\/SSGanzglas0101-2.1506001372.3958-1536x1060.jpg 1536w, https:\/\/cdn.debesto.com\/web\/assets\/sites\/1\/2023\/03\/06085115\/SSGanzglas0101-2.1506001372.3958.jpg 1800w\" sizes=\"(max-width: 1024px) 100vw, 1024px\" \/><\/figure>\n<\/div>\n<\/div>\n\n\n\n<div style=\"height:40px\" aria-hidden=\"true\" class=\"wp-block-spacer\"><\/div>\n\n\n\n<div class=\"wp-block-buttons is-layout-flex wp-block-buttons-is-layout-flex\">\n<div class=\"wp-block-button aligncenter\"><a class=\"wp-block-button__link has-vivid-red-background-color has-background\" href=\"https:\/\/debesto.com\/pl\/okna\/okna-tarasowe-przesuwne\/?brand=schuco\" style=\"border-radius:0px\"><strong>debesto wyselekcjonowa\u0142o najlepsze profile z oferty Sch\u00fcco<\/strong><\/a><\/div>\n<\/div>\n\n\n\n<div style=\"height:60px\" aria-hidden=\"true\" class=\"wp-block-spacer\"><\/div>\n\n\n\n<h2 class=\"wp-block-heading\" id=\"Gdzie-produkowane-s\u0105-drzwi-i-okna-Sch\u00fcco\">Gdzie produkowane s\u0105 drzwi i okna Sch\u00fcco?<\/h2>\n\n\n\n<div style=\"height:20px\" aria-hidden=\"true\" class=\"wp-block-spacer\"><\/div>\n\n\n\n<div class=\"wp-block-columns are-vertically-aligned-top is-layout-flex wp-container-core-columns-is-layout-3 wp-block-columns-is-layout-flex\">\n<div class=\"wp-block-column is-vertically-aligned-top is-layout-flow wp-block-column-is-layout-flow\">\n<div class=\"wp-block-image\"><figure class=\"alignright size-large\"><img decoding=\"async\" width=\"1024\" height=\"683\" src=\"https:\/\/cdn.debesto.com\/web\/assets\/sites\/1\/2023\/03\/06085115\/edertal-fenstertuer-offen-100-176300-data-1024x683.jpg\" alt=\"Sch\u00fcco drzwi wizualizacja\" class=\"wp-image-29636\" srcset=\"https:\/\/cdn.debesto.com\/web\/assets\/sites\/1\/2023\/03\/06085115\/edertal-fenstertuer-offen-100-176300-data-1024x683.jpg 1024w, https:\/\/cdn.debesto.com\/web\/assets\/sites\/1\/2023\/03\/06085115\/edertal-fenstertuer-offen-100-176300-data-300x200.jpg 300w, https:\/\/cdn.debesto.com\/web\/assets\/sites\/1\/2023\/03\/06085115\/edertal-fenstertuer-offen-100-176300-data-768x512.jpg 768w, https:\/\/cdn.debesto.com\/web\/assets\/sites\/1\/2023\/03\/06085115\/edertal-fenstertuer-offen-100-176300-data-1536x1025.jpg 1536w, https:\/\/cdn.debesto.com\/web\/assets\/sites\/1\/2023\/03\/06085115\/edertal-fenstertuer-offen-100-176300-data.jpg 1619w\" sizes=\"(max-width: 1024px) 100vw, 1024px\" \/><\/figure><\/div>\n<\/div>\n\n\n\n<div class=\"wp-block-column is-vertically-aligned-top is-layout-flow wp-block-column-is-layout-flow\" style=\"flex-basis:10%\"><\/div>\n\n\n\n<div class=\"wp-block-column is-vertically-aligned-top is-layout-flow wp-block-column-is-layout-flow\">\n<p>Wsp\u00f3\u0142cze\u015bnie produkty Sch\u00fcco powstaj\u0105 g\u0142\u00f3wnie w niemieckim <strong>Wei\u00dfenfels. <\/strong>Oto inne lokacje, w kt\u00f3rych firma posiada swoje fabryki:<\/p>\n\n\n\n<ul class=\"wp-block-list\"><li>Bremen, Niemcy<\/li><li>Bielefeld, Niemcy<\/li><li>Newington, Connecticut, USA<\/li><li>Ventura, Kalifornia, USA<\/li><\/ul>\n\n\n\n<p>Dodatkowo sp\u00f3\u0142ka wsp\u00f3\u0142pracuj\u0119 z certyfikowanymi partnerami m.in. w Polsce, Singapurze, Tajlandii, Wietnamie, Indonezji, Malezji i Filipinach, kt\u00f3rzy lokalnie wytwarzaj\u0105 konstrukcje oparte na systemach Sch\u00fcco.<\/p>\n<\/div>\n<\/div>\n\n\n\n<div style=\"height:40px\" aria-hidden=\"true\" class=\"wp-block-spacer\"><\/div>\n\n\n<article class=\"post post--tile\">\n  <div class=\"post__image\">\n    <figure class=\"\">\n      <img decoding=\"async\" class=\"\" src=\"https:\/\/cdn.debesto.com\/web\/assets\/sites\/1\/2023\/03\/06085114\/clearview-header-schueco-sliding-door-1.jpg\" alt=\"wizualizacja drzwi przesuwnych schuco\"\/>\n    <\/figure>\n  <\/div>\n  <div class=\"post__content\">\n    <h2><a href=\"https:\/\/debesto.com\/pl\/szybki-kontakt\/\" title=\"Skontaktuj si\u0119 z nami\">Nie jeste\u015b pewny, kt\u00f3ry system b\u0119dzie trafnym wyborem? A mo\u017ce szukasz alternatywy?<\/a><\/h2>\n        <p>Um\u00f3w si\u0119 na spotkanie z duetem naszych ekspert\u00f3w \u2014 konsultantem biznesowym i technologiem. <\/p>\n        <a href=\"https:\/\/debesto.com\/pl\/szybki-kontakt\/\" class=\"btn btn--fill\" title=\"Skontaktuj si\u0119 z nami\"><span>Skontaktuj si\u0119 z nami<\/span><\/a>\n  <\/div>\n<\/article>","protected":false},"excerpt":{"rendered":"<p>Szukasz okna tarasowego lub drzwi harmonijkowych? Tw\u00f3j klient ma specyficzne wymagania i potrzebuje konstrukcj\u0119 o du\u017cych wymiarach, kt\u00f3ra nadal b\u0119dzie wygl\u0105da\u0107 estetycznie? To czas, aby\u015b przyjrza\u0142 si\u0119 ofercie marki Sch\u00fcco.\u00a0 Z tego artyku\u0142u dowiesz si\u0119: Kim jest firma Sch\u00fcco Czy Sch\u00fcco to dobra marka Gdzie produkowane drzwi i okna Sch\u00fcco Kim jest firma Sch\u00fcco? Sch\u00fcco [&hellip;]<\/p>\n","protected":false},"author":32,"featured_media":0,"parent":0,"menu_order":9,"comment_status":"closed","ping_status":"closed","template":"controllers\/page-gutenberg.php","meta":{"_acf_changed":false,"_uag_custom_page_level_css":"","footnotes":""},"class_list":["post-29620","page","type-page","status-publish","hentry"],"acf":[],"yoast_head":"<!-- This site is optimized with the Yoast SEO plugin v25.6 - https:\/\/yoast.com\/wordpress\/plugins\/seo\/ -->\n<title>Drzwi aluminiowe Sch\u00fcco | debesto.com<\/title>\n<meta name=\"description\" content=\"Poszukujesz drzwi aluminiowych do Twojego projektu? Przyjrzyj si\u0119 sylwetce firmy Sch\u00fcco i zadecyduj, czy produkty tej marki s\u0105 dla Ciebie.\" \/>\n<meta name=\"robots\" content=\"index, follow, max-snippet:-1, max-image-preview:large, max-video-preview:-1\" \/>\n<link rel=\"canonical\" href=\"https:\/\/debesto.com\/pl\/drzwi-aluminiowe-schuco\/\" \/>\n<meta property=\"og:locale\" content=\"pl_PL\" \/>\n<meta property=\"og:type\" content=\"article\" \/>\n<meta property=\"og:title\" content=\"Drzwi aluminiowe Sch\u00fcco | debesto.com\" \/>\n<meta property=\"og:description\" content=\"Poszukujesz drzwi aluminiowych do Twojego projektu? Przyjrzyj si\u0119 sylwetce firmy Sch\u00fcco i zadecyduj, czy produkty tej marki s\u0105 dla Ciebie.\" \/>\n<meta property=\"og:url\" content=\"https:\/\/debesto.com\/pl\/drzwi-aluminiowe-schuco\/\" \/>\n<meta property=\"og:site_name\" content=\"debesto (PL)\" \/>\n<meta property=\"article:modified_time\" content=\"2023-03-03T13:31:31+00:00\" \/>\n<meta property=\"og:image\" content=\"https:\/\/debesto.com\/pl\/wp-content\/uploads\/sites\/1\/2023\/03\/banner-schuco-1024x315.jpg\" \/>\n<meta name=\"twitter:card\" content=\"summary_large_image\" \/>\n<meta name=\"twitter:label1\" content=\"Szacowany czas czytania\" \/>\n\t<meta name=\"twitter:data1\" content=\"3 minuty\" \/>\n<script type=\"application\/ld+json\" class=\"yoast-schema-graph\">{\"@context\":\"https:\/\/schema.org\",\"@graph\":[{\"@type\":\"WebPage\",\"@id\":\"https:\/\/debesto.com\/pl\/drzwi-aluminiowe-schuco\/\",\"url\":\"https:\/\/debesto.com\/pl\/drzwi-aluminiowe-schuco\/\",\"name\":\"Drzwi aluminiowe Sch\u00fcco | debesto.com\",\"isPartOf\":{\"@id\":\"https:\/\/debesto.com\/pl\/#website\"},\"primaryImageOfPage\":{\"@id\":\"https:\/\/debesto.com\/pl\/drzwi-aluminiowe-schuco\/#primaryimage\"},\"image\":{\"@id\":\"https:\/\/debesto.com\/pl\/drzwi-aluminiowe-schuco\/#primaryimage\"},\"thumbnailUrl\":\"https:\/\/debesto.com\/pl\/wp-content\/uploads\/sites\/1\/2023\/03\/banner-schuco-1024x315.jpg\",\"datePublished\":\"2023-03-03T12:37:28+00:00\",\"dateModified\":\"2023-03-03T13:31:31+00:00\",\"description\":\"Poszukujesz drzwi aluminiowych do Twojego projektu? Przyjrzyj si\u0119 sylwetce firmy Sch\u00fcco i zadecyduj, czy produkty tej marki s\u0105 dla Ciebie.\",\"breadcrumb\":{\"@id\":\"https:\/\/debesto.com\/pl\/drzwi-aluminiowe-schuco\/#breadcrumb\"},\"inLanguage\":\"pl-PL\",\"potentialAction\":[{\"@type\":\"ReadAction\",\"target\":[\"https:\/\/debesto.com\/pl\/drzwi-aluminiowe-schuco\/\"]}]},{\"@type\":\"ImageObject\",\"inLanguage\":\"pl-PL\",\"@id\":\"https:\/\/debesto.com\/pl\/drzwi-aluminiowe-schuco\/#primaryimage\",\"url\":\"https:\/\/debesto.com\/pl\/wp-content\/uploads\/sites\/1\/2023\/03\/banner-schuco-1024x315.jpg\",\"contentUrl\":\"https:\/\/debesto.com\/pl\/wp-content\/uploads\/sites\/1\/2023\/03\/banner-schuco-1024x315.jpg\"},{\"@type\":\"BreadcrumbList\",\"@id\":\"https:\/\/debesto.com\/pl\/drzwi-aluminiowe-schuco\/#breadcrumb\",\"itemListElement\":[{\"@type\":\"ListItem\",\"position\":1,\"name\":\"Strona g\u0142\u00f3wna\",\"item\":\"https:\/\/debesto.com\/pl\/\"},{\"@type\":\"ListItem\",\"position\":2,\"name\":\"Drzwi aluminiowe Sch\u00fcco\"}]},{\"@type\":\"WebSite\",\"@id\":\"https:\/\/debesto.com\/pl\/#website\",\"url\":\"https:\/\/debesto.com\/pl\/\",\"name\":\"debesto (PL)\",\"description\":\"\",\"publisher\":{\"@id\":\"https:\/\/debesto.com\/pl\/#organization\"},\"potentialAction\":[{\"@type\":\"SearchAction\",\"target\":{\"@type\":\"EntryPoint\",\"urlTemplate\":\"https:\/\/debesto.com\/pl\/?s={search_term_string}\"},\"query-input\":{\"@type\":\"PropertyValueSpecification\",\"valueRequired\":true,\"valueName\":\"search_term_string\"}}],\"inLanguage\":\"pl-PL\"},{\"@type\":\"Organization\",\"@id\":\"https:\/\/debesto.com\/pl\/#organization\",\"name\":\"debesto.com\",\"url\":\"https:\/\/debesto.com\/pl\/\",\"logo\":{\"@type\":\"ImageObject\",\"inLanguage\":\"pl-PL\",\"@id\":\"https:\/\/debesto.com\/pl\/#\/schema\/logo\/image\/\",\"url\":\"https:\/\/cdn.debesto.com\/web\/assets\/sites\/1\/2019\/12\/06090155\/debesto_kwadrat.jpg\",\"contentUrl\":\"https:\/\/cdn.debesto.com\/web\/assets\/sites\/1\/2019\/12\/06090155\/debesto_kwadrat.jpg\",\"width\":512,\"height\":512,\"caption\":\"debesto.com\"},\"image\":{\"@id\":\"https:\/\/debesto.com\/pl\/#\/schema\/logo\/image\/\"}}]}<\/script>\n<!-- \/ Yoast SEO plugin. -->","yoast_head_json":{"title":"Drzwi aluminiowe Sch\u00fcco | debesto.com","description":"Poszukujesz drzwi aluminiowych do Twojego projektu? Przyjrzyj si\u0119 sylwetce firmy Sch\u00fcco i zadecyduj, czy produkty tej marki s\u0105 dla Ciebie.","robots":{"index":"index","follow":"follow","max-snippet":"max-snippet:-1","max-image-preview":"max-image-preview:large","max-video-preview":"max-video-preview:-1"},"canonical":"https:\/\/debesto.com\/pl\/drzwi-aluminiowe-schuco\/","og_locale":"pl_PL","og_type":"article","og_title":"Drzwi aluminiowe Sch\u00fcco | debesto.com","og_description":"Poszukujesz drzwi aluminiowych do Twojego projektu? Przyjrzyj si\u0119 sylwetce firmy Sch\u00fcco i zadecyduj, czy produkty tej marki s\u0105 dla Ciebie.","og_url":"https:\/\/debesto.com\/pl\/drzwi-aluminiowe-schuco\/","og_site_name":"debesto (PL)","article_modified_time":"2023-03-03T13:31:31+00:00","og_image":[{"url":"https:\/\/debesto.com\/pl\/wp-content\/uploads\/sites\/1\/2023\/03\/banner-schuco-1024x315.jpg","type":"","width":"","height":""}],"twitter_card":"summary_large_image","twitter_misc":{"Szacowany czas czytania":"3 minuty"},"schema":{"@context":"https:\/\/schema.org","@graph":[{"@type":"WebPage","@id":"https:\/\/debesto.com\/pl\/drzwi-aluminiowe-schuco\/","url":"https:\/\/debesto.com\/pl\/drzwi-aluminiowe-schuco\/","name":"Drzwi aluminiowe Sch\u00fcco | debesto.com","isPartOf":{"@id":"https:\/\/debesto.com\/pl\/#website"},"primaryImageOfPage":{"@id":"https:\/\/debesto.com\/pl\/drzwi-aluminiowe-schuco\/#primaryimage"},"image":{"@id":"https:\/\/debesto.com\/pl\/drzwi-aluminiowe-schuco\/#primaryimage"},"thumbnailUrl":"https:\/\/debesto.com\/pl\/wp-content\/uploads\/sites\/1\/2023\/03\/banner-schuco-1024x315.jpg","datePublished":"2023-03-03T12:37:28+00:00","dateModified":"2023-03-03T13:31:31+00:00","description":"Poszukujesz drzwi aluminiowych do Twojego projektu? Przyjrzyj si\u0119 sylwetce firmy Sch\u00fcco i zadecyduj, czy produkty tej marki s\u0105 dla Ciebie.","breadcrumb":{"@id":"https:\/\/debesto.com\/pl\/drzwi-aluminiowe-schuco\/#breadcrumb"},"inLanguage":"pl-PL","potentialAction":[{"@type":"ReadAction","target":["https:\/\/debesto.com\/pl\/drzwi-aluminiowe-schuco\/"]}]},{"@type":"ImageObject","inLanguage":"pl-PL","@id":"https:\/\/debesto.com\/pl\/drzwi-aluminiowe-schuco\/#primaryimage","url":"https:\/\/debesto.com\/pl\/wp-content\/uploads\/sites\/1\/2023\/03\/banner-schuco-1024x315.jpg","contentUrl":"https:\/\/debesto.com\/pl\/wp-content\/uploads\/sites\/1\/2023\/03\/banner-schuco-1024x315.jpg"},{"@type":"BreadcrumbList","@id":"https:\/\/debesto.com\/pl\/drzwi-aluminiowe-schuco\/#breadcrumb","itemListElement":[{"@type":"ListItem","position":1,"name":"Strona g\u0142\u00f3wna","item":"https:\/\/debesto.com\/pl\/"},{"@type":"ListItem","position":2,"name":"Drzwi aluminiowe Sch\u00fcco"}]},{"@type":"WebSite","@id":"https:\/\/debesto.com\/pl\/#website","url":"https:\/\/debesto.com\/pl\/","name":"debesto (PL)","description":"","publisher":{"@id":"https:\/\/debesto.com\/pl\/#organization"},"potentialAction":[{"@type":"SearchAction","target":{"@type":"EntryPoint","urlTemplate":"https:\/\/debesto.com\/pl\/?s={search_term_string}"},"query-input":{"@type":"PropertyValueSpecification","valueRequired":true,"valueName":"search_term_string"}}],"inLanguage":"pl-PL"},{"@type":"Organization","@id":"https:\/\/debesto.com\/pl\/#organization","name":"debesto.com","url":"https:\/\/debesto.com\/pl\/","logo":{"@type":"ImageObject","inLanguage":"pl-PL","@id":"https:\/\/debesto.com\/pl\/#\/schema\/logo\/image\/","url":"https:\/\/cdn.debesto.com\/web\/assets\/sites\/1\/2019\/12\/06090155\/debesto_kwadrat.jpg","contentUrl":"https:\/\/cdn.debesto.com\/web\/assets\/sites\/1\/2019\/12\/06090155\/debesto_kwadrat.jpg","width":512,"height":512,"caption":"debesto.com"},"image":{"@id":"https:\/\/debesto.com\/pl\/#\/schema\/logo\/image\/"}}]}},"uagb_featured_image_src":{"full":false,"thumbnail":false,"medium":false,"medium_large":false,"large":false,"1536x1536":false,"2048x2048":false},"uagb_author_info":{"display_name":"oklonowska","author_link":"https:\/\/debesto.com\/pl\/author\/oklonowska\/"},"uagb_comment_info":0,"uagb_excerpt":"Szukasz okna tarasowego lub drzwi harmonijkowych? Tw\u00f3j klient ma specyficzne wymagania i potrzebuje konstrukcj\u0119 o du\u017cych wymiarach, kt\u00f3ra nadal b\u0119dzie wygl\u0105da\u0107 estetycznie? To czas, aby\u015b przyjrza\u0142 si\u0119 ofercie marki Sch\u00fcco.\u00a0 Z tego artyku\u0142u dowiesz si\u0119: Kim jest firma Sch\u00fcco Czy Sch\u00fcco to dobra marka Gdzie produkowane drzwi i okna Sch\u00fcco Kim jest firma Sch\u00fcco? Sch\u00fcco&hellip;","_links":{"self":[{"href":"https:\/\/debesto.com\/pl\/wp-json\/wp\/v2\/pages\/29620","targetHints":{"allow":["GET"]}}],"collection":[{"href":"https:\/\/debesto.com\/pl\/wp-json\/wp\/v2\/pages"}],"about":[{"href":"https:\/\/debesto.com\/pl\/wp-json\/wp\/v2\/types\/page"}],"author":[{"embeddable":true,"href":"https:\/\/debesto.com\/pl\/wp-json\/wp\/v2\/users\/32"}],"replies":[{"embeddable":true,"href":"https:\/\/debesto.com\/pl\/wp-json\/wp\/v2\/comments?post=29620"}],"version-history":[{"count":28,"href":"https:\/\/debesto.com\/pl\/wp-json\/wp\/v2\/pages\/29620\/revisions"}],"predecessor-version":[{"id":29661,"href":"https:\/\/debesto.com\/pl\/wp-json\/wp\/v2\/pages\/29620\/revisions\/29661"}],"wp:attachment":[{"href":"https:\/\/debesto.com\/pl\/wp-json\/wp\/v2\/media?parent=29620"}],"curies":[{"name":"wp","href":"https:\/\/api.w.org\/{rel}","templated":true}]}}