{"id":29594,"date":"2023-03-03T12:18:30","date_gmt":"2023-03-03T11:18:30","guid":{"rendered":"https:\/\/debesto.com\/pl\/?page_id=29594"},"modified":"2025-02-19T12:17:15","modified_gmt":"2025-02-19T11:17:15","slug":"systemy-aluminiowe-schuco","status":"publish","type":"page","link":"https:\/\/debesto.com\/pl\/systemy-aluminiowe-schuco\/","title":{"rendered":"Systemy aluminiowe Sch\u00fcco"},"content":{"rendered":"\n<figure class=\"wp-block-image size-large\"><img decoding=\"async\" width=\"1024\" height=\"256\" src=\"https:\/\/cdn.debesto.com\/web\/assets\/sites\/1\/2023\/03\/06085036\/banner-Schuco-Aluminium-Doors-ASS-70-1024x256.jpg\" alt=\"baner Sch\u00fcco drzwi aluminiowe ASS 70\" class=\"wp-image-30903\" srcset=\"https:\/\/cdn.debesto.com\/web\/assets\/sites\/1\/2023\/03\/06085036\/banner-Schuco-Aluminium-Doors-ASS-70-1024x256.jpg 1024w, https:\/\/cdn.debesto.com\/web\/assets\/sites\/1\/2023\/03\/06085036\/banner-Schuco-Aluminium-Doors-ASS-70-300x75.jpg 300w, https:\/\/cdn.debesto.com\/web\/assets\/sites\/1\/2023\/03\/06085036\/banner-Schuco-Aluminium-Doors-ASS-70-768x192.jpg 768w, https:\/\/cdn.debesto.com\/web\/assets\/sites\/1\/2023\/03\/06085036\/banner-Schuco-Aluminium-Doors-ASS-70.jpg 1200w\" sizes=\"(max-width: 1024px) 100vw, 1024px\" \/><\/figure>\n\n\n\n<div style=\"height:20px\" aria-hidden=\"true\" class=\"wp-block-spacer\"><\/div>\n\n\n\n<p><strong>Sch\u00fcco to do\u015bwiadczony niemiecki producent energooszcz\u0119dnych okien aluminiowych. Profile firmy \u015bwietnie sprawdz\u0105 w budynkach mieszkalnych, ale i w przemys\u0142owych. Zapoznaj si\u0119 wi\u0119c z jej ofert\u0105.<\/strong><\/p>\n\n\n\n<div style=\"height:40px\" aria-hidden=\"true\" class=\"wp-block-spacer\"><\/div>\n\n\n\n<h2 class=\"wp-block-heading\">Z tego artyku\u0142u dowiesz si\u0119:<\/h2>\n\n\n\n<div style=\"height:20px\" aria-hidden=\"true\" class=\"wp-block-spacer\"><\/div>\n\n\n\n<ul class=\"wp-block-list\"><li><a href=\"#Czym-s\u0105-systemy-Sch\u00fcco\">Czym s\u0105 systemy Sch\u00fcco<\/a><\/li><li><a href=\"#Czym-charakteryzuj\u0105-si\u0119-okna-Sch\u00fcco\">Czym charakteryzuj\u0105 si\u0119 okna Sch\u00fcco<\/a><\/li><li><a href=\"#Gdzie-produkowane-s\u0105-okna-Sch\u00fcco\">Gdzie produkowane s\u0105 okna Sch\u00fcco<\/a><\/li><\/ul>\n\n\n\n<div style=\"height:40px\" aria-hidden=\"true\" class=\"wp-block-spacer\"><\/div>\n\n\n\n<h2 class=\"wp-block-heading\" id=\"Czym-s\u0105-systemy-Sch\u00fcco\">Czym s\u0105 systemy Sch\u00fcco?<\/h2>\n\n\n\n<div style=\"height:20px\" aria-hidden=\"true\" class=\"wp-block-spacer\"><\/div>\n\n\n\n<div class=\"wp-block-columns are-vertically-aligned-top is-layout-flex wp-container-core-columns-is-layout-1 wp-block-columns-is-layout-flex\">\n<div class=\"wp-block-column is-vertically-aligned-top is-layout-flow wp-block-column-is-layout-flow\">\n<div class=\"wp-block-image\"><figure class=\"alignright size-full\"><img decoding=\"async\" width=\"960\" height=\"480\" src=\"https:\/\/cdn.debesto.com\/web\/assets\/sites\/1\/2020\/03\/06090053\/schuco.jpg\" alt=\"okna-aluminiowe-schuco-debesto\" class=\"wp-image-5792\" srcset=\"https:\/\/cdn.debesto.com\/web\/assets\/sites\/1\/2020\/03\/06090053\/schuco.jpg 960w, https:\/\/cdn.debesto.com\/web\/assets\/sites\/1\/2020\/03\/06090053\/schuco-300x150.jpg 300w, https:\/\/cdn.debesto.com\/web\/assets\/sites\/1\/2020\/03\/06090053\/schuco-768x384.jpg 768w\" sizes=\"(max-width: 960px) 100vw, 960px\" \/><\/figure><\/div>\n<\/div>\n\n\n\n<div class=\"wp-block-column is-vertically-aligned-top is-layout-flow wp-block-column-is-layout-flow\" style=\"flex-basis:10%\"><\/div>\n\n\n\n<div class=\"wp-block-column is-vertically-aligned-top is-layout-flow wp-block-column-is-layout-flow\">\n<p>Systemy aluminiowe Sch\u00fcco to <strong>energooszcz\u0119dne profile, kt\u00f3re<\/strong> <strong>sprostaj\u0105 wymaganiom nowoczesnej architektury oraz budownictwa<\/strong>.&nbsp;<\/p>\n\n\n\n<p>Sch\u00fcco jako renomowana niemiecka firma dzia\u0142aj\u0105ca globalnie w ponad 80 krajach, specjalizuje si\u0119 w produkcji wysokiej jako\u015bci plastikowych i aluminiowych system\u00f3w okiennych, drzwiowych czy elewacyjnych.<\/p>\n<\/div>\n<\/div>\n\n\n\n<div style=\"height:40px\" aria-hidden=\"true\" class=\"wp-block-spacer\"><\/div>\n\n\n\n<h2 class=\"wp-block-heading\" id=\"Czym-charakteryzuj\u0105-si\u0119-okna-Sch\u00fcco\">Czym charakteryzuj\u0105 si\u0119 okna Sch\u00fcco?<\/h2>\n\n\n\n<div class=\"wp-block-columns are-vertically-aligned-top is-layout-flex wp-container-core-columns-is-layout-2 wp-block-columns-is-layout-flex\">\n<div class=\"wp-block-column is-vertically-aligned-top is-layout-flow wp-block-column-is-layout-flow\">\n<p>Okna Sch\u00fcco to przede wszystkim \u2014 <strong>wysoka energooszcz\u0119dno\u015b\u0107<\/strong>,<strong> trwa\u0142o\u015b\u0107 i elastyczno\u015b\u0107 projektowa<\/strong>, znajdziesz tam, standardowe okna do domu jednorodzinnego, ale r\u00f3wnie\u017c do luksusowego wie\u017cowca czy ogrodu zimowego.&nbsp;<\/p>\n\n\n\n<p>Niestety renoma firmy wp\u0142ywa te\u017c na cen\u0119 ich produkt\u00f3w, mo\u017cemy Ci\u0119 upewni\u0107, \u017ce konkurencja oferuje podobne technologicznie rozwi\u0105zania o ni\u017cszych kosztach. <\/p>\n<\/div>\n\n\n\n<div class=\"wp-block-column is-vertically-aligned-top is-layout-flow wp-block-column-is-layout-flow\" style=\"flex-basis:10%\"><\/div>\n\n\n\n<div class=\"wp-block-column is-vertically-aligned-top is-layout-flow wp-block-column-is-layout-flow\">\n<figure class=\"wp-block-image size-full\"><img decoding=\"async\" width=\"750\" height=\"750\" src=\"https:\/\/cdn.debesto.com\/web\/assets\/sites\/1\/2023\/03\/06085036\/Schuco-ASS-77.jpg\" alt=\"wizualizacja schuco drzwi aluminium ass 77\" class=\"wp-image-30905\" srcset=\"https:\/\/cdn.debesto.com\/web\/assets\/sites\/1\/2023\/03\/06085036\/Schuco-ASS-77.jpg 750w, https:\/\/cdn.debesto.com\/web\/assets\/sites\/1\/2023\/03\/06085036\/Schuco-ASS-77-300x300.jpg 300w, https:\/\/cdn.debesto.com\/web\/assets\/sites\/1\/2023\/03\/06085036\/Schuco-ASS-77-150x150.jpg 150w\" sizes=\"(max-width: 750px) 100vw, 750px\" \/><\/figure>\n<\/div>\n<\/div>\n\n\n\n<div class=\"wp-block-buttons is-layout-flex wp-block-buttons-is-layout-flex\">\n<div class=\"wp-block-button aligncenter\"><a class=\"wp-block-button__link has-vivid-red-background-color has-background\" href=\"https:\/\/debesto.com\/pl\/okna\/okna-aluminiowe\/?brand=schuco\" style=\"border-radius:0px\" target=\"_blank\" rel=\"noreferrer noopener\"><strong>debesto wybra\u0142o najlepsze profile z oferty Sch\u00fcco  <\/strong><\/a><\/div>\n<\/div>\n\n\n\n<div style=\"height:40px\" aria-hidden=\"true\" class=\"wp-block-spacer\"><\/div>\n\n\n\n<h2 class=\"wp-block-heading\" id=\"Gdzie-produkowane-s\u0105-okna-Sch\u00fcco\">Gdzie produkowane s\u0105 okna Sch\u00fcco?<\/h2>\n\n\n\n<div style=\"height:20px\" aria-hidden=\"true\" class=\"wp-block-spacer\"><\/div>\n\n\n\n<div class=\"wp-block-columns are-vertically-aligned-top is-layout-flex wp-container-core-columns-is-layout-3 wp-block-columns-is-layout-flex\">\n<div class=\"wp-block-column is-vertically-aligned-top is-layout-flow wp-block-column-is-layout-flow\">\n<div class=\"wp-block-image\"><figure class=\"alignright size-full\"><img decoding=\"async\" width=\"750\" height=\"750\" src=\"https:\/\/cdn.debesto.com\/web\/assets\/sites\/1\/2023\/03\/06085036\/Schuco-AWS-70-HI.jpg\" alt=\"wizualizacja okno aluminiowe schuco aws 70 HI\" class=\"wp-image-30912\" srcset=\"https:\/\/cdn.debesto.com\/web\/assets\/sites\/1\/2023\/03\/06085036\/Schuco-AWS-70-HI.jpg 750w, https:\/\/cdn.debesto.com\/web\/assets\/sites\/1\/2023\/03\/06085036\/Schuco-AWS-70-HI-300x300.jpg 300w, https:\/\/cdn.debesto.com\/web\/assets\/sites\/1\/2023\/03\/06085036\/Schuco-AWS-70-HI-150x150.jpg 150w\" sizes=\"(max-width: 750px) 100vw, 750px\" \/><\/figure><\/div>\n<\/div>\n\n\n\n<div class=\"wp-block-column is-vertically-aligned-top is-layout-flow wp-block-column-is-layout-flow\" style=\"flex-basis:10%\"><\/div>\n\n\n\n<div class=\"wp-block-column is-vertically-aligned-top is-layout-flow wp-block-column-is-layout-flow\">\n<p>Okna powstaj\u0105 g\u0142\u00f3wnie <strong>w Niemczech w Wei\u00dfenfels<\/strong>. Sch\u00fcco za\u0142o\u017cy\u0142o tak\u017ce fabryk\u0119<strong> w USA w Newington<\/strong>, Connecticut. Dodatkowo firma wsp\u00f3\u0142pracuje z certyfikowanymi partnerami m.in. w Singapurze, Tajlandii, Wietnamie, Indonezji, Malezji i Filipinach, kt\u00f3rzy lokalnie wytwarzaj\u0105 konstrukcje oparte na systemach Sch\u00fcco.<\/p>\n<\/div>\n<\/div>\n\n\n\n<div style=\"height:40px\" aria-hidden=\"true\" class=\"wp-block-spacer\"><\/div>\n\n\n\n<h3 class=\"wp-block-heading\"><strong>Podsumowuj\u0105c, systemy aluminiowe Sch\u00fcco nale\u017c\u0105 do najbardziej zaawansowanych i innowacyjnych profili okiennych dost\u0119pnych obecnie na rynku. Niezale\u017cnie od tego, czy Tw\u00f3j inwestor planuje budow\u0119 nowego domu lub osiedla \u2014 estetyczny wygl\u0105d, doskona\u0142a izolacja termiczna i odporno\u015b\u0107 na warunki atmosferyczne, spe\u0142ni\u0105 wi\u0119kszo\u015b\u0107 potrzeb i wymaga\u0144 danego klienta.<\/strong><\/h3>\n\n\n\n<div style=\"height:40px\" aria-hidden=\"true\" class=\"wp-block-spacer\"><\/div>\n\n\n\n<div style=\"height:15px\" aria-hidden=\"true\" class=\"wp-block-spacer\"><\/div>\n\n\n<article class=\"post post--tile\">\n  <div class=\"post__image\">\n    <figure class=\"\">\n      <img decoding=\"async\" class=\"\" src=\"https:\/\/cdn.debesto.com\/web\/assets\/sites\/1\/2020\/08\/06085916\/Schuco_ase_67_pd_realizacja_produkt-min.jpg\" alt=\"system przesuwny schuco ase 67 panorama design realizacja\"\/>\n    <\/figure>\n  <\/div>\n  <div class=\"post__content\">\n    <h2><a href=\"https:\/\/debesto.com\/pl\/szybki-kontakt\/\" title=\"Skontaktuj si\u0119 z nami\">Chcesz porozmawia\u0107 o alternatywach dla okien Sch\u00fcco?<\/a><\/h2>\n        <p>Um\u00f3w si\u0119 na spotkanie z naszymi technologami i konsultantem biznesowym<\/p>\n        <a href=\"https:\/\/debesto.com\/pl\/szybki-kontakt\/\" class=\"btn btn--fill\" title=\"Skontaktuj si\u0119 z nami\"><span>Skontaktuj si\u0119 z nami<\/span><\/a>\n  <\/div>\n<\/article>","protected":false},"excerpt":{"rendered":"<p>Sch\u00fcco to do\u015bwiadczony niemiecki producent energooszcz\u0119dnych okien aluminiowych. Profile firmy \u015bwietnie sprawdz\u0105 w budynkach mieszkalnych, ale i w przemys\u0142owych. Zapoznaj si\u0119 wi\u0119c z jej ofert\u0105. Z tego artyku\u0142u dowiesz si\u0119: Czym s\u0105 systemy Sch\u00fcco Czym charakteryzuj\u0105 si\u0119 okna Sch\u00fcco Gdzie produkowane s\u0105 okna Sch\u00fcco Czym s\u0105 systemy Sch\u00fcco? Systemy aluminiowe Sch\u00fcco to energooszcz\u0119dne profile, kt\u00f3re [&hellip;]<\/p>\n","protected":false},"author":32,"featured_media":0,"parent":0,"menu_order":10,"comment_status":"closed","ping_status":"closed","template":"controllers\/page-gutenberg.php","meta":{"_acf_changed":false,"_uag_custom_page_level_css":"","footnotes":""},"class_list":["post-29594","page","type-page","status-publish","hentry"],"acf":[],"yoast_head":"<!-- This site is optimized with the Yoast SEO plugin v25.6 - https:\/\/yoast.com\/wordpress\/plugins\/seo\/ -->\n<title>Systemy aluminiowe Sch\u00fcco | debesto.com<\/title>\n<meta name=\"description\" content=\"Chcesz szybko znale\u017a\u0107 energooszcz\u0119dne okno aluminiowe dobrej jako\u015bci? Produkty marki Sch\u00fcco sprostaj\u0105 Twoim wymaganiom.\" \/>\n<meta name=\"robots\" content=\"index, follow, max-snippet:-1, max-image-preview:large, max-video-preview:-1\" \/>\n<link rel=\"canonical\" href=\"https:\/\/debesto.com\/pl\/systemy-aluminiowe-schuco\/\" \/>\n<meta property=\"og:locale\" content=\"pl_PL\" \/>\n<meta property=\"og:type\" content=\"article\" \/>\n<meta property=\"og:title\" content=\"Systemy aluminiowe Sch\u00fcco | debesto.com\" \/>\n<meta property=\"og:description\" content=\"Chcesz szybko znale\u017a\u0107 energooszcz\u0119dne okno aluminiowe dobrej jako\u015bci? Produkty marki Sch\u00fcco sprostaj\u0105 Twoim wymaganiom.\" \/>\n<meta property=\"og:url\" content=\"https:\/\/debesto.com\/pl\/systemy-aluminiowe-schuco\/\" \/>\n<meta property=\"og:site_name\" content=\"debesto (PL)\" \/>\n<meta property=\"article:modified_time\" content=\"2025-02-19T11:17:15+00:00\" \/>\n<meta property=\"og:image\" content=\"https:\/\/debesto.com\/pl\/wp-content\/uploads\/sites\/1\/2023\/03\/banner-Schuco-Aluminium-Doors-ASS-70-1024x256.jpg\" \/>\n<meta name=\"twitter:card\" content=\"summary_large_image\" \/>\n<meta name=\"twitter:label1\" content=\"Szacowany czas czytania\" \/>\n\t<meta name=\"twitter:data1\" content=\"3 minuty\" \/>\n<script type=\"application\/ld+json\" class=\"yoast-schema-graph\">{\"@context\":\"https:\/\/schema.org\",\"@graph\":[{\"@type\":\"WebPage\",\"@id\":\"https:\/\/debesto.com\/pl\/systemy-aluminiowe-schuco\/\",\"url\":\"https:\/\/debesto.com\/pl\/systemy-aluminiowe-schuco\/\",\"name\":\"Systemy aluminiowe Sch\u00fcco | debesto.com\",\"isPartOf\":{\"@id\":\"https:\/\/debesto.com\/pl\/#website\"},\"primaryImageOfPage\":{\"@id\":\"https:\/\/debesto.com\/pl\/systemy-aluminiowe-schuco\/#primaryimage\"},\"image\":{\"@id\":\"https:\/\/debesto.com\/pl\/systemy-aluminiowe-schuco\/#primaryimage\"},\"thumbnailUrl\":\"https:\/\/debesto.com\/pl\/wp-content\/uploads\/sites\/1\/2023\/03\/banner-Schuco-Aluminium-Doors-ASS-70-1024x256.jpg\",\"datePublished\":\"2023-03-03T11:18:30+00:00\",\"dateModified\":\"2025-02-19T11:17:15+00:00\",\"description\":\"Chcesz szybko znale\u017a\u0107 energooszcz\u0119dne okno aluminiowe dobrej jako\u015bci? Produkty marki Sch\u00fcco sprostaj\u0105 Twoim wymaganiom.\",\"breadcrumb\":{\"@id\":\"https:\/\/debesto.com\/pl\/systemy-aluminiowe-schuco\/#breadcrumb\"},\"inLanguage\":\"pl-PL\",\"potentialAction\":[{\"@type\":\"ReadAction\",\"target\":[\"https:\/\/debesto.com\/pl\/systemy-aluminiowe-schuco\/\"]}]},{\"@type\":\"ImageObject\",\"inLanguage\":\"pl-PL\",\"@id\":\"https:\/\/debesto.com\/pl\/systemy-aluminiowe-schuco\/#primaryimage\",\"url\":\"https:\/\/cdn.debesto.com\/web\/assets\/sites\/1\/2023\/03\/06085036\/banner-Schuco-Aluminium-Doors-ASS-70.jpg\",\"contentUrl\":\"https:\/\/cdn.debesto.com\/web\/assets\/sites\/1\/2023\/03\/06085036\/banner-Schuco-Aluminium-Doors-ASS-70.jpg\",\"width\":1200,\"height\":300,\"caption\":\"baner Sch\u00fcco drzwi aluminiowe ASS 70\"},{\"@type\":\"BreadcrumbList\",\"@id\":\"https:\/\/debesto.com\/pl\/systemy-aluminiowe-schuco\/#breadcrumb\",\"itemListElement\":[{\"@type\":\"ListItem\",\"position\":1,\"name\":\"Strona g\u0142\u00f3wna\",\"item\":\"https:\/\/debesto.com\/pl\/\"},{\"@type\":\"ListItem\",\"position\":2,\"name\":\"Systemy aluminiowe Sch\u00fcco\"}]},{\"@type\":\"WebSite\",\"@id\":\"https:\/\/debesto.com\/pl\/#website\",\"url\":\"https:\/\/debesto.com\/pl\/\",\"name\":\"debesto (PL)\",\"description\":\"\",\"publisher\":{\"@id\":\"https:\/\/debesto.com\/pl\/#organization\"},\"potentialAction\":[{\"@type\":\"SearchAction\",\"target\":{\"@type\":\"EntryPoint\",\"urlTemplate\":\"https:\/\/debesto.com\/pl\/?s={search_term_string}\"},\"query-input\":{\"@type\":\"PropertyValueSpecification\",\"valueRequired\":true,\"valueName\":\"search_term_string\"}}],\"inLanguage\":\"pl-PL\"},{\"@type\":\"Organization\",\"@id\":\"https:\/\/debesto.com\/pl\/#organization\",\"name\":\"debesto.com\",\"url\":\"https:\/\/debesto.com\/pl\/\",\"logo\":{\"@type\":\"ImageObject\",\"inLanguage\":\"pl-PL\",\"@id\":\"https:\/\/debesto.com\/pl\/#\/schema\/logo\/image\/\",\"url\":\"https:\/\/cdn.debesto.com\/web\/assets\/sites\/1\/2019\/12\/06090155\/debesto_kwadrat.jpg\",\"contentUrl\":\"https:\/\/cdn.debesto.com\/web\/assets\/sites\/1\/2019\/12\/06090155\/debesto_kwadrat.jpg\",\"width\":512,\"height\":512,\"caption\":\"debesto.com\"},\"image\":{\"@id\":\"https:\/\/debesto.com\/pl\/#\/schema\/logo\/image\/\"}}]}<\/script>\n<!-- \/ Yoast SEO plugin. -->","yoast_head_json":{"title":"Systemy aluminiowe Sch\u00fcco | debesto.com","description":"Chcesz szybko znale\u017a\u0107 energooszcz\u0119dne okno aluminiowe dobrej jako\u015bci? Produkty marki Sch\u00fcco sprostaj\u0105 Twoim wymaganiom.","robots":{"index":"index","follow":"follow","max-snippet":"max-snippet:-1","max-image-preview":"max-image-preview:large","max-video-preview":"max-video-preview:-1"},"canonical":"https:\/\/debesto.com\/pl\/systemy-aluminiowe-schuco\/","og_locale":"pl_PL","og_type":"article","og_title":"Systemy aluminiowe Sch\u00fcco | debesto.com","og_description":"Chcesz szybko znale\u017a\u0107 energooszcz\u0119dne okno aluminiowe dobrej jako\u015bci? Produkty marki Sch\u00fcco sprostaj\u0105 Twoim wymaganiom.","og_url":"https:\/\/debesto.com\/pl\/systemy-aluminiowe-schuco\/","og_site_name":"debesto (PL)","article_modified_time":"2025-02-19T11:17:15+00:00","og_image":[{"url":"https:\/\/debesto.com\/pl\/wp-content\/uploads\/sites\/1\/2023\/03\/banner-Schuco-Aluminium-Doors-ASS-70-1024x256.jpg","type":"","width":"","height":""}],"twitter_card":"summary_large_image","twitter_misc":{"Szacowany czas czytania":"3 minuty"},"schema":{"@context":"https:\/\/schema.org","@graph":[{"@type":"WebPage","@id":"https:\/\/debesto.com\/pl\/systemy-aluminiowe-schuco\/","url":"https:\/\/debesto.com\/pl\/systemy-aluminiowe-schuco\/","name":"Systemy aluminiowe Sch\u00fcco | debesto.com","isPartOf":{"@id":"https:\/\/debesto.com\/pl\/#website"},"primaryImageOfPage":{"@id":"https:\/\/debesto.com\/pl\/systemy-aluminiowe-schuco\/#primaryimage"},"image":{"@id":"https:\/\/debesto.com\/pl\/systemy-aluminiowe-schuco\/#primaryimage"},"thumbnailUrl":"https:\/\/debesto.com\/pl\/wp-content\/uploads\/sites\/1\/2023\/03\/banner-Schuco-Aluminium-Doors-ASS-70-1024x256.jpg","datePublished":"2023-03-03T11:18:30+00:00","dateModified":"2025-02-19T11:17:15+00:00","description":"Chcesz szybko znale\u017a\u0107 energooszcz\u0119dne okno aluminiowe dobrej jako\u015bci? Produkty marki Sch\u00fcco sprostaj\u0105 Twoim wymaganiom.","breadcrumb":{"@id":"https:\/\/debesto.com\/pl\/systemy-aluminiowe-schuco\/#breadcrumb"},"inLanguage":"pl-PL","potentialAction":[{"@type":"ReadAction","target":["https:\/\/debesto.com\/pl\/systemy-aluminiowe-schuco\/"]}]},{"@type":"ImageObject","inLanguage":"pl-PL","@id":"https:\/\/debesto.com\/pl\/systemy-aluminiowe-schuco\/#primaryimage","url":"https:\/\/cdn.debesto.com\/web\/assets\/sites\/1\/2023\/03\/06085036\/banner-Schuco-Aluminium-Doors-ASS-70.jpg","contentUrl":"https:\/\/cdn.debesto.com\/web\/assets\/sites\/1\/2023\/03\/06085036\/banner-Schuco-Aluminium-Doors-ASS-70.jpg","width":1200,"height":300,"caption":"baner Sch\u00fcco drzwi aluminiowe ASS 70"},{"@type":"BreadcrumbList","@id":"https:\/\/debesto.com\/pl\/systemy-aluminiowe-schuco\/#breadcrumb","itemListElement":[{"@type":"ListItem","position":1,"name":"Strona g\u0142\u00f3wna","item":"https:\/\/debesto.com\/pl\/"},{"@type":"ListItem","position":2,"name":"Systemy aluminiowe Sch\u00fcco"}]},{"@type":"WebSite","@id":"https:\/\/debesto.com\/pl\/#website","url":"https:\/\/debesto.com\/pl\/","name":"debesto (PL)","description":"","publisher":{"@id":"https:\/\/debesto.com\/pl\/#organization"},"potentialAction":[{"@type":"SearchAction","target":{"@type":"EntryPoint","urlTemplate":"https:\/\/debesto.com\/pl\/?s={search_term_string}"},"query-input":{"@type":"PropertyValueSpecification","valueRequired":true,"valueName":"search_term_string"}}],"inLanguage":"pl-PL"},{"@type":"Organization","@id":"https:\/\/debesto.com\/pl\/#organization","name":"debesto.com","url":"https:\/\/debesto.com\/pl\/","logo":{"@type":"ImageObject","inLanguage":"pl-PL","@id":"https:\/\/debesto.com\/pl\/#\/schema\/logo\/image\/","url":"https:\/\/cdn.debesto.com\/web\/assets\/sites\/1\/2019\/12\/06090155\/debesto_kwadrat.jpg","contentUrl":"https:\/\/cdn.debesto.com\/web\/assets\/sites\/1\/2019\/12\/06090155\/debesto_kwadrat.jpg","width":512,"height":512,"caption":"debesto.com"},"image":{"@id":"https:\/\/debesto.com\/pl\/#\/schema\/logo\/image\/"}}]}},"uagb_featured_image_src":{"full":false,"thumbnail":false,"medium":false,"medium_large":false,"large":false,"1536x1536":false,"2048x2048":false},"uagb_author_info":{"display_name":"oklonowska","author_link":"https:\/\/debesto.com\/pl\/author\/oklonowska\/"},"uagb_comment_info":0,"uagb_excerpt":"Sch\u00fcco to do\u015bwiadczony niemiecki producent energooszcz\u0119dnych okien aluminiowych. Profile firmy \u015bwietnie sprawdz\u0105 w budynkach mieszkalnych, ale i w przemys\u0142owych. Zapoznaj si\u0119 wi\u0119c z jej ofert\u0105. Z tego artyku\u0142u dowiesz si\u0119: Czym s\u0105 systemy Sch\u00fcco Czym charakteryzuj\u0105 si\u0119 okna Sch\u00fcco Gdzie produkowane s\u0105 okna Sch\u00fcco Czym s\u0105 systemy Sch\u00fcco? Systemy aluminiowe Sch\u00fcco to energooszcz\u0119dne profile, kt\u00f3re&hellip;","_links":{"self":[{"href":"https:\/\/debesto.com\/pl\/wp-json\/wp\/v2\/pages\/29594","targetHints":{"allow":["GET"]}}],"collection":[{"href":"https:\/\/debesto.com\/pl\/wp-json\/wp\/v2\/pages"}],"about":[{"href":"https:\/\/debesto.com\/pl\/wp-json\/wp\/v2\/types\/page"}],"author":[{"embeddable":true,"href":"https:\/\/debesto.com\/pl\/wp-json\/wp\/v2\/users\/32"}],"replies":[{"embeddable":true,"href":"https:\/\/debesto.com\/pl\/wp-json\/wp\/v2\/comments?post=29594"}],"version-history":[{"count":28,"href":"https:\/\/debesto.com\/pl\/wp-json\/wp\/v2\/pages\/29594\/revisions"}],"predecessor-version":[{"id":30920,"href":"https:\/\/debesto.com\/pl\/wp-json\/wp\/v2\/pages\/29594\/revisions\/30920"}],"wp:attachment":[{"href":"https:\/\/debesto.com\/pl\/wp-json\/wp\/v2\/media?parent=29594"}],"curies":[{"name":"wp","href":"https:\/\/api.w.org\/{rel}","templated":true}]}}