{"id":29221,"date":"2023-02-24T10:21:03","date_gmt":"2023-02-24T09:21:03","guid":{"rendered":"https:\/\/debesto.com\/pl\/aluprof-aluminiowe-systemy-okienne\/"},"modified":"2023-03-31T14:46:03","modified_gmt":"2023-03-31T12:46:03","slug":"reynaers-aluminiowe-systemy-okienne","status":"publish","type":"page","link":"https:\/\/debesto.com\/pl\/reynaers-aluminiowe-systemy-okienne\/","title":{"rendered":"Reynaers \u2014 aluminiowe systemy okienne"},"content":{"rendered":"\n<div class=\"wp-block-columns is-layout-flex wp-container-core-columns-is-layout-1 wp-block-columns-is-layout-flex\">\n<div class=\"wp-block-column is-layout-flow wp-block-column-is-layout-flow\"><\/div>\n\n\n\n<div class=\"wp-block-column is-layout-flow wp-block-column-is-layout-flow\"><\/div>\n<\/div>\n\n\n\n<figure class=\"wp-block-image size-large\"><img decoding=\"async\" width=\"1024\" height=\"256\" src=\"https:\/\/cdn.debesto.com\/web\/assets\/sites\/1\/2023\/03\/06085038\/banner-Reynaers-Aluminum-Windows-1024x256.jpg\" alt=\"baner reynaers okna aluminiowe\" class=\"wp-image-30878\" srcset=\"https:\/\/cdn.debesto.com\/web\/assets\/sites\/1\/2023\/03\/06085038\/banner-Reynaers-Aluminum-Windows-1024x256.jpg 1024w, https:\/\/cdn.debesto.com\/web\/assets\/sites\/1\/2023\/03\/06085038\/banner-Reynaers-Aluminum-Windows-300x75.jpg 300w, https:\/\/cdn.debesto.com\/web\/assets\/sites\/1\/2023\/03\/06085038\/banner-Reynaers-Aluminum-Windows-768x192.jpg 768w, https:\/\/cdn.debesto.com\/web\/assets\/sites\/1\/2023\/03\/06085038\/banner-Reynaers-Aluminum-Windows.jpg 1200w\" sizes=\"(max-width: 1024px) 100vw, 1024px\" \/><\/figure>\n\n\n\n<div style=\"height:40px\" aria-hidden=\"true\" class=\"wp-block-spacer\"><\/div>\n\n\n\n<p><strong>Zajmujesz si\u0119 inwestycj\u0105, do kt\u00f3rej potrzebujesz systemu aluminiowego o wysokiej jako\u015bci? A mo\u017ce rozgl\u0105dasz si\u0119 za oknami do budownictwa pasywnego? Dobrze trafi\u0142e\u015b \u2014 Reynaers zapewne ma to, czego szukasz.<\/strong><\/p>\n\n\n\n<div style=\"height:40px\" aria-hidden=\"true\" class=\"wp-block-spacer\"><\/div>\n\n\n\n<h2 class=\"wp-block-heading\"><strong>Z tego artyku\u0142u dowiesz si\u0119:<\/strong><\/h2>\n\n\n\n<div style=\"height:20px\" aria-hidden=\"true\" class=\"wp-block-spacer\"><\/div>\n\n\n\n<ul class=\"wp-block-list\"><li><a href=\"#Kim-jest-Reynaers\">Kim jest firma Reynaers<\/a><\/li><li><a href=\"#Okienne-Systemy-Aluminiowe-Reynaers-szybki-przegl\u0105d\">Jakie systemy aluminiowe ma w ofercie Reynaers oraz do czego mo\u017cna je zastosowa\u0107<\/a><\/li><\/ul>\n\n\n\n<div style=\"height:40px\" aria-hidden=\"true\" class=\"wp-block-spacer\"><\/div>\n\n\n\n<h2 class=\"wp-block-heading\" id=\"Kim-jest-Reynaers\">Kim jest Reynaers?<\/h2>\n\n\n\n<div style=\"height:20px\" aria-hidden=\"true\" class=\"wp-block-spacer\"><\/div>\n\n\n\n<div class=\"wp-block-columns are-vertically-aligned-top is-layout-flex wp-container-core-columns-is-layout-2 wp-block-columns-is-layout-flex\">\n<div class=\"wp-block-column is-vertically-aligned-top is-layout-flow wp-block-column-is-layout-flow\">\n<div class=\"wp-block-image\"><figure class=\"aligncenter size-full is-resized\"><img decoding=\"async\" src=\"https:\/\/cdn.debesto.com\/web\/assets\/sites\/1\/2023\/02\/06085119\/logo-reynaers.jpg\" alt=\"logo reynaers\" class=\"wp-image-29246\" width=\"375\" height=\"375\" srcset=\"https:\/\/cdn.debesto.com\/web\/assets\/sites\/1\/2023\/02\/06085119\/logo-reynaers.jpg 500w, https:\/\/cdn.debesto.com\/web\/assets\/sites\/1\/2023\/02\/06085119\/logo-reynaers-300x300.jpg 300w, https:\/\/cdn.debesto.com\/web\/assets\/sites\/1\/2023\/02\/06085119\/logo-reynaers-150x150.jpg 150w\" sizes=\"(max-width: 375px) 100vw, 375px\" \/><\/figure><\/div>\n<\/div>\n\n\n\n<div class=\"wp-block-column is-vertically-aligned-top is-layout-flow wp-block-column-is-layout-flow\" style=\"flex-basis:10%\"><\/div>\n\n\n\n<div class=\"wp-block-column is-vertically-aligned-top is-layout-flow wp-block-column-is-layout-flow\">\n<p>Reynaers to europejski producent, kt\u00f3ry od prawie 60 lat zajmuje si\u0119 innowacyjnymi i przyjaznymi dla \u015brodowiska konstrukcjami aluminiowymi do budownictwa pasywnego i energooszcz\u0119dnego. Firma dzia\u0142a globalnie na prawie ka\u017cdym kontynencie.&nbsp;<\/p>\n<\/div>\n<\/div>\n\n\n\n<div style=\"height:40px\" aria-hidden=\"true\" class=\"wp-block-spacer\"><\/div>\n\n\n\n<h2 class=\"wp-block-heading\" id=\"Okienne-Systemy-Aluminiowe-Reynaers-szybki-przegl\u0105d\">Okienne Systemy Aluminiowe Reynaers \u2014 szybki przegl\u0105d<\/h2>\n\n\n\n<div style=\"height:20px\" aria-hidden=\"true\" class=\"wp-block-spacer\"><\/div>\n\n\n\n<p><strong>Zaintrygowa\u0142a ci\u0119 <a href=\"https:\/\/debesto.com\/pl\/okna\/okna-aluminiowe\/?brand=reynaers\" target=\"_blank\" rel=\"noreferrer noopener\">oferta Reynaers<\/a>? Dzi\u0119ki naszej li\u015bcie szybko znajdziesz odpowiedni profil.<\/strong><\/p>\n\n\n\n<div style=\"height:20px\" aria-hidden=\"true\" class=\"wp-block-spacer\"><\/div>\n\n\n\n<h3 class=\"wp-block-heading\">Poszukujesz okna:<\/h3>\n\n\n\n<div style=\"height:20px\" aria-hidden=\"true\" class=\"wp-block-spacer\"><\/div>\n\n\n\n<div class=\"wp-block-columns are-vertically-aligned-top is-layout-flex wp-container-core-columns-is-layout-3 wp-block-columns-is-layout-flex\">\n<div class=\"wp-block-column is-vertically-aligned-top is-layout-flow wp-block-column-is-layout-flow\">\n<ul class=\"wp-block-list\"><li><strong><strong>o najwy\u017cszej termoizolacyjno\u015bci?<\/strong> <\/strong>Reynaers CS 68<\/li><\/ul>\n\n\n\n<ul class=\"wp-block-list\"><li><strong><strong>osi\u0105gaj\u0105cego naprawd\u0119 du\u017ce rozmiary i wytrzymuj\u0105cego spore gabaryty? <\/strong><\/strong>Reynaers SlimLine 38<\/li><\/ul>\n\n\n\n<ul class=\"wp-block-list\"><li><strong><strong>z ukrytymi okuciami<\/strong> i <strong>niewidocznymi zawiasami? <\/strong><\/strong>Reynaers SlimLine 38<\/li><\/ul>\n\n\n\n<ul class=\"wp-block-list\"><li><strong>z ukrytym skrzyd\u0142em? <\/strong>Reynaers CS 77, Reynaers CS 68<\/li><\/ul>\n\n\n\n<ul class=\"wp-block-list\"><li><strong>o jak najw\u0119\u017cszej ramie? <\/strong>Reynaers SlimLine 38<\/li><\/ul>\n<\/div>\n\n\n\n<div class=\"wp-block-column is-vertically-aligned-top is-layout-flow wp-block-column-is-layout-flow\" style=\"flex-basis:10%\"><\/div>\n\n\n\n<div class=\"wp-block-column is-vertically-aligned-top is-layout-flow wp-block-column-is-layout-flow\">\n<figure class=\"wp-block-image size-full\"><img decoding=\"async\" width=\"750\" height=\"750\" src=\"https:\/\/cdn.debesto.com\/web\/assets\/sites\/1\/2023\/03\/06085038\/visualisation-Reynaers-SlimLine-38.jpg\" alt=\"wizualizacja reynaers slimline 38 aluminium\" class=\"wp-image-30881\" srcset=\"https:\/\/cdn.debesto.com\/web\/assets\/sites\/1\/2023\/03\/06085038\/visualisation-Reynaers-SlimLine-38.jpg 750w, https:\/\/cdn.debesto.com\/web\/assets\/sites\/1\/2023\/03\/06085038\/visualisation-Reynaers-SlimLine-38-300x300.jpg 300w, https:\/\/cdn.debesto.com\/web\/assets\/sites\/1\/2023\/03\/06085038\/visualisation-Reynaers-SlimLine-38-150x150.jpg 150w\" sizes=\"(max-width: 750px) 100vw, 750px\" \/><\/figure>\n<\/div>\n<\/div>\n\n\n\n<div style=\"height:20px\" aria-hidden=\"true\" class=\"wp-block-spacer\"><\/div>\n\n\n\n<div class=\"wp-block-columns are-vertically-aligned-top is-layout-flex wp-container-core-columns-is-layout-4 wp-block-columns-is-layout-flex\">\n<div class=\"wp-block-column is-vertically-aligned-top is-layout-flow wp-block-column-is-layout-flow\">\n<figure class=\"wp-block-image size-full\"><img decoding=\"async\" width=\"750\" height=\"750\" src=\"https:\/\/cdn.debesto.com\/web\/assets\/sites\/1\/2023\/03\/06085038\/reynaers-slimpatio-68.jpg\" alt=\"wizualizacja aluminium reynaers slimpatio 68\" class=\"wp-image-30883\" srcset=\"https:\/\/cdn.debesto.com\/web\/assets\/sites\/1\/2023\/03\/06085038\/reynaers-slimpatio-68.jpg 750w, https:\/\/cdn.debesto.com\/web\/assets\/sites\/1\/2023\/03\/06085038\/reynaers-slimpatio-68-300x300.jpg 300w, https:\/\/cdn.debesto.com\/web\/assets\/sites\/1\/2023\/03\/06085038\/reynaers-slimpatio-68-150x150.jpg 150w\" sizes=\"(max-width: 750px) 100vw, 750px\" \/><\/figure>\n<\/div>\n\n\n\n<div class=\"wp-block-column is-vertically-aligned-top is-layout-flow wp-block-column-is-layout-flow\" style=\"flex-basis:10%\"><\/div>\n\n\n\n<div class=\"wp-block-column is-vertically-aligned-top is-layout-flow wp-block-column-is-layout-flow\">\n<ul class=\"wp-block-list\"><li><strong>obrotowego?<\/strong> Reynaers CS 77, Reynaers CS 68 <\/li><\/ul>\n\n\n\n<ul class=\"wp-block-list\"><li><strong>otwieraj\u0105cego si\u0119 na zewn\u0105trz (okno casement)?<\/strong> Reynaers SlimLine 38,&nbsp; Reynaers CS 68&nbsp;<\/li><\/ul>\n\n\n\n<ul class=\"wp-block-list\"><li><strong><strong>sash single-hung?<\/strong><\/strong> Reynaers CS 68<\/li><\/ul>\n\n\n\n<ul class=\"wp-block-list\"><li><strong>przesuwnego?<\/strong> Reynaers CS 68, Reynaers CS 77<\/li><\/ul>\n\n\n\n<ul class=\"wp-block-list\"><li><strong>antyw\u0142amaniowego? &nbsp;<\/strong>Reynaers SlimLine 38, Reynaers CS 77, Reynaers CS 68&nbsp;<\/li><\/ul>\n<\/div>\n<\/div>\n\n\n\n<div style=\"height:20px\" aria-hidden=\"true\" class=\"wp-block-spacer\"><\/div>\n\n\n\n<div class=\"wp-block-columns are-vertically-aligned-top is-layout-flex wp-container-core-columns-is-layout-5 wp-block-columns-is-layout-flex\">\n<div class=\"wp-block-column is-vertically-aligned-top is-layout-flow wp-block-column-is-layout-flow\">\n<ul class=\"wp-block-list\"><li><strong><strong>estetycznego i nowoczesnego?<\/strong> <\/strong>Reynaers SlimLine 38, Reynaers CS 68<\/li><\/ul>\n\n\n\n<ul class=\"wp-block-list\"><li><strong><strong>o klasycznym wygl\u0105dzie?<\/strong> <\/strong>Reynaers CS 68<\/li><\/ul>\n\n\n\n<ul class=\"wp-block-list\"><li><strong>imituj\u0105cego wygl\u0105dem stolark\u0119 stalow\u0105? <\/strong>Reynaers SlimLine 38<\/li><\/ul>\n\n\n\n<ul class=\"wp-block-list\"><li><strong>imituj\u0105cego wygl\u0105dem stolark\u0119 drewnian\u0105?<\/strong>&nbsp; Reynaers CS 68<\/li><\/ul>\n\n\n\n<ul class=\"wp-block-list\"><li><strong>pasuj\u0105cego do przeszklonych biurowc\u00f3w? <\/strong>Reynaers CS 77<\/li><\/ul>\n\n\n\n<ul class=\"wp-block-list\"><li><strong>posiadaj\u0105cego British Security Certification PAS 24?<\/strong> Reynaers SlimLine 38<\/li><\/ul>\n<\/div>\n\n\n\n<div class=\"wp-block-column is-vertically-aligned-top is-layout-flow wp-block-column-is-layout-flow\" style=\"flex-basis:10%\"><\/div>\n\n\n\n<div class=\"wp-block-column is-vertically-aligned-top is-layout-flow wp-block-column-is-layout-flow\">\n<figure class=\"wp-block-image size-full\"><img decoding=\"async\" width=\"750\" height=\"750\" src=\"https:\/\/cdn.debesto.com\/web\/assets\/sites\/1\/2023\/03\/06085038\/visualisation-aluminum-reynaers-cs-77.jpg\" alt=\"wizualizacja aluminium reynaers cs 77\" class=\"wp-image-30885\" srcset=\"https:\/\/cdn.debesto.com\/web\/assets\/sites\/1\/2023\/03\/06085038\/visualisation-aluminum-reynaers-cs-77.jpg 750w, https:\/\/cdn.debesto.com\/web\/assets\/sites\/1\/2023\/03\/06085038\/visualisation-aluminum-reynaers-cs-77-300x300.jpg 300w, https:\/\/cdn.debesto.com\/web\/assets\/sites\/1\/2023\/03\/06085038\/visualisation-aluminum-reynaers-cs-77-150x150.jpg 150w\" sizes=\"(max-width: 750px) 100vw, 750px\" \/><\/figure>\n<\/div>\n<\/div>\n\n\n\n<div style=\"height:40px\" aria-hidden=\"true\" class=\"wp-block-spacer\"><\/div>\n\n\n\n<h4 class=\"wp-block-heading\"><strong><strong>Reynaers posiada okna aluminiowe adekwatne do ka\u017cdego rodzaju projektu \u2014 od budynk\u00f3w komercyjnych, przez mieszkaniowe, w nowoczesnym lub klasycznym stylu, a jednocze\u015bnie dopasowane do indywidualnych potrzeb Twojego klienta.<\/strong><\/strong><\/h4>\n\n\n\n<div style=\"height:40px\" aria-hidden=\"true\" class=\"wp-block-spacer\"><\/div>\n\n\n<article class=\"post post--tile\">\n  <div class=\"post__image\">\n    <figure class=\"\">\n      <img decoding=\"async\" class=\"\" src=\"https:\/\/cdn.debesto.com\/web\/assets\/sites\/1\/2020\/02\/06090129\/Reynaers-CS-68-2.jpg\" alt=\"Okna-aluminiowe-reynaers-cs-68-profil-realizacja\"\/>\n    <\/figure>\n  <\/div>\n  <div class=\"post__content\">\n    <h2><a href=\"https:\/\/debesto.com\/pl\/szybki-kontakt\/\" title=\"Skontaktuj si\u0119 z nami\">Nadal nie jeste\u015b pewny, kt\u00f3ry system b\u0119dzie trafnym wyborem? A mo\u017ce szukasz alternatywy?  <\/a><\/h2>\n        <p>Skorzystaj z bezp\u0142atnej porady i um\u00f3w si\u0119 na spotkanie z duetem naszych ekspert\u00f3w \u2014 konsultantem biznesowym i technologiem.<\/p>\n        <a href=\"https:\/\/debesto.com\/pl\/szybki-kontakt\/\" class=\"btn btn--fill\" title=\"Skontaktuj si\u0119 z nami\"><span>Skontaktuj si\u0119 z nami<\/span><\/a>\n  <\/div>\n<\/article>\n\n\n<div style=\"height:15px\" aria-hidden=\"true\" class=\"wp-block-spacer\"><\/div>\n\n\n\n<div class=\"wp-block-buttons is-content-justification-center is-layout-flex wp-container-core-buttons-is-layout-1 wp-block-buttons-is-layout-flex\">\n<div class=\"wp-block-button\"><a class=\"wp-block-button__link has-vivid-red-background-color has-background\" href=\"https:\/\/debesto.com\/pl\/blog\/parametry-okienne-rynek-europejski-a-amerykanski\/\" style=\"border-radius:0px\" target=\"_blank\" rel=\"noreferrer noopener\">Nie wiesz, jak odczyta\u0107 lub przeliczy\u0107 europejskie parametry? <span style=\"text-decoration: underline\">Mamy odpowied\u017a na Twoje pytania<\/span>.<\/a><\/div>\n<\/div>\n\n\n\n<div style=\"height:20px\" aria-hidden=\"true\" class=\"wp-block-spacer\"><\/div>\n","protected":false},"excerpt":{"rendered":"<p>Zajmujesz si\u0119 inwestycj\u0105, do kt\u00f3rej potrzebujesz systemu aluminiowego o wysokiej jako\u015bci? A mo\u017ce rozgl\u0105dasz si\u0119 za oknami do budownictwa pasywnego? Dobrze trafi\u0142e\u015b \u2014 Reynaers zapewne ma to, czego szukasz. Z tego artyku\u0142u dowiesz si\u0119: Kim jest firma Reynaers Jakie systemy aluminiowe ma w ofercie Reynaers oraz do czego mo\u017cna je zastosowa\u0107 Kim jest Reynaers? Reynaers [&hellip;]<\/p>\n","protected":false},"author":32,"featured_media":0,"parent":0,"menu_order":20,"comment_status":"closed","ping_status":"closed","template":"controllers\/page-gutenberg.php","meta":{"_acf_changed":false,"_uag_custom_page_level_css":"","footnotes":""},"class_list":["post-29221","page","type-page","status-publish","hentry"],"acf":[],"yoast_head":"<!-- This site is optimized with the Yoast SEO plugin v25.6 - https:\/\/yoast.com\/wordpress\/plugins\/seo\/ -->\n<title>Aluminiowe Systemy Okienne Reynaers Oferta | debesto.com<\/title>\n<meta name=\"description\" content=\"Okno ma by\u0107 energooszcz\u0119dne, a jednocze\u015bnie antyw\u0142amaniowe? A mo\u017ce pasowa\u0107 do luksusowego wie\u017cowca? Reynaers ma to, czego szukasz.\" \/>\n<meta name=\"robots\" content=\"index, follow, max-snippet:-1, max-image-preview:large, max-video-preview:-1\" \/>\n<link rel=\"canonical\" href=\"https:\/\/debesto.com\/pl\/reynaers-aluminiowe-systemy-okienne\/\" \/>\n<meta property=\"og:locale\" content=\"pl_PL\" \/>\n<meta property=\"og:type\" content=\"article\" \/>\n<meta property=\"og:title\" content=\"Aluminiowe Systemy Okienne Reynaers Oferta | debesto.com\" \/>\n<meta property=\"og:description\" content=\"Okno ma by\u0107 energooszcz\u0119dne, a jednocze\u015bnie antyw\u0142amaniowe? A mo\u017ce pasowa\u0107 do luksusowego wie\u017cowca? Reynaers ma to, czego szukasz.\" \/>\n<meta property=\"og:url\" content=\"https:\/\/debesto.com\/pl\/reynaers-aluminiowe-systemy-okienne\/\" \/>\n<meta property=\"og:site_name\" content=\"debesto (PL)\" \/>\n<meta property=\"article:modified_time\" content=\"2023-03-31T12:46:03+00:00\" \/>\n<meta property=\"og:image\" content=\"https:\/\/debesto.com\/pl\/wp-content\/uploads\/sites\/1\/2023\/03\/banner-Reynaers-Aluminum-Windows-1024x256.jpg\" \/>\n<meta name=\"twitter:card\" content=\"summary_large_image\" \/>\n<meta name=\"twitter:label1\" content=\"Szacowany czas czytania\" \/>\n\t<meta name=\"twitter:data1\" content=\"3 minuty\" \/>\n<script type=\"application\/ld+json\" class=\"yoast-schema-graph\">{\"@context\":\"https:\/\/schema.org\",\"@graph\":[{\"@type\":\"WebPage\",\"@id\":\"https:\/\/debesto.com\/pl\/reynaers-aluminiowe-systemy-okienne\/\",\"url\":\"https:\/\/debesto.com\/pl\/reynaers-aluminiowe-systemy-okienne\/\",\"name\":\"Aluminiowe Systemy Okienne Reynaers Oferta | debesto.com\",\"isPartOf\":{\"@id\":\"https:\/\/debesto.com\/pl\/#website\"},\"primaryImageOfPage\":{\"@id\":\"https:\/\/debesto.com\/pl\/reynaers-aluminiowe-systemy-okienne\/#primaryimage\"},\"image\":{\"@id\":\"https:\/\/debesto.com\/pl\/reynaers-aluminiowe-systemy-okienne\/#primaryimage\"},\"thumbnailUrl\":\"https:\/\/debesto.com\/pl\/wp-content\/uploads\/sites\/1\/2023\/03\/banner-Reynaers-Aluminum-Windows-1024x256.jpg\",\"datePublished\":\"2023-02-24T09:21:03+00:00\",\"dateModified\":\"2023-03-31T12:46:03+00:00\",\"description\":\"Okno ma by\u0107 energooszcz\u0119dne, a jednocze\u015bnie antyw\u0142amaniowe? A mo\u017ce pasowa\u0107 do luksusowego wie\u017cowca? Reynaers ma to, czego szukasz.\",\"breadcrumb\":{\"@id\":\"https:\/\/debesto.com\/pl\/reynaers-aluminiowe-systemy-okienne\/#breadcrumb\"},\"inLanguage\":\"pl-PL\",\"potentialAction\":[{\"@type\":\"ReadAction\",\"target\":[\"https:\/\/debesto.com\/pl\/reynaers-aluminiowe-systemy-okienne\/\"]}]},{\"@type\":\"ImageObject\",\"inLanguage\":\"pl-PL\",\"@id\":\"https:\/\/debesto.com\/pl\/reynaers-aluminiowe-systemy-okienne\/#primaryimage\",\"url\":\"https:\/\/cdn.debesto.com\/web\/assets\/sites\/1\/2023\/03\/06085038\/banner-Reynaers-Aluminum-Windows.jpg\",\"contentUrl\":\"https:\/\/cdn.debesto.com\/web\/assets\/sites\/1\/2023\/03\/06085038\/banner-Reynaers-Aluminum-Windows.jpg\",\"width\":1200,\"height\":300,\"caption\":\"baner reynaers okna aluminiowe\"},{\"@type\":\"BreadcrumbList\",\"@id\":\"https:\/\/debesto.com\/pl\/reynaers-aluminiowe-systemy-okienne\/#breadcrumb\",\"itemListElement\":[{\"@type\":\"ListItem\",\"position\":1,\"name\":\"Strona g\u0142\u00f3wna\",\"item\":\"https:\/\/debesto.com\/pl\/\"},{\"@type\":\"ListItem\",\"position\":2,\"name\":\"Reynaers \u2014 aluminiowe systemy okienne\"}]},{\"@type\":\"WebSite\",\"@id\":\"https:\/\/debesto.com\/pl\/#website\",\"url\":\"https:\/\/debesto.com\/pl\/\",\"name\":\"debesto (PL)\",\"description\":\"\",\"publisher\":{\"@id\":\"https:\/\/debesto.com\/pl\/#organization\"},\"potentialAction\":[{\"@type\":\"SearchAction\",\"target\":{\"@type\":\"EntryPoint\",\"urlTemplate\":\"https:\/\/debesto.com\/pl\/?s={search_term_string}\"},\"query-input\":{\"@type\":\"PropertyValueSpecification\",\"valueRequired\":true,\"valueName\":\"search_term_string\"}}],\"inLanguage\":\"pl-PL\"},{\"@type\":\"Organization\",\"@id\":\"https:\/\/debesto.com\/pl\/#organization\",\"name\":\"debesto.com\",\"url\":\"https:\/\/debesto.com\/pl\/\",\"logo\":{\"@type\":\"ImageObject\",\"inLanguage\":\"pl-PL\",\"@id\":\"https:\/\/debesto.com\/pl\/#\/schema\/logo\/image\/\",\"url\":\"https:\/\/cdn.debesto.com\/web\/assets\/sites\/1\/2019\/12\/06090155\/debesto_kwadrat.jpg\",\"contentUrl\":\"https:\/\/cdn.debesto.com\/web\/assets\/sites\/1\/2019\/12\/06090155\/debesto_kwadrat.jpg\",\"width\":512,\"height\":512,\"caption\":\"debesto.com\"},\"image\":{\"@id\":\"https:\/\/debesto.com\/pl\/#\/schema\/logo\/image\/\"}}]}<\/script>\n<!-- \/ Yoast SEO plugin. -->","yoast_head_json":{"title":"Aluminiowe Systemy Okienne Reynaers Oferta | debesto.com","description":"Okno ma by\u0107 energooszcz\u0119dne, a jednocze\u015bnie antyw\u0142amaniowe? A mo\u017ce pasowa\u0107 do luksusowego wie\u017cowca? Reynaers ma to, czego szukasz.","robots":{"index":"index","follow":"follow","max-snippet":"max-snippet:-1","max-image-preview":"max-image-preview:large","max-video-preview":"max-video-preview:-1"},"canonical":"https:\/\/debesto.com\/pl\/reynaers-aluminiowe-systemy-okienne\/","og_locale":"pl_PL","og_type":"article","og_title":"Aluminiowe Systemy Okienne Reynaers Oferta | debesto.com","og_description":"Okno ma by\u0107 energooszcz\u0119dne, a jednocze\u015bnie antyw\u0142amaniowe? A mo\u017ce pasowa\u0107 do luksusowego wie\u017cowca? Reynaers ma to, czego szukasz.","og_url":"https:\/\/debesto.com\/pl\/reynaers-aluminiowe-systemy-okienne\/","og_site_name":"debesto (PL)","article_modified_time":"2023-03-31T12:46:03+00:00","og_image":[{"url":"https:\/\/debesto.com\/pl\/wp-content\/uploads\/sites\/1\/2023\/03\/banner-Reynaers-Aluminum-Windows-1024x256.jpg","type":"","width":"","height":""}],"twitter_card":"summary_large_image","twitter_misc":{"Szacowany czas czytania":"3 minuty"},"schema":{"@context":"https:\/\/schema.org","@graph":[{"@type":"WebPage","@id":"https:\/\/debesto.com\/pl\/reynaers-aluminiowe-systemy-okienne\/","url":"https:\/\/debesto.com\/pl\/reynaers-aluminiowe-systemy-okienne\/","name":"Aluminiowe Systemy Okienne Reynaers Oferta | debesto.com","isPartOf":{"@id":"https:\/\/debesto.com\/pl\/#website"},"primaryImageOfPage":{"@id":"https:\/\/debesto.com\/pl\/reynaers-aluminiowe-systemy-okienne\/#primaryimage"},"image":{"@id":"https:\/\/debesto.com\/pl\/reynaers-aluminiowe-systemy-okienne\/#primaryimage"},"thumbnailUrl":"https:\/\/debesto.com\/pl\/wp-content\/uploads\/sites\/1\/2023\/03\/banner-Reynaers-Aluminum-Windows-1024x256.jpg","datePublished":"2023-02-24T09:21:03+00:00","dateModified":"2023-03-31T12:46:03+00:00","description":"Okno ma by\u0107 energooszcz\u0119dne, a jednocze\u015bnie antyw\u0142amaniowe? A mo\u017ce pasowa\u0107 do luksusowego wie\u017cowca? Reynaers ma to, czego szukasz.","breadcrumb":{"@id":"https:\/\/debesto.com\/pl\/reynaers-aluminiowe-systemy-okienne\/#breadcrumb"},"inLanguage":"pl-PL","potentialAction":[{"@type":"ReadAction","target":["https:\/\/debesto.com\/pl\/reynaers-aluminiowe-systemy-okienne\/"]}]},{"@type":"ImageObject","inLanguage":"pl-PL","@id":"https:\/\/debesto.com\/pl\/reynaers-aluminiowe-systemy-okienne\/#primaryimage","url":"https:\/\/cdn.debesto.com\/web\/assets\/sites\/1\/2023\/03\/06085038\/banner-Reynaers-Aluminum-Windows.jpg","contentUrl":"https:\/\/cdn.debesto.com\/web\/assets\/sites\/1\/2023\/03\/06085038\/banner-Reynaers-Aluminum-Windows.jpg","width":1200,"height":300,"caption":"baner reynaers okna aluminiowe"},{"@type":"BreadcrumbList","@id":"https:\/\/debesto.com\/pl\/reynaers-aluminiowe-systemy-okienne\/#breadcrumb","itemListElement":[{"@type":"ListItem","position":1,"name":"Strona g\u0142\u00f3wna","item":"https:\/\/debesto.com\/pl\/"},{"@type":"ListItem","position":2,"name":"Reynaers \u2014 aluminiowe systemy okienne"}]},{"@type":"WebSite","@id":"https:\/\/debesto.com\/pl\/#website","url":"https:\/\/debesto.com\/pl\/","name":"debesto (PL)","description":"","publisher":{"@id":"https:\/\/debesto.com\/pl\/#organization"},"potentialAction":[{"@type":"SearchAction","target":{"@type":"EntryPoint","urlTemplate":"https:\/\/debesto.com\/pl\/?s={search_term_string}"},"query-input":{"@type":"PropertyValueSpecification","valueRequired":true,"valueName":"search_term_string"}}],"inLanguage":"pl-PL"},{"@type":"Organization","@id":"https:\/\/debesto.com\/pl\/#organization","name":"debesto.com","url":"https:\/\/debesto.com\/pl\/","logo":{"@type":"ImageObject","inLanguage":"pl-PL","@id":"https:\/\/debesto.com\/pl\/#\/schema\/logo\/image\/","url":"https:\/\/cdn.debesto.com\/web\/assets\/sites\/1\/2019\/12\/06090155\/debesto_kwadrat.jpg","contentUrl":"https:\/\/cdn.debesto.com\/web\/assets\/sites\/1\/2019\/12\/06090155\/debesto_kwadrat.jpg","width":512,"height":512,"caption":"debesto.com"},"image":{"@id":"https:\/\/debesto.com\/pl\/#\/schema\/logo\/image\/"}}]}},"uagb_featured_image_src":{"full":false,"thumbnail":false,"medium":false,"medium_large":false,"large":false,"1536x1536":false,"2048x2048":false},"uagb_author_info":{"display_name":"oklonowska","author_link":"https:\/\/debesto.com\/pl\/author\/oklonowska\/"},"uagb_comment_info":0,"uagb_excerpt":"Zajmujesz si\u0119 inwestycj\u0105, do kt\u00f3rej potrzebujesz systemu aluminiowego o wysokiej jako\u015bci? A mo\u017ce rozgl\u0105dasz si\u0119 za oknami do budownictwa pasywnego? Dobrze trafi\u0142e\u015b \u2014 Reynaers zapewne ma to, czego szukasz. Z tego artyku\u0142u dowiesz si\u0119: Kim jest firma Reynaers Jakie systemy aluminiowe ma w ofercie Reynaers oraz do czego mo\u017cna je zastosowa\u0107 Kim jest Reynaers? Reynaers&hellip;","_links":{"self":[{"href":"https:\/\/debesto.com\/pl\/wp-json\/wp\/v2\/pages\/29221","targetHints":{"allow":["GET"]}}],"collection":[{"href":"https:\/\/debesto.com\/pl\/wp-json\/wp\/v2\/pages"}],"about":[{"href":"https:\/\/debesto.com\/pl\/wp-json\/wp\/v2\/types\/page"}],"author":[{"embeddable":true,"href":"https:\/\/debesto.com\/pl\/wp-json\/wp\/v2\/users\/32"}],"replies":[{"embeddable":true,"href":"https:\/\/debesto.com\/pl\/wp-json\/wp\/v2\/comments?post=29221"}],"version-history":[{"count":39,"href":"https:\/\/debesto.com\/pl\/wp-json\/wp\/v2\/pages\/29221\/revisions"}],"predecessor-version":[{"id":30886,"href":"https:\/\/debesto.com\/pl\/wp-json\/wp\/v2\/pages\/29221\/revisions\/30886"}],"wp:attachment":[{"href":"https:\/\/debesto.com\/pl\/wp-json\/wp\/v2\/media?parent=29221"}],"curies":[{"name":"wp","href":"https:\/\/api.w.org\/{rel}","templated":true}]}}