{"id":28867,"date":"2023-02-20T12:42:57","date_gmt":"2023-02-20T11:42:57","guid":{"rendered":"https:\/\/debesto.com\/pl\/?page_id=28867"},"modified":"2023-03-31T14:25:44","modified_gmt":"2023-03-31T12:25:44","slug":"okna-europejskie","status":"publish","type":"page","link":"https:\/\/debesto.com\/pl\/okna-europejskie\/","title":{"rendered":"Okna europejskie"},"content":{"rendered":"\n<div style=\"height:20px\" aria-hidden=\"true\" class=\"wp-block-spacer\"><\/div>\n\n\n\n<figure class=\"wp-block-image size-large\"><img decoding=\"async\" width=\"1024\" height=\"256\" src=\"https:\/\/cdn.debesto.com\/web\/assets\/sites\/1\/2023\/03\/06085040\/baner-okna-europejskie-1024x256.jpg\" alt=\"baner okna europejskie\" class=\"wp-image-30871\" srcset=\"https:\/\/cdn.debesto.com\/web\/assets\/sites\/1\/2023\/03\/06085040\/baner-okna-europejskie-1024x256.jpg 1024w, https:\/\/cdn.debesto.com\/web\/assets\/sites\/1\/2023\/03\/06085040\/baner-okna-europejskie-300x75.jpg 300w, https:\/\/cdn.debesto.com\/web\/assets\/sites\/1\/2023\/03\/06085040\/baner-okna-europejskie-768x192.jpg 768w, https:\/\/cdn.debesto.com\/web\/assets\/sites\/1\/2023\/03\/06085040\/baner-okna-europejskie.jpg 1200w\" sizes=\"(max-width: 1024px) 100vw, 1024px\" \/><\/figure>\n\n\n\n<div style=\"height:20px\" aria-hidden=\"true\" class=\"wp-block-spacer\"><\/div>\n\n\n\n<h4 class=\"wp-block-heading\"><strong>Na rynku globalnym systemy europejskie ciesz\u0105 si\u0119 renom\u0105. Zastanawiasz si\u0119 pewnie, co sprawia, \u017ce systemy te s\u0105 tak szczeg\u00f3lnie uwielbiane \u2014 po przeczytaniu poni\u017cszego wpisu zapewne zrozumiesz ich fenomen.<\/strong><\/h4>\n\n\n\n<div style=\"height:40px\" aria-hidden=\"true\" class=\"wp-block-spacer\"><\/div>\n\n\n\n<h2 class=\"wp-block-heading\">Po przeczytaniu artyku\u0142u dowiesz si\u0119:<\/h2>\n\n\n\n<div style=\"height:20px\" aria-hidden=\"true\" class=\"wp-block-spacer\"><\/div>\n\n\n\n<ul class=\"wp-block-list\"><li><a href=\"#Europejskie-okna-czyli-jakie\" target=\"_blank\" rel=\"noreferrer noopener\">Jak powszechnie nazywa si\u0119 okna europejskie i dlaczego otwieraj\u0105 si\u0119 na dwa sposoby<\/a><\/li><li><a href=\"#Czy-okna-europejskie-s\u0105-lepszym-wyborem-ni\u017c-ameryka\u0144skie\" target=\"_blank\" rel=\"noreferrer noopener\">Czy okna europejskie s\u0105 lepsze od ameryka\u0144skich oraz jaki jest ich koszt<\/a><\/li><li><a href=\"#Czy-europejskie-okna-mo\u017cna-kupi\u0107-w-Stanach-Zjednoczonych\">Czy mo\u017cesz zakupi\u0107 okna europejskie w Stanach<\/a><\/li><\/ul>\n\n\n\n<div style=\"height:40px\" aria-hidden=\"true\" class=\"wp-block-spacer\"><\/div>\n\n\n\n<h2 class=\"wp-block-heading\" id=\"Europejskie-okna-czyli-jakie\">Europejskie okna \u2014 czyli jakie?<\/h2>\n\n\n\n<div style=\"height:20px\" aria-hidden=\"true\" class=\"wp-block-spacer\"><\/div>\n\n\n\n<p>Okna europejskie s\u0105 globalnie rozumiane jako okna <strong>uchylno-rozwierne<\/strong>. W przeciwie\u0144stwie do np. casement\u00f3w otwieraj\u0105cych si\u0119 tylko na zewn\u0105trz lub sash otwieranych g\u00f3ra-d\u00f3\u0142, kt\u00f3re s\u0105 popularne w krajach anglosaskich, systemy europejskie maj\u0105 <strong>dwa podstawowe warianty<\/strong>: <strong>otwieraj\u0105 si\u0119 do wewn\u0105trz<\/strong> lub <strong>odchylaj\u0105 na zewn\u0105trz<\/strong>. Europa s\u0142ynie te\u017c z zaawansowanych technicznie tarasowych okien przesuwnych.<\/p>\n\n\n\n<div style=\"height:50px\" aria-hidden=\"true\" class=\"wp-block-spacer\"><\/div>\n\n\n\n<div class=\"wp-block-columns are-vertically-aligned-top is-layout-flex wp-container-core-columns-is-layout-1 wp-block-columns-is-layout-flex\">\n<div class=\"wp-block-column is-vertically-aligned-top is-layout-flow wp-block-column-is-layout-flow\">\n<h2 class=\"wp-block-heading\" id=\"naglowek-2\">Dlaczego europejskie okna otwieraj\u0105 si\u0119 do \u015brodka?<\/h2>\n\n\n\n<div style=\"height:20px\" aria-hidden=\"true\" class=\"wp-block-spacer\"><\/div>\n\n\n\n<p>Pierwsze okucia uchylno-rozwierne do okien zosta\u0142y zaprojektowane w Niemczech w latach 50 ubieg\u0142ego wieku. Okna uchylno-rozwierne zacz\u0119\u0142y wtedy zast\u0119powa\u0107 powszechnie stosowane konstrukcje, tj. dwa okna z pojedyncz\u0105 szyb\u0105 montowane jedno przed drugim i otwieranych oddzielnie co by\u0142o do\u015b\u0107 problematyczne. Systemy uchylno-rozwierne mia\u0142y przewag\u0119, dlatego, \u017ce by\u0142o to <strong>jedno okno<\/strong>,<strong> kt\u00f3re \u0142atwo by\u0142o otworzy\u0107<\/strong>, jego <strong>podw\u00f3jna szyba skutecznie chroni\u0142a przed zimnem<\/strong>, a uchylenie dodatkowo umo\u017cliwia\u0142o szybkie wietrzenie pomieszczenia.&nbsp;<\/p>\n<\/div>\n\n\n\n<div class=\"wp-block-column is-vertically-aligned-top is-layout-flow wp-block-column-is-layout-flow\" style=\"flex-basis:10%\"><\/div>\n\n\n\n<div class=\"wp-block-column is-vertically-aligned-top is-layout-flow wp-block-column-is-layout-flow\">\n<figure class=\"wp-block-image size-large\"><img decoding=\"async\" width=\"1024\" height=\"728\" src=\"https:\/\/cdn.debesto.com\/web\/assets\/sites\/1\/2023\/03\/06085039\/sposoby_otwierania_okien_rozwierno-uchylnych_tilt_and_turn-1024x728.jpg\" alt=\"sposoby otwierania okien rozwierno-uchylnych tilt and turn\" class=\"wp-image-30874\" srcset=\"https:\/\/cdn.debesto.com\/web\/assets\/sites\/1\/2023\/03\/06085039\/sposoby_otwierania_okien_rozwierno-uchylnych_tilt_and_turn-1024x728.jpg 1024w, https:\/\/cdn.debesto.com\/web\/assets\/sites\/1\/2023\/03\/06085039\/sposoby_otwierania_okien_rozwierno-uchylnych_tilt_and_turn-300x213.jpg 300w, https:\/\/cdn.debesto.com\/web\/assets\/sites\/1\/2023\/03\/06085039\/sposoby_otwierania_okien_rozwierno-uchylnych_tilt_and_turn-768x546.jpg 768w, https:\/\/cdn.debesto.com\/web\/assets\/sites\/1\/2023\/03\/06085039\/sposoby_otwierania_okien_rozwierno-uchylnych_tilt_and_turn.jpg 1420w\" sizes=\"(max-width: 1024px) 100vw, 1024px\" \/><\/figure>\n<\/div>\n<\/div>\n\n\n\n<div style=\"height:40px\" aria-hidden=\"true\" class=\"wp-block-spacer\"><\/div>\n\n\n\n<h2 class=\"wp-block-heading\" id=\"Czy-okna-europejskie-s\u0105-lepszym-wyborem-ni\u017c-ameryka\u0144skie\">Czy okna europejskie s\u0105 lepszym wyborem ni\u017c ameryka\u0144skie?&nbsp;<\/h2>\n\n\n\n<div style=\"height:20px\" aria-hidden=\"true\" class=\"wp-block-spacer\"><\/div>\n\n\n\n<p>Naszym zdaniem \u2014 zazwyczaj tak. Jedynym zastrze\u017ceniem, jest fakt, \u017ce <strong>nie wszystkie europejskie produkty odpowiadaj\u0105 normom danego stanu<\/strong>, mimo tego warto wzi\u0105\u0107 pod uwag\u0119 europejskie okna, kt\u00f3re<strong> gwarantuj\u0105<\/strong>:<\/p>\n\n\n\n<div style=\"height:15px\" aria-hidden=\"true\" class=\"wp-block-spacer\"><\/div>\n\n\n\n<ul class=\"wp-block-list\"><li><strong>trwa\u0142o\u015b\u0107 i odporno\u015b\u0107 na warunki atmosferyczne czy zarysowania przez wiele lat<\/strong><\/li><li><strong>bogaty wyb\u00f3r rozwi\u0105za\u0144 <\/strong>(np. okna rozwierno-uchylne, harmonijkowe, sta\u0142e)&nbsp;<\/li><li><strong>\u0142atwiejsz\u0105 i skuteczniejsz\u0105 wentylacj\u0119&nbsp;<\/strong><\/li><li><strong>korzystniejsze parametry termiczne&nbsp;<\/strong><\/li><li><strong>wi\u0119ksz\u0105 d\u017awi\u0119koszczelno\u015b\u0107, wodoodporno\u015b\u0107 oraz bezpiecze\u0144stwo<\/strong><\/li><li><strong>mo\u017cliwo\u015b\u0107 wykonania du\u017cej konstrukcji czy personalizacji,<\/strong> m.in. ukrycie skrzyd\u0142a&nbsp;<\/li><li><strong>estetyczne dopasowanie do wielu styl\u00f3w architektonicznych<\/strong><\/li><li><strong>\u0142atwiejsz\u0105 konserwacj\u0119 i czyszczenie<\/strong><\/li><li><strong>otwieranie bez wysi\u0142ku i ryzyka<\/strong><\/li><\/ul>\n\n\n\n<div style=\"height:40px\" aria-hidden=\"true\" class=\"wp-block-spacer\"><\/div>\n\n\n\n<div class=\"wp-block-buttons is-layout-flex wp-block-buttons-is-layout-flex\">\n<div class=\"wp-block-button aligncenter\"><a class=\"wp-block-button__link has-vivid-red-background-color has-background\" href=\"https:\/\/debesto.com\/pl\/blog\/parametry-okienne-rynek-europejski-a-amerykanski\/\" style=\"border-radius:0px\" target=\"_blank\" rel=\"noreferrer noopener\"><strong>Nie wiesz, jak oceni\u0107 jako\u015b\u0107 europejskiego okna? Zobacz nasz artyku\u0142<\/strong><\/a><\/div>\n<\/div>\n\n\n\n<div style=\"height:70px\" aria-hidden=\"true\" class=\"wp-block-spacer\"><\/div>\n\n\n\n<div class=\"wp-block-columns are-vertically-aligned-top is-layout-flex wp-container-core-columns-is-layout-2 wp-block-columns-is-layout-flex\">\n<div class=\"wp-block-column is-vertically-aligned-top is-layout-flow wp-block-column-is-layout-flow\">\n<h2 class=\"wp-block-heading\" id=\"naglowek-2\">Ceny europejskich okien<\/h2>\n\n\n\n<div style=\"height:20px\" aria-hidden=\"true\" class=\"wp-block-spacer\"><\/div>\n\n\n\n<p>Bazuj\u0105c na kosztach <strong>polskich okien<\/strong>, kt\u00f3re na rynku europejskim wyr\u00f3\u017cniaj\u0105 si\u0119 <strong>nisk\u0105 cen\u0105<\/strong>, a <strong>zarazem wysok\u0105 jako\u015bci\u0105<\/strong>, okna europejskie s\u0105<strong> nawet do 40% ta\u0144sze ni\u017c systemy ameryka\u0144skie<\/strong>. Jak wygl\u0105da por\u00f3wnanie cen w praktyce? Dla przyk\u0142adu wybierzmy okno przesuwne na taras, w Polsce za konstrukcj\u0119 60 \u00d7 80 st\u00f3p zap\u0142acisz za 949$, natomiast w Stanach <strong>\u015bredni koszt<\/strong> takiego okna to <strong>ponad 2000$<\/strong>!<\/p>\n<\/div>\n\n\n\n<div class=\"wp-block-column is-vertically-aligned-top is-layout-flow wp-block-column-is-layout-flow\" style=\"flex-basis:10%\"><\/div>\n\n\n\n<div class=\"wp-block-column is-vertically-aligned-top is-layout-flow wp-block-column-is-layout-flow\">\n<figure class=\"wp-block-image size-large\"><img decoding=\"async\" width=\"1024\" height=\"1021\" src=\"https:\/\/cdn.debesto.com\/web\/assets\/sites\/1\/2022\/09\/06085359\/usa-pl-ceny-1024x1021.jpg\" alt=\"Cheaper windows from export\" class=\"wp-image-23719\" srcset=\"https:\/\/cdn.debesto.com\/web\/assets\/sites\/1\/2022\/09\/06085359\/usa-pl-ceny-1024x1021.jpg 1024w, https:\/\/cdn.debesto.com\/web\/assets\/sites\/1\/2022\/09\/06085359\/usa-pl-ceny-300x300.jpg 300w, https:\/\/cdn.debesto.com\/web\/assets\/sites\/1\/2022\/09\/06085359\/usa-pl-ceny-150x150.jpg 150w, https:\/\/cdn.debesto.com\/web\/assets\/sites\/1\/2022\/09\/06085359\/usa-pl-ceny-768x766.jpg 768w, https:\/\/cdn.debesto.com\/web\/assets\/sites\/1\/2022\/09\/06085359\/usa-pl-ceny-1536x1531.jpg 1536w, https:\/\/cdn.debesto.com\/web\/assets\/sites\/1\/2022\/09\/06085359\/usa-pl-ceny-2048x2041.jpg 2048w\" sizes=\"(max-width: 1024px) 100vw, 1024px\" \/><\/figure>\n<\/div>\n<\/div>\n\n\n\n<div style=\"height:40px\" aria-hidden=\"true\" class=\"wp-block-spacer\"><\/div>\n\n\n<article class=\"post post--tile\">\n  <div class=\"post__image\">\n    <figure class=\"\">\n      <img decoding=\"async\" class=\"\" src=\"https:\/\/cdn.debesto.com\/web\/assets\/sites\/1\/2022\/11\/06085224\/wiecej-informacji-4.png\" alt=\"Aluplast 85 MM wizualizacja\"\/>\n    <\/figure>\n  <\/div>\n  <div class=\"post__content\">\n    <h2><a href=\"https:\/\/debesto.com\/pl\/blog\/okna-amerykanskie-vs-europejskie-czym-sie-roznia\/\" title=\"EU vs US\">Okna ameryka\u0144skie vs europejskie \u2014 czym si\u0119 r\u00f3\u017cni\u0105?<\/a><\/h2>\n        <p>Je\u015bli chcesz bardziej zag\u0142\u0119bi\u0107 si\u0119 w r\u00f3\u017cnice mi\u0119dzy oknami ameryka\u0144skimi i europejskimi oraz pozna\u0107 opinie naszych klient\u00f3w na temat tych system\u00f3w, przeczytaj nasz\u0105 analiz\u0119.<\/p>\n        <a href=\"https:\/\/debesto.com\/pl\/blog\/okna-amerykanskie-vs-europejskie-czym-sie-roznia\/\" class=\"btn btn--fill\" title=\"EU vs US\"><span>EU vs US<\/span><\/a>\n  <\/div>\n<\/article>\n\n\n<div style=\"height:40px\" aria-hidden=\"true\" class=\"wp-block-spacer\"><\/div>\n\n\n\n<h2 class=\"wp-block-heading\" id=\"Czy-europejskie-okna-mo\u017cna-kupi\u0107-w-Stanach-Zjednoczonych\">Czy europejskie okna mo\u017cna kupi\u0107 w Stanach Zjednoczonych?<\/h2>\n\n\n\n<div style=\"height:20px\" aria-hidden=\"true\" class=\"wp-block-spacer\"><\/div>\n\n\n\n<p>Kupno europejskich system\u00f3w w Stanach jest mo\u017cliwe, lecz na og\u00f3\u0142 jest to nieop\u0142acalne. Okna cz\u0119sto <strong>importowane s\u0105 bezpo\u015brednio z Europy<\/strong>, a <strong>ich cena wzrasta<\/strong>, bo wliczane s\u0105 <strong>koszty<\/strong> m.in.<strong> zwi\u0105zane z transportem i magazynowaniem na terenie USA<\/strong>. W Stanach znajdziesz te\u017c profile, kt\u00f3re maj\u0105<strong> imitowa\u0107<\/strong> \u201e<strong>styl europejski<\/strong>\u201d, ale zazwyczaj <strong>nie oddaj\u0105 jako\u015bci <\/strong>system\u00f3w produkowanych w Europie \u2014 przy wyborze takich okien zwyczajnie <strong>przep\u0142acisz<\/strong>.<\/p>\n\n\n\n<div style=\"height:50px\" aria-hidden=\"true\" class=\"wp-block-spacer\"><\/div>\n\n\n\n<h3 class=\"has-text-align-center wp-block-heading\">Zastanawiasz si\u0119 nad importem bezpo\u015brednio z Europy? Skonsultuj si\u0119, czy w Twoim przypadku jest to op\u0142acalne. <\/h3>\n\n\n\n<div style=\"height:20px\" aria-hidden=\"true\" class=\"wp-block-spacer\"><\/div>\n\n\n\n<div class=\"wp-block-buttons is-content-justification-center is-layout-flex wp-container-core-buttons-is-layout-2 wp-block-buttons-is-layout-flex\">\n<div class=\"wp-block-button\"><a class=\"wp-block-button__link has-vivid-red-background-color has-background\" href=\"https:\/\/debesto.com\/pl\/szybki-kontakt\/\" style=\"border-radius:0px\" target=\"_blank\" rel=\"noreferrer noopener\"><strong>Um\u00f3w si\u0119 na spotkanie z duetem naszych ekspert\u00f3w \u2014 konsultantem biznesowym i technologiem<\/strong><\/a><\/div>\n<\/div>\n\n\n\n<div style=\"height:21px\" aria-hidden=\"true\" class=\"wp-block-spacer\"><\/div>\n","protected":false},"excerpt":{"rendered":"<p>Na rynku globalnym systemy europejskie ciesz\u0105 si\u0119 renom\u0105. Zastanawiasz si\u0119 pewnie, co sprawia, \u017ce systemy te s\u0105 tak szczeg\u00f3lnie uwielbiane \u2014 po przeczytaniu poni\u017cszego wpisu zapewne zrozumiesz ich fenomen. Po przeczytaniu artyku\u0142u dowiesz si\u0119: Jak powszechnie nazywa si\u0119 okna europejskie i dlaczego otwieraj\u0105 si\u0119 na dwa sposoby Czy okna europejskie s\u0105 lepsze od ameryka\u0144skich oraz [&hellip;]<\/p>\n","protected":false},"author":32,"featured_media":0,"parent":0,"menu_order":16,"comment_status":"closed","ping_status":"closed","template":"controllers\/page-gutenberg.php","meta":{"_acf_changed":false,"_uag_custom_page_level_css":"","footnotes":""},"class_list":["post-28867","page","type-page","status-publish","hentry"],"acf":[],"yoast_head":"<!-- This site is optimized with the Yoast SEO plugin v25.6 - https:\/\/yoast.com\/wordpress\/plugins\/seo\/ -->\n<title>Okna europejskie | debesto.com<\/title>\n<meta name=\"description\" content=\"Interesuj\u0105 ci\u0119 europejskie okna? A mo\u017ce zastanawiasz si\u0119 nad ich importem? Sprawd\u017a, dlaczego si\u0119 to op\u0142aca.\" \/>\n<meta name=\"robots\" content=\"index, follow, max-snippet:-1, max-image-preview:large, max-video-preview:-1\" \/>\n<link rel=\"canonical\" href=\"https:\/\/debesto.com\/pl\/okna-europejskie\/\" \/>\n<meta property=\"og:locale\" content=\"pl_PL\" \/>\n<meta property=\"og:type\" content=\"article\" \/>\n<meta property=\"og:title\" content=\"Okna europejskie | debesto.com\" \/>\n<meta property=\"og:description\" content=\"Interesuj\u0105 ci\u0119 europejskie okna? A mo\u017ce zastanawiasz si\u0119 nad ich importem? Sprawd\u017a, dlaczego si\u0119 to op\u0142aca.\" \/>\n<meta property=\"og:url\" content=\"https:\/\/debesto.com\/pl\/okna-europejskie\/\" \/>\n<meta property=\"og:site_name\" content=\"debesto (PL)\" \/>\n<meta property=\"article:modified_time\" content=\"2023-03-31T12:25:44+00:00\" \/>\n<meta property=\"og:image\" content=\"https:\/\/debesto.com\/pl\/wp-content\/uploads\/sites\/1\/2023\/03\/baner-okna-europejskie-1024x256.jpg\" \/>\n<meta name=\"twitter:card\" content=\"summary_large_image\" \/>\n<meta name=\"twitter:label1\" content=\"Szacowany czas czytania\" \/>\n\t<meta name=\"twitter:data1\" content=\"4 minuty\" \/>\n<script type=\"application\/ld+json\" class=\"yoast-schema-graph\">{\"@context\":\"https:\/\/schema.org\",\"@graph\":[{\"@type\":\"WebPage\",\"@id\":\"https:\/\/debesto.com\/pl\/okna-europejskie\/\",\"url\":\"https:\/\/debesto.com\/pl\/okna-europejskie\/\",\"name\":\"Okna europejskie | debesto.com\",\"isPartOf\":{\"@id\":\"https:\/\/debesto.com\/pl\/#website\"},\"primaryImageOfPage\":{\"@id\":\"https:\/\/debesto.com\/pl\/okna-europejskie\/#primaryimage\"},\"image\":{\"@id\":\"https:\/\/debesto.com\/pl\/okna-europejskie\/#primaryimage\"},\"thumbnailUrl\":\"https:\/\/debesto.com\/pl\/wp-content\/uploads\/sites\/1\/2023\/03\/baner-okna-europejskie-1024x256.jpg\",\"datePublished\":\"2023-02-20T11:42:57+00:00\",\"dateModified\":\"2023-03-31T12:25:44+00:00\",\"description\":\"Interesuj\u0105 ci\u0119 europejskie okna? A mo\u017ce zastanawiasz si\u0119 nad ich importem? Sprawd\u017a, dlaczego si\u0119 to op\u0142aca.\",\"breadcrumb\":{\"@id\":\"https:\/\/debesto.com\/pl\/okna-europejskie\/#breadcrumb\"},\"inLanguage\":\"pl-PL\",\"potentialAction\":[{\"@type\":\"ReadAction\",\"target\":[\"https:\/\/debesto.com\/pl\/okna-europejskie\/\"]}]},{\"@type\":\"ImageObject\",\"inLanguage\":\"pl-PL\",\"@id\":\"https:\/\/debesto.com\/pl\/okna-europejskie\/#primaryimage\",\"url\":\"https:\/\/cdn.debesto.com\/web\/assets\/sites\/1\/2023\/03\/06085040\/baner-okna-europejskie.jpg\",\"contentUrl\":\"https:\/\/cdn.debesto.com\/web\/assets\/sites\/1\/2023\/03\/06085040\/baner-okna-europejskie.jpg\",\"width\":1200,\"height\":300,\"caption\":\"baner okna europejskie\"},{\"@type\":\"BreadcrumbList\",\"@id\":\"https:\/\/debesto.com\/pl\/okna-europejskie\/#breadcrumb\",\"itemListElement\":[{\"@type\":\"ListItem\",\"position\":1,\"name\":\"Strona g\u0142\u00f3wna\",\"item\":\"https:\/\/debesto.com\/pl\/\"},{\"@type\":\"ListItem\",\"position\":2,\"name\":\"Okna europejskie\"}]},{\"@type\":\"WebSite\",\"@id\":\"https:\/\/debesto.com\/pl\/#website\",\"url\":\"https:\/\/debesto.com\/pl\/\",\"name\":\"debesto (PL)\",\"description\":\"\",\"publisher\":{\"@id\":\"https:\/\/debesto.com\/pl\/#organization\"},\"potentialAction\":[{\"@type\":\"SearchAction\",\"target\":{\"@type\":\"EntryPoint\",\"urlTemplate\":\"https:\/\/debesto.com\/pl\/?s={search_term_string}\"},\"query-input\":{\"@type\":\"PropertyValueSpecification\",\"valueRequired\":true,\"valueName\":\"search_term_string\"}}],\"inLanguage\":\"pl-PL\"},{\"@type\":\"Organization\",\"@id\":\"https:\/\/debesto.com\/pl\/#organization\",\"name\":\"debesto.com\",\"url\":\"https:\/\/debesto.com\/pl\/\",\"logo\":{\"@type\":\"ImageObject\",\"inLanguage\":\"pl-PL\",\"@id\":\"https:\/\/debesto.com\/pl\/#\/schema\/logo\/image\/\",\"url\":\"https:\/\/cdn.debesto.com\/web\/assets\/sites\/1\/2019\/12\/06090155\/debesto_kwadrat.jpg\",\"contentUrl\":\"https:\/\/cdn.debesto.com\/web\/assets\/sites\/1\/2019\/12\/06090155\/debesto_kwadrat.jpg\",\"width\":512,\"height\":512,\"caption\":\"debesto.com\"},\"image\":{\"@id\":\"https:\/\/debesto.com\/pl\/#\/schema\/logo\/image\/\"}}]}<\/script>\n<!-- \/ Yoast SEO plugin. -->","yoast_head_json":{"title":"Okna europejskie | debesto.com","description":"Interesuj\u0105 ci\u0119 europejskie okna? A mo\u017ce zastanawiasz si\u0119 nad ich importem? Sprawd\u017a, dlaczego si\u0119 to op\u0142aca.","robots":{"index":"index","follow":"follow","max-snippet":"max-snippet:-1","max-image-preview":"max-image-preview:large","max-video-preview":"max-video-preview:-1"},"canonical":"https:\/\/debesto.com\/pl\/okna-europejskie\/","og_locale":"pl_PL","og_type":"article","og_title":"Okna europejskie | debesto.com","og_description":"Interesuj\u0105 ci\u0119 europejskie okna? A mo\u017ce zastanawiasz si\u0119 nad ich importem? Sprawd\u017a, dlaczego si\u0119 to op\u0142aca.","og_url":"https:\/\/debesto.com\/pl\/okna-europejskie\/","og_site_name":"debesto (PL)","article_modified_time":"2023-03-31T12:25:44+00:00","og_image":[{"url":"https:\/\/debesto.com\/pl\/wp-content\/uploads\/sites\/1\/2023\/03\/baner-okna-europejskie-1024x256.jpg","type":"","width":"","height":""}],"twitter_card":"summary_large_image","twitter_misc":{"Szacowany czas czytania":"4 minuty"},"schema":{"@context":"https:\/\/schema.org","@graph":[{"@type":"WebPage","@id":"https:\/\/debesto.com\/pl\/okna-europejskie\/","url":"https:\/\/debesto.com\/pl\/okna-europejskie\/","name":"Okna europejskie | debesto.com","isPartOf":{"@id":"https:\/\/debesto.com\/pl\/#website"},"primaryImageOfPage":{"@id":"https:\/\/debesto.com\/pl\/okna-europejskie\/#primaryimage"},"image":{"@id":"https:\/\/debesto.com\/pl\/okna-europejskie\/#primaryimage"},"thumbnailUrl":"https:\/\/debesto.com\/pl\/wp-content\/uploads\/sites\/1\/2023\/03\/baner-okna-europejskie-1024x256.jpg","datePublished":"2023-02-20T11:42:57+00:00","dateModified":"2023-03-31T12:25:44+00:00","description":"Interesuj\u0105 ci\u0119 europejskie okna? A mo\u017ce zastanawiasz si\u0119 nad ich importem? Sprawd\u017a, dlaczego si\u0119 to op\u0142aca.","breadcrumb":{"@id":"https:\/\/debesto.com\/pl\/okna-europejskie\/#breadcrumb"},"inLanguage":"pl-PL","potentialAction":[{"@type":"ReadAction","target":["https:\/\/debesto.com\/pl\/okna-europejskie\/"]}]},{"@type":"ImageObject","inLanguage":"pl-PL","@id":"https:\/\/debesto.com\/pl\/okna-europejskie\/#primaryimage","url":"https:\/\/cdn.debesto.com\/web\/assets\/sites\/1\/2023\/03\/06085040\/baner-okna-europejskie.jpg","contentUrl":"https:\/\/cdn.debesto.com\/web\/assets\/sites\/1\/2023\/03\/06085040\/baner-okna-europejskie.jpg","width":1200,"height":300,"caption":"baner okna europejskie"},{"@type":"BreadcrumbList","@id":"https:\/\/debesto.com\/pl\/okna-europejskie\/#breadcrumb","itemListElement":[{"@type":"ListItem","position":1,"name":"Strona g\u0142\u00f3wna","item":"https:\/\/debesto.com\/pl\/"},{"@type":"ListItem","position":2,"name":"Okna europejskie"}]},{"@type":"WebSite","@id":"https:\/\/debesto.com\/pl\/#website","url":"https:\/\/debesto.com\/pl\/","name":"debesto (PL)","description":"","publisher":{"@id":"https:\/\/debesto.com\/pl\/#organization"},"potentialAction":[{"@type":"SearchAction","target":{"@type":"EntryPoint","urlTemplate":"https:\/\/debesto.com\/pl\/?s={search_term_string}"},"query-input":{"@type":"PropertyValueSpecification","valueRequired":true,"valueName":"search_term_string"}}],"inLanguage":"pl-PL"},{"@type":"Organization","@id":"https:\/\/debesto.com\/pl\/#organization","name":"debesto.com","url":"https:\/\/debesto.com\/pl\/","logo":{"@type":"ImageObject","inLanguage":"pl-PL","@id":"https:\/\/debesto.com\/pl\/#\/schema\/logo\/image\/","url":"https:\/\/cdn.debesto.com\/web\/assets\/sites\/1\/2019\/12\/06090155\/debesto_kwadrat.jpg","contentUrl":"https:\/\/cdn.debesto.com\/web\/assets\/sites\/1\/2019\/12\/06090155\/debesto_kwadrat.jpg","width":512,"height":512,"caption":"debesto.com"},"image":{"@id":"https:\/\/debesto.com\/pl\/#\/schema\/logo\/image\/"}}]}},"uagb_featured_image_src":{"full":false,"thumbnail":false,"medium":false,"medium_large":false,"large":false,"1536x1536":false,"2048x2048":false},"uagb_author_info":{"display_name":"oklonowska","author_link":"https:\/\/debesto.com\/pl\/author\/oklonowska\/"},"uagb_comment_info":0,"uagb_excerpt":"Na rynku globalnym systemy europejskie ciesz\u0105 si\u0119 renom\u0105. Zastanawiasz si\u0119 pewnie, co sprawia, \u017ce systemy te s\u0105 tak szczeg\u00f3lnie uwielbiane \u2014 po przeczytaniu poni\u017cszego wpisu zapewne zrozumiesz ich fenomen. Po przeczytaniu artyku\u0142u dowiesz si\u0119: Jak powszechnie nazywa si\u0119 okna europejskie i dlaczego otwieraj\u0105 si\u0119 na dwa sposoby Czy okna europejskie s\u0105 lepsze od ameryka\u0144skich oraz&hellip;","_links":{"self":[{"href":"https:\/\/debesto.com\/pl\/wp-json\/wp\/v2\/pages\/28867","targetHints":{"allow":["GET"]}}],"collection":[{"href":"https:\/\/debesto.com\/pl\/wp-json\/wp\/v2\/pages"}],"about":[{"href":"https:\/\/debesto.com\/pl\/wp-json\/wp\/v2\/types\/page"}],"author":[{"embeddable":true,"href":"https:\/\/debesto.com\/pl\/wp-json\/wp\/v2\/users\/32"}],"replies":[{"embeddable":true,"href":"https:\/\/debesto.com\/pl\/wp-json\/wp\/v2\/comments?post=28867"}],"version-history":[{"count":62,"href":"https:\/\/debesto.com\/pl\/wp-json\/wp\/v2\/pages\/28867\/revisions"}],"predecessor-version":[{"id":30877,"href":"https:\/\/debesto.com\/pl\/wp-json\/wp\/v2\/pages\/28867\/revisions\/30877"}],"wp:attachment":[{"href":"https:\/\/debesto.com\/pl\/wp-json\/wp\/v2\/media?parent=28867"}],"curies":[{"name":"wp","href":"https:\/\/api.w.org\/{rel}","templated":true}]}}