{"id":28836,"date":"2023-02-15T13:22:56","date_gmt":"2023-02-15T12:22:56","guid":{"rendered":"https:\/\/debesto.com\/pl\/okna-aluminiowe-aluprof-2\/"},"modified":"2025-03-10T13:26:02","modified_gmt":"2025-03-10T12:26:02","slug":"okna-aluminiowe-cortizo","status":"publish","type":"page","link":"https:\/\/debesto.com\/pl\/okna-aluminiowe-cortizo\/","title":{"rendered":"Okna Aluminiowe Cortizo"},"content":{"rendered":"\n<div style=\"height:20px\" aria-hidden=\"true\" class=\"wp-block-spacer\"><\/div>\n\n\n\n<h4 class=\"wp-block-heading\"><strong>Cortizo to do\u015bwiadczony hiszpa\u0144ski producent okien aluminiowych i PCV. Profile firmy \u015bwietnie sprawdz\u0105 w budynkach mieszkalnych, ale te\u017c w przemys\u0142owych. Asortyment Cortizo zawiera wiele trwa\u0142ych, a jednocze\u015bnie stylowych system\u00f3w.&nbsp;<\/strong><\/h4>\n\n\n\n<div style=\"height:40px\" aria-hidden=\"true\" class=\"wp-block-spacer\"><\/div>\n\n\n\n<p style=\"font-size:18px\">Czas jest cenny i warto, jest wykorzysta\u0107 go na co\u015b przyjemniejszego ni\u017c b\u0142\u0105dzenie po profilach okiennych i ich wariantach. Z tego powodu chcemy w <strong>przejrzysty spos\u00f3b przytoczy\u0107 Ci ofert\u0119 tego producenta<\/strong>, aby\u015b szybko odszuka\u0142 odpowiedni produkt.<\/p>\n\n\n\n<div class=\"wp-block-image\"><figure class=\"aligncenter size-full is-resized\"><a href=\"https:\/\/debesto.com\/pl\/okna\/okna-aluminiowe\/?brand=cortizo\"><img decoding=\"async\" src=\"https:\/\/cdn.debesto.com\/web\/assets\/sites\/1\/2023\/02\/06085130\/logo-cortizo.png\" alt=\"logo cortizo\" class=\"wp-image-28414\" width=\"510\" height=\"197\" srcset=\"https:\/\/cdn.debesto.com\/web\/assets\/sites\/1\/2023\/02\/06085130\/logo-cortizo.png 1024w, https:\/\/cdn.debesto.com\/web\/assets\/sites\/1\/2023\/02\/06085130\/logo-cortizo-300x115.png 300w, https:\/\/cdn.debesto.com\/web\/assets\/sites\/1\/2023\/02\/06085130\/logo-cortizo-768x296.png 768w\" sizes=\"(max-width: 510px) 100vw, 510px\" \/><\/a><\/figure><\/div>\n\n\n\n<div style=\"height:20px\" aria-hidden=\"true\" class=\"wp-block-spacer\"><\/div>\n\n\n<article class=\"post post--tile\">\n  <div class=\"post__image\">\n    <figure class=\"\">\n      <img decoding=\"async\" class=\"\" src=\"https:\/\/cdn.debesto.com\/web\/assets\/sites\/1\/2021\/07\/06085639\/847.2-1.jpg\" alt=\"Aluminiowe drzwi podnoszono-przesuwne Cortizo 4600 HI IT\"\/>\n    <\/figure>\n  <\/div>\n  <div class=\"post__content\">\n    <h2><a href=\"https:\/\/debesto.com\/pl\/okna\/okna-aluminiowe\/?brand=cortizo\" title=\"Przejrzyj list\u0119 dost\u0119pnych system\u00f3w\">Szukasz dobrego okna aluminiowego?<\/a><\/h2>\n        <p>W bogatej ofercie Cortizo znajdziesz co\u015b dla siebie<\/p>\n        <a href=\"https:\/\/debesto.com\/pl\/okna\/okna-aluminiowe\/?brand=cortizo\" class=\"btn btn--fill\" title=\"Przejrzyj list\u0119 dost\u0119pnych system\u00f3w\"><span>Przejrzyj list\u0119 dost\u0119pnych system\u00f3w<\/span><\/a>\n  <\/div>\n<\/article>","protected":false},"excerpt":{"rendered":"<p>Cortizo to do\u015bwiadczony hiszpa\u0144ski producent okien aluminiowych i PCV. Profile firmy \u015bwietnie sprawdz\u0105 w budynkach mieszkalnych, ale te\u017c w przemys\u0142owych. Asortyment Cortizo zawiera wiele trwa\u0142ych, a jednocze\u015bnie stylowych system\u00f3w.&nbsp; Czas jest cenny i warto, jest wykorzysta\u0107 go na co\u015b przyjemniejszego ni\u017c b\u0142\u0105dzenie po profilach okiennych i ich wariantach. Z tego powodu chcemy w przejrzysty spos\u00f3b [&hellip;]<\/p>\n","protected":false},"author":32,"featured_media":28447,"parent":0,"menu_order":17,"comment_status":"closed","ping_status":"closed","template":"controllers\/page-gutenberg.php","meta":{"_acf_changed":false,"_uag_custom_page_level_css":"","footnotes":""},"class_list":["post-28836","page","type-page","status-publish","has-post-thumbnail","hentry"],"acf":[],"yoast_head":"<!-- This site is optimized with the Yoast SEO plugin v25.6 - https:\/\/yoast.com\/wordpress\/plugins\/seo\/ -->\n<title>Okna Aluminiowe Cortizo | debesto.com<\/title>\n<meta name=\"description\" content=\"Chcesz szybko znale\u017a\u0107 okno aluminiowe dobrej jako\u015bci? Potrzebujesz nietypowych rozwi\u0105za\u0144? Produkty marki Cortizo sprostaj\u0105 Twoim wymaganiom.\" \/>\n<meta name=\"robots\" content=\"index, follow, max-snippet:-1, max-image-preview:large, max-video-preview:-1\" \/>\n<link rel=\"canonical\" href=\"https:\/\/debesto.com\/pl\/okna-aluminiowe-cortizo\/\" \/>\n<meta property=\"og:locale\" content=\"pl_PL\" \/>\n<meta property=\"og:type\" content=\"article\" \/>\n<meta property=\"og:title\" content=\"Okna Aluminiowe Cortizo | debesto.com\" \/>\n<meta property=\"og:description\" content=\"Chcesz szybko znale\u017a\u0107 okno aluminiowe dobrej jako\u015bci? Potrzebujesz nietypowych rozwi\u0105za\u0144? Produkty marki Cortizo sprostaj\u0105 Twoim wymaganiom.\" \/>\n<meta property=\"og:url\" content=\"https:\/\/debesto.com\/pl\/okna-aluminiowe-cortizo\/\" \/>\n<meta property=\"og:site_name\" content=\"debesto (PL)\" \/>\n<meta property=\"article:modified_time\" content=\"2025-03-10T12:26:02+00:00\" \/>\n<meta property=\"og:image\" content=\"https:\/\/cdn.debesto.com\/web\/assets\/sites\/1\/2023\/02\/06085130\/cortizobaner-1.jpg\" \/>\n\t<meta property=\"og:image:width\" content=\"1500\" \/>\n\t<meta property=\"og:image:height\" content=\"518\" \/>\n\t<meta property=\"og:image:type\" content=\"image\/jpeg\" \/>\n<meta name=\"twitter:card\" content=\"summary_large_image\" \/>\n<meta name=\"twitter:label1\" content=\"Szacowany czas czytania\" \/>\n\t<meta name=\"twitter:data1\" content=\"2 minuty\" \/>\n<script type=\"application\/ld+json\" class=\"yoast-schema-graph\">{\"@context\":\"https:\/\/schema.org\",\"@graph\":[{\"@type\":\"WebPage\",\"@id\":\"https:\/\/debesto.com\/pl\/okna-aluminiowe-cortizo\/\",\"url\":\"https:\/\/debesto.com\/pl\/okna-aluminiowe-cortizo\/\",\"name\":\"Okna Aluminiowe Cortizo | debesto.com\",\"isPartOf\":{\"@id\":\"https:\/\/debesto.com\/pl\/#website\"},\"primaryImageOfPage\":{\"@id\":\"https:\/\/debesto.com\/pl\/okna-aluminiowe-cortizo\/#primaryimage\"},\"image\":{\"@id\":\"https:\/\/debesto.com\/pl\/okna-aluminiowe-cortizo\/#primaryimage\"},\"thumbnailUrl\":\"https:\/\/cdn.debesto.com\/web\/assets\/sites\/1\/2023\/02\/06085130\/cortizobaner-1.jpg\",\"datePublished\":\"2023-02-15T12:22:56+00:00\",\"dateModified\":\"2025-03-10T12:26:02+00:00\",\"description\":\"Chcesz szybko znale\u017a\u0107 okno aluminiowe dobrej jako\u015bci? Potrzebujesz nietypowych rozwi\u0105za\u0144? Produkty marki Cortizo sprostaj\u0105 Twoim wymaganiom.\",\"breadcrumb\":{\"@id\":\"https:\/\/debesto.com\/pl\/okna-aluminiowe-cortizo\/#breadcrumb\"},\"inLanguage\":\"pl-PL\",\"potentialAction\":[{\"@type\":\"ReadAction\",\"target\":[\"https:\/\/debesto.com\/pl\/okna-aluminiowe-cortizo\/\"]}]},{\"@type\":\"ImageObject\",\"inLanguage\":\"pl-PL\",\"@id\":\"https:\/\/debesto.com\/pl\/okna-aluminiowe-cortizo\/#primaryimage\",\"url\":\"https:\/\/cdn.debesto.com\/web\/assets\/sites\/1\/2023\/02\/06085130\/cortizobaner-1.jpg\",\"contentUrl\":\"https:\/\/cdn.debesto.com\/web\/assets\/sites\/1\/2023\/02\/06085130\/cortizobaner-1.jpg\",\"width\":1500,\"height\":518,\"caption\":\"cortizo wizualizacja baner\"},{\"@type\":\"BreadcrumbList\",\"@id\":\"https:\/\/debesto.com\/pl\/okna-aluminiowe-cortizo\/#breadcrumb\",\"itemListElement\":[{\"@type\":\"ListItem\",\"position\":1,\"name\":\"Strona g\u0142\u00f3wna\",\"item\":\"https:\/\/debesto.com\/pl\/\"},{\"@type\":\"ListItem\",\"position\":2,\"name\":\"Okna Aluminiowe Cortizo\"}]},{\"@type\":\"WebSite\",\"@id\":\"https:\/\/debesto.com\/pl\/#website\",\"url\":\"https:\/\/debesto.com\/pl\/\",\"name\":\"debesto (PL)\",\"description\":\"\",\"publisher\":{\"@id\":\"https:\/\/debesto.com\/pl\/#organization\"},\"potentialAction\":[{\"@type\":\"SearchAction\",\"target\":{\"@type\":\"EntryPoint\",\"urlTemplate\":\"https:\/\/debesto.com\/pl\/?s={search_term_string}\"},\"query-input\":{\"@type\":\"PropertyValueSpecification\",\"valueRequired\":true,\"valueName\":\"search_term_string\"}}],\"inLanguage\":\"pl-PL\"},{\"@type\":\"Organization\",\"@id\":\"https:\/\/debesto.com\/pl\/#organization\",\"name\":\"debesto.com\",\"url\":\"https:\/\/debesto.com\/pl\/\",\"logo\":{\"@type\":\"ImageObject\",\"inLanguage\":\"pl-PL\",\"@id\":\"https:\/\/debesto.com\/pl\/#\/schema\/logo\/image\/\",\"url\":\"https:\/\/cdn.debesto.com\/web\/assets\/sites\/1\/2019\/12\/06090155\/debesto_kwadrat.jpg\",\"contentUrl\":\"https:\/\/cdn.debesto.com\/web\/assets\/sites\/1\/2019\/12\/06090155\/debesto_kwadrat.jpg\",\"width\":512,\"height\":512,\"caption\":\"debesto.com\"},\"image\":{\"@id\":\"https:\/\/debesto.com\/pl\/#\/schema\/logo\/image\/\"}}]}<\/script>\n<!-- \/ Yoast SEO plugin. -->","yoast_head_json":{"title":"Okna Aluminiowe Cortizo | debesto.com","description":"Chcesz szybko znale\u017a\u0107 okno aluminiowe dobrej jako\u015bci? Potrzebujesz nietypowych rozwi\u0105za\u0144? Produkty marki Cortizo sprostaj\u0105 Twoim wymaganiom.","robots":{"index":"index","follow":"follow","max-snippet":"max-snippet:-1","max-image-preview":"max-image-preview:large","max-video-preview":"max-video-preview:-1"},"canonical":"https:\/\/debesto.com\/pl\/okna-aluminiowe-cortizo\/","og_locale":"pl_PL","og_type":"article","og_title":"Okna Aluminiowe Cortizo | debesto.com","og_description":"Chcesz szybko znale\u017a\u0107 okno aluminiowe dobrej jako\u015bci? Potrzebujesz nietypowych rozwi\u0105za\u0144? Produkty marki Cortizo sprostaj\u0105 Twoim wymaganiom.","og_url":"https:\/\/debesto.com\/pl\/okna-aluminiowe-cortizo\/","og_site_name":"debesto (PL)","article_modified_time":"2025-03-10T12:26:02+00:00","og_image":[{"width":1500,"height":518,"url":"https:\/\/cdn.debesto.com\/web\/assets\/sites\/1\/2023\/02\/06085130\/cortizobaner-1.jpg","type":"image\/jpeg"}],"twitter_card":"summary_large_image","twitter_misc":{"Szacowany czas czytania":"2 minuty"},"schema":{"@context":"https:\/\/schema.org","@graph":[{"@type":"WebPage","@id":"https:\/\/debesto.com\/pl\/okna-aluminiowe-cortizo\/","url":"https:\/\/debesto.com\/pl\/okna-aluminiowe-cortizo\/","name":"Okna Aluminiowe Cortizo | debesto.com","isPartOf":{"@id":"https:\/\/debesto.com\/pl\/#website"},"primaryImageOfPage":{"@id":"https:\/\/debesto.com\/pl\/okna-aluminiowe-cortizo\/#primaryimage"},"image":{"@id":"https:\/\/debesto.com\/pl\/okna-aluminiowe-cortizo\/#primaryimage"},"thumbnailUrl":"https:\/\/cdn.debesto.com\/web\/assets\/sites\/1\/2023\/02\/06085130\/cortizobaner-1.jpg","datePublished":"2023-02-15T12:22:56+00:00","dateModified":"2025-03-10T12:26:02+00:00","description":"Chcesz szybko znale\u017a\u0107 okno aluminiowe dobrej jako\u015bci? Potrzebujesz nietypowych rozwi\u0105za\u0144? Produkty marki Cortizo sprostaj\u0105 Twoim wymaganiom.","breadcrumb":{"@id":"https:\/\/debesto.com\/pl\/okna-aluminiowe-cortizo\/#breadcrumb"},"inLanguage":"pl-PL","potentialAction":[{"@type":"ReadAction","target":["https:\/\/debesto.com\/pl\/okna-aluminiowe-cortizo\/"]}]},{"@type":"ImageObject","inLanguage":"pl-PL","@id":"https:\/\/debesto.com\/pl\/okna-aluminiowe-cortizo\/#primaryimage","url":"https:\/\/cdn.debesto.com\/web\/assets\/sites\/1\/2023\/02\/06085130\/cortizobaner-1.jpg","contentUrl":"https:\/\/cdn.debesto.com\/web\/assets\/sites\/1\/2023\/02\/06085130\/cortizobaner-1.jpg","width":1500,"height":518,"caption":"cortizo wizualizacja baner"},{"@type":"BreadcrumbList","@id":"https:\/\/debesto.com\/pl\/okna-aluminiowe-cortizo\/#breadcrumb","itemListElement":[{"@type":"ListItem","position":1,"name":"Strona g\u0142\u00f3wna","item":"https:\/\/debesto.com\/pl\/"},{"@type":"ListItem","position":2,"name":"Okna Aluminiowe Cortizo"}]},{"@type":"WebSite","@id":"https:\/\/debesto.com\/pl\/#website","url":"https:\/\/debesto.com\/pl\/","name":"debesto (PL)","description":"","publisher":{"@id":"https:\/\/debesto.com\/pl\/#organization"},"potentialAction":[{"@type":"SearchAction","target":{"@type":"EntryPoint","urlTemplate":"https:\/\/debesto.com\/pl\/?s={search_term_string}"},"query-input":{"@type":"PropertyValueSpecification","valueRequired":true,"valueName":"search_term_string"}}],"inLanguage":"pl-PL"},{"@type":"Organization","@id":"https:\/\/debesto.com\/pl\/#organization","name":"debesto.com","url":"https:\/\/debesto.com\/pl\/","logo":{"@type":"ImageObject","inLanguage":"pl-PL","@id":"https:\/\/debesto.com\/pl\/#\/schema\/logo\/image\/","url":"https:\/\/cdn.debesto.com\/web\/assets\/sites\/1\/2019\/12\/06090155\/debesto_kwadrat.jpg","contentUrl":"https:\/\/cdn.debesto.com\/web\/assets\/sites\/1\/2019\/12\/06090155\/debesto_kwadrat.jpg","width":512,"height":512,"caption":"debesto.com"},"image":{"@id":"https:\/\/debesto.com\/pl\/#\/schema\/logo\/image\/"}}]}},"uagb_featured_image_src":{"full":["https:\/\/cdn.debesto.com\/web\/assets\/sites\/1\/2023\/02\/06085130\/cortizobaner-1.jpg",1500,518,false],"thumbnail":["https:\/\/cdn.debesto.com\/web\/assets\/sites\/1\/2023\/02\/06085130\/cortizobaner-1-150x150.jpg",150,150,true],"medium":["https:\/\/cdn.debesto.com\/web\/assets\/sites\/1\/2023\/02\/06085130\/cortizobaner-1-300x104.jpg",300,104,true],"medium_large":["https:\/\/cdn.debesto.com\/web\/assets\/sites\/1\/2023\/02\/06085130\/cortizobaner-1-768x265.jpg",768,265,true],"large":["https:\/\/cdn.debesto.com\/web\/assets\/sites\/1\/2023\/02\/06085130\/cortizobaner-1-1024x354.jpg",1024,354,true],"1536x1536":["https:\/\/cdn.debesto.com\/web\/assets\/sites\/1\/2023\/02\/06085130\/cortizobaner-1.jpg",1500,518,false],"2048x2048":["https:\/\/cdn.debesto.com\/web\/assets\/sites\/1\/2023\/02\/06085130\/cortizobaner-1.jpg",1500,518,false]},"uagb_author_info":{"display_name":"oklonowska","author_link":"https:\/\/debesto.com\/pl\/author\/oklonowska\/"},"uagb_comment_info":0,"uagb_excerpt":"Cortizo to do\u015bwiadczony hiszpa\u0144ski producent okien aluminiowych i PCV. Profile firmy \u015bwietnie sprawdz\u0105 w budynkach mieszkalnych, ale te\u017c w przemys\u0142owych. Asortyment Cortizo zawiera wiele trwa\u0142ych, a jednocze\u015bnie stylowych system\u00f3w.&nbsp; Czas jest cenny i warto, jest wykorzysta\u0107 go na co\u015b przyjemniejszego ni\u017c b\u0142\u0105dzenie po profilach okiennych i ich wariantach. Z tego powodu chcemy w przejrzysty spos\u00f3b&hellip;","_links":{"self":[{"href":"https:\/\/debesto.com\/pl\/wp-json\/wp\/v2\/pages\/28836","targetHints":{"allow":["GET"]}}],"collection":[{"href":"https:\/\/debesto.com\/pl\/wp-json\/wp\/v2\/pages"}],"about":[{"href":"https:\/\/debesto.com\/pl\/wp-json\/wp\/v2\/types\/page"}],"author":[{"embeddable":true,"href":"https:\/\/debesto.com\/pl\/wp-json\/wp\/v2\/users\/32"}],"replies":[{"embeddable":true,"href":"https:\/\/debesto.com\/pl\/wp-json\/wp\/v2\/comments?post=28836"}],"version-history":[{"count":19,"href":"https:\/\/debesto.com\/pl\/wp-json\/wp\/v2\/pages\/28836\/revisions"}],"predecessor-version":[{"id":43510,"href":"https:\/\/debesto.com\/pl\/wp-json\/wp\/v2\/pages\/28836\/revisions\/43510"}],"wp:featuredmedia":[{"embeddable":true,"href":"https:\/\/debesto.com\/pl\/wp-json\/wp\/v2\/media\/28447"}],"wp:attachment":[{"href":"https:\/\/debesto.com\/pl\/wp-json\/wp\/v2\/media?parent=28836"}],"curies":[{"name":"wp","href":"https:\/\/api.w.org\/{rel}","templated":true}]}}