{"id":28788,"date":"2023-02-15T13:21:50","date_gmt":"2023-02-15T12:21:50","guid":{"rendered":"https:\/\/debesto.com\/pl\/?page_id=28788"},"modified":"2025-05-19T14:29:58","modified_gmt":"2025-05-19T12:29:58","slug":"okna-aluminiowe-aluprof","status":"publish","type":"page","link":"https:\/\/debesto.com\/pl\/okna-aluminiowe-aluprof\/","title":{"rendered":"Okna Aluminiowe Aluprof"},"content":{"rendered":"\n<div style=\"height:20px\" aria-hidden=\"true\" class=\"wp-block-spacer\"><\/div>\n\n\n\n<h4 class=\"wp-block-heading\"><strong>Aluprof to polski producent, kt\u00f3ry ma za sob\u0105 70 lat tworzenia system\u00f3w okiennych, nie jest to wi\u0119c zaskoczenie, \u017ce jego oferta jest bogata, nawet w nietypowe rozwi\u0105zania. Firma dzia\u0142a globalnie w ponad 52 krajach, takich jak Niemcy, Belgia czy USA i specjalizuje si\u0119 w produkcji profili dla budownictwa pasywnego i energooszcz\u0119dnego.<\/strong><\/h4>\n\n\n\n<div style=\"height:40px\" aria-hidden=\"true\" class=\"wp-block-spacer\"><\/div>\n\n\n\n<p style=\"font-size:18px\">Dobrze wiemy, \u017ce nie ka\u017cdy ma czas, by uwa\u017cnie prze\u015bledzi\u0107 wszystkie okna aluminiowe Aluprof wraz z ich wariantami. Z tego powodu chcemy w <strong>przejrzysty spos\u00f3b przytoczy\u0107 Ci ofert\u0119 tej firmy<\/strong>, aby\u015b szybko odszuka\u0142 odpowiedni produkt.<\/p>\n\n\n<div class=\"wp-block-image\">\n<figure class=\"aligncenter size-large is-resized\"><img decoding=\"async\" width=\"1024\" height=\"698\" src=\"https:\/\/cdn.debesto.com\/web\/assets\/sites\/1\/2023\/02\/06085131\/logo-aluprof-2-1024x698.jpg\" alt=\"logo aluprof systemy aluminiowe\" class=\"wp-image-28354\" style=\"width:429px;height:292px\" srcset=\"https:\/\/cdn.debesto.com\/web\/assets\/sites\/1\/2023\/02\/06085131\/logo-aluprof-2-1024x698.jpg 1024w, https:\/\/cdn.debesto.com\/web\/assets\/sites\/1\/2023\/02\/06085131\/logo-aluprof-2-300x204.jpg 300w, https:\/\/cdn.debesto.com\/web\/assets\/sites\/1\/2023\/02\/06085131\/logo-aluprof-2-768x523.jpg 768w, https:\/\/cdn.debesto.com\/web\/assets\/sites\/1\/2023\/02\/06085131\/logo-aluprof-2-1536x1046.jpg 1536w, https:\/\/cdn.debesto.com\/web\/assets\/sites\/1\/2023\/02\/06085131\/logo-aluprof-2.jpg 1920w\" sizes=\"(max-width: 1024px) 100vw, 1024px\" \/><\/figure><\/div>\n\n\n<div style=\"height:20px\" aria-hidden=\"true\" class=\"wp-block-spacer\"><\/div>\n\n\n<article class=\"post post--tile\">\n  <div class=\"post__image\">\n    <figure class=\"\">\n      <img decoding=\"async\" class=\"\" src=\"https:\/\/cdn.debesto.com\/web\/assets\/sites\/1\/2021\/01\/06085756\/Aluprof-MB-79N-realizacja-produkt-min-1.jpg\" alt=\"Okna Aluminiowe Aluprof MB-79N realizacja\"\/>\n    <\/figure>\n  <\/div>\n  <div class=\"post__content\">\n    <h2><a href=\"https:\/\/debesto.com\/pl\/okna\/okna-aluminiowe\/?brand=aluprof\" title=\"Przejrzyj list\u0119 dost\u0119pnych system\u00f3w\">Szukasz dobrego okna aluminiowego?<\/a><\/h2>\n        <p>W bogatej ofercie Aluprof znajdziesz co\u015b dla siebie<\/p>\n        <a href=\"https:\/\/debesto.com\/pl\/okna\/okna-aluminiowe\/?brand=aluprof\" class=\"btn btn--fill\" title=\"Przejrzyj list\u0119 dost\u0119pnych system\u00f3w\"><span>Przejrzyj list\u0119 dost\u0119pnych system\u00f3w<\/span><\/a>\n  <\/div>\n<\/article>","protected":false},"excerpt":{"rendered":"<p>Aluprof to polski producent, kt\u00f3ry ma za sob\u0105 70 lat tworzenia system\u00f3w okiennych, nie jest to wi\u0119c zaskoczenie, \u017ce jego oferta jest bogata, nawet w nietypowe rozwi\u0105zania. Firma dzia\u0142a globalnie w ponad 52 krajach, takich jak Niemcy, Belgia czy USA i specjalizuje si\u0119 w produkcji profili dla budownictwa pasywnego i energooszcz\u0119dnego. Dobrze wiemy, \u017ce nie [&hellip;]<\/p>\n","protected":false},"author":32,"featured_media":28246,"parent":0,"menu_order":18,"comment_status":"closed","ping_status":"closed","template":"controllers\/page-gutenberg.php","meta":{"_acf_changed":false,"_uag_custom_page_level_css":"","footnotes":""},"class_list":["post-28788","page","type-page","status-publish","has-post-thumbnail","hentry"],"acf":[],"yoast_head":"<!-- This site is optimized with the Yoast SEO plugin v25.6 - https:\/\/yoast.com\/wordpress\/plugins\/seo\/ -->\n<title>Okna Aluminiowe Aluprof | debesto.com<\/title>\n<meta name=\"description\" content=\"Chcesz szybko znale\u017a\u0107 okno aluminiowe dobrej jako\u015bci? Potrzebujesz nietypowych rozwi\u0105za\u0144? Produkty marki Aluprof sprostaj\u0105 Twoim wymaganiom.\" \/>\n<meta name=\"robots\" content=\"index, follow, max-snippet:-1, max-image-preview:large, max-video-preview:-1\" \/>\n<link rel=\"canonical\" href=\"https:\/\/debesto.com\/pl\/okna-aluminiowe-aluprof\/\" \/>\n<meta property=\"og:locale\" content=\"pl_PL\" \/>\n<meta property=\"og:type\" content=\"article\" \/>\n<meta property=\"og:title\" content=\"Okna Aluminiowe Aluprof | debesto.com\" \/>\n<meta property=\"og:description\" content=\"Chcesz szybko znale\u017a\u0107 okno aluminiowe dobrej jako\u015bci? Potrzebujesz nietypowych rozwi\u0105za\u0144? Produkty marki Aluprof sprostaj\u0105 Twoim wymaganiom.\" \/>\n<meta property=\"og:url\" content=\"https:\/\/debesto.com\/pl\/okna-aluminiowe-aluprof\/\" \/>\n<meta property=\"og:site_name\" content=\"debesto (PL)\" \/>\n<meta property=\"article:modified_time\" content=\"2025-05-19T12:29:58+00:00\" \/>\n<meta property=\"og:image\" content=\"https:\/\/cdn.debesto.com\/web\/assets\/sites\/1\/2023\/02\/06085132\/banner-systemy-aluprof.jpg\" \/>\n\t<meta property=\"og:image:width\" content=\"1204\" \/>\n\t<meta property=\"og:image:height\" content=\"350\" \/>\n\t<meta property=\"og:image:type\" content=\"image\/jpeg\" \/>\n<meta name=\"twitter:card\" content=\"summary_large_image\" \/>\n<meta name=\"twitter:label1\" content=\"Szacowany czas czytania\" \/>\n\t<meta name=\"twitter:data1\" content=\"2 minuty\" \/>\n<script type=\"application\/ld+json\" class=\"yoast-schema-graph\">{\"@context\":\"https:\/\/schema.org\",\"@graph\":[{\"@type\":\"WebPage\",\"@id\":\"https:\/\/debesto.com\/pl\/okna-aluminiowe-aluprof\/\",\"url\":\"https:\/\/debesto.com\/pl\/okna-aluminiowe-aluprof\/\",\"name\":\"Okna Aluminiowe Aluprof | debesto.com\",\"isPartOf\":{\"@id\":\"https:\/\/debesto.com\/pl\/#website\"},\"primaryImageOfPage\":{\"@id\":\"https:\/\/debesto.com\/pl\/okna-aluminiowe-aluprof\/#primaryimage\"},\"image\":{\"@id\":\"https:\/\/debesto.com\/pl\/okna-aluminiowe-aluprof\/#primaryimage\"},\"thumbnailUrl\":\"https:\/\/cdn.debesto.com\/web\/assets\/sites\/1\/2023\/02\/06085132\/banner-systemy-aluprof.jpg\",\"datePublished\":\"2023-02-15T12:21:50+00:00\",\"dateModified\":\"2025-05-19T12:29:58+00:00\",\"description\":\"Chcesz szybko znale\u017a\u0107 okno aluminiowe dobrej jako\u015bci? Potrzebujesz nietypowych rozwi\u0105za\u0144? Produkty marki Aluprof sprostaj\u0105 Twoim wymaganiom.\",\"breadcrumb\":{\"@id\":\"https:\/\/debesto.com\/pl\/okna-aluminiowe-aluprof\/#breadcrumb\"},\"inLanguage\":\"pl-PL\",\"potentialAction\":[{\"@type\":\"ReadAction\",\"target\":[\"https:\/\/debesto.com\/pl\/okna-aluminiowe-aluprof\/\"]}]},{\"@type\":\"ImageObject\",\"inLanguage\":\"pl-PL\",\"@id\":\"https:\/\/debesto.com\/pl\/okna-aluminiowe-aluprof\/#primaryimage\",\"url\":\"https:\/\/cdn.debesto.com\/web\/assets\/sites\/1\/2023\/02\/06085132\/banner-systemy-aluprof.jpg\",\"contentUrl\":\"https:\/\/cdn.debesto.com\/web\/assets\/sites\/1\/2023\/02\/06085132\/banner-systemy-aluprof.jpg\",\"width\":1204,\"height\":350,\"caption\":\"Aluprof MB-104 Passive wizualizacja\"},{\"@type\":\"BreadcrumbList\",\"@id\":\"https:\/\/debesto.com\/pl\/okna-aluminiowe-aluprof\/#breadcrumb\",\"itemListElement\":[{\"@type\":\"ListItem\",\"position\":1,\"name\":\"Strona g\u0142\u00f3wna\",\"item\":\"https:\/\/debesto.com\/pl\/\"},{\"@type\":\"ListItem\",\"position\":2,\"name\":\"Okna Aluminiowe Aluprof\"}]},{\"@type\":\"WebSite\",\"@id\":\"https:\/\/debesto.com\/pl\/#website\",\"url\":\"https:\/\/debesto.com\/pl\/\",\"name\":\"debesto (PL)\",\"description\":\"\",\"publisher\":{\"@id\":\"https:\/\/debesto.com\/pl\/#organization\"},\"potentialAction\":[{\"@type\":\"SearchAction\",\"target\":{\"@type\":\"EntryPoint\",\"urlTemplate\":\"https:\/\/debesto.com\/pl\/?s={search_term_string}\"},\"query-input\":{\"@type\":\"PropertyValueSpecification\",\"valueRequired\":true,\"valueName\":\"search_term_string\"}}],\"inLanguage\":\"pl-PL\"},{\"@type\":\"Organization\",\"@id\":\"https:\/\/debesto.com\/pl\/#organization\",\"name\":\"debesto.com\",\"url\":\"https:\/\/debesto.com\/pl\/\",\"logo\":{\"@type\":\"ImageObject\",\"inLanguage\":\"pl-PL\",\"@id\":\"https:\/\/debesto.com\/pl\/#\/schema\/logo\/image\/\",\"url\":\"https:\/\/cdn.debesto.com\/web\/assets\/sites\/1\/2019\/12\/06090155\/debesto_kwadrat.jpg\",\"contentUrl\":\"https:\/\/cdn.debesto.com\/web\/assets\/sites\/1\/2019\/12\/06090155\/debesto_kwadrat.jpg\",\"width\":512,\"height\":512,\"caption\":\"debesto.com\"},\"image\":{\"@id\":\"https:\/\/debesto.com\/pl\/#\/schema\/logo\/image\/\"}}]}<\/script>\n<!-- \/ Yoast SEO plugin. -->","yoast_head_json":{"title":"Okna Aluminiowe Aluprof | debesto.com","description":"Chcesz szybko znale\u017a\u0107 okno aluminiowe dobrej jako\u015bci? Potrzebujesz nietypowych rozwi\u0105za\u0144? Produkty marki Aluprof sprostaj\u0105 Twoim wymaganiom.","robots":{"index":"index","follow":"follow","max-snippet":"max-snippet:-1","max-image-preview":"max-image-preview:large","max-video-preview":"max-video-preview:-1"},"canonical":"https:\/\/debesto.com\/pl\/okna-aluminiowe-aluprof\/","og_locale":"pl_PL","og_type":"article","og_title":"Okna Aluminiowe Aluprof | debesto.com","og_description":"Chcesz szybko znale\u017a\u0107 okno aluminiowe dobrej jako\u015bci? Potrzebujesz nietypowych rozwi\u0105za\u0144? Produkty marki Aluprof sprostaj\u0105 Twoim wymaganiom.","og_url":"https:\/\/debesto.com\/pl\/okna-aluminiowe-aluprof\/","og_site_name":"debesto (PL)","article_modified_time":"2025-05-19T12:29:58+00:00","og_image":[{"width":1204,"height":350,"url":"https:\/\/cdn.debesto.com\/web\/assets\/sites\/1\/2023\/02\/06085132\/banner-systemy-aluprof.jpg","type":"image\/jpeg"}],"twitter_card":"summary_large_image","twitter_misc":{"Szacowany czas czytania":"2 minuty"},"schema":{"@context":"https:\/\/schema.org","@graph":[{"@type":"WebPage","@id":"https:\/\/debesto.com\/pl\/okna-aluminiowe-aluprof\/","url":"https:\/\/debesto.com\/pl\/okna-aluminiowe-aluprof\/","name":"Okna Aluminiowe Aluprof | debesto.com","isPartOf":{"@id":"https:\/\/debesto.com\/pl\/#website"},"primaryImageOfPage":{"@id":"https:\/\/debesto.com\/pl\/okna-aluminiowe-aluprof\/#primaryimage"},"image":{"@id":"https:\/\/debesto.com\/pl\/okna-aluminiowe-aluprof\/#primaryimage"},"thumbnailUrl":"https:\/\/cdn.debesto.com\/web\/assets\/sites\/1\/2023\/02\/06085132\/banner-systemy-aluprof.jpg","datePublished":"2023-02-15T12:21:50+00:00","dateModified":"2025-05-19T12:29:58+00:00","description":"Chcesz szybko znale\u017a\u0107 okno aluminiowe dobrej jako\u015bci? Potrzebujesz nietypowych rozwi\u0105za\u0144? Produkty marki Aluprof sprostaj\u0105 Twoim wymaganiom.","breadcrumb":{"@id":"https:\/\/debesto.com\/pl\/okna-aluminiowe-aluprof\/#breadcrumb"},"inLanguage":"pl-PL","potentialAction":[{"@type":"ReadAction","target":["https:\/\/debesto.com\/pl\/okna-aluminiowe-aluprof\/"]}]},{"@type":"ImageObject","inLanguage":"pl-PL","@id":"https:\/\/debesto.com\/pl\/okna-aluminiowe-aluprof\/#primaryimage","url":"https:\/\/cdn.debesto.com\/web\/assets\/sites\/1\/2023\/02\/06085132\/banner-systemy-aluprof.jpg","contentUrl":"https:\/\/cdn.debesto.com\/web\/assets\/sites\/1\/2023\/02\/06085132\/banner-systemy-aluprof.jpg","width":1204,"height":350,"caption":"Aluprof MB-104 Passive wizualizacja"},{"@type":"BreadcrumbList","@id":"https:\/\/debesto.com\/pl\/okna-aluminiowe-aluprof\/#breadcrumb","itemListElement":[{"@type":"ListItem","position":1,"name":"Strona g\u0142\u00f3wna","item":"https:\/\/debesto.com\/pl\/"},{"@type":"ListItem","position":2,"name":"Okna Aluminiowe Aluprof"}]},{"@type":"WebSite","@id":"https:\/\/debesto.com\/pl\/#website","url":"https:\/\/debesto.com\/pl\/","name":"debesto (PL)","description":"","publisher":{"@id":"https:\/\/debesto.com\/pl\/#organization"},"potentialAction":[{"@type":"SearchAction","target":{"@type":"EntryPoint","urlTemplate":"https:\/\/debesto.com\/pl\/?s={search_term_string}"},"query-input":{"@type":"PropertyValueSpecification","valueRequired":true,"valueName":"search_term_string"}}],"inLanguage":"pl-PL"},{"@type":"Organization","@id":"https:\/\/debesto.com\/pl\/#organization","name":"debesto.com","url":"https:\/\/debesto.com\/pl\/","logo":{"@type":"ImageObject","inLanguage":"pl-PL","@id":"https:\/\/debesto.com\/pl\/#\/schema\/logo\/image\/","url":"https:\/\/cdn.debesto.com\/web\/assets\/sites\/1\/2019\/12\/06090155\/debesto_kwadrat.jpg","contentUrl":"https:\/\/cdn.debesto.com\/web\/assets\/sites\/1\/2019\/12\/06090155\/debesto_kwadrat.jpg","width":512,"height":512,"caption":"debesto.com"},"image":{"@id":"https:\/\/debesto.com\/pl\/#\/schema\/logo\/image\/"}}]}},"uagb_featured_image_src":{"full":["https:\/\/cdn.debesto.com\/web\/assets\/sites\/1\/2023\/02\/06085132\/banner-systemy-aluprof.jpg",1204,350,false],"thumbnail":["https:\/\/cdn.debesto.com\/web\/assets\/sites\/1\/2023\/02\/06085132\/banner-systemy-aluprof-150x150.jpg",150,150,true],"medium":["https:\/\/cdn.debesto.com\/web\/assets\/sites\/1\/2023\/02\/06085132\/banner-systemy-aluprof-300x87.jpg",300,87,true],"medium_large":["https:\/\/cdn.debesto.com\/web\/assets\/sites\/1\/2023\/02\/06085132\/banner-systemy-aluprof-768x223.jpg",768,223,true],"large":["https:\/\/cdn.debesto.com\/web\/assets\/sites\/1\/2023\/02\/06085132\/banner-systemy-aluprof-1024x298.jpg",1024,298,true],"1536x1536":["https:\/\/cdn.debesto.com\/web\/assets\/sites\/1\/2023\/02\/06085132\/banner-systemy-aluprof.jpg",1204,350,false],"2048x2048":["https:\/\/cdn.debesto.com\/web\/assets\/sites\/1\/2023\/02\/06085132\/banner-systemy-aluprof.jpg",1204,350,false]},"uagb_author_info":{"display_name":"oklonowska","author_link":"https:\/\/debesto.com\/pl\/author\/oklonowska\/"},"uagb_comment_info":0,"uagb_excerpt":"Aluprof to polski producent, kt\u00f3ry ma za sob\u0105 70 lat tworzenia system\u00f3w okiennych, nie jest to wi\u0119c zaskoczenie, \u017ce jego oferta jest bogata, nawet w nietypowe rozwi\u0105zania. Firma dzia\u0142a globalnie w ponad 52 krajach, takich jak Niemcy, Belgia czy USA i specjalizuje si\u0119 w produkcji profili dla budownictwa pasywnego i energooszcz\u0119dnego. Dobrze wiemy, \u017ce nie&hellip;","_links":{"self":[{"href":"https:\/\/debesto.com\/pl\/wp-json\/wp\/v2\/pages\/28788","targetHints":{"allow":["GET"]}}],"collection":[{"href":"https:\/\/debesto.com\/pl\/wp-json\/wp\/v2\/pages"}],"about":[{"href":"https:\/\/debesto.com\/pl\/wp-json\/wp\/v2\/types\/page"}],"author":[{"embeddable":true,"href":"https:\/\/debesto.com\/pl\/wp-json\/wp\/v2\/users\/32"}],"replies":[{"embeddable":true,"href":"https:\/\/debesto.com\/pl\/wp-json\/wp\/v2\/comments?post=28788"}],"version-history":[{"count":44,"href":"https:\/\/debesto.com\/pl\/wp-json\/wp\/v2\/pages\/28788\/revisions"}],"predecessor-version":[{"id":44358,"href":"https:\/\/debesto.com\/pl\/wp-json\/wp\/v2\/pages\/28788\/revisions\/44358"}],"wp:featuredmedia":[{"embeddable":true,"href":"https:\/\/debesto.com\/pl\/wp-json\/wp\/v2\/media\/28246"}],"wp:attachment":[{"href":"https:\/\/debesto.com\/pl\/wp-json\/wp\/v2\/media?parent=28788"}],"curies":[{"name":"wp","href":"https:\/\/api.w.org\/{rel}","templated":true}]}}