{"id":27519,"date":"2023-01-27T13:16:59","date_gmt":"2023-01-27T12:16:59","guid":{"rendered":"https:\/\/debesto.com\/pl\/okna\/okna-aluminiowe-3\/"},"modified":"2023-01-27T13:27:04","modified_gmt":"2023-01-27T12:27:04","slug":"drzwi-harmonijkowe","status":"publish","type":"page","link":"https:\/\/debesto.com\/pl\/okna\/drzwi-harmonijkowe\/","title":{"rendered":"drzwi harmonijkowe"},"content":{"rendered":"","protected":false},"excerpt":{"rendered":"","protected":false},"author":2,"featured_media":2517,"parent":20,"menu_order":93,"comment_status":"closed","ping_status":"closed","template":"controllers\/windows.php","meta":{"_acf_changed":false,"_uag_custom_page_level_css":"","footnotes":""},"class_list":["post-27519","page","type-page","status-publish","has-post-thumbnail","hentry"],"acf":[],"yoast_head":"<!-- This site is optimized with the Yoast SEO plugin v25.6 - https:\/\/yoast.com\/wordpress\/plugins\/seo\/ -->\n<title>Drzwi Harmonijkowe z Polski - Ceny, Cennik i Opinie | debesto.com<\/title>\n<meta name=\"description\" content=\"Pracujesz w bran\u017cy budowlanej? Sprawd\u017a nasze ceny na drzwi harmonijkowe. Kliknij i zobacz cennik tarasowych drzwi harmonijkowych z Polski.\" \/>\n<meta name=\"robots\" content=\"index, follow, max-snippet:-1, max-image-preview:large, max-video-preview:-1\" \/>\n<link rel=\"canonical\" href=\"https:\/\/debesto.com\/pl\/okna\/drzwi-harmonijkowe\/\" \/>\n<meta property=\"og:locale\" content=\"pl_PL\" \/>\n<meta property=\"og:type\" content=\"article\" \/>\n<meta property=\"og:title\" content=\"Importuj okna aluminiowe z Polski i oszcz\u0119dzaj do 50%\" \/>\n<meta property=\"og:description\" content=\"Sprzedajesz lub montujesz stolark\u0119 otworow\u0105? Wsp\u00f3\u0142pracuj z nami i zarabiaj wi\u0119cej.\" \/>\n<meta property=\"og:url\" content=\"https:\/\/debesto.com\/pl\/okna\/drzwi-harmonijkowe\/\" \/>\n<meta property=\"og:site_name\" content=\"debesto (PL)\" \/>\n<meta property=\"article:modified_time\" content=\"2023-01-27T12:27:04+00:00\" \/>\n<meta property=\"og:image\" content=\"https:\/\/cdn.debesto.com\/web\/assets\/sites\/1\/2019\/08\/06090424\/2-min.png\" \/>\n\t<meta property=\"og:image:width\" content=\"439\" \/>\n\t<meta property=\"og:image:height\" content=\"600\" \/>\n\t<meta property=\"og:image:type\" content=\"image\/png\" \/>\n<meta name=\"twitter:card\" content=\"summary_large_image\" \/>\n<script type=\"application\/ld+json\" class=\"yoast-schema-graph\">{\"@context\":\"https:\/\/schema.org\",\"@graph\":[{\"@type\":\"WebPage\",\"@id\":\"https:\/\/debesto.com\/pl\/okna\/drzwi-harmonijkowe\/\",\"url\":\"https:\/\/debesto.com\/pl\/okna\/drzwi-harmonijkowe\/\",\"name\":\"Drzwi Harmonijkowe z Polski - Ceny, Cennik i Opinie | debesto.com\",\"isPartOf\":{\"@id\":\"https:\/\/debesto.com\/pl\/#website\"},\"primaryImageOfPage\":{\"@id\":\"https:\/\/debesto.com\/pl\/okna\/drzwi-harmonijkowe\/#primaryimage\"},\"image\":{\"@id\":\"https:\/\/debesto.com\/pl\/okna\/drzwi-harmonijkowe\/#primaryimage\"},\"thumbnailUrl\":\"https:\/\/cdn.debesto.com\/web\/assets\/sites\/1\/2019\/08\/06090425\/Aluprof-MB-86-Fold-Line-min.png\",\"datePublished\":\"2023-01-27T12:16:59+00:00\",\"dateModified\":\"2023-01-27T12:27:04+00:00\",\"description\":\"Pracujesz w bran\u017cy budowlanej? Sprawd\u017a nasze ceny na drzwi harmonijkowe. Kliknij i zobacz cennik tarasowych drzwi harmonijkowych z Polski.\",\"breadcrumb\":{\"@id\":\"https:\/\/debesto.com\/pl\/okna\/drzwi-harmonijkowe\/#breadcrumb\"},\"inLanguage\":\"pl-PL\",\"potentialAction\":[{\"@type\":\"ReadAction\",\"target\":[\"https:\/\/debesto.com\/pl\/okna\/drzwi-harmonijkowe\/\"]}]},{\"@type\":\"ImageObject\",\"inLanguage\":\"pl-PL\",\"@id\":\"https:\/\/debesto.com\/pl\/okna\/drzwi-harmonijkowe\/#primaryimage\",\"url\":\"https:\/\/cdn.debesto.com\/web\/assets\/sites\/1\/2019\/08\/06090425\/Aluprof-MB-86-Fold-Line-min.png\",\"contentUrl\":\"https:\/\/cdn.debesto.com\/web\/assets\/sites\/1\/2019\/08\/06090425\/Aluprof-MB-86-Fold-Line-min.png\",\"width\":319,\"height\":550,\"caption\":\"Drzwi-okna-aluminiowe-harmonijkowe-Aluprof-MB-86-profil-debesto\"},{\"@type\":\"BreadcrumbList\",\"@id\":\"https:\/\/debesto.com\/pl\/okna\/drzwi-harmonijkowe\/#breadcrumb\",\"itemListElement\":[{\"@type\":\"ListItem\",\"position\":1,\"name\":\"Strona g\u0142\u00f3wna\",\"item\":\"https:\/\/debesto.com\/pl\/\"},{\"@type\":\"ListItem\",\"position\":2,\"name\":\"okna\",\"item\":\"https:\/\/debesto.com\/pl\/okna\/\"},{\"@type\":\"ListItem\",\"position\":3,\"name\":\"drzwi harmonijkowe\"}]},{\"@type\":\"WebSite\",\"@id\":\"https:\/\/debesto.com\/pl\/#website\",\"url\":\"https:\/\/debesto.com\/pl\/\",\"name\":\"debesto (PL)\",\"description\":\"\",\"publisher\":{\"@id\":\"https:\/\/debesto.com\/pl\/#organization\"},\"potentialAction\":[{\"@type\":\"SearchAction\",\"target\":{\"@type\":\"EntryPoint\",\"urlTemplate\":\"https:\/\/debesto.com\/pl\/?s={search_term_string}\"},\"query-input\":{\"@type\":\"PropertyValueSpecification\",\"valueRequired\":true,\"valueName\":\"search_term_string\"}}],\"inLanguage\":\"pl-PL\"},{\"@type\":\"Organization\",\"@id\":\"https:\/\/debesto.com\/pl\/#organization\",\"name\":\"debesto.com\",\"url\":\"https:\/\/debesto.com\/pl\/\",\"logo\":{\"@type\":\"ImageObject\",\"inLanguage\":\"pl-PL\",\"@id\":\"https:\/\/debesto.com\/pl\/#\/schema\/logo\/image\/\",\"url\":\"https:\/\/cdn.debesto.com\/web\/assets\/sites\/1\/2019\/12\/06090155\/debesto_kwadrat.jpg\",\"contentUrl\":\"https:\/\/cdn.debesto.com\/web\/assets\/sites\/1\/2019\/12\/06090155\/debesto_kwadrat.jpg\",\"width\":512,\"height\":512,\"caption\":\"debesto.com\"},\"image\":{\"@id\":\"https:\/\/debesto.com\/pl\/#\/schema\/logo\/image\/\"}}]}<\/script>\n<!-- \/ Yoast SEO plugin. -->","yoast_head_json":{"title":"Drzwi Harmonijkowe z Polski - Ceny, Cennik i Opinie | debesto.com","description":"Pracujesz w bran\u017cy budowlanej? Sprawd\u017a nasze ceny na drzwi harmonijkowe. Kliknij i zobacz cennik tarasowych drzwi harmonijkowych z Polski.","robots":{"index":"index","follow":"follow","max-snippet":"max-snippet:-1","max-image-preview":"max-image-preview:large","max-video-preview":"max-video-preview:-1"},"canonical":"https:\/\/debesto.com\/pl\/okna\/drzwi-harmonijkowe\/","og_locale":"pl_PL","og_type":"article","og_title":"Importuj okna aluminiowe z Polski i oszcz\u0119dzaj do 50%","og_description":"Sprzedajesz lub montujesz stolark\u0119 otworow\u0105? Wsp\u00f3\u0142pracuj z nami i zarabiaj wi\u0119cej.","og_url":"https:\/\/debesto.com\/pl\/okna\/drzwi-harmonijkowe\/","og_site_name":"debesto (PL)","article_modified_time":"2023-01-27T12:27:04+00:00","og_image":[{"width":439,"height":600,"url":"https:\/\/cdn.debesto.com\/web\/assets\/sites\/1\/2019\/08\/06090424\/2-min.png","type":"image\/png"}],"twitter_card":"summary_large_image","schema":{"@context":"https:\/\/schema.org","@graph":[{"@type":"WebPage","@id":"https:\/\/debesto.com\/pl\/okna\/drzwi-harmonijkowe\/","url":"https:\/\/debesto.com\/pl\/okna\/drzwi-harmonijkowe\/","name":"Drzwi Harmonijkowe z Polski - Ceny, Cennik i Opinie | debesto.com","isPartOf":{"@id":"https:\/\/debesto.com\/pl\/#website"},"primaryImageOfPage":{"@id":"https:\/\/debesto.com\/pl\/okna\/drzwi-harmonijkowe\/#primaryimage"},"image":{"@id":"https:\/\/debesto.com\/pl\/okna\/drzwi-harmonijkowe\/#primaryimage"},"thumbnailUrl":"https:\/\/cdn.debesto.com\/web\/assets\/sites\/1\/2019\/08\/06090425\/Aluprof-MB-86-Fold-Line-min.png","datePublished":"2023-01-27T12:16:59+00:00","dateModified":"2023-01-27T12:27:04+00:00","description":"Pracujesz w bran\u017cy budowlanej? Sprawd\u017a nasze ceny na drzwi harmonijkowe. Kliknij i zobacz cennik tarasowych drzwi harmonijkowych z Polski.","breadcrumb":{"@id":"https:\/\/debesto.com\/pl\/okna\/drzwi-harmonijkowe\/#breadcrumb"},"inLanguage":"pl-PL","potentialAction":[{"@type":"ReadAction","target":["https:\/\/debesto.com\/pl\/okna\/drzwi-harmonijkowe\/"]}]},{"@type":"ImageObject","inLanguage":"pl-PL","@id":"https:\/\/debesto.com\/pl\/okna\/drzwi-harmonijkowe\/#primaryimage","url":"https:\/\/cdn.debesto.com\/web\/assets\/sites\/1\/2019\/08\/06090425\/Aluprof-MB-86-Fold-Line-min.png","contentUrl":"https:\/\/cdn.debesto.com\/web\/assets\/sites\/1\/2019\/08\/06090425\/Aluprof-MB-86-Fold-Line-min.png","width":319,"height":550,"caption":"Drzwi-okna-aluminiowe-harmonijkowe-Aluprof-MB-86-profil-debesto"},{"@type":"BreadcrumbList","@id":"https:\/\/debesto.com\/pl\/okna\/drzwi-harmonijkowe\/#breadcrumb","itemListElement":[{"@type":"ListItem","position":1,"name":"Strona g\u0142\u00f3wna","item":"https:\/\/debesto.com\/pl\/"},{"@type":"ListItem","position":2,"name":"okna","item":"https:\/\/debesto.com\/pl\/okna\/"},{"@type":"ListItem","position":3,"name":"drzwi harmonijkowe"}]},{"@type":"WebSite","@id":"https:\/\/debesto.com\/pl\/#website","url":"https:\/\/debesto.com\/pl\/","name":"debesto (PL)","description":"","publisher":{"@id":"https:\/\/debesto.com\/pl\/#organization"},"potentialAction":[{"@type":"SearchAction","target":{"@type":"EntryPoint","urlTemplate":"https:\/\/debesto.com\/pl\/?s={search_term_string}"},"query-input":{"@type":"PropertyValueSpecification","valueRequired":true,"valueName":"search_term_string"}}],"inLanguage":"pl-PL"},{"@type":"Organization","@id":"https:\/\/debesto.com\/pl\/#organization","name":"debesto.com","url":"https:\/\/debesto.com\/pl\/","logo":{"@type":"ImageObject","inLanguage":"pl-PL","@id":"https:\/\/debesto.com\/pl\/#\/schema\/logo\/image\/","url":"https:\/\/cdn.debesto.com\/web\/assets\/sites\/1\/2019\/12\/06090155\/debesto_kwadrat.jpg","contentUrl":"https:\/\/cdn.debesto.com\/web\/assets\/sites\/1\/2019\/12\/06090155\/debesto_kwadrat.jpg","width":512,"height":512,"caption":"debesto.com"},"image":{"@id":"https:\/\/debesto.com\/pl\/#\/schema\/logo\/image\/"}}]}},"uagb_featured_image_src":{"full":["https:\/\/cdn.debesto.com\/web\/assets\/sites\/1\/2019\/08\/06090425\/Aluprof-MB-86-Fold-Line-min.png",319,550,false],"thumbnail":["https:\/\/cdn.debesto.com\/web\/assets\/sites\/1\/2019\/08\/06090425\/Aluprof-MB-86-Fold-Line-min-150x150.png",150,150,true],"medium":["https:\/\/cdn.debesto.com\/web\/assets\/sites\/1\/2019\/08\/06090425\/Aluprof-MB-86-Fold-Line-min-174x300.png",174,300,true],"medium_large":["https:\/\/cdn.debesto.com\/web\/assets\/sites\/1\/2019\/08\/06090425\/Aluprof-MB-86-Fold-Line-min.png",319,550,false],"large":["https:\/\/cdn.debesto.com\/web\/assets\/sites\/1\/2019\/08\/06090425\/Aluprof-MB-86-Fold-Line-min.png",319,550,false],"1536x1536":["https:\/\/cdn.debesto.com\/web\/assets\/sites\/1\/2019\/08\/06090425\/Aluprof-MB-86-Fold-Line-min.png",319,550,false],"2048x2048":["https:\/\/cdn.debesto.com\/web\/assets\/sites\/1\/2019\/08\/06090425\/Aluprof-MB-86-Fold-Line-min.png",319,550,false]},"uagb_author_info":{"display_name":"debesto","author_link":"https:\/\/debesto.com\/pl\/author\/debesto\/"},"uagb_comment_info":0,"uagb_excerpt":null,"_links":{"self":[{"href":"https:\/\/debesto.com\/pl\/wp-json\/wp\/v2\/pages\/27519","targetHints":{"allow":["GET"]}}],"collection":[{"href":"https:\/\/debesto.com\/pl\/wp-json\/wp\/v2\/pages"}],"about":[{"href":"https:\/\/debesto.com\/pl\/wp-json\/wp\/v2\/types\/page"}],"author":[{"embeddable":true,"href":"https:\/\/debesto.com\/pl\/wp-json\/wp\/v2\/users\/2"}],"replies":[{"embeddable":true,"href":"https:\/\/debesto.com\/pl\/wp-json\/wp\/v2\/comments?post=27519"}],"version-history":[{"count":2,"href":"https:\/\/debesto.com\/pl\/wp-json\/wp\/v2\/pages\/27519\/revisions"}],"predecessor-version":[{"id":27526,"href":"https:\/\/debesto.com\/pl\/wp-json\/wp\/v2\/pages\/27519\/revisions\/27526"}],"up":[{"embeddable":true,"href":"https:\/\/debesto.com\/pl\/wp-json\/wp\/v2\/pages\/20"}],"wp:featuredmedia":[{"embeddable":true,"href":"https:\/\/debesto.com\/pl\/wp-json\/wp\/v2\/media\/2517"}],"wp:attachment":[{"href":"https:\/\/debesto.com\/pl\/wp-json\/wp\/v2\/media?parent=27519"}],"curies":[{"name":"wp","href":"https:\/\/api.w.org\/{rel}","templated":true}]}}