{"id":18,"date":"2019-02-20T18:23:49","date_gmt":"2019-02-20T17:23:49","guid":{"rendered":"https:\/\/debesto.com\/pl\/?page_id=18"},"modified":"2025-08-14T08:40:00","modified_gmt":"2025-08-14T06:40:00","slug":"rankingi","status":"publish","type":"page","link":"https:\/\/debesto.com\/pl\/rankingi\/","title":{"rendered":"Rankingi"},"content":{"rendered":"","protected":false},"excerpt":{"rendered":"","protected":false},"author":1,"featured_media":0,"parent":0,"menu_order":105,"comment_status":"closed","ping_status":"closed","template":"controllers\/ranking.php","meta":{"_acf_changed":false,"_uag_custom_page_level_css":"","footnotes":""},"class_list":["post-18","page","type-page","status-publish","hentry"],"acf":[],"yoast_head":"<!-- This site is optimized with the Yoast SEO plugin v25.6 - https:\/\/yoast.com\/wordpress\/plugins\/seo\/ -->\n<title>Rankingi okien | debesto.com<\/title>\n<meta name=\"description\" content=\"Sprawd\u017a najlepsze profile okienne wybrane przez doradc\u00f3w debesto.com. Wsp\u00f3\u0142pracuj z nami i oszcz\u0119dzaj do 50%.\" \/>\n<meta name=\"robots\" content=\"index, follow, max-snippet:-1, max-image-preview:large, max-video-preview:-1\" \/>\n<link rel=\"canonical\" href=\"https:\/\/debesto.com\/pl\/rankingi\/\" \/>\n<meta property=\"og:locale\" content=\"pl_PL\" \/>\n<meta property=\"og:type\" content=\"article\" \/>\n<meta property=\"og:title\" content=\"Montujesz lub sprzedajesz stolark\u0119 otworow\u0105?\" \/>\n<meta property=\"og:description\" content=\"Jakie produkty musi mie\u0107 w ofercie Twoja firma? Podpowiadamy jakie produkty i systemy powiniene\u015b wybra\u0107. Wsp\u00f3\u0142pracuj z nami i oszcz\u0119dzaj do 50%. Importuj okna z Polski.\" \/>\n<meta property=\"og:url\" content=\"https:\/\/debesto.com\/pl\/rankingi\/\" \/>\n<meta property=\"og:site_name\" content=\"debesto (PL)\" \/>\n<meta property=\"article:modified_time\" content=\"2025-08-14T06:40:00+00:00\" \/>\n<meta property=\"og:image\" content=\"https:\/\/cdn.debesto.com\/web\/assets\/sites\/1\/2019\/03\/06090224\/Vidok-Okna-Drewniano-aluminiowe-image-2-2.jpg\" \/>\n\t<meta property=\"og:image:width\" content=\"1920\" \/>\n\t<meta property=\"og:image:height\" content=\"900\" \/>\n\t<meta property=\"og:image:type\" content=\"image\/jpeg\" \/>\n<meta name=\"twitter:card\" content=\"summary_large_image\" \/>\n<meta name=\"twitter:label1\" content=\"Szacowany czas czytania\" \/>\n\t<meta name=\"twitter:data1\" content=\"1 minuta\" \/>\n<script type=\"application\/ld+json\" class=\"yoast-schema-graph\">{\"@context\":\"https:\/\/schema.org\",\"@graph\":[{\"@type\":\"WebPage\",\"@id\":\"https:\/\/debesto.com\/pl\/rankingi\/\",\"url\":\"https:\/\/debesto.com\/pl\/rankingi\/\",\"name\":\"Rankingi okien | debesto.com\",\"isPartOf\":{\"@id\":\"https:\/\/debesto.com\/pl\/#website\"},\"datePublished\":\"2019-02-20T17:23:49+00:00\",\"dateModified\":\"2025-08-14T06:40:00+00:00\",\"description\":\"Sprawd\u017a najlepsze profile okienne wybrane przez doradc\u00f3w debesto.com. Wsp\u00f3\u0142pracuj z nami i oszcz\u0119dzaj do 50%.\",\"breadcrumb\":{\"@id\":\"https:\/\/debesto.com\/pl\/rankingi\/#breadcrumb\"},\"inLanguage\":\"pl-PL\",\"potentialAction\":[{\"@type\":\"ReadAction\",\"target\":[\"https:\/\/debesto.com\/pl\/rankingi\/\"]}]},{\"@type\":\"BreadcrumbList\",\"@id\":\"https:\/\/debesto.com\/pl\/rankingi\/#breadcrumb\",\"itemListElement\":[{\"@type\":\"ListItem\",\"position\":1,\"name\":\"Strona g\u0142\u00f3wna\",\"item\":\"https:\/\/debesto.com\/pl\/\"},{\"@type\":\"ListItem\",\"position\":2,\"name\":\"Rankingi\"}]},{\"@type\":\"WebSite\",\"@id\":\"https:\/\/debesto.com\/pl\/#website\",\"url\":\"https:\/\/debesto.com\/pl\/\",\"name\":\"debesto (PL)\",\"description\":\"\",\"publisher\":{\"@id\":\"https:\/\/debesto.com\/pl\/#organization\"},\"potentialAction\":[{\"@type\":\"SearchAction\",\"target\":{\"@type\":\"EntryPoint\",\"urlTemplate\":\"https:\/\/debesto.com\/pl\/?s={search_term_string}\"},\"query-input\":{\"@type\":\"PropertyValueSpecification\",\"valueRequired\":true,\"valueName\":\"search_term_string\"}}],\"inLanguage\":\"pl-PL\"},{\"@type\":\"Organization\",\"@id\":\"https:\/\/debesto.com\/pl\/#organization\",\"name\":\"debesto.com\",\"url\":\"https:\/\/debesto.com\/pl\/\",\"logo\":{\"@type\":\"ImageObject\",\"inLanguage\":\"pl-PL\",\"@id\":\"https:\/\/debesto.com\/pl\/#\/schema\/logo\/image\/\",\"url\":\"https:\/\/cdn.debesto.com\/web\/assets\/sites\/1\/2019\/12\/06090155\/debesto_kwadrat.jpg\",\"contentUrl\":\"https:\/\/cdn.debesto.com\/web\/assets\/sites\/1\/2019\/12\/06090155\/debesto_kwadrat.jpg\",\"width\":512,\"height\":512,\"caption\":\"debesto.com\"},\"image\":{\"@id\":\"https:\/\/debesto.com\/pl\/#\/schema\/logo\/image\/\"}}]}<\/script>\n<!-- \/ Yoast SEO plugin. -->","yoast_head_json":{"title":"Rankingi okien | debesto.com","description":"Sprawd\u017a najlepsze profile okienne wybrane przez doradc\u00f3w debesto.com. Wsp\u00f3\u0142pracuj z nami i oszcz\u0119dzaj do 50%.","robots":{"index":"index","follow":"follow","max-snippet":"max-snippet:-1","max-image-preview":"max-image-preview:large","max-video-preview":"max-video-preview:-1"},"canonical":"https:\/\/debesto.com\/pl\/rankingi\/","og_locale":"pl_PL","og_type":"article","og_title":"Montujesz lub sprzedajesz stolark\u0119 otworow\u0105?","og_description":"Jakie produkty musi mie\u0107 w ofercie Twoja firma? Podpowiadamy jakie produkty i systemy powiniene\u015b wybra\u0107. Wsp\u00f3\u0142pracuj z nami i oszcz\u0119dzaj do 50%. Importuj okna z Polski.","og_url":"https:\/\/debesto.com\/pl\/rankingi\/","og_site_name":"debesto (PL)","article_modified_time":"2025-08-14T06:40:00+00:00","og_image":[{"width":1920,"height":900,"url":"https:\/\/cdn.debesto.com\/web\/assets\/sites\/1\/2019\/03\/06090224\/Vidok-Okna-Drewniano-aluminiowe-image-2-2.jpg","type":"image\/jpeg"}],"twitter_card":"summary_large_image","twitter_misc":{"Szacowany czas czytania":"1 minuta"},"schema":{"@context":"https:\/\/schema.org","@graph":[{"@type":"WebPage","@id":"https:\/\/debesto.com\/pl\/rankingi\/","url":"https:\/\/debesto.com\/pl\/rankingi\/","name":"Rankingi okien | debesto.com","isPartOf":{"@id":"https:\/\/debesto.com\/pl\/#website"},"datePublished":"2019-02-20T17:23:49+00:00","dateModified":"2025-08-14T06:40:00+00:00","description":"Sprawd\u017a najlepsze profile okienne wybrane przez doradc\u00f3w debesto.com. Wsp\u00f3\u0142pracuj z nami i oszcz\u0119dzaj do 50%.","breadcrumb":{"@id":"https:\/\/debesto.com\/pl\/rankingi\/#breadcrumb"},"inLanguage":"pl-PL","potentialAction":[{"@type":"ReadAction","target":["https:\/\/debesto.com\/pl\/rankingi\/"]}]},{"@type":"BreadcrumbList","@id":"https:\/\/debesto.com\/pl\/rankingi\/#breadcrumb","itemListElement":[{"@type":"ListItem","position":1,"name":"Strona g\u0142\u00f3wna","item":"https:\/\/debesto.com\/pl\/"},{"@type":"ListItem","position":2,"name":"Rankingi"}]},{"@type":"WebSite","@id":"https:\/\/debesto.com\/pl\/#website","url":"https:\/\/debesto.com\/pl\/","name":"debesto (PL)","description":"","publisher":{"@id":"https:\/\/debesto.com\/pl\/#organization"},"potentialAction":[{"@type":"SearchAction","target":{"@type":"EntryPoint","urlTemplate":"https:\/\/debesto.com\/pl\/?s={search_term_string}"},"query-input":{"@type":"PropertyValueSpecification","valueRequired":true,"valueName":"search_term_string"}}],"inLanguage":"pl-PL"},{"@type":"Organization","@id":"https:\/\/debesto.com\/pl\/#organization","name":"debesto.com","url":"https:\/\/debesto.com\/pl\/","logo":{"@type":"ImageObject","inLanguage":"pl-PL","@id":"https:\/\/debesto.com\/pl\/#\/schema\/logo\/image\/","url":"https:\/\/cdn.debesto.com\/web\/assets\/sites\/1\/2019\/12\/06090155\/debesto_kwadrat.jpg","contentUrl":"https:\/\/cdn.debesto.com\/web\/assets\/sites\/1\/2019\/12\/06090155\/debesto_kwadrat.jpg","width":512,"height":512,"caption":"debesto.com"},"image":{"@id":"https:\/\/debesto.com\/pl\/#\/schema\/logo\/image\/"}}]}},"uagb_featured_image_src":{"full":false,"thumbnail":false,"medium":false,"medium_large":false,"large":false,"1536x1536":false,"2048x2048":false},"uagb_author_info":{"display_name":"mohito","author_link":"https:\/\/debesto.com\/pl\/author\/mohito\/"},"uagb_comment_info":0,"uagb_excerpt":null,"_links":{"self":[{"href":"https:\/\/debesto.com\/pl\/wp-json\/wp\/v2\/pages\/18","targetHints":{"allow":["GET"]}}],"collection":[{"href":"https:\/\/debesto.com\/pl\/wp-json\/wp\/v2\/pages"}],"about":[{"href":"https:\/\/debesto.com\/pl\/wp-json\/wp\/v2\/types\/page"}],"author":[{"embeddable":true,"href":"https:\/\/debesto.com\/pl\/wp-json\/wp\/v2\/users\/1"}],"replies":[{"embeddable":true,"href":"https:\/\/debesto.com\/pl\/wp-json\/wp\/v2\/comments?post=18"}],"version-history":[{"count":18,"href":"https:\/\/debesto.com\/pl\/wp-json\/wp\/v2\/pages\/18\/revisions"}],"predecessor-version":[{"id":44474,"href":"https:\/\/debesto.com\/pl\/wp-json\/wp\/v2\/pages\/18\/revisions\/44474"}],"wp:attachment":[{"href":"https:\/\/debesto.com\/pl\/wp-json\/wp\/v2\/media?parent=18"}],"curies":[{"name":"wp","href":"https:\/\/api.w.org\/{rel}","templated":true}]}}