{"id":17025,"date":"2022-02-11T10:35:19","date_gmt":"2022-02-11T09:35:19","guid":{"rendered":"https:\/\/debesto.com\/pl\/?page_id=17025"},"modified":"2026-02-11T11:05:01","modified_gmt":"2026-02-11T10:05:01","slug":"oferta-dla-monterow","status":"publish","type":"page","link":"https:\/\/debesto.com\/pl\/oferta-dla-monterow\/","title":{"rendered":"Oferta dla monter\u00f3w"},"content":{"rendered":"\n<p>Na podstawie rozm\u00f3w z ponad 3 000 firm monterskich w ca\u0142ej Europie wiemy, \u017ce 90% rzeczy, kt\u00f3re s\u0105 Ci niezb\u0119dne, \u017ceby\u015b zacz\u0105\u0142 zarabia\u0107 wi\u0119cej na stolarce, <strong>dzi\u0119ki importowi okien z Polski<\/strong>, s\u0105 nast\u0119puj\u0105ce:<\/p>\n\n\n\n<div class=\"wp-block-columns is-layout-flex wp-container-core-columns-is-layout-1 wp-block-columns-is-layout-flex\">\n<div class=\"wp-block-column is-layout-flow wp-block-column-is-layout-flow\"><div class=\"w-full mx-auto max-w-[390px] bg-white shadow-[0_0_20px_14px_rgba(0,0,0,0.03)] mb-12 fitters-offer-tile\">\n\t\t\t\t<a href=\"https:\/\/shop.debesto.com\/pl\" target=\"_blank\" class=\"flex flex-col h-full\">\n\t\t\t\t\t\t<img decoding=\"async\" src=\"https:\/\/cdn.debesto.com\/web\/assets\/sites\/1\/2022\/08\/06085512\/Rectangle-57.jpeg\" alt=\"\" class=\"object-cover w-full h-[212px]\"\/>\n\t\t\t<div class=\"flex flex-col flex-grow px-4 xl:px-10\">\n\t\t\t\t<div class=\"flex flex-col justify-start flex-grow mt-6\">\n\t\t\t\t\t<p class=\"!font-extrabold !text-[20px] pt-6 xl:pt-3 !mb-6\">\n\t\t\t\t\t\tPr\u00f3bki okien\n\t\t\t\t\t<\/p>\n\t\t\t\t\t<span class=\"flex leading-[24px] tile-desc\">Zamawiaj pr\u00f3bki okien, aby \u0142atwiej sprzedawa\u0107 sw\u00f3j monta\u017c<\/span>\n\t\t\t\t<\/div>\n\t\t\t\t<div class=\"h-[2px] w-full mt-4 bg-[#F6F6F6]\"><\/div>\n\t\t\t\t\t\t\t\t\t<span class=\"flex justify-center text-[17px] px-0 font-bold w-full mobile-link\n\t\t\t\t\t\t\t\t\t\t\t\t\t\tunderline text-own-red py-8\n\t\t\t\t\t\t\t\t\t\t\t\t\t\t\">\n\t\t\t\t\t\t<span class=\"font-bold\">zam\u00f3w pr\u00f3bki<\/span>\n\t\t\t\t\t<\/span>\n\t\t\t\t\t\t\t<\/div>\n\t\t\t\t\t<\/a>\n\t<\/div>\n<\/div>\n\n\n\n<div class=\"wp-block-column is-layout-flow wp-block-column-is-layout-flow\"><div class=\"w-full mx-auto max-w-[390px] bg-white shadow-[0_0_20px_14px_rgba(0,0,0,0.03)] mb-12 fitters-offer-tile\">\n\t\t\t\t<a href=\"https:\/\/debesto.com\/pl\/montaz-stolarki\/\" target=\"_blank\" class=\"flex flex-col h-full\">\n\t\t\t\t\t\t<img decoding=\"async\" src=\"https:\/\/cdn.debesto.com\/web\/assets\/sites\/1\/2022\/08\/06085512\/Rectangle-58.jpeg\" alt=\"\" class=\"object-cover w-full h-[212px]\"\/>\n\t\t\t<div class=\"flex flex-col flex-grow px-4 xl:px-10\">\n\t\t\t\t<div class=\"flex flex-col justify-start flex-grow mt-6\">\n\t\t\t\t\t<p class=\"!font-extrabold !text-[20px] pt-6 xl:pt-3 !mb-6\">\n\t\t\t\t\t\tPoprawny monta\u017c\n\t\t\t\t\t<\/p>\n\t\t\t\t\t<span class=\"flex leading-[24px] tile-desc\">Montuj wszystkie okna z \u0142atwo\u015bci\u0105, dzi\u0119ki dost\u0119powi do naszej bazy wiedzy<\/span>\n\t\t\t\t<\/div>\n\t\t\t\t<div class=\"h-[2px] w-full mt-4 bg-[#F6F6F6]\"><\/div>\n\t\t\t\t\t\t\t\t\t<span class=\"flex justify-center text-[17px] px-0 font-bold w-full mobile-link\n\t\t\t\t\t\t\t\t\t\t\t\t\t\tunderline text-own-red py-8\n\t\t\t\t\t\t\t\t\t\t\t\t\t\t\">\n\t\t\t\t\t\t<span class=\"font-bold\">poradniki online<\/span>\n\t\t\t\t\t<\/span>\n\t\t\t\t\t\t\t<\/div>\n\t\t\t\t\t<\/a>\n\t<\/div>\n<\/div>\n\n\n\n<div class=\"wp-block-column is-layout-flow wp-block-column-is-layout-flow\"><div class=\"w-full mx-auto max-w-[390px] bg-white shadow-[0_0_20px_14px_rgba(0,0,0,0.03)] mb-12 fitters-offer-tile\">\n\t\t\t\t<a href=\"https:\/\/debesto.com\/pl\/szybki-kontakt\/\" target=\"\" class=\"flex flex-col h-full\">\n\t\t\t\t\t\t<img decoding=\"async\" src=\"https:\/\/cdn.debesto.com\/web\/assets\/sites\/1\/2022\/08\/06085511\/Rectangle-59.jpeg\" alt=\"\" class=\"object-cover w-full h-[212px]\"\/>\n\t\t\t<div class=\"flex flex-col flex-grow px-4 xl:px-10\">\n\t\t\t\t<div class=\"flex flex-col justify-start flex-grow mt-6\">\n\t\t\t\t\t<p class=\"!font-extrabold !text-[20px] pt-6 xl:pt-3 !mb-6\">\n\t\t\t\t\t\tOptymalny produkt\n\t\t\t\t\t<\/p>\n\t\t\t\t\t<span class=\"flex leading-[24px] tile-desc\">Doradzimy Ci jak zarobi\u0107 wi\u0119cej na monta\u017cu okien i drzwi<\/span>\n\t\t\t\t<\/div>\n\t\t\t\t<div class=\"h-[2px] w-full mt-4 bg-[#F6F6F6]\"><\/div>\n\t\t\t\t\t\t\t\t\t<span class=\"flex justify-center text-[17px] px-0 font-bold w-full mobile-link\n\t\t\t\t\t\t\t\t\t\t\t\t\t\tunderline text-own-red py-8\n\t\t\t\t\t\t\t\t\t\t\t\t\t\t\">\n\t\t\t\t\t\t<span class=\"font-bold\">skonsultuj projekt<\/span>\n\t\t\t\t\t<\/span>\n\t\t\t\t\t\t\t<\/div>\n\t\t\t\t\t<\/a>\n\t<\/div>\n<\/div>\n<\/div>\n\n\n\n<div class=\"wp-block-columns is-layout-flex wp-container-core-columns-is-layout-2 wp-block-columns-is-layout-flex\">\n<div class=\"wp-block-column is-layout-flow wp-block-column-is-layout-flow\"><div class=\"w-full mx-auto max-w-[390px] bg-white shadow-[0_0_20px_14px_rgba(0,0,0,0.03)] mb-12 fitters-offer-tile\">\n\t\t\t\t<a href=\"https:\/\/debesto.com\/pl\/kalkulator-okien\/\" target=\"_blank\" class=\"flex flex-col h-full\">\n\t\t\t\t\t\t<img decoding=\"async\" src=\"https:\/\/cdn.debesto.com\/web\/assets\/sites\/1\/2022\/08\/06085512\/Rectangle-52.jpeg\" alt=\"\" class=\"object-cover w-full h-[212px]\"\/>\n\t\t\t<div class=\"flex flex-col flex-grow px-4 xl:px-10\">\n\t\t\t\t<div class=\"flex flex-col justify-start flex-grow mt-6\">\n\t\t\t\t\t<p class=\"!font-extrabold !text-[20px] pt-6 xl:pt-3 !mb-6\">\n\t\t\t\t\t\tSzybka wycena\n\t\t\t\t\t<\/p>\n\t\t\t\t\t<span class=\"flex leading-[24px] tile-desc\">Kupuj okna do 20% taniej, zamawiaj\u0105c samodzielnie przez internet<\/span>\n\t\t\t\t<\/div>\n\t\t\t\t<div class=\"h-[2px] w-full mt-4 bg-[#F6F6F6]\"><\/div>\n\t\t\t\t\t\t\t\t\t<span class=\"flex justify-center text-[17px] px-0 font-bold w-full mobile-link\n\t\t\t\t\t\t\t\t\t\t\t\t\t\tunderline text-own-red py-8\n\t\t\t\t\t\t\t\t\t\t\t\t\t\t\">\n\t\t\t\t\t\t<span class=\"font-bold\">wyce\u0144 w 11 sekund<\/span>\n\t\t\t\t\t<\/span>\n\t\t\t\t\t\t\t<\/div>\n\t\t\t\t\t<\/a>\n\t<\/div>\n<\/div>\n\n\n\n<div class=\"wp-block-column is-layout-flow wp-block-column-is-layout-flow\"><div class=\"w-full mx-auto max-w-[390px] bg-white shadow-[0_0_20px_14px_rgba(0,0,0,0.03)] mb-12 fitters-offer-tile\">\n\t\t\t\t<a href=\"https:\/\/debesto.com\/pl\/szybki-kontakt\/\" target=\"\" class=\"flex flex-col h-full\">\n\t\t\t\t\t\t<img decoding=\"async\" src=\"https:\/\/cdn.debesto.com\/web\/assets\/sites\/1\/2022\/08\/06085512\/Rectangle-53.jpeg\" alt=\"\" class=\"object-cover w-full h-[212px]\"\/>\n\t\t\t<div class=\"flex flex-col flex-grow px-4 xl:px-10\">\n\t\t\t\t<div class=\"flex flex-col justify-start flex-grow mt-6\">\n\t\t\t\t\t<p class=\"!font-extrabold !text-[20px] pt-6 xl:pt-3 !mb-6\">\n\t\t\t\t\t\tOferta dla klient\u00f3w\n\t\t\t\t\t<\/p>\n\t\t\t\t\t<span class=\"flex leading-[24px] tile-desc\">Zrobimy za Ciebie profesjonaln\u0105 ofert\u0119 z cenami dla Twojego klienta<\/span>\n\t\t\t\t<\/div>\n\t\t\t\t<div class=\"h-[2px] w-full mt-4 bg-[#F6F6F6]\"><\/div>\n\t\t\t\t\t\t\t\t\t<span class=\"flex justify-center text-[17px] px-0 font-bold w-full mobile-link\n\t\t\t\t\t\t\t\t\t\t\t\t\t\tunderline text-own-red py-8\n\t\t\t\t\t\t\t\t\t\t\t\t\t\t\">\n\t\t\t\t\t\t<span class=\"font-bold\">skonsultuj projekt<\/span>\n\t\t\t\t\t<\/span>\n\t\t\t\t\t\t\t<\/div>\n\t\t\t\t\t<\/a>\n\t<\/div>\n<\/div>\n<\/div>\n\n\n\n<div style=\"height:60px\" aria-hidden=\"true\" class=\"wp-block-spacer\"><\/div>\n\n\n\n<p class=\"has-text-align-center font-bold has-medium-font-size\">Nie znalaz\u0142e\u015b na li\u015bcie tego, czego potrzebujesz? <a href=\"https:\/\/debesto.com\/pl\/szybki-kontakt\/\"><span class=\"tadv-color\" style=\"color:#c92016\"><span class=\"underline\" style=\"text-decoration: underline\"><strong>Napisz do nas!<\/strong><\/span><\/span><\/a><\/p>\n\n\n\n<div style=\"height:30px\" aria-hidden=\"true\" class=\"wp-block-spacer\"><\/div>\n","protected":false},"excerpt":{"rendered":"<p>Na podstawie rozm\u00f3w z ponad 3 000 firm monterskich w ca\u0142ej Europie wiemy, \u017ce 90% rzeczy, kt\u00f3re s\u0105 Ci niezb\u0119dne, \u017ceby\u015b zacz\u0105\u0142 zarabia\u0107 wi\u0119cej na stolarce, dzi\u0119ki importowi okien z Polski, s\u0105 nast\u0119puj\u0105ce: Nie znalaz\u0142e\u015b na li\u015bcie tego, czego potrzebujesz? Napisz do nas!<\/p>\n","protected":false},"author":2,"featured_media":0,"parent":0,"menu_order":36,"comment_status":"closed","ping_status":"closed","template":"page-fitters-offer.php","meta":{"_acf_changed":false,"_uag_custom_page_level_css":"","footnotes":""},"class_list":["post-17025","page","type-page","status-publish","hentry"],"acf":[],"yoast_head":"<!-- This site is optimized with the Yoast SEO plugin v25.6 - https:\/\/yoast.com\/wordpress\/plugins\/seo\/ -->\n<title>Oferta dla monter\u00f3w | debesto.com<\/title>\n<meta name=\"robots\" content=\"index, follow, max-snippet:-1, max-image-preview:large, max-video-preview:-1\" \/>\n<link rel=\"canonical\" href=\"https:\/\/debesto.com\/pl\/oferta-dla-monterow\/\" \/>\n<meta property=\"og:locale\" content=\"pl_PL\" \/>\n<meta property=\"og:type\" content=\"article\" \/>\n<meta property=\"og:title\" content=\"Oferta dla monter\u00f3w | debesto.com\" \/>\n<meta property=\"og:description\" content=\"Na podstawie rozm\u00f3w z ponad 3 000 firm monterskich w ca\u0142ej Europie wiemy, \u017ce 90% rzeczy, kt\u00f3re s\u0105 Ci niezb\u0119dne, \u017ceby\u015b zacz\u0105\u0142 zarabia\u0107 wi\u0119cej na stolarce, dzi\u0119ki importowi okien z Polski, s\u0105 nast\u0119puj\u0105ce: Nie znalaz\u0142e\u015b na li\u015bcie tego, czego potrzebujesz? Napisz do nas!\" \/>\n<meta property=\"og:url\" content=\"https:\/\/debesto.com\/pl\/oferta-dla-monterow\/\" \/>\n<meta property=\"og:site_name\" content=\"debesto (PL)\" \/>\n<meta property=\"article:modified_time\" content=\"2026-02-11T10:05:01+00:00\" \/>\n<meta name=\"twitter:card\" content=\"summary_large_image\" \/>\n<meta name=\"twitter:label1\" content=\"Szacowany czas czytania\" \/>\n\t<meta name=\"twitter:data1\" content=\"2 minuty\" \/>\n<script type=\"application\/ld+json\" class=\"yoast-schema-graph\">{\"@context\":\"https:\/\/schema.org\",\"@graph\":[{\"@type\":\"WebPage\",\"@id\":\"https:\/\/debesto.com\/pl\/oferta-dla-monterow\/\",\"url\":\"https:\/\/debesto.com\/pl\/oferta-dla-monterow\/\",\"name\":\"Oferta dla monter\u00f3w | debesto.com\",\"isPartOf\":{\"@id\":\"https:\/\/debesto.com\/pl\/#website\"},\"datePublished\":\"2022-02-11T09:35:19+00:00\",\"dateModified\":\"2026-02-11T10:05:01+00:00\",\"breadcrumb\":{\"@id\":\"https:\/\/debesto.com\/pl\/oferta-dla-monterow\/#breadcrumb\"},\"inLanguage\":\"pl-PL\",\"potentialAction\":[{\"@type\":\"ReadAction\",\"target\":[\"https:\/\/debesto.com\/pl\/oferta-dla-monterow\/\"]}]},{\"@type\":\"BreadcrumbList\",\"@id\":\"https:\/\/debesto.com\/pl\/oferta-dla-monterow\/#breadcrumb\",\"itemListElement\":[{\"@type\":\"ListItem\",\"position\":1,\"name\":\"Strona g\u0142\u00f3wna\",\"item\":\"https:\/\/debesto.com\/pl\/\"},{\"@type\":\"ListItem\",\"position\":2,\"name\":\"Oferta dla monter\u00f3w\"}]},{\"@type\":\"WebSite\",\"@id\":\"https:\/\/debesto.com\/pl\/#website\",\"url\":\"https:\/\/debesto.com\/pl\/\",\"name\":\"debesto (PL)\",\"description\":\"\",\"publisher\":{\"@id\":\"https:\/\/debesto.com\/pl\/#organization\"},\"potentialAction\":[{\"@type\":\"SearchAction\",\"target\":{\"@type\":\"EntryPoint\",\"urlTemplate\":\"https:\/\/debesto.com\/pl\/?s={search_term_string}\"},\"query-input\":{\"@type\":\"PropertyValueSpecification\",\"valueRequired\":true,\"valueName\":\"search_term_string\"}}],\"inLanguage\":\"pl-PL\"},{\"@type\":\"Organization\",\"@id\":\"https:\/\/debesto.com\/pl\/#organization\",\"name\":\"debesto.com\",\"url\":\"https:\/\/debesto.com\/pl\/\",\"logo\":{\"@type\":\"ImageObject\",\"inLanguage\":\"pl-PL\",\"@id\":\"https:\/\/debesto.com\/pl\/#\/schema\/logo\/image\/\",\"url\":\"https:\/\/cdn.debesto.com\/web\/assets\/sites\/1\/2019\/12\/06090155\/debesto_kwadrat.jpg\",\"contentUrl\":\"https:\/\/cdn.debesto.com\/web\/assets\/sites\/1\/2019\/12\/06090155\/debesto_kwadrat.jpg\",\"width\":512,\"height\":512,\"caption\":\"debesto.com\"},\"image\":{\"@id\":\"https:\/\/debesto.com\/pl\/#\/schema\/logo\/image\/\"}}]}<\/script>\n<!-- \/ Yoast SEO plugin. -->","yoast_head_json":{"title":"Oferta dla monter\u00f3w | debesto.com","robots":{"index":"index","follow":"follow","max-snippet":"max-snippet:-1","max-image-preview":"max-image-preview:large","max-video-preview":"max-video-preview:-1"},"canonical":"https:\/\/debesto.com\/pl\/oferta-dla-monterow\/","og_locale":"pl_PL","og_type":"article","og_title":"Oferta dla monter\u00f3w | debesto.com","og_description":"Na podstawie rozm\u00f3w z ponad 3 000 firm monterskich w ca\u0142ej Europie wiemy, \u017ce 90% rzeczy, kt\u00f3re s\u0105 Ci niezb\u0119dne, \u017ceby\u015b zacz\u0105\u0142 zarabia\u0107 wi\u0119cej na stolarce, dzi\u0119ki importowi okien z Polski, s\u0105 nast\u0119puj\u0105ce: Nie znalaz\u0142e\u015b na li\u015bcie tego, czego potrzebujesz? Napisz do nas!","og_url":"https:\/\/debesto.com\/pl\/oferta-dla-monterow\/","og_site_name":"debesto (PL)","article_modified_time":"2026-02-11T10:05:01+00:00","twitter_card":"summary_large_image","twitter_misc":{"Szacowany czas czytania":"2 minuty"},"schema":{"@context":"https:\/\/schema.org","@graph":[{"@type":"WebPage","@id":"https:\/\/debesto.com\/pl\/oferta-dla-monterow\/","url":"https:\/\/debesto.com\/pl\/oferta-dla-monterow\/","name":"Oferta dla monter\u00f3w | debesto.com","isPartOf":{"@id":"https:\/\/debesto.com\/pl\/#website"},"datePublished":"2022-02-11T09:35:19+00:00","dateModified":"2026-02-11T10:05:01+00:00","breadcrumb":{"@id":"https:\/\/debesto.com\/pl\/oferta-dla-monterow\/#breadcrumb"},"inLanguage":"pl-PL","potentialAction":[{"@type":"ReadAction","target":["https:\/\/debesto.com\/pl\/oferta-dla-monterow\/"]}]},{"@type":"BreadcrumbList","@id":"https:\/\/debesto.com\/pl\/oferta-dla-monterow\/#breadcrumb","itemListElement":[{"@type":"ListItem","position":1,"name":"Strona g\u0142\u00f3wna","item":"https:\/\/debesto.com\/pl\/"},{"@type":"ListItem","position":2,"name":"Oferta dla monter\u00f3w"}]},{"@type":"WebSite","@id":"https:\/\/debesto.com\/pl\/#website","url":"https:\/\/debesto.com\/pl\/","name":"debesto (PL)","description":"","publisher":{"@id":"https:\/\/debesto.com\/pl\/#organization"},"potentialAction":[{"@type":"SearchAction","target":{"@type":"EntryPoint","urlTemplate":"https:\/\/debesto.com\/pl\/?s={search_term_string}"},"query-input":{"@type":"PropertyValueSpecification","valueRequired":true,"valueName":"search_term_string"}}],"inLanguage":"pl-PL"},{"@type":"Organization","@id":"https:\/\/debesto.com\/pl\/#organization","name":"debesto.com","url":"https:\/\/debesto.com\/pl\/","logo":{"@type":"ImageObject","inLanguage":"pl-PL","@id":"https:\/\/debesto.com\/pl\/#\/schema\/logo\/image\/","url":"https:\/\/cdn.debesto.com\/web\/assets\/sites\/1\/2019\/12\/06090155\/debesto_kwadrat.jpg","contentUrl":"https:\/\/cdn.debesto.com\/web\/assets\/sites\/1\/2019\/12\/06090155\/debesto_kwadrat.jpg","width":512,"height":512,"caption":"debesto.com"},"image":{"@id":"https:\/\/debesto.com\/pl\/#\/schema\/logo\/image\/"}}]}},"uagb_featured_image_src":{"full":false,"thumbnail":false,"medium":false,"medium_large":false,"large":false,"1536x1536":false,"2048x2048":false},"uagb_author_info":{"display_name":"debesto","author_link":"https:\/\/debesto.com\/pl\/author\/debesto\/"},"uagb_comment_info":0,"uagb_excerpt":"Na podstawie rozm\u00f3w z ponad 3 000 firm monterskich w ca\u0142ej Europie wiemy, \u017ce 90% rzeczy, kt\u00f3re s\u0105 Ci niezb\u0119dne, \u017ceby\u015b zacz\u0105\u0142 zarabia\u0107 wi\u0119cej na stolarce, dzi\u0119ki importowi okien z Polski, s\u0105 nast\u0119puj\u0105ce: Nie znalaz\u0142e\u015b na li\u015bcie tego, czego potrzebujesz? Napisz do nas!","_links":{"self":[{"href":"https:\/\/debesto.com\/pl\/wp-json\/wp\/v2\/pages\/17025","targetHints":{"allow":["GET"]}}],"collection":[{"href":"https:\/\/debesto.com\/pl\/wp-json\/wp\/v2\/pages"}],"about":[{"href":"https:\/\/debesto.com\/pl\/wp-json\/wp\/v2\/types\/page"}],"author":[{"embeddable":true,"href":"https:\/\/debesto.com\/pl\/wp-json\/wp\/v2\/users\/2"}],"replies":[{"embeddable":true,"href":"https:\/\/debesto.com\/pl\/wp-json\/wp\/v2\/comments?post=17025"}],"version-history":[{"count":54,"href":"https:\/\/debesto.com\/pl\/wp-json\/wp\/v2\/pages\/17025\/revisions"}],"predecessor-version":[{"id":44656,"href":"https:\/\/debesto.com\/pl\/wp-json\/wp\/v2\/pages\/17025\/revisions\/44656"}],"wp:attachment":[{"href":"https:\/\/debesto.com\/pl\/wp-json\/wp\/v2\/media?parent=17025"}],"curies":[{"name":"wp","href":"https:\/\/api.w.org\/{rel}","templated":true}]}}