{"id":16,"date":"2019-02-20T18:23:39","date_gmt":"2019-02-20T17:23:39","guid":{"rendered":"https:\/\/debesto.com\/pl\/?page_id=16"},"modified":"2023-06-23T13:36:23","modified_gmt":"2023-06-23T11:36:23","slug":"cenniki","status":"publish","type":"page","link":"https:\/\/debesto.com\/pl\/cenniki\/","title":{"rendered":"cenniki"},"content":{"rendered":"","protected":false},"excerpt":{"rendered":"","protected":false},"author":1,"featured_media":0,"parent":0,"menu_order":60,"comment_status":"closed","ping_status":"closed","template":"controllers\/product-category.php","meta":{"_acf_changed":false,"_uag_custom_page_level_css":"","footnotes":""},"class_list":["post-16","page","type-page","status-publish","hentry"],"acf":[],"yoast_head":"<!-- This site is optimized with the Yoast SEO plugin v25.6 - https:\/\/yoast.com\/wordpress\/plugins\/seo\/ -->\n<title>Cennik okien PCV i Aluminium | Oferta dla Firm debesto.com<\/title>\n<meta name=\"description\" content=\"Sprzedajesz lub montujesz stolark\u0119 otworow\u0105? Sprawd\u017a ceny, wsp\u00f3\u0142pracuj z nami i oszcz\u0119dzaj do 50%. Importuj okna z Polski.\" \/>\n<meta name=\"robots\" content=\"index, follow, max-snippet:-1, max-image-preview:large, max-video-preview:-1\" \/>\n<link rel=\"canonical\" href=\"https:\/\/debesto.com\/pl\/cenniki\/\" \/>\n<meta property=\"og:locale\" content=\"pl_PL\" \/>\n<meta property=\"og:type\" content=\"article\" \/>\n<meta property=\"og:title\" content=\"Montujesz lub sprzedajesz stolark\u0119 otworow\u0105?\" \/>\n<meta property=\"og:description\" content=\"Sprawd\u017a ceny i wsp\u00f3\u0142pracuj z nami i oszcz\u0119dzaj do 50%. Importuj okna z Polski.\" \/>\n<meta property=\"og:url\" content=\"https:\/\/debesto.com\/pl\/cenniki\/\" \/>\n<meta property=\"og:site_name\" content=\"debesto (PL)\" \/>\n<meta property=\"article:modified_time\" content=\"2023-06-23T11:36:23+00:00\" \/>\n<meta property=\"og:image\" content=\"https:\/\/cdn.debesto.com\/web\/assets\/sites\/1\/2019\/09\/06090247\/thank-you-page-voytech-stanowski.jpg\" \/>\n\t<meta property=\"og:image:width\" content=\"600\" \/>\n\t<meta property=\"og:image:height\" content=\"535\" \/>\n\t<meta property=\"og:image:type\" content=\"image\/jpeg\" \/>\n<meta name=\"twitter:card\" content=\"summary_large_image\" \/>\n<script type=\"application\/ld+json\" class=\"yoast-schema-graph\">{\"@context\":\"https:\/\/schema.org\",\"@graph\":[{\"@type\":\"WebPage\",\"@id\":\"https:\/\/debesto.com\/pl\/cenniki\/\",\"url\":\"https:\/\/debesto.com\/pl\/cenniki\/\",\"name\":\"Cennik okien PCV i Aluminium | Oferta dla Firm debesto.com\",\"isPartOf\":{\"@id\":\"https:\/\/debesto.com\/pl\/#website\"},\"datePublished\":\"2019-02-20T17:23:39+00:00\",\"dateModified\":\"2023-06-23T11:36:23+00:00\",\"description\":\"Sprzedajesz lub montujesz stolark\u0119 otworow\u0105? Sprawd\u017a ceny, wsp\u00f3\u0142pracuj z nami i oszcz\u0119dzaj do 50%. Importuj okna z Polski.\",\"breadcrumb\":{\"@id\":\"https:\/\/debesto.com\/pl\/cenniki\/#breadcrumb\"},\"inLanguage\":\"pl-PL\",\"potentialAction\":[{\"@type\":\"ReadAction\",\"target\":[\"https:\/\/debesto.com\/pl\/cenniki\/\"]}]},{\"@type\":\"BreadcrumbList\",\"@id\":\"https:\/\/debesto.com\/pl\/cenniki\/#breadcrumb\",\"itemListElement\":[{\"@type\":\"ListItem\",\"position\":1,\"name\":\"Strona g\u0142\u00f3wna\",\"item\":\"https:\/\/debesto.com\/pl\/\"},{\"@type\":\"ListItem\",\"position\":2,\"name\":\"cenniki\"}]},{\"@type\":\"WebSite\",\"@id\":\"https:\/\/debesto.com\/pl\/#website\",\"url\":\"https:\/\/debesto.com\/pl\/\",\"name\":\"debesto (PL)\",\"description\":\"\",\"publisher\":{\"@id\":\"https:\/\/debesto.com\/pl\/#organization\"},\"potentialAction\":[{\"@type\":\"SearchAction\",\"target\":{\"@type\":\"EntryPoint\",\"urlTemplate\":\"https:\/\/debesto.com\/pl\/?s={search_term_string}\"},\"query-input\":{\"@type\":\"PropertyValueSpecification\",\"valueRequired\":true,\"valueName\":\"search_term_string\"}}],\"inLanguage\":\"pl-PL\"},{\"@type\":\"Organization\",\"@id\":\"https:\/\/debesto.com\/pl\/#organization\",\"name\":\"debesto.com\",\"url\":\"https:\/\/debesto.com\/pl\/\",\"logo\":{\"@type\":\"ImageObject\",\"inLanguage\":\"pl-PL\",\"@id\":\"https:\/\/debesto.com\/pl\/#\/schema\/logo\/image\/\",\"url\":\"https:\/\/cdn.debesto.com\/web\/assets\/sites\/1\/2019\/12\/06090155\/debesto_kwadrat.jpg\",\"contentUrl\":\"https:\/\/cdn.debesto.com\/web\/assets\/sites\/1\/2019\/12\/06090155\/debesto_kwadrat.jpg\",\"width\":512,\"height\":512,\"caption\":\"debesto.com\"},\"image\":{\"@id\":\"https:\/\/debesto.com\/pl\/#\/schema\/logo\/image\/\"}}]}<\/script>\n<!-- \/ Yoast SEO plugin. -->","yoast_head_json":{"title":"Cennik okien PCV i Aluminium | Oferta dla Firm debesto.com","description":"Sprzedajesz lub montujesz stolark\u0119 otworow\u0105? Sprawd\u017a ceny, wsp\u00f3\u0142pracuj z nami i oszcz\u0119dzaj do 50%. Importuj okna z Polski.","robots":{"index":"index","follow":"follow","max-snippet":"max-snippet:-1","max-image-preview":"max-image-preview:large","max-video-preview":"max-video-preview:-1"},"canonical":"https:\/\/debesto.com\/pl\/cenniki\/","og_locale":"pl_PL","og_type":"article","og_title":"Montujesz lub sprzedajesz stolark\u0119 otworow\u0105?","og_description":"Sprawd\u017a ceny i wsp\u00f3\u0142pracuj z nami i oszcz\u0119dzaj do 50%. Importuj okna z Polski.","og_url":"https:\/\/debesto.com\/pl\/cenniki\/","og_site_name":"debesto (PL)","article_modified_time":"2023-06-23T11:36:23+00:00","og_image":[{"width":600,"height":535,"url":"https:\/\/cdn.debesto.com\/web\/assets\/sites\/1\/2019\/09\/06090247\/thank-you-page-voytech-stanowski.jpg","type":"image\/jpeg"}],"twitter_card":"summary_large_image","schema":{"@context":"https:\/\/schema.org","@graph":[{"@type":"WebPage","@id":"https:\/\/debesto.com\/pl\/cenniki\/","url":"https:\/\/debesto.com\/pl\/cenniki\/","name":"Cennik okien PCV i Aluminium | Oferta dla Firm debesto.com","isPartOf":{"@id":"https:\/\/debesto.com\/pl\/#website"},"datePublished":"2019-02-20T17:23:39+00:00","dateModified":"2023-06-23T11:36:23+00:00","description":"Sprzedajesz lub montujesz stolark\u0119 otworow\u0105? Sprawd\u017a ceny, wsp\u00f3\u0142pracuj z nami i oszcz\u0119dzaj do 50%. Importuj okna z Polski.","breadcrumb":{"@id":"https:\/\/debesto.com\/pl\/cenniki\/#breadcrumb"},"inLanguage":"pl-PL","potentialAction":[{"@type":"ReadAction","target":["https:\/\/debesto.com\/pl\/cenniki\/"]}]},{"@type":"BreadcrumbList","@id":"https:\/\/debesto.com\/pl\/cenniki\/#breadcrumb","itemListElement":[{"@type":"ListItem","position":1,"name":"Strona g\u0142\u00f3wna","item":"https:\/\/debesto.com\/pl\/"},{"@type":"ListItem","position":2,"name":"cenniki"}]},{"@type":"WebSite","@id":"https:\/\/debesto.com\/pl\/#website","url":"https:\/\/debesto.com\/pl\/","name":"debesto (PL)","description":"","publisher":{"@id":"https:\/\/debesto.com\/pl\/#organization"},"potentialAction":[{"@type":"SearchAction","target":{"@type":"EntryPoint","urlTemplate":"https:\/\/debesto.com\/pl\/?s={search_term_string}"},"query-input":{"@type":"PropertyValueSpecification","valueRequired":true,"valueName":"search_term_string"}}],"inLanguage":"pl-PL"},{"@type":"Organization","@id":"https:\/\/debesto.com\/pl\/#organization","name":"debesto.com","url":"https:\/\/debesto.com\/pl\/","logo":{"@type":"ImageObject","inLanguage":"pl-PL","@id":"https:\/\/debesto.com\/pl\/#\/schema\/logo\/image\/","url":"https:\/\/cdn.debesto.com\/web\/assets\/sites\/1\/2019\/12\/06090155\/debesto_kwadrat.jpg","contentUrl":"https:\/\/cdn.debesto.com\/web\/assets\/sites\/1\/2019\/12\/06090155\/debesto_kwadrat.jpg","width":512,"height":512,"caption":"debesto.com"},"image":{"@id":"https:\/\/debesto.com\/pl\/#\/schema\/logo\/image\/"}}]}},"uagb_featured_image_src":{"full":false,"thumbnail":false,"medium":false,"medium_large":false,"large":false,"1536x1536":false,"2048x2048":false},"uagb_author_info":{"display_name":"mohito","author_link":"https:\/\/debesto.com\/pl\/author\/mohito\/"},"uagb_comment_info":0,"uagb_excerpt":null,"_links":{"self":[{"href":"https:\/\/debesto.com\/pl\/wp-json\/wp\/v2\/pages\/16","targetHints":{"allow":["GET"]}}],"collection":[{"href":"https:\/\/debesto.com\/pl\/wp-json\/wp\/v2\/pages"}],"about":[{"href":"https:\/\/debesto.com\/pl\/wp-json\/wp\/v2\/types\/page"}],"author":[{"embeddable":true,"href":"https:\/\/debesto.com\/pl\/wp-json\/wp\/v2\/users\/1"}],"replies":[{"embeddable":true,"href":"https:\/\/debesto.com\/pl\/wp-json\/wp\/v2\/comments?post=16"}],"version-history":[{"count":15,"href":"https:\/\/debesto.com\/pl\/wp-json\/wp\/v2\/pages\/16\/revisions"}],"predecessor-version":[{"id":34146,"href":"https:\/\/debesto.com\/pl\/wp-json\/wp\/v2\/pages\/16\/revisions\/34146"}],"wp:attachment":[{"href":"https:\/\/debesto.com\/pl\/wp-json\/wp\/v2\/media?parent=16"}],"curies":[{"name":"wp","href":"https:\/\/api.w.org\/{rel}","templated":true}]}}