{"id":15916,"date":"2021-12-07T12:07:41","date_gmt":"2021-12-07T11:07:41","guid":{"rendered":"https:\/\/debesto.com\/pl\/?page_id=15916"},"modified":"2026-02-11T10:58:06","modified_gmt":"2026-02-11T09:58:06","slug":"kalkulator-okien","status":"publish","type":"page","link":"https:\/\/debesto.com\/pl\/kalkulator-okien\/","title":{"rendered":"Kalkulatory &#8211; ceny okien, bram i rolet online"},"content":{"rendered":"                                                \n    <div class=\"debesto-spacer\"\n         style=\"--debesto-spacer-mobile-display: block;\n                --debesto-spacer-mobile-height:20px;\n\n                --debesto-spacer-tablet-display: block;\n                --debesto-spacer-tablet-height: 20px;\n\n                --debesto-spacer-desktop-display: block;\n                --debesto-spacer-desktop-height: 40px;\"\n    ><\/div>\n\n\n\n<h2 class=\"has-medium-font-size wp-block-heading\">Wyce\u0144 i kup online<\/h2>\n\n\n                                                \n    <div class=\"debesto-spacer\"\n         style=\"--debesto-spacer-mobile-display: block;\n                --debesto-spacer-mobile-height:10px;\n\n                --debesto-spacer-tablet-display: block;\n                --debesto-spacer-tablet-height: 10px;\n\n                --debesto-spacer-desktop-display: block;\n                --debesto-spacer-desktop-height: 20px;\"\n    ><\/div>\n\n\n\n<div class=\"wp-block-columns is-layout-flex wp-container-core-columns-is-layout-1 wp-block-columns-is-layout-flex\">\n<div class=\"wp-block-column is-layout-flow wp-block-column-is-layout-flow\"><div class=\"w-full mx-auto max-w-[390px] bg-white shadow-[0_0_20px_14px_rgba(0,0,0,0.03)] mb-12 fitters-offer-tile\">\n\t\t\t\t<a href=\"https:\/\/debesto.com\/pl\/kalkulator-okien\/kalkulator-okien-pcv-dla-firm\/\" target=\"\" class=\"flex flex-col h-full\">\n\t\t\t\t\t\t<img decoding=\"async\" src=\"https:\/\/cdn.debesto.com\/web\/assets\/sites\/1\/2023\/05\/06085026\/Rectangle-51.png\" alt=\"\" class=\"object-cover w-full h-[212px]\"\/>\n\t\t\t<div class=\"flex flex-col flex-grow px-4 xl:px-10\">\n\t\t\t\t<div class=\"flex flex-col justify-start flex-grow mt-6\">\n\t\t\t\t\t<p class=\"!font-extrabold !text-[20px] pt-6 xl:pt-3 !mb-6\">\n\t\t\t\t\t\tKalkulator okien PCV\n\t\t\t\t\t<\/p>\n\t\t\t\t\t<span class=\"flex leading-[24px] tile-desc\">Skorzystaj z kalkulatora okien plastikowych online, poznaj cen\u0119 okna w 11 sekund i zam\u00f3w online wraz z dostaw\u0105.<\/span>\n\t\t\t\t<\/div>\n\t\t\t\t<div class=\"h-[2px] w-full mt-4 bg-[#F6F6F6]\"><\/div>\n\t\t\t\t\t\t\t\t\t<span class=\"flex justify-center text-[17px] px-0 font-bold w-full mobile-link\n\t\t\t\t\t\t\t\t\t\t\t\t\t\tbtn btn--fill mb-4 max-h-[40px] flex justify-center items-center shadow-[0_4px_8px_1px_rgba(0,0,0,0.15)]\n\t\t\t\t\t\t\t\t\t\t\t\t\t\t\">\n\t\t\t\t\t\t<span class=\"font-bold\">Wyce\u0144 w 11 sekund<\/span>\n\t\t\t\t\t<\/span>\n\t\t\t\t\t\t\t<\/div>\n\t\t\t\t\t<\/a>\n\t<\/div>\n<\/div>\n\n\n\n<div class=\"wp-block-column is-layout-flow wp-block-column-is-layout-flow\"><div class=\"w-full mx-auto max-w-[390px] bg-white shadow-[0_0_20px_14px_rgba(0,0,0,0.03)] mb-12 fitters-offer-tile\">\n\t\t\t\t<a href=\"https:\/\/app.debesto.com\/pl\/gates\" target=\"\" class=\"flex flex-col h-full\">\n\t\t\t\t\t\t<img decoding=\"async\" src=\"https:\/\/cdn.debesto.com\/web\/assets\/sites\/1\/2024\/02\/06084907\/kalkulator-bram-mockup.jpg\" alt=\"kalkulator bram\" class=\"object-cover w-full h-[212px]\"\/>\n\t\t\t<div class=\"flex flex-col flex-grow px-4 xl:px-10\">\n\t\t\t\t<div class=\"flex flex-col justify-start flex-grow mt-6\">\n\t\t\t\t\t<p class=\"!font-extrabold !text-[20px] pt-6 xl:pt-3 !mb-6\">\n\t\t\t\t\t\tKalkulator bram gara\u017cowych\n\t\t\t\t\t<\/p>\n\t\t\t\t\t<span class=\"flex leading-[24px] tile-desc\">Sprawd\u017a szybko i \u0142atwo cen\u0119 bram gara\u017cowych\u00a0z mo\u017cliwo\u015bci\u0105 zam\u00f3wienia ich przez internet.<\/span>\n\t\t\t\t<\/div>\n\t\t\t\t<div class=\"h-[2px] w-full mt-4 bg-[#F6F6F6]\"><\/div>\n\t\t\t\t\t\t\t\t\t<span class=\"flex justify-center text-[17px] px-0 font-bold w-full mobile-link\n\t\t\t\t\t\t\t\t\t\t\t\t\t\tunderline text-own-red py-8\n\t\t\t\t\t\t\t\t\t\t\t\t\t\t\">\n\t\t\t\t\t\t<span class=\"font-bold\">Wyce\u0144 bramy<\/span>\n\t\t\t\t\t<\/span>\n\t\t\t\t\t\t\t<\/div>\n\t\t\t\t\t<\/a>\n\t<\/div>\n<\/div>\n\n\n\n<div class=\"wp-block-column is-layout-flow wp-block-column-is-layout-flow\"><div class=\"w-full mx-auto max-w-[390px] bg-white shadow-[0_0_20px_14px_rgba(0,0,0,0.03)] mb-12 fitters-offer-tile\">\n\t\t\t\t<a href=\"https:\/\/app.debesto.com\/pl\/shutters\" target=\"\" class=\"flex flex-col h-full\">\n\t\t\t\t\t\t<img decoding=\"async\" src=\"https:\/\/cdn.debesto.com\/web\/assets\/sites\/1\/2024\/02\/06084906\/kalk-rolet.jpg\" alt=\"\" class=\"object-cover w-full h-[212px]\"\/>\n\t\t\t<div class=\"flex flex-col flex-grow px-4 xl:px-10\">\n\t\t\t\t<div class=\"flex flex-col justify-start flex-grow mt-6\">\n\t\t\t\t\t<p class=\"!font-extrabold !text-[20px] pt-6 xl:pt-3 !mb-6\">\n\t\t\t\t\t\tKalkulator rolet okiennych\n\t\t\t\t\t<\/p>\n\t\t\t\t\t<span class=\"flex leading-[24px] tile-desc\">Skorzystaj z konfiguratora rolet zewn\u0119trznych, aby w 60 sekund bezb\u0142\u0119dnie dobra\u0107 rolet\u0119 do swoich potrzeb.<\/span>\n\t\t\t\t<\/div>\n\t\t\t\t<div class=\"h-[2px] w-full mt-4 bg-[#F6F6F6]\"><\/div>\n\t\t\t\t\t\t\t\t\t<span class=\"flex justify-center text-[17px] px-0 font-bold w-full mobile-link\n\t\t\t\t\t\t\t\t\t\t\t\t\t\tunderline text-own-red py-8\n\t\t\t\t\t\t\t\t\t\t\t\t\t\t\">\n\t\t\t\t\t\t<span class=\"font-bold\">Wyce\u0144 rolety<\/span>\n\t\t\t\t\t<\/span>\n\t\t\t\t\t\t\t<\/div>\n\t\t\t\t\t<\/a>\n\t<\/div>\n<\/div>\n<\/div>\n\n\n                                                \n    <div class=\"debesto-spacer\"\n         style=\"--debesto-spacer-mobile-display: block;\n                --debesto-spacer-mobile-height:30px;\n\n                --debesto-spacer-tablet-display: block;\n                --debesto-spacer-tablet-height: 30px;\n\n                --debesto-spacer-desktop-display: block;\n                --debesto-spacer-desktop-height: 60px;\"\n    ><\/div>\n\n\n\n<h2 class=\"has-medium-font-size wp-block-heading\">Poznaj szacunkow\u0105 cen\u0119<\/h2>\n\n\n                                                \n    <div class=\"debesto-spacer\"\n         style=\"--debesto-spacer-mobile-display: block;\n                --debesto-spacer-mobile-height:10px;\n\n                --debesto-spacer-tablet-display: block;\n                --debesto-spacer-tablet-height: 10px;\n\n                --debesto-spacer-desktop-display: block;\n                --debesto-spacer-desktop-height: 20px;\"\n    ><\/div>\n\n\n\n<div class=\"wp-block-columns is-layout-flex wp-container-core-columns-is-layout-2 wp-block-columns-is-layout-flex\">\n<div class=\"wp-block-column is-layout-flow wp-block-column-is-layout-flow\"><div class=\"w-full mx-auto max-w-[390px] bg-white shadow-[0_0_20px_14px_rgba(0,0,0,0.03)] mb-12 fitters-offer-tile\">\n\t\t\t\t<a href=\"https:\/\/debesto.com\/pl\/kalkulator-okien\/kalkulator-bezramowych-okien-przesuwnych\/\" target=\"\" class=\"flex flex-col h-full\">\n\t\t\t\t\t\t<img decoding=\"async\" src=\"https:\/\/cdn.debesto.com\/web\/assets\/sites\/1\/2024\/02\/06084907\/kalkulator-przesuwnych.jpg\" alt=\"kalkulator przesuwnych\" class=\"object-cover w-full h-[212px]\"\/>\n\t\t\t<div class=\"flex flex-col flex-grow px-4 xl:px-10\">\n\t\t\t\t<div class=\"flex flex-col justify-start flex-grow mt-6\">\n\t\t\t\t\t<p class=\"!font-extrabold !text-[20px] pt-6 xl:pt-3 !mb-6\">\n\t\t\t\t\t\tKalkulator okien przesuwnych\n\t\t\t\t\t<\/p>\n\t\t\t\t\t<span class=\"flex leading-[24px] tile-desc\">Wyce\u0144 bezramowe drzwi tarasowe z aliminium, w minimalistycznym designie, online. Wpisz parametry Twoich drzwi przesuwnych, sprawd\u017a ich cen\u0119 i zobacz wizualizacje w kilka sekund.<\/span>\n\t\t\t\t<\/div>\n\t\t\t\t<div class=\"h-[2px] w-full mt-4 bg-[#F6F6F6]\"><\/div>\n\t\t\t\t\t\t\t\t\t<span class=\"flex justify-center text-[17px] px-0 font-bold w-full mobile-link\n\t\t\t\t\t\t\t\t\t\t\t\t\t\tunderline text-own-red py-8\n\t\t\t\t\t\t\t\t\t\t\t\t\t\t\">\n\t\t\t\t\t\t<span class=\"font-bold\">Wylicz cen\u0119 okna<\/span>\n\t\t\t\t\t<\/span>\n\t\t\t\t\t\t\t<\/div>\n\t\t\t\t\t<\/a>\n\t<\/div>\n<\/div>\n\n\n\n<div class=\"wp-block-column is-layout-flow wp-block-column-is-layout-flow\"><div class=\"w-full mx-auto max-w-[390px] bg-white shadow-[0_0_20px_14px_rgba(0,0,0,0.03)] mb-12 fitters-offer-tile\">\n\t\t\t\t<a href=\"https:\/\/debesto.com\/pl\/kalkulator-okien\/kalkulator-okien-aluminiowych-dla-firm\/\" target=\"\" class=\"flex flex-col h-full\">\n\t\t\t\t\t\t<img decoding=\"async\" src=\"https:\/\/cdn.debesto.com\/web\/assets\/sites\/1\/2024\/02\/06084907\/kalkulator-alu.jpg\" alt=\"kalkulator alu\" class=\"object-cover w-full h-[212px]\"\/>\n\t\t\t<div class=\"flex flex-col flex-grow px-4 xl:px-10\">\n\t\t\t\t<div class=\"flex flex-col justify-start flex-grow mt-6\">\n\t\t\t\t\t<p class=\"!font-extrabold !text-[20px] pt-6 xl:pt-3 !mb-6\">\n\t\t\t\t\t\tKalkulator okien aluminiowych\n\t\t\t\t\t<\/p>\n\t\t\t\t\t<span class=\"flex leading-[24px] tile-desc\">Pozwala na ekspresow\u0105 wycen\u0119 okien, dzi\u0119ki czemu zyskasz wi\u0119cej czasu na prowadzenie swojej dzia\u0142alno\u015bci. Ceny wyliczane przez kalkulator s\u0105 \u015brednimi, rynkowymi cenami detalicznymi netto.<\/span>\n\t\t\t\t<\/div>\n\t\t\t\t<div class=\"h-[2px] w-full mt-4 bg-[#F6F6F6]\"><\/div>\n\t\t\t\t\t\t\t\t\t<span class=\"flex justify-center text-[17px] px-0 font-bold w-full mobile-link\n\t\t\t\t\t\t\t\t\t\t\t\t\t\tunderline text-own-red py-8\n\t\t\t\t\t\t\t\t\t\t\t\t\t\t\">\n\t\t\t\t\t\t<span class=\"font-bold\">Wylicz cen\u0119 okna<\/span>\n\t\t\t\t\t<\/span>\n\t\t\t\t\t\t\t<\/div>\n\t\t\t\t\t<\/a>\n\t<\/div>\n<\/div>\n\n\n\n<div class=\"wp-block-column is-layout-flow wp-block-column-is-layout-flow\"><div class=\"w-full mx-auto max-w-[390px] bg-white shadow-[0_0_20px_14px_rgba(0,0,0,0.03)] mb-12 fitters-offer-tile\">\n\t\t\t\t<a href=\"https:\/\/debesto.com\/pl\/kalkulator-okien\/kalkulator-okien-drewnianych-dla-firm\/\" target=\"\" class=\"flex flex-col h-full\">\n\t\t\t\t\t\t<img decoding=\"async\" src=\"https:\/\/cdn.debesto.com\/web\/assets\/sites\/1\/2024\/02\/06084907\/kalkulator-wood.jpg\" alt=\"kalkulator wood\" class=\"object-cover w-full h-[212px]\"\/>\n\t\t\t<div class=\"flex flex-col flex-grow px-4 xl:px-10\">\n\t\t\t\t<div class=\"flex flex-col justify-start flex-grow mt-6\">\n\t\t\t\t\t<p class=\"!font-extrabold !text-[20px] pt-6 xl:pt-3 !mb-6\">\n\t\t\t\t\t\tKalkulator okien drewnianych\n\t\t\t\t\t<\/p>\n\t\t\t\t\t<span class=\"flex leading-[24px] tile-desc\">Sprawd\u017a ile zap\u0142acisz za swoje okna drewniane. Wybierz okna sosnowe, meranti lub d\u0119bowe. Ceny wyliczane przez kalkulator s\u0105 \u015brednimi, rynkowymi cenami detalicznymi netto.<\/span>\n\t\t\t\t<\/div>\n\t\t\t\t<div class=\"h-[2px] w-full mt-4 bg-[#F6F6F6]\"><\/div>\n\t\t\t\t\t\t\t\t\t<span class=\"flex justify-center text-[17px] px-0 font-bold w-full mobile-link\n\t\t\t\t\t\t\t\t\t\t\t\t\t\tunderline text-own-red py-8\n\t\t\t\t\t\t\t\t\t\t\t\t\t\t\">\n\t\t\t\t\t\t<span class=\"font-bold\">Wylicz cen\u0119 okna<\/span>\n\t\t\t\t\t<\/span>\n\t\t\t\t\t\t\t<\/div>\n\t\t\t\t\t<\/a>\n\t<\/div>\n<\/div>\n<\/div>\n\n\n                                                \n    <div class=\"debesto-spacer\"\n         style=\"--debesto-spacer-mobile-display: block;\n                --debesto-spacer-mobile-height:20px;\n\n                --debesto-spacer-tablet-display: block;\n                --debesto-spacer-tablet-height: 20px;\n\n                --debesto-spacer-desktop-display: block;\n                --debesto-spacer-desktop-height: 60px;\"\n    ><\/div>\n\n\n\n<div class=\"wp-block-columns is-layout-flex wp-container-core-columns-is-layout-3 wp-block-columns-is-layout-flex\">\n<div class=\"wp-block-column is-layout-flow wp-block-column-is-layout-flow\"><\/div>\n\n\n\n<div class=\"wp-block-column is-layout-flow wp-block-column-is-layout-flow\"><\/div>\n\n\n\n<div class=\"wp-block-column is-layout-flow wp-block-column-is-layout-flow\"><\/div>\n<\/div>\n","protected":false},"excerpt":{"rendered":"<p>Wyce\u0144 i kup online Poznaj szacunkow\u0105 cen\u0119<\/p>\n","protected":false},"author":2,"featured_media":40326,"parent":0,"menu_order":70,"comment_status":"closed","ping_status":"closed","template":"controllers\/page-gutenberg.php","meta":{"_acf_changed":false,"_uag_custom_page_level_css":"","footnotes":""},"class_list":["post-15916","page","type-page","status-publish","has-post-thumbnail","hentry"],"acf":[],"yoast_head":"<!-- This site is optimized with the Yoast SEO plugin v25.6 - https:\/\/yoast.com\/wordpress\/plugins\/seo\/ -->\n<title>Kalkulatory okien, rolet i bram - Poznaj ceny online i zam\u00f3w w 1 miejscu<\/title>\n<meta name=\"description\" content=\"Zoptymalizuj koszty projekt\u00f3w budowlanych dzi\u0119ki kalkulatorom okien, rolet i bram online. Idealne narz\u0119dzie dla firm budowlanych i inwestor\u00f3w.\" \/>\n<meta name=\"robots\" content=\"index, follow, max-snippet:-1, max-image-preview:large, max-video-preview:-1\" \/>\n<link rel=\"canonical\" href=\"https:\/\/debesto.com\/pl\/kalkulator-okien\/\" \/>\n<meta property=\"og:locale\" content=\"pl_PL\" \/>\n<meta property=\"og:type\" content=\"article\" \/>\n<meta property=\"og:title\" content=\"Kalkulatory okien, rolet i bram - Poznaj ceny online i zam\u00f3w w 1 miejscu\" \/>\n<meta property=\"og:description\" content=\"Zoptymalizuj koszty projekt\u00f3w budowlanych dzi\u0119ki kalkulatorom okien, rolet i bram online. Idealne narz\u0119dzie dla firm budowlanych i inwestor\u00f3w.\" \/>\n<meta property=\"og:url\" content=\"https:\/\/debesto.com\/pl\/kalkulator-okien\/\" \/>\n<meta property=\"og:site_name\" content=\"debesto (PL)\" \/>\n<meta property=\"article:modified_time\" content=\"2026-02-11T09:58:06+00:00\" \/>\n<meta property=\"og:image\" content=\"https:\/\/cdn.debesto.com\/web\/assets\/sites\/1\/2024\/02\/06084906\/thumbnail-kalkulatory2.png\" \/>\n\t<meta property=\"og:image:width\" content=\"300\" \/>\n\t<meta property=\"og:image:height\" content=\"300\" \/>\n\t<meta property=\"og:image:type\" content=\"image\/png\" \/>\n<meta name=\"twitter:card\" content=\"summary_large_image\" \/>\n<meta name=\"twitter:image\" content=\"https:\/\/cdn.debesto.com\/web\/assets\/sites\/1\/2024\/02\/06084906\/thumbnail-kalkulatory2.png\" \/>\n<meta name=\"twitter:label1\" content=\"Szacowany czas czytania\" \/>\n\t<meta name=\"twitter:data1\" content=\"3 minuty\" \/>\n<script type=\"application\/ld+json\" class=\"yoast-schema-graph\">{\"@context\":\"https:\/\/schema.org\",\"@graph\":[{\"@type\":\"WebPage\",\"@id\":\"https:\/\/debesto.com\/pl\/kalkulator-okien\/\",\"url\":\"https:\/\/debesto.com\/pl\/kalkulator-okien\/\",\"name\":\"Kalkulatory okien, rolet i bram - Poznaj ceny online i zam\u00f3w w 1 miejscu\",\"isPartOf\":{\"@id\":\"https:\/\/debesto.com\/pl\/#website\"},\"primaryImageOfPage\":{\"@id\":\"https:\/\/debesto.com\/pl\/kalkulator-okien\/#primaryimage\"},\"image\":{\"@id\":\"https:\/\/debesto.com\/pl\/kalkulator-okien\/#primaryimage\"},\"thumbnailUrl\":\"https:\/\/cdn.debesto.com\/web\/assets\/sites\/1\/2024\/02\/06084906\/thumbnail-kalkulatory2.png\",\"datePublished\":\"2021-12-07T11:07:41+00:00\",\"dateModified\":\"2026-02-11T09:58:06+00:00\",\"description\":\"Zoptymalizuj koszty projekt\u00f3w budowlanych dzi\u0119ki kalkulatorom okien, rolet i bram online. Idealne narz\u0119dzie dla firm budowlanych i inwestor\u00f3w.\",\"breadcrumb\":{\"@id\":\"https:\/\/debesto.com\/pl\/kalkulator-okien\/#breadcrumb\"},\"inLanguage\":\"pl-PL\",\"potentialAction\":[{\"@type\":\"ReadAction\",\"target\":[\"https:\/\/debesto.com\/pl\/kalkulator-okien\/\"]}]},{\"@type\":\"ImageObject\",\"inLanguage\":\"pl-PL\",\"@id\":\"https:\/\/debesto.com\/pl\/kalkulator-okien\/#primaryimage\",\"url\":\"https:\/\/cdn.debesto.com\/web\/assets\/sites\/1\/2024\/02\/06084906\/thumbnail-kalkulatory2.png\",\"contentUrl\":\"https:\/\/cdn.debesto.com\/web\/assets\/sites\/1\/2024\/02\/06084906\/thumbnail-kalkulatory2.png\",\"width\":300,\"height\":300},{\"@type\":\"BreadcrumbList\",\"@id\":\"https:\/\/debesto.com\/pl\/kalkulator-okien\/#breadcrumb\",\"itemListElement\":[{\"@type\":\"ListItem\",\"position\":1,\"name\":\"Strona g\u0142\u00f3wna\",\"item\":\"https:\/\/debesto.com\/pl\/\"},{\"@type\":\"ListItem\",\"position\":2,\"name\":\"Kalkulatory &#8211; ceny okien, bram i rolet online\"}]},{\"@type\":\"WebSite\",\"@id\":\"https:\/\/debesto.com\/pl\/#website\",\"url\":\"https:\/\/debesto.com\/pl\/\",\"name\":\"debesto (PL)\",\"description\":\"\",\"publisher\":{\"@id\":\"https:\/\/debesto.com\/pl\/#organization\"},\"potentialAction\":[{\"@type\":\"SearchAction\",\"target\":{\"@type\":\"EntryPoint\",\"urlTemplate\":\"https:\/\/debesto.com\/pl\/?s={search_term_string}\"},\"query-input\":{\"@type\":\"PropertyValueSpecification\",\"valueRequired\":true,\"valueName\":\"search_term_string\"}}],\"inLanguage\":\"pl-PL\"},{\"@type\":\"Organization\",\"@id\":\"https:\/\/debesto.com\/pl\/#organization\",\"name\":\"debesto.com\",\"url\":\"https:\/\/debesto.com\/pl\/\",\"logo\":{\"@type\":\"ImageObject\",\"inLanguage\":\"pl-PL\",\"@id\":\"https:\/\/debesto.com\/pl\/#\/schema\/logo\/image\/\",\"url\":\"https:\/\/cdn.debesto.com\/web\/assets\/sites\/1\/2019\/12\/06090155\/debesto_kwadrat.jpg\",\"contentUrl\":\"https:\/\/cdn.debesto.com\/web\/assets\/sites\/1\/2019\/12\/06090155\/debesto_kwadrat.jpg\",\"width\":512,\"height\":512,\"caption\":\"debesto.com\"},\"image\":{\"@id\":\"https:\/\/debesto.com\/pl\/#\/schema\/logo\/image\/\"}}]}<\/script>\n<!-- \/ Yoast SEO plugin. -->","yoast_head_json":{"title":"Kalkulatory okien, rolet i bram - Poznaj ceny online i zam\u00f3w w 1 miejscu","description":"Zoptymalizuj koszty projekt\u00f3w budowlanych dzi\u0119ki kalkulatorom okien, rolet i bram online. Idealne narz\u0119dzie dla firm budowlanych i inwestor\u00f3w.","robots":{"index":"index","follow":"follow","max-snippet":"max-snippet:-1","max-image-preview":"max-image-preview:large","max-video-preview":"max-video-preview:-1"},"canonical":"https:\/\/debesto.com\/pl\/kalkulator-okien\/","og_locale":"pl_PL","og_type":"article","og_title":"Kalkulatory okien, rolet i bram - Poznaj ceny online i zam\u00f3w w 1 miejscu","og_description":"Zoptymalizuj koszty projekt\u00f3w budowlanych dzi\u0119ki kalkulatorom okien, rolet i bram online. Idealne narz\u0119dzie dla firm budowlanych i inwestor\u00f3w.","og_url":"https:\/\/debesto.com\/pl\/kalkulator-okien\/","og_site_name":"debesto (PL)","article_modified_time":"2026-02-11T09:58:06+00:00","og_image":[{"width":300,"height":300,"url":"https:\/\/cdn.debesto.com\/web\/assets\/sites\/1\/2024\/02\/06084906\/thumbnail-kalkulatory2.png","type":"image\/png"}],"twitter_card":"summary_large_image","twitter_image":"https:\/\/cdn.debesto.com\/web\/assets\/sites\/1\/2024\/02\/06084906\/thumbnail-kalkulatory2.png","twitter_misc":{"Szacowany czas czytania":"3 minuty"},"schema":{"@context":"https:\/\/schema.org","@graph":[{"@type":"WebPage","@id":"https:\/\/debesto.com\/pl\/kalkulator-okien\/","url":"https:\/\/debesto.com\/pl\/kalkulator-okien\/","name":"Kalkulatory okien, rolet i bram - Poznaj ceny online i zam\u00f3w w 1 miejscu","isPartOf":{"@id":"https:\/\/debesto.com\/pl\/#website"},"primaryImageOfPage":{"@id":"https:\/\/debesto.com\/pl\/kalkulator-okien\/#primaryimage"},"image":{"@id":"https:\/\/debesto.com\/pl\/kalkulator-okien\/#primaryimage"},"thumbnailUrl":"https:\/\/cdn.debesto.com\/web\/assets\/sites\/1\/2024\/02\/06084906\/thumbnail-kalkulatory2.png","datePublished":"2021-12-07T11:07:41+00:00","dateModified":"2026-02-11T09:58:06+00:00","description":"Zoptymalizuj koszty projekt\u00f3w budowlanych dzi\u0119ki kalkulatorom okien, rolet i bram online. Idealne narz\u0119dzie dla firm budowlanych i inwestor\u00f3w.","breadcrumb":{"@id":"https:\/\/debesto.com\/pl\/kalkulator-okien\/#breadcrumb"},"inLanguage":"pl-PL","potentialAction":[{"@type":"ReadAction","target":["https:\/\/debesto.com\/pl\/kalkulator-okien\/"]}]},{"@type":"ImageObject","inLanguage":"pl-PL","@id":"https:\/\/debesto.com\/pl\/kalkulator-okien\/#primaryimage","url":"https:\/\/cdn.debesto.com\/web\/assets\/sites\/1\/2024\/02\/06084906\/thumbnail-kalkulatory2.png","contentUrl":"https:\/\/cdn.debesto.com\/web\/assets\/sites\/1\/2024\/02\/06084906\/thumbnail-kalkulatory2.png","width":300,"height":300},{"@type":"BreadcrumbList","@id":"https:\/\/debesto.com\/pl\/kalkulator-okien\/#breadcrumb","itemListElement":[{"@type":"ListItem","position":1,"name":"Strona g\u0142\u00f3wna","item":"https:\/\/debesto.com\/pl\/"},{"@type":"ListItem","position":2,"name":"Kalkulatory &#8211; ceny okien, bram i rolet online"}]},{"@type":"WebSite","@id":"https:\/\/debesto.com\/pl\/#website","url":"https:\/\/debesto.com\/pl\/","name":"debesto (PL)","description":"","publisher":{"@id":"https:\/\/debesto.com\/pl\/#organization"},"potentialAction":[{"@type":"SearchAction","target":{"@type":"EntryPoint","urlTemplate":"https:\/\/debesto.com\/pl\/?s={search_term_string}"},"query-input":{"@type":"PropertyValueSpecification","valueRequired":true,"valueName":"search_term_string"}}],"inLanguage":"pl-PL"},{"@type":"Organization","@id":"https:\/\/debesto.com\/pl\/#organization","name":"debesto.com","url":"https:\/\/debesto.com\/pl\/","logo":{"@type":"ImageObject","inLanguage":"pl-PL","@id":"https:\/\/debesto.com\/pl\/#\/schema\/logo\/image\/","url":"https:\/\/cdn.debesto.com\/web\/assets\/sites\/1\/2019\/12\/06090155\/debesto_kwadrat.jpg","contentUrl":"https:\/\/cdn.debesto.com\/web\/assets\/sites\/1\/2019\/12\/06090155\/debesto_kwadrat.jpg","width":512,"height":512,"caption":"debesto.com"},"image":{"@id":"https:\/\/debesto.com\/pl\/#\/schema\/logo\/image\/"}}]}},"uagb_featured_image_src":{"full":["https:\/\/cdn.debesto.com\/web\/assets\/sites\/1\/2024\/02\/06084906\/thumbnail-kalkulatory2.png",300,300,false],"thumbnail":["https:\/\/cdn.debesto.com\/web\/assets\/sites\/1\/2024\/02\/06084906\/thumbnail-kalkulatory2-150x150.png",150,150,true],"medium":["https:\/\/cdn.debesto.com\/web\/assets\/sites\/1\/2024\/02\/06084906\/thumbnail-kalkulatory2-300x300.png",300,300,true],"medium_large":["https:\/\/cdn.debesto.com\/web\/assets\/sites\/1\/2024\/02\/06084906\/thumbnail-kalkulatory2.png",300,300,false],"large":["https:\/\/cdn.debesto.com\/web\/assets\/sites\/1\/2024\/02\/06084906\/thumbnail-kalkulatory2.png",300,300,false],"1536x1536":["https:\/\/cdn.debesto.com\/web\/assets\/sites\/1\/2024\/02\/06084906\/thumbnail-kalkulatory2.png",300,300,false],"2048x2048":["https:\/\/cdn.debesto.com\/web\/assets\/sites\/1\/2024\/02\/06084906\/thumbnail-kalkulatory2.png",300,300,false]},"uagb_author_info":{"display_name":"debesto","author_link":"https:\/\/debesto.com\/pl\/author\/debesto\/"},"uagb_comment_info":0,"uagb_excerpt":"Wyce\u0144 i kup online Poznaj szacunkow\u0105 cen\u0119","_links":{"self":[{"href":"https:\/\/debesto.com\/pl\/wp-json\/wp\/v2\/pages\/15916","targetHints":{"allow":["GET"]}}],"collection":[{"href":"https:\/\/debesto.com\/pl\/wp-json\/wp\/v2\/pages"}],"about":[{"href":"https:\/\/debesto.com\/pl\/wp-json\/wp\/v2\/types\/page"}],"author":[{"embeddable":true,"href":"https:\/\/debesto.com\/pl\/wp-json\/wp\/v2\/users\/2"}],"replies":[{"embeddable":true,"href":"https:\/\/debesto.com\/pl\/wp-json\/wp\/v2\/comments?post=15916"}],"version-history":[{"count":47,"href":"https:\/\/debesto.com\/pl\/wp-json\/wp\/v2\/pages\/15916\/revisions"}],"predecessor-version":[{"id":44647,"href":"https:\/\/debesto.com\/pl\/wp-json\/wp\/v2\/pages\/15916\/revisions\/44647"}],"wp:featuredmedia":[{"embeddable":true,"href":"https:\/\/debesto.com\/pl\/wp-json\/wp\/v2\/media\/40326"}],"wp:attachment":[{"href":"https:\/\/debesto.com\/pl\/wp-json\/wp\/v2\/media?parent=15916"}],"curies":[{"name":"wp","href":"https:\/\/api.w.org\/{rel}","templated":true}]}}