{"id":15664,"date":"2021-11-22T19:04:46","date_gmt":"2021-11-22T18:04:46","guid":{"rendered":"https:\/\/debesto.com\/pl\/?page_id=15664"},"modified":"2026-02-11T10:58:21","modified_gmt":"2026-02-11T09:58:21","slug":"cennik-okien-tarasowych-przesuwnych","status":"publish","type":"page","link":"https:\/\/debesto.com\/pl\/cenniki\/cennik-okien-tarasowych-przesuwnych\/","title":{"rendered":"Cennik okien tarasowych"},"content":{"rendered":"\n<p>Poni\u017cej znajdziesz przygotowane przez nas <strong>por\u00f3wnanie cen popularnych na rynku okien tarasowych<\/strong>, a dok\u0142adnie:<\/p>\n\n\n\n<ul class=\"wp-block-list\"><li><a href=\"#balkonowe-pvc\"><span style=\"text-decoration: underline\">Zestaw\u00f3w balkonowych PVC<\/span><\/a><\/li><li><a href=\"#tarasowe-przesuwne\"><span style=\"text-decoration: underline\">Plastikowych okien przesuwnych smart-slide<\/span><\/a><\/li><li><a href=\"#tarasowe-przesuwne\"><span style=\"text-decoration: underline\">Plastikowych okien przesuwnych HST (podnoszno-przesuwne)<\/span><\/a><\/li><li><a href=\"#ceny-okien-przesywnych-aluminiowych\"><span style=\"text-decoration: underline\">Tarasowych okien aluminiowych w wersji HST<\/span><\/a><\/li><li><a href=\"#ceny-okien-przesywnych-aluminiowych\"><span style=\"text-decoration: underline\">Aluminiowych okien panoramicznych premium<\/span><\/a><\/li><\/ul>\n\n\n\n<div class=\"wp-block-group\"><div class=\"wp-block-group__inner-container is-layout-flow wp-block-group-is-layout-flow\">\n<div class=\"wp-block-group\"><div class=\"wp-block-group__inner-container is-layout-flow wp-block-group-is-layout-flow\">\n<div class=\"wp-block-group\"><div class=\"wp-block-group__inner-container is-layout-flow wp-block-group-is-layout-flow\"><\/div><\/div>\n<\/div><\/div>\n<\/div><\/div>\n\n\n\n<p>Wszystkie okna tarasowe wycenili\u015bmy pod k\u0105tem otworu o wymiarach 3000&#215;2400 mm. <strong>Por\u00f3wnanie dotyczy konstrukcji w kolorze czarnym obustronnie, wyposa\u017conej w 2 szyby hartowane.<\/strong><\/p>\n\n\n\n<div style=\"height:15px\" aria-hidden=\"true\" class=\"wp-block-spacer\"><\/div>\n\n\n\n<h2 class=\"has-text-align-center wp-block-heading\" id=\"balkonowe-pvc\">Ceny okien balkonowych PVC<\/h2>\n\n\n\n<div class=\"wp-block-columns is-layout-flex wp-container-core-columns-is-layout-3 wp-block-columns-is-layout-flex\">\n<div class=\"wp-block-column is-layout-flow wp-block-column-is-layout-flow\">\n<figure class=\"wp-block-image size-full\"><img decoding=\"async\" width=\"600\" height=\"480\" src=\"https:\/\/cdn.debesto.com\/web\/assets\/sites\/1\/2021\/11\/06085614\/PVC-RU-FIX.jpg\" alt=\"Okno balkonowe PVC RU + FIX\" class=\"wp-image-15798\" srcset=\"https:\/\/cdn.debesto.com\/web\/assets\/sites\/1\/2021\/11\/06085614\/PVC-RU-FIX.jpg 600w, https:\/\/cdn.debesto.com\/web\/assets\/sites\/1\/2021\/11\/06085614\/PVC-RU-FIX-300x240.jpg 300w\" sizes=\"(max-width: 600px) 100vw, 600px\" \/><\/figure>\n\n\n\n<h3 class=\"has-text-align-center wp-block-heading\">Okno balkonowe PVC RU + FIX<\/h3>\n\n\n\n<div class=\"wp-block-columns is-layout-flex wp-container-core-columns-is-layout-1 wp-block-columns-is-layout-flex\">\n<div class=\"wp-block-column is-layout-flow wp-block-column-is-layout-flow\">\n<h4 class=\"has-text-align-center has-background wp-block-heading\" style=\"background-color:#f6f6f6\"><span style=\"text-decoration: underline\"><a href=\"https:\/\/debesto.com\/pl\/okna\/produkty\/drzwi-przesuwne-pcv-aluplast-smart-slide\/\" target=\"_blank\" rel=\"noreferrer noopener\"><span style=\"text-decoration: underline\"><\/span><\/a><a href=\"https:\/\/debesto.com\/pl\/okna\/produkty\/okna-pcv-gealan-8000\/\" target=\"_blank\" rel=\"noreferrer noopener\">Gealan 8000<\/a><\/span><\/h4>\n\n\n\n<h4 class=\"has-text-align-center has-vivid-red-color has-text-color wp-block-heading\">Cena od: <mark class=\"has-inline-color has-vivid-red-color\"><strong>1224 EUR<\/strong><\/mark><\/h4>\n\n\n\n<p class=\"has-text-align-center\">Wymiary graniczne: <strong>3500&#215;2400<\/strong><\/p>\n<\/div>\n<\/div>\n<\/div>\n\n\n\n<div class=\"wp-block-column is-vertically-aligned-bottom is-layout-flow wp-block-column-is-layout-flow\">\n<figure class=\"wp-block-image size-full\"><img decoding=\"async\" width=\"600\" height=\"480\" src=\"https:\/\/cdn.debesto.com\/web\/assets\/sites\/1\/2021\/11\/06085614\/3-skrzydla.jpg\" alt=\"Okno balkonowe PVC 3-skrzyd\u0142owe\" class=\"wp-image-15793\" srcset=\"https:\/\/cdn.debesto.com\/web\/assets\/sites\/1\/2021\/11\/06085614\/3-skrzydla.jpg 600w, https:\/\/cdn.debesto.com\/web\/assets\/sites\/1\/2021\/11\/06085614\/3-skrzydla-300x240.jpg 300w\" sizes=\"(max-width: 600px) 100vw, 600px\" \/><\/figure>\n\n\n\n<h3 class=\"has-text-align-center wp-block-heading\">Okno balkonowe PVC 3-skrzyd\u0142owe<\/h3>\n\n\n\n<div class=\"wp-block-columns is-layout-flex wp-container-core-columns-is-layout-2 wp-block-columns-is-layout-flex\">\n<div class=\"wp-block-column is-layout-flow wp-block-column-is-layout-flow\">\n<h4 class=\"has-text-align-center has-background wp-block-heading\" style=\"background-color:#f6f6f6\"><span style=\"text-decoration: underline\"><span style=\"text-decoration: underline\"><a href=\"https:\/\/debesto.com\/pl\/okna\/produkty\/okna-pcv-gealan-8000\/\" target=\"_blank\" rel=\"noreferrer noopener\">Gealan 8000<\/a><\/span><\/span><\/h4>\n\n\n\n<h4 class=\"has-text-align-center has-vivid-red-color has-text-color wp-block-heading\">Cena od: <mark class=\"has-inline-color has-vivid-red-color\"><strong>1414 EUR<\/strong><\/mark><\/h4>\n\n\n\n<p class=\"has-text-align-center\">Wymiary graniczne: <strong>3200&#215;2400<\/strong><\/p>\n<\/div>\n<\/div>\n<\/div>\n<\/div>\n\n\n\n<h2 class=\"has-text-align-center wp-block-heading\" id=\"tarasowe-przesuwne\">Ceny okien tarasowych przesuwnych PVC<\/h2>\n\n\n\n<div style=\"height:15px\" aria-hidden=\"true\" class=\"wp-block-spacer\"><\/div>\n\n\n\n<div class=\"wp-block-columns is-layout-flex wp-container-core-columns-is-layout-6 wp-block-columns-is-layout-flex\">\n<div class=\"wp-block-column is-layout-flow wp-block-column-is-layout-flow\">\n<figure class=\"wp-block-image size-full\"><img decoding=\"async\" width=\"600\" height=\"480\" src=\"https:\/\/cdn.debesto.com\/web\/assets\/sites\/1\/2021\/11\/06085614\/PVC-smart-slide.jpg\" alt=\"Okno przesuwne PVC typu smart-slide\" class=\"wp-image-15799\" srcset=\"https:\/\/cdn.debesto.com\/web\/assets\/sites\/1\/2021\/11\/06085614\/PVC-smart-slide.jpg 600w, https:\/\/cdn.debesto.com\/web\/assets\/sites\/1\/2021\/11\/06085614\/PVC-smart-slide-300x240.jpg 300w\" sizes=\"(max-width: 600px) 100vw, 600px\" \/><\/figure>\n\n\n\n<h3 class=\"has-text-align-center wp-block-heading\">Okno przesuwne PVC typu smart-slide<\/h3>\n\n\n\n<div class=\"wp-block-columns is-layout-flex wp-container-core-columns-is-layout-4 wp-block-columns-is-layout-flex\">\n<div class=\"wp-block-column is-layout-flow wp-block-column-is-layout-flow\">\n<h4 class=\"has-text-align-center has-background wp-block-heading\" style=\"background-color:#f6f6f6\"><span style=\"text-decoration: underline\"><a href=\"https:\/\/debesto.com\/pl\/okna\/produkty\/drzwi-przesuwne-pcv-aluplast-smart-slide\/\" target=\"_blank\" rel=\"noreferrer noopener\">Aluplast Smart-Slide<\/a><\/span><\/h4>\n\n\n\n<h4 class=\"has-text-align-center has-vivid-red-color has-text-color wp-block-heading\">Cena od: <mark class=\"has-inline-color has-vivid-red-color\"><strong>1790 EUR<\/strong><\/mark><\/h4>\n\n\n\n<p class=\"has-text-align-center\">Wymiary graniczne dla schematu A: <strong>3800&#215;2300<\/strong><\/p>\n<\/div>\n<\/div>\n<\/div>\n\n\n\n<div class=\"wp-block-column is-vertically-aligned-bottom is-layout-flow wp-block-column-is-layout-flow\">\n<figure class=\"wp-block-image size-full\"><img decoding=\"async\" width=\"600\" height=\"480\" src=\"https:\/\/cdn.debesto.com\/web\/assets\/sites\/1\/2021\/11\/06085614\/Przesuwne-Smoovio85mm.jpg\" alt=\"Okno PVC podnoszono-przesuwne HST\" class=\"wp-image-15797\" srcset=\"https:\/\/cdn.debesto.com\/web\/assets\/sites\/1\/2021\/11\/06085614\/Przesuwne-Smoovio85mm.jpg 600w, https:\/\/cdn.debesto.com\/web\/assets\/sites\/1\/2021\/11\/06085614\/Przesuwne-Smoovio85mm-300x240.jpg 300w\" sizes=\"(max-width: 600px) 100vw, 600px\" \/><\/figure>\n\n\n\n<h3 class=\"has-text-align-center wp-block-heading\">Okno przesuwne PVC typu smoovio<\/h3>\n\n\n\n<div class=\"wp-block-columns is-layout-flex wp-container-core-columns-is-layout-5 wp-block-columns-is-layout-flex\">\n<div class=\"wp-block-column is-layout-flow wp-block-column-is-layout-flow\">\n<h4 class=\"has-text-align-center has-background wp-block-heading\" style=\"background-color:#f6f6f6\"><span style=\"text-decoration: underline\"><a href=\"https:\/\/debesto.com\/pl\/okna\/produkty\/system-przesuwny-pcv-gealan-smoovio\/\" target=\"_blank\" rel=\"noreferrer noopener\">Gealan Smoovio<\/a><\/span><\/h4>\n\n\n\n<h4 class=\"has-text-align-center has-vivid-red-color has-text-color wp-block-heading\">Cena od: <mark class=\"has-inline-color has-vivid-red-color\"><strong>2542 EUR<\/strong><\/mark><\/h4>\n\n\n\n<p class=\"has-text-align-center\">Wymiary graniczne: <strong>4000&#215;2520<\/strong><\/p>\n<\/div>\n<\/div>\n<\/div>\n<\/div>\n\n\n\n<div class=\"wp-block-columns is-layout-flex wp-container-core-columns-is-layout-8 wp-block-columns-is-layout-flex\">\n<div class=\"wp-block-column is-layout-flow wp-block-column-is-layout-flow\">\n<div class=\"wp-block-image\"><figure class=\"aligncenter size-full is-resized\"><img decoding=\"async\" src=\"https:\/\/cdn.debesto.com\/web\/assets\/sites\/1\/2021\/11\/06085614\/PVC-smart-slide.jpg\" alt=\"Okno przesuwne PVC typu smart-slide\" class=\"wp-image-15799\" width=\"435\" height=\"348\" srcset=\"https:\/\/cdn.debesto.com\/web\/assets\/sites\/1\/2021\/11\/06085614\/PVC-smart-slide.jpg 600w, https:\/\/cdn.debesto.com\/web\/assets\/sites\/1\/2021\/11\/06085614\/PVC-smart-slide-300x240.jpg 300w\" sizes=\"(max-width: 435px) 100vw, 435px\" \/><\/figure><\/div>\n\n\n\n<h3 class=\"has-text-align-center wp-block-heading\">Okno PVC podnoszono-przesuwne HST<\/h3>\n\n\n\n<div class=\"wp-block-columns is-layout-flex wp-container-core-columns-is-layout-7 wp-block-columns-is-layout-flex\">\n<div class=\"wp-block-column is-layout-flow wp-block-column-is-layout-flow\">\n<h4 class=\"has-text-align-center has-background wp-block-heading\" style=\"background-color:#f6f6f6\"><span style=\"text-decoration: underline\"><span style=\"text-decoration: underline\"><a href=\"https:\/\/debesto.com\/pl\/okna\/produkty\/drzwi-unoszono-przesuwne-pcv-aluplast-85mm\/\" target=\"_blank\" rel=\"noreferrer noopener\">Aluplast 85MM<\/a><\/span><\/span><\/h4>\n\n\n\n<h4 class=\"has-text-align-center has-vivid-red-color has-text-color wp-block-heading\">Cena od: <mark class=\"has-inline-color has-vivid-red-color\"><strong>2740 EUR<\/strong><\/mark><\/h4>\n\n\n\n<p class=\"has-text-align-center\">Wersja z silnikiem: <strong>5891 EUR<\/strong><\/p>\n\n\n\n<p class=\"has-text-align-center\">Wymiary graniczne: <strong>5100&#215;2500<\/strong><\/p>\n<\/div>\n<\/div>\n<\/div>\n<\/div>\n\n\n\n<h2 class=\"has-text-align-center wp-block-heading\" id=\"ceny-okien-przesywnych-aluminiowych\">Ceny okien przesuwnych aluminiowych<\/h2>\n\n\n\n<div class=\"wp-block-columns is-layout-flex wp-container-core-columns-is-layout-9 wp-block-columns-is-layout-flex\">\n<div class=\"wp-block-column is-layout-flow wp-block-column-is-layout-flow\" style=\"flex-basis:50%\">\n<figure class=\"wp-block-image size-full\"><img decoding=\"async\" width=\"600\" height=\"480\" src=\"https:\/\/cdn.debesto.com\/web\/assets\/sites\/1\/2021\/11\/06085614\/Alu-Aluprof-MB77HS-Monorail.jpg\" alt=\"Aluminiowe okno tarasowe podnoszono-przesuwne HST \" class=\"wp-image-15795\" srcset=\"https:\/\/cdn.debesto.com\/web\/assets\/sites\/1\/2021\/11\/06085614\/Alu-Aluprof-MB77HS-Monorail.jpg 600w, https:\/\/cdn.debesto.com\/web\/assets\/sites\/1\/2021\/11\/06085614\/Alu-Aluprof-MB77HS-Monorail-300x240.jpg 300w\" sizes=\"(max-width: 600px) 100vw, 600px\" \/><\/figure>\n\n\n\n<h3 class=\"has-text-align-center wp-block-heading\">Aluminiowe okno tarasowe podnoszono-przesuwne HST <\/h3>\n\n\n\n<h4 class=\"has-text-align-center has-background wp-block-heading\" style=\"background-color:#f6f6f6\"><span style=\"text-decoration: underline\"><a href=\"https:\/\/debesto.com\/pl\/okna\/produkty\/aluminiowe-drzwi-podnoszono-przesuwne-mb-77hs\/\" target=\"_blank\" rel=\"noreferrer noopener\">Aluprof MB-77 HS Monorail<\/a><\/span><\/h4>\n\n\n\n<h4 class=\"has-text-align-center has-vivid-red-color has-text-color wp-block-heading\">Cena od: <strong>2753<\/strong><mark class=\"has-inline-color has-vivid-red-color\"><strong> EUR<\/strong><\/mark><\/h4>\n\n\n\n<p class=\"has-text-align-center\">Wymiary graniczne: <strong>6600&#215;3240<\/strong><\/p>\n<\/div>\n\n\n\n<div class=\"wp-block-column is-layout-flow wp-block-column-is-layout-flow\" style=\"flex-basis:50%\">\n<figure class=\"wp-block-image size-full\"><img decoding=\"async\" width=\"600\" height=\"480\" src=\"https:\/\/cdn.debesto.com\/web\/assets\/sites\/1\/2021\/11\/06085614\/Alu-Aluprof-MB77HS.jpg\" alt=\"Aluminiowe okno tarasowe podnoszono-przesuwne HST \" class=\"wp-image-15794\" srcset=\"https:\/\/cdn.debesto.com\/web\/assets\/sites\/1\/2021\/11\/06085614\/Alu-Aluprof-MB77HS.jpg 600w, https:\/\/cdn.debesto.com\/web\/assets\/sites\/1\/2021\/11\/06085614\/Alu-Aluprof-MB77HS-300x240.jpg 300w\" sizes=\"(max-width: 600px) 100vw, 600px\" \/><\/figure>\n\n\n\n<h3 class=\"has-text-align-center wp-block-heading\">Aluminiowe okno tarasowe podnoszono-przesuwne HST <\/h3>\n\n\n\n<h4 class=\"has-text-align-center has-background wp-block-heading\" style=\"background-color:#f6f6f6\"><span style=\"text-decoration: underline\"><a href=\"https:\/\/debesto.com\/pl\/okna\/produkty\/aluminiowe-drzwi-podnoszono-przesuwne-mb-77hs\/\" target=\"_blank\" rel=\"noreferrer noopener\">Aluprof MB-77 HS<\/a><\/span><\/h4>\n\n\n\n<h4 class=\"has-text-align-center has-vivid-red-color has-text-color wp-block-heading\">Cena od: <strong>3014 <\/strong><mark class=\"has-inline-color has-vivid-red-color\"><strong> EUR<\/strong><\/mark><\/h4>\n\n\n\n<p class=\"has-text-align-center\">Wersja z silnikiem: <strong>6480 EUR<\/strong><\/p>\n\n\n\n<p class=\"has-text-align-center\">Wymiary graniczne: <strong>6600&#215;3240<\/strong><\/p>\n<\/div>\n<\/div>\n\n\n\n<p><\/p>\n","protected":false},"excerpt":{"rendered":"<p>Poni\u017cej znajdziesz przygotowane przez nas por\u00f3wnanie cen popularnych na rynku okien tarasowych, a dok\u0142adnie: Zestaw\u00f3w balkonowych PVC Plastikowych okien przesuwnych smart-slide Plastikowych okien przesuwnych HST (podnoszno-przesuwne) Tarasowych okien aluminiowych w wersji HST Aluminiowych okien panoramicznych premium Wszystkie okna tarasowe wycenili\u015bmy pod k\u0105tem otworu o wymiarach 3000&#215;2400 mm. Por\u00f3wnanie dotyczy konstrukcji w kolorze czarnym obustronnie, wyposa\u017conej [&hellip;]<\/p>\n","protected":false},"author":2,"featured_media":0,"parent":16,"menu_order":63,"comment_status":"closed","ping_status":"closed","template":"controllers\/page-gutenberg.php","meta":{"_acf_changed":false,"_uag_custom_page_level_css":"","footnotes":""},"class_list":["post-15664","page","type-page","status-publish","hentry"],"acf":[],"yoast_head":"<!-- This site is optimized with the Yoast SEO plugin v25.6 - https:\/\/yoast.com\/wordpress\/plugins\/seo\/ -->\n<title>Cennik okien tarasowych | debesto.com<\/title>\n<meta name=\"description\" content=\"Ciekawi Ci\u0119 r\u00f3\u017cnica cenowa okien tarasowych? Ten artyku\u0142 przedstawia por\u00f3wnanie okien przesuwnych HST, bezramowych, smart-slide i balkonowych.\" \/>\n<meta name=\"robots\" content=\"index, follow, max-snippet:-1, max-image-preview:large, max-video-preview:-1\" \/>\n<link rel=\"canonical\" href=\"https:\/\/debesto.com\/pl\/cenniki\/cennik-okien-tarasowych-przesuwnych\/\" \/>\n<meta property=\"og:locale\" content=\"pl_PL\" \/>\n<meta property=\"og:type\" content=\"article\" \/>\n<meta property=\"og:title\" content=\"Cennik okien tarasowych | debesto.com\" \/>\n<meta property=\"og:description\" content=\"Ciekawi Ci\u0119 r\u00f3\u017cnica cenowa okien tarasowych? Ten artyku\u0142 przedstawia por\u00f3wnanie okien przesuwnych HST, bezramowych, smart-slide i balkonowych.\" \/>\n<meta property=\"og:url\" content=\"https:\/\/debesto.com\/pl\/cenniki\/cennik-okien-tarasowych-przesuwnych\/\" \/>\n<meta property=\"og:site_name\" content=\"debesto (PL)\" \/>\n<meta property=\"article:modified_time\" content=\"2026-02-11T09:58:21+00:00\" \/>\n<meta property=\"og:image\" content=\"https:\/\/debesto.com\/pl\/wp-content\/uploads\/sites\/1\/2021\/11\/PVC-RU-FIX.jpg\" \/>\n<meta name=\"twitter:card\" content=\"summary_large_image\" \/>\n<meta name=\"twitter:label1\" content=\"Szacowany czas czytania\" \/>\n\t<meta name=\"twitter:data1\" content=\"3 minuty\" \/>\n<script type=\"application\/ld+json\" class=\"yoast-schema-graph\">{\"@context\":\"https:\/\/schema.org\",\"@graph\":[{\"@type\":\"WebPage\",\"@id\":\"https:\/\/debesto.com\/pl\/cenniki\/cennik-okien-tarasowych-przesuwnych\/\",\"url\":\"https:\/\/debesto.com\/pl\/cenniki\/cennik-okien-tarasowych-przesuwnych\/\",\"name\":\"Cennik okien tarasowych | debesto.com\",\"isPartOf\":{\"@id\":\"https:\/\/debesto.com\/pl\/#website\"},\"primaryImageOfPage\":{\"@id\":\"https:\/\/debesto.com\/pl\/cenniki\/cennik-okien-tarasowych-przesuwnych\/#primaryimage\"},\"image\":{\"@id\":\"https:\/\/debesto.com\/pl\/cenniki\/cennik-okien-tarasowych-przesuwnych\/#primaryimage\"},\"thumbnailUrl\":\"https:\/\/debesto.com\/pl\/wp-content\/uploads\/sites\/1\/2021\/11\/PVC-RU-FIX.jpg\",\"datePublished\":\"2021-11-22T18:04:46+00:00\",\"dateModified\":\"2026-02-11T09:58:21+00:00\",\"description\":\"Ciekawi Ci\u0119 r\u00f3\u017cnica cenowa okien tarasowych? Ten artyku\u0142 przedstawia por\u00f3wnanie okien przesuwnych HST, bezramowych, smart-slide i balkonowych.\",\"breadcrumb\":{\"@id\":\"https:\/\/debesto.com\/pl\/cenniki\/cennik-okien-tarasowych-przesuwnych\/#breadcrumb\"},\"inLanguage\":\"pl-PL\",\"potentialAction\":[{\"@type\":\"ReadAction\",\"target\":[\"https:\/\/debesto.com\/pl\/cenniki\/cennik-okien-tarasowych-przesuwnych\/\"]}]},{\"@type\":\"ImageObject\",\"inLanguage\":\"pl-PL\",\"@id\":\"https:\/\/debesto.com\/pl\/cenniki\/cennik-okien-tarasowych-przesuwnych\/#primaryimage\",\"url\":\"https:\/\/cdn.debesto.com\/web\/assets\/sites\/1\/2021\/11\/06085614\/PVC-RU-FIX.jpg\",\"contentUrl\":\"https:\/\/cdn.debesto.com\/web\/assets\/sites\/1\/2021\/11\/06085614\/PVC-RU-FIX.jpg\",\"width\":600,\"height\":480},{\"@type\":\"BreadcrumbList\",\"@id\":\"https:\/\/debesto.com\/pl\/cenniki\/cennik-okien-tarasowych-przesuwnych\/#breadcrumb\",\"itemListElement\":[{\"@type\":\"ListItem\",\"position\":1,\"name\":\"Strona g\u0142\u00f3wna\",\"item\":\"https:\/\/debesto.com\/pl\/\"},{\"@type\":\"ListItem\",\"position\":2,\"name\":\"cenniki\",\"item\":\"https:\/\/debesto.com\/pl\/cenniki\/\"},{\"@type\":\"ListItem\",\"position\":3,\"name\":\"Cennik okien tarasowych\"}]},{\"@type\":\"WebSite\",\"@id\":\"https:\/\/debesto.com\/pl\/#website\",\"url\":\"https:\/\/debesto.com\/pl\/\",\"name\":\"debesto (PL)\",\"description\":\"\",\"publisher\":{\"@id\":\"https:\/\/debesto.com\/pl\/#organization\"},\"potentialAction\":[{\"@type\":\"SearchAction\",\"target\":{\"@type\":\"EntryPoint\",\"urlTemplate\":\"https:\/\/debesto.com\/pl\/?s={search_term_string}\"},\"query-input\":{\"@type\":\"PropertyValueSpecification\",\"valueRequired\":true,\"valueName\":\"search_term_string\"}}],\"inLanguage\":\"pl-PL\"},{\"@type\":\"Organization\",\"@id\":\"https:\/\/debesto.com\/pl\/#organization\",\"name\":\"debesto.com\",\"url\":\"https:\/\/debesto.com\/pl\/\",\"logo\":{\"@type\":\"ImageObject\",\"inLanguage\":\"pl-PL\",\"@id\":\"https:\/\/debesto.com\/pl\/#\/schema\/logo\/image\/\",\"url\":\"https:\/\/cdn.debesto.com\/web\/assets\/sites\/1\/2019\/12\/06090155\/debesto_kwadrat.jpg\",\"contentUrl\":\"https:\/\/cdn.debesto.com\/web\/assets\/sites\/1\/2019\/12\/06090155\/debesto_kwadrat.jpg\",\"width\":512,\"height\":512,\"caption\":\"debesto.com\"},\"image\":{\"@id\":\"https:\/\/debesto.com\/pl\/#\/schema\/logo\/image\/\"}}]}<\/script>\n<!-- \/ Yoast SEO plugin. -->","yoast_head_json":{"title":"Cennik okien tarasowych | debesto.com","description":"Ciekawi Ci\u0119 r\u00f3\u017cnica cenowa okien tarasowych? Ten artyku\u0142 przedstawia por\u00f3wnanie okien przesuwnych HST, bezramowych, smart-slide i balkonowych.","robots":{"index":"index","follow":"follow","max-snippet":"max-snippet:-1","max-image-preview":"max-image-preview:large","max-video-preview":"max-video-preview:-1"},"canonical":"https:\/\/debesto.com\/pl\/cenniki\/cennik-okien-tarasowych-przesuwnych\/","og_locale":"pl_PL","og_type":"article","og_title":"Cennik okien tarasowych | debesto.com","og_description":"Ciekawi Ci\u0119 r\u00f3\u017cnica cenowa okien tarasowych? Ten artyku\u0142 przedstawia por\u00f3wnanie okien przesuwnych HST, bezramowych, smart-slide i balkonowych.","og_url":"https:\/\/debesto.com\/pl\/cenniki\/cennik-okien-tarasowych-przesuwnych\/","og_site_name":"debesto (PL)","article_modified_time":"2026-02-11T09:58:21+00:00","og_image":[{"url":"https:\/\/debesto.com\/pl\/wp-content\/uploads\/sites\/1\/2021\/11\/PVC-RU-FIX.jpg","type":"","width":"","height":""}],"twitter_card":"summary_large_image","twitter_misc":{"Szacowany czas czytania":"3 minuty"},"schema":{"@context":"https:\/\/schema.org","@graph":[{"@type":"WebPage","@id":"https:\/\/debesto.com\/pl\/cenniki\/cennik-okien-tarasowych-przesuwnych\/","url":"https:\/\/debesto.com\/pl\/cenniki\/cennik-okien-tarasowych-przesuwnych\/","name":"Cennik okien tarasowych | debesto.com","isPartOf":{"@id":"https:\/\/debesto.com\/pl\/#website"},"primaryImageOfPage":{"@id":"https:\/\/debesto.com\/pl\/cenniki\/cennik-okien-tarasowych-przesuwnych\/#primaryimage"},"image":{"@id":"https:\/\/debesto.com\/pl\/cenniki\/cennik-okien-tarasowych-przesuwnych\/#primaryimage"},"thumbnailUrl":"https:\/\/debesto.com\/pl\/wp-content\/uploads\/sites\/1\/2021\/11\/PVC-RU-FIX.jpg","datePublished":"2021-11-22T18:04:46+00:00","dateModified":"2026-02-11T09:58:21+00:00","description":"Ciekawi Ci\u0119 r\u00f3\u017cnica cenowa okien tarasowych? Ten artyku\u0142 przedstawia por\u00f3wnanie okien przesuwnych HST, bezramowych, smart-slide i balkonowych.","breadcrumb":{"@id":"https:\/\/debesto.com\/pl\/cenniki\/cennik-okien-tarasowych-przesuwnych\/#breadcrumb"},"inLanguage":"pl-PL","potentialAction":[{"@type":"ReadAction","target":["https:\/\/debesto.com\/pl\/cenniki\/cennik-okien-tarasowych-przesuwnych\/"]}]},{"@type":"ImageObject","inLanguage":"pl-PL","@id":"https:\/\/debesto.com\/pl\/cenniki\/cennik-okien-tarasowych-przesuwnych\/#primaryimage","url":"https:\/\/cdn.debesto.com\/web\/assets\/sites\/1\/2021\/11\/06085614\/PVC-RU-FIX.jpg","contentUrl":"https:\/\/cdn.debesto.com\/web\/assets\/sites\/1\/2021\/11\/06085614\/PVC-RU-FIX.jpg","width":600,"height":480},{"@type":"BreadcrumbList","@id":"https:\/\/debesto.com\/pl\/cenniki\/cennik-okien-tarasowych-przesuwnych\/#breadcrumb","itemListElement":[{"@type":"ListItem","position":1,"name":"Strona g\u0142\u00f3wna","item":"https:\/\/debesto.com\/pl\/"},{"@type":"ListItem","position":2,"name":"cenniki","item":"https:\/\/debesto.com\/pl\/cenniki\/"},{"@type":"ListItem","position":3,"name":"Cennik okien tarasowych"}]},{"@type":"WebSite","@id":"https:\/\/debesto.com\/pl\/#website","url":"https:\/\/debesto.com\/pl\/","name":"debesto (PL)","description":"","publisher":{"@id":"https:\/\/debesto.com\/pl\/#organization"},"potentialAction":[{"@type":"SearchAction","target":{"@type":"EntryPoint","urlTemplate":"https:\/\/debesto.com\/pl\/?s={search_term_string}"},"query-input":{"@type":"PropertyValueSpecification","valueRequired":true,"valueName":"search_term_string"}}],"inLanguage":"pl-PL"},{"@type":"Organization","@id":"https:\/\/debesto.com\/pl\/#organization","name":"debesto.com","url":"https:\/\/debesto.com\/pl\/","logo":{"@type":"ImageObject","inLanguage":"pl-PL","@id":"https:\/\/debesto.com\/pl\/#\/schema\/logo\/image\/","url":"https:\/\/cdn.debesto.com\/web\/assets\/sites\/1\/2019\/12\/06090155\/debesto_kwadrat.jpg","contentUrl":"https:\/\/cdn.debesto.com\/web\/assets\/sites\/1\/2019\/12\/06090155\/debesto_kwadrat.jpg","width":512,"height":512,"caption":"debesto.com"},"image":{"@id":"https:\/\/debesto.com\/pl\/#\/schema\/logo\/image\/"}}]}},"uagb_featured_image_src":{"full":false,"thumbnail":false,"medium":false,"medium_large":false,"large":false,"1536x1536":false,"2048x2048":false},"uagb_author_info":{"display_name":"debesto","author_link":"https:\/\/debesto.com\/pl\/author\/debesto\/"},"uagb_comment_info":0,"uagb_excerpt":"Poni\u017cej znajdziesz przygotowane przez nas por\u00f3wnanie cen popularnych na rynku okien tarasowych, a dok\u0142adnie: Zestaw\u00f3w balkonowych PVC Plastikowych okien przesuwnych smart-slide Plastikowych okien przesuwnych HST (podnoszno-przesuwne) Tarasowych okien aluminiowych w wersji HST Aluminiowych okien panoramicznych premium Wszystkie okna tarasowe wycenili\u015bmy pod k\u0105tem otworu o wymiarach 3000&#215;2400 mm. Por\u00f3wnanie dotyczy konstrukcji w kolorze czarnym obustronnie, wyposa\u017conej&hellip;","_links":{"self":[{"href":"https:\/\/debesto.com\/pl\/wp-json\/wp\/v2\/pages\/15664","targetHints":{"allow":["GET"]}}],"collection":[{"href":"https:\/\/debesto.com\/pl\/wp-json\/wp\/v2\/pages"}],"about":[{"href":"https:\/\/debesto.com\/pl\/wp-json\/wp\/v2\/types\/page"}],"author":[{"embeddable":true,"href":"https:\/\/debesto.com\/pl\/wp-json\/wp\/v2\/users\/2"}],"replies":[{"embeddable":true,"href":"https:\/\/debesto.com\/pl\/wp-json\/wp\/v2\/comments?post=15664"}],"version-history":[{"count":173,"href":"https:\/\/debesto.com\/pl\/wp-json\/wp\/v2\/pages\/15664\/revisions"}],"predecessor-version":[{"id":44648,"href":"https:\/\/debesto.com\/pl\/wp-json\/wp\/v2\/pages\/15664\/revisions\/44648"}],"up":[{"embeddable":true,"href":"https:\/\/debesto.com\/pl\/wp-json\/wp\/v2\/pages\/16"}],"wp:attachment":[{"href":"https:\/\/debesto.com\/pl\/wp-json\/wp\/v2\/media?parent=15664"}],"curies":[{"name":"wp","href":"https:\/\/api.w.org\/{rel}","templated":true}]}}