{"id":11050,"date":"2021-02-04T11:40:54","date_gmt":"2021-02-04T10:40:54","guid":{"rendered":"https:\/\/debesto.com\/pl\/?page_id=11050"},"modified":"2023-02-24T09:45:48","modified_gmt":"2023-02-24T08:45:48","slug":"porownania","status":"publish","type":"page","link":"https:\/\/debesto.com\/pl\/porownania\/","title":{"rendered":"Por\u00f3wnania"},"content":{"rendered":"","protected":false},"excerpt":{"rendered":"","protected":false},"author":2,"featured_media":0,"parent":0,"menu_order":110,"comment_status":"closed","ping_status":"closed","template":"controllers\/product-category.php","meta":{"_acf_changed":false,"_uag_custom_page_level_css":"","footnotes":""},"class_list":["post-11050","page","type-page","status-publish","hentry"],"acf":[],"yoast_head":"<!-- This site is optimized with the Yoast SEO plugin v25.6 - https:\/\/yoast.com\/wordpress\/plugins\/seo\/ -->\n<title>Por\u00f3wnania | debesto.com<\/title>\n<meta name=\"description\" content=\"Prowadzisz firm\u0119 w bran\u017cy budowlanej? Przekonaj si\u0119 sam, kt\u00f3ry system okienny b\u0119dzie najlepszy dla Twojej inwestycji, korzystaj\u0105c z por\u00f3wna\u0144 okien debesto!\" \/>\n<meta name=\"robots\" content=\"index, follow, max-snippet:-1, max-image-preview:large, max-video-preview:-1\" \/>\n<link rel=\"canonical\" href=\"https:\/\/debesto.com\/pl\/porownania\/\" \/>\n<meta property=\"og:locale\" content=\"pl_PL\" \/>\n<meta property=\"og:type\" content=\"article\" \/>\n<meta property=\"og:title\" content=\"Por\u00f3wnania | debesto.com\" \/>\n<meta property=\"og:description\" content=\"Prowadzisz firm\u0119 w bran\u017cy budowlanej? Przekonaj si\u0119 sam, kt\u00f3ry system okienny b\u0119dzie najlepszy dla Twojej inwestycji, korzystaj\u0105c z por\u00f3wna\u0144 okien debesto!\" \/>\n<meta property=\"og:url\" content=\"https:\/\/debesto.com\/pl\/porownania\/\" \/>\n<meta property=\"og:site_name\" content=\"debesto (PL)\" \/>\n<meta property=\"article:modified_time\" content=\"2023-02-24T08:45:48+00:00\" \/>\n<meta name=\"twitter:card\" content=\"summary_large_image\" \/>\n<script type=\"application\/ld+json\" class=\"yoast-schema-graph\">{\"@context\":\"https:\/\/schema.org\",\"@graph\":[{\"@type\":\"WebPage\",\"@id\":\"https:\/\/debesto.com\/pl\/porownania\/\",\"url\":\"https:\/\/debesto.com\/pl\/porownania\/\",\"name\":\"Por\u00f3wnania | debesto.com\",\"isPartOf\":{\"@id\":\"https:\/\/debesto.com\/pl\/#website\"},\"datePublished\":\"2021-02-04T10:40:54+00:00\",\"dateModified\":\"2023-02-24T08:45:48+00:00\",\"description\":\"Prowadzisz firm\u0119 w bran\u017cy budowlanej? Przekonaj si\u0119 sam, kt\u00f3ry system okienny b\u0119dzie najlepszy dla Twojej inwestycji, korzystaj\u0105c z por\u00f3wna\u0144 okien debesto!\",\"breadcrumb\":{\"@id\":\"https:\/\/debesto.com\/pl\/porownania\/#breadcrumb\"},\"inLanguage\":\"pl-PL\",\"potentialAction\":[{\"@type\":\"ReadAction\",\"target\":[\"https:\/\/debesto.com\/pl\/porownania\/\"]}]},{\"@type\":\"BreadcrumbList\",\"@id\":\"https:\/\/debesto.com\/pl\/porownania\/#breadcrumb\",\"itemListElement\":[{\"@type\":\"ListItem\",\"position\":1,\"name\":\"Strona g\u0142\u00f3wna\",\"item\":\"https:\/\/debesto.com\/pl\/\"},{\"@type\":\"ListItem\",\"position\":2,\"name\":\"Por\u00f3wnania\"}]},{\"@type\":\"WebSite\",\"@id\":\"https:\/\/debesto.com\/pl\/#website\",\"url\":\"https:\/\/debesto.com\/pl\/\",\"name\":\"debesto (PL)\",\"description\":\"\",\"publisher\":{\"@id\":\"https:\/\/debesto.com\/pl\/#organization\"},\"potentialAction\":[{\"@type\":\"SearchAction\",\"target\":{\"@type\":\"EntryPoint\",\"urlTemplate\":\"https:\/\/debesto.com\/pl\/?s={search_term_string}\"},\"query-input\":{\"@type\":\"PropertyValueSpecification\",\"valueRequired\":true,\"valueName\":\"search_term_string\"}}],\"inLanguage\":\"pl-PL\"},{\"@type\":\"Organization\",\"@id\":\"https:\/\/debesto.com\/pl\/#organization\",\"name\":\"debesto.com\",\"url\":\"https:\/\/debesto.com\/pl\/\",\"logo\":{\"@type\":\"ImageObject\",\"inLanguage\":\"pl-PL\",\"@id\":\"https:\/\/debesto.com\/pl\/#\/schema\/logo\/image\/\",\"url\":\"https:\/\/cdn.debesto.com\/web\/assets\/sites\/1\/2019\/12\/06090155\/debesto_kwadrat.jpg\",\"contentUrl\":\"https:\/\/cdn.debesto.com\/web\/assets\/sites\/1\/2019\/12\/06090155\/debesto_kwadrat.jpg\",\"width\":512,\"height\":512,\"caption\":\"debesto.com\"},\"image\":{\"@id\":\"https:\/\/debesto.com\/pl\/#\/schema\/logo\/image\/\"}}]}<\/script>\n<!-- \/ Yoast SEO plugin. -->","yoast_head_json":{"title":"Por\u00f3wnania | debesto.com","description":"Prowadzisz firm\u0119 w bran\u017cy budowlanej? Przekonaj si\u0119 sam, kt\u00f3ry system okienny b\u0119dzie najlepszy dla Twojej inwestycji, korzystaj\u0105c z por\u00f3wna\u0144 okien debesto!","robots":{"index":"index","follow":"follow","max-snippet":"max-snippet:-1","max-image-preview":"max-image-preview:large","max-video-preview":"max-video-preview:-1"},"canonical":"https:\/\/debesto.com\/pl\/porownania\/","og_locale":"pl_PL","og_type":"article","og_title":"Por\u00f3wnania | debesto.com","og_description":"Prowadzisz firm\u0119 w bran\u017cy budowlanej? Przekonaj si\u0119 sam, kt\u00f3ry system okienny b\u0119dzie najlepszy dla Twojej inwestycji, korzystaj\u0105c z por\u00f3wna\u0144 okien debesto!","og_url":"https:\/\/debesto.com\/pl\/porownania\/","og_site_name":"debesto (PL)","article_modified_time":"2023-02-24T08:45:48+00:00","twitter_card":"summary_large_image","schema":{"@context":"https:\/\/schema.org","@graph":[{"@type":"WebPage","@id":"https:\/\/debesto.com\/pl\/porownania\/","url":"https:\/\/debesto.com\/pl\/porownania\/","name":"Por\u00f3wnania | debesto.com","isPartOf":{"@id":"https:\/\/debesto.com\/pl\/#website"},"datePublished":"2021-02-04T10:40:54+00:00","dateModified":"2023-02-24T08:45:48+00:00","description":"Prowadzisz firm\u0119 w bran\u017cy budowlanej? Przekonaj si\u0119 sam, kt\u00f3ry system okienny b\u0119dzie najlepszy dla Twojej inwestycji, korzystaj\u0105c z por\u00f3wna\u0144 okien debesto!","breadcrumb":{"@id":"https:\/\/debesto.com\/pl\/porownania\/#breadcrumb"},"inLanguage":"pl-PL","potentialAction":[{"@type":"ReadAction","target":["https:\/\/debesto.com\/pl\/porownania\/"]}]},{"@type":"BreadcrumbList","@id":"https:\/\/debesto.com\/pl\/porownania\/#breadcrumb","itemListElement":[{"@type":"ListItem","position":1,"name":"Strona g\u0142\u00f3wna","item":"https:\/\/debesto.com\/pl\/"},{"@type":"ListItem","position":2,"name":"Por\u00f3wnania"}]},{"@type":"WebSite","@id":"https:\/\/debesto.com\/pl\/#website","url":"https:\/\/debesto.com\/pl\/","name":"debesto (PL)","description":"","publisher":{"@id":"https:\/\/debesto.com\/pl\/#organization"},"potentialAction":[{"@type":"SearchAction","target":{"@type":"EntryPoint","urlTemplate":"https:\/\/debesto.com\/pl\/?s={search_term_string}"},"query-input":{"@type":"PropertyValueSpecification","valueRequired":true,"valueName":"search_term_string"}}],"inLanguage":"pl-PL"},{"@type":"Organization","@id":"https:\/\/debesto.com\/pl\/#organization","name":"debesto.com","url":"https:\/\/debesto.com\/pl\/","logo":{"@type":"ImageObject","inLanguage":"pl-PL","@id":"https:\/\/debesto.com\/pl\/#\/schema\/logo\/image\/","url":"https:\/\/cdn.debesto.com\/web\/assets\/sites\/1\/2019\/12\/06090155\/debesto_kwadrat.jpg","contentUrl":"https:\/\/cdn.debesto.com\/web\/assets\/sites\/1\/2019\/12\/06090155\/debesto_kwadrat.jpg","width":512,"height":512,"caption":"debesto.com"},"image":{"@id":"https:\/\/debesto.com\/pl\/#\/schema\/logo\/image\/"}}]}},"uagb_featured_image_src":{"full":false,"thumbnail":false,"medium":false,"medium_large":false,"large":false,"1536x1536":false,"2048x2048":false},"uagb_author_info":{"display_name":"debesto","author_link":"https:\/\/debesto.com\/pl\/author\/debesto\/"},"uagb_comment_info":0,"uagb_excerpt":null,"_links":{"self":[{"href":"https:\/\/debesto.com\/pl\/wp-json\/wp\/v2\/pages\/11050","targetHints":{"allow":["GET"]}}],"collection":[{"href":"https:\/\/debesto.com\/pl\/wp-json\/wp\/v2\/pages"}],"about":[{"href":"https:\/\/debesto.com\/pl\/wp-json\/wp\/v2\/types\/page"}],"author":[{"embeddable":true,"href":"https:\/\/debesto.com\/pl\/wp-json\/wp\/v2\/users\/2"}],"replies":[{"embeddable":true,"href":"https:\/\/debesto.com\/pl\/wp-json\/wp\/v2\/comments?post=11050"}],"version-history":[{"count":21,"href":"https:\/\/debesto.com\/pl\/wp-json\/wp\/v2\/pages\/11050\/revisions"}],"predecessor-version":[{"id":29215,"href":"https:\/\/debesto.com\/pl\/wp-json\/wp\/v2\/pages\/11050\/revisions\/29215"}],"wp:attachment":[{"href":"https:\/\/debesto.com\/pl\/wp-json\/wp\/v2\/media?parent=11050"}],"curies":[{"name":"wp","href":"https:\/\/api.w.org\/{rel}","templated":true}]}}