{"id":3,"date":"2022-08-04T10:59:14","date_gmt":"2022-08-04T08:59:14","guid":{"rendered":"https:\/\/debesto.com\/joinus\/?page_id=3"},"modified":"2024-09-30T12:15:05","modified_gmt":"2024-09-30T10:15:05","slug":"polityka-prywatnosci","status":"publish","type":"page","link":"https:\/\/debesto.com\/joinus\/polityka-prywatnosci\/","title":{"rendered":"Polityka prywatno\u015bci"},"content":{"rendered":"\t\t<div data-elementor-type=\"wp-page\" data-elementor-id=\"3\" class=\"elementor elementor-3\" data-elementor-post-type=\"page\">\n\t\t\t\t\t\t<section class=\"elementor-section elementor-top-section elementor-element elementor-element-64e368a9 elementor-section-boxed elementor-section-height-default elementor-section-height-default\" data-id=\"64e368a9\" data-element_type=\"section\" data-settings=\"{&quot;_ob_glider_is_slider&quot;:&quot;no&quot;}\">\n\t\t\t\t\t\t<div class=\"elementor-container elementor-column-gap-default\">\n\t\t\t\t\t<div class=\"elementor-column elementor-col-100 elementor-top-column elementor-element elementor-element-30973b48\" data-id=\"30973b48\" data-element_type=\"column\">\n\t\t\t<div class=\"elementor-widget-wrap elementor-element-populated\">\n\t\t\t\t\t\t<div class=\"elementor-element elementor-element-315d735 elementor-widget elementor-widget-heading\" data-id=\"315d735\" data-element_type=\"widget\" data-widget_type=\"heading.default\">\n\t\t\t\t<div class=\"elementor-widget-container\">\n\t\t\t<style>\/*! elementor - v3.23.0 - 05-08-2024 *\/\n.elementor-heading-title{padding:0;margin:0;line-height:1}.elementor-widget-heading .elementor-heading-title[class*=elementor-size-]>a{color:inherit;font-size:inherit;line-height:inherit}.elementor-widget-heading .elementor-heading-title.elementor-size-small{font-size:15px}.elementor-widget-heading .elementor-heading-title.elementor-size-medium{font-size:19px}.elementor-widget-heading .elementor-heading-title.elementor-size-large{font-size:29px}.elementor-widget-heading .elementor-heading-title.elementor-size-xl{font-size:39px}.elementor-widget-heading .elementor-heading-title.elementor-size-xxl{font-size:59px}<\/style><h1 class=\"elementor-heading-title elementor-size-default\">Polityka prywatno\u015bci\n<\/h1>\t\t<\/div>\n\t\t\t\t<\/div>\n\t\t\t\t<div class=\"elementor-element elementor-element-ce74262 cs-text elementor-widget elementor-widget-text-editor\" data-id=\"ce74262\" data-element_type=\"widget\" data-widget_type=\"text-editor.default\">\n\t\t\t\t<div class=\"elementor-widget-container\">\n\t\t\t<style>\/*! elementor - v3.23.0 - 05-08-2024 *\/\n.elementor-widget-text-editor.elementor-drop-cap-view-stacked .elementor-drop-cap{background-color:#69727d;color:#fff}.elementor-widget-text-editor.elementor-drop-cap-view-framed .elementor-drop-cap{color:#69727d;border:3px solid;background-color:transparent}.elementor-widget-text-editor:not(.elementor-drop-cap-view-default) .elementor-drop-cap{margin-top:8px}.elementor-widget-text-editor:not(.elementor-drop-cap-view-default) .elementor-drop-cap-letter{width:1em;height:1em}.elementor-widget-text-editor .elementor-drop-cap{float:left;text-align:center;line-height:1;font-size:50px}.elementor-widget-text-editor .elementor-drop-cap-letter{display:inline-block}<\/style>\t\t\t\t<p><strong>POLITYKA PRYWATNO\u015aCI<\/strong><\/p><p><strong>czyli informacje o przetwarzaniu danych osobowych<\/strong><\/p><p>Niniejsza Polityka Prywatno\u015bci stworzona zosta\u0142a w ramach wykonania przez:<\/p><p><strong>debesto sp. z o.o.<\/strong>\u00a0z siedzib\u0105 w Ole\u015bnicy przy ul. Wa\u0142y Jagiello\u0144skie 14A, 56-400 Ole\u015bnica, posiadaj\u0105c\u0105 NIP: 911 203 71 54, prowadz\u0105c\u0105 sklep internetowy pod adresem strony internetowej:\u00a0<a href=\"https:\/\/debesto.com\/pl\/\">www.debesto.com<\/a><\/p><p>b\u0119d\u0105c\u0105 Administratorem danych osobowych przekazanych przez Pana\/ Pani\u0105, obowi\u0105zku informacyjnego wynikaj\u0105cego z art. 13 rozporz\u0105dzenia Parlamentu Europejskiego i Rady (UE) 2016\/679 z dnia 27 kwietnia 2016 r. w sprawie ochrony os\u00f3b fizycznych w zwi\u0105zku z przetwarzaniem danych osobowych i w sprawie swobodnego przep\u0142ywu takich danych oraz uchylenia dyrektywy 95\/46\/WE (og\u00f3lne rozporz\u0105dzenie o ochronie danych) (Dz.Urz. UE L 119 z 4.05.2016, str. 1), zwanego dalej \u201eRozporz\u0105dzeniem 2016\/679\u201d.<\/p><ol><li><p><strong>KTO?<\/strong><\/p><\/li><\/ol><p><strong>czyli Administrator danych osobowych<\/strong><\/p><p>debesto sp. z o.o. z siedzib\u0105 w Ole\u015bnicy przy ul. Wa\u0142y Jagiello\u0144skie 14A, 56-400 Ole\u015bnica, posiadaj\u0105ca NIP: 911 203 71 54\u00a0jest administratorem Pana\/Pani danych osobowych.<\/p><p>Kontakt z Administratorem danych osobowych mo\u017cliwy jest za pomoc\u0105 poczty elektronicznej:\u00a0gpdr@debesto.com\u00a0lub pod numerem telefonu:\u00a00048 71 70 110 70<\/p><ol start=\"2\"><li><strong>CO, PO CO I NA JAKIEJ PODSTAWIE?<\/strong><\/li><\/ol><p><strong>czyli rodzaje, cele i podstawy przetwarzania danych osobowych<\/strong><\/p><p>Administrator przetwarza wy\u0142\u0105cznie udost\u0119pnione przez Pana\/ Pani dane osobowe:<\/p><ol><li>\u2013 w celu: sporz\u0105dzenia zam\u00f3wionej przez Pana\/ Pani\u0105 wyceny towar\u00f3w oferowanych na stronie internetowej\u00a0<a href=\"https:\/\/debesto.com\/pl\/\">debesto.<\/a>comoraz udzielania informacji i odpowiedzi na Pana\/ Pani pytania dotycz\u0105ce towar\u00f3w oraz realizacji zam\u00f3wie\u0144 przed z\u0142o\u017ceniem zam\u00f3wienia,<\/li><\/ol><p>\u2013 podstawa z art. 6 ust. 1 lit. b Rozporz\u0105dzenia 2016\/679,<\/p><p>\u2013 rodzaj danych: imi\u0119, nazwisko, nazwa, adres e-mail, numer telefonu,<\/p><ol start=\"2\"><li>\u2013\u00a0w celu: zawarcia i wykonania umowy sprzeda\u017cy zam\u00f3wionych przez Pana\/ Pani\u0105 towar\u00f3w (realizacji zam\u00f3wienia),<\/li><\/ol><p>\u2013 podstawa z art. 6 ust. 1 lit. b Rozporz\u0105dzenia 2016\/679,<\/p><p>\u2013 rodzaj danych: imi\u0119, nazwisko, nazwa, adres e-mail, numer telefonu, NIP, adres,<\/p><ol start=\"3\"><li>\u2013 w celu: organizacji i realizacji dostawy (transportu) zakupionych przez Pana\/ Pani\u0105 towar\u00f3w,<\/li><\/ol><p>\u2013 podstawa z art. 6 ust. 1 lit. b Rozporz\u0105dzenia 2016\/679,<\/p><p>\u2013 rodzaj danych: imi\u0119, nazwisko, nazwa, adres e-mail, numer telefonu, NIP, adres,<\/p><ol start=\"4\"><li>\u2013\u00a0w celu: prowadzenia obs\u0142ugi posprzeda\u017cowej zrealizowanego na Pana\/ Pani rzecz zam\u00f3wienia tj. obs\u0142ugi ewentualnych reklamacji dotycz\u0105cych zakupionego towaru oraz odpowiedzi na Pana\/Pani pytania dotycz\u0105ce zrealizowanego zam\u00f3wienia,<\/li><\/ol><p>\u2013 podstawa z art. 6 ust. 1 lit. b Rozporz\u0105dzenia 2016\/679,<\/p><p>\u2013 rodzaj danych: imi\u0119, nazwisko, nazwa, adres e-mail, numer telefonu, NIP, adres,<\/p><ol start=\"5\"><li>\u2013 w celu: wynikaj\u0105cego z prawnie uzasadnionych interes\u00f3w Administratora tj. ustalenia ewentualnej odpowiedzialno\u015bci oraz ochrony uzasadnionych praw i roszcze\u0144 Administratora danych osobowych,<\/li><\/ol><p>\u2013\u00a0podstawa z art. 6 ust. 1 lit. f) Rozporz\u0105dzenia 2016\/679,<\/p><p>\u2013 rodzaj danych: imi\u0119, nazwisko, nazwa, adres e-mail, numer telefonu, NIP, adres.<\/p><ol start=\"3\"><li><strong>JAK D\u0141UGO?<\/strong><\/li><\/ol><p><strong>czyli okres przechowywania danych<\/strong><\/p><p>Pana\/ Pani dane osobowe, kt\u00f3rych przetwarzanie jest wymagane obowi\u0105zuj\u0105cymi przepisami prawa b\u0119d\u0105 przechowywane przez okres wymagany przez obecnie obowi\u0105zuj\u0105ce przepisy prawa.<\/p><p>Pana\/ Pani dane osobowe przekazane w formularzu kontaktowym za po\u015brednictwem strony internetowej\u00a0<a href=\"https:\/\/debesto.com\/pl\/\">www.debesto.com<\/a>\u00a0b\u0119d\u0105 przechowywane przez okres konieczny dla udzielenia odpowiedzi na wycen\u0119 lub w przypadku Pana\/Pani dalszych pyta\u0144 lub konieczno\u015bci udzielenia dalszych informacji, do czasu udzielenia tych odpowiedzi lub informacji.<\/p><p>Pana\/ Pani dane osobowe zamieszone w z\u0142o\u017conym przez Pana\/ Pani\u0105 zam\u00f3wieniu na oferowane towary b\u0119d\u0105 przechowywane przez okres konieczny dla realizacji Pana\/ Pani zam\u00f3wienia, w tym \u015bwiadczenia us\u0142ug posprzeda\u017cowych, czyli nie d\u0142u\u017cej ni\u017c przez 2 lata od zako\u0144czenia realizacji danego zam\u00f3wienia.<\/p><ol start=\"4\"><li><strong>KOMU DALEJ?<\/strong><\/li><\/ol><p><strong>czyli odbiorcy danych osobowych<\/strong><\/p><p>Odbiorcami Pana\/ Pani danych osobowych mog\u0105 by\u0107:<\/p><ul><li>podmioty realizuj\u0105ce przew\u00f3z towar\u00f3w tj. przewo\u017anicy lub po\u015brednicy realizuj\u0105cy transport towar\u00f3w na zlecenie Administratora;<\/li><li>podmioty obs\u0142uguj\u0105ce p\u0142atno\u015bci elektroniczne lub p\u0142atno\u015bci kart\u0105 p\u0142atnicz\u0105, kt\u00f3rym udost\u0119pnione mog\u0105 by\u0107 Pana\/ Pani dane osobowe celem realizacji p\u0142atno\u015bci;<\/li><li>podmioty zapewniaj\u0105ce obs\u0142ug\u0119 informatyczn\u0105 Administratora, oraz dostawcy zewn\u0119trznych system\u00f3w wspieraj\u0105cych dzia\u0142alno\u015b\u0107 Administratora,<\/li><li>podmioty \u015bwiadcz\u0105ce obs\u0142ug\u0119 ksi\u0119gow\u0105 i prawn\u0105 na rzecz Administratora;<\/li><li>podmioty i organy, kt\u00f3rym obowi\u0105zek udost\u0119pnienia Pana\/Pani danych osobowych wynika z obowi\u0105zuj\u0105cych przepis\u00f3w prawa.<\/li><\/ul><ol start=\"5\"><li><strong>CO MOG\u0118?<\/strong><\/li><\/ol><p><strong>czyli uprawnienia zwi\u0105zane z przetwarzaniem Pana\/ Pani danych osobowych:<\/strong><\/p><p>Zgodnie z przepisami art. 15-22\u00a0Rozporz\u0105dzenia 2016\/679, przys\u0142uguje Panu\/ Pani:<\/p><ol><li>prawo dost\u0119pu do swoich danych oraz otrzymania ich kopii, zgodnie z formularzem znajduj\u0105cym si\u0119\u00a0<a href=\"https:\/\/debesto.com\/pl\/wzor-formularza-wniosek-o-udostepnienie-danych-pkt-51\/\" rel=\"nofollow \"><em>tutaj<\/em><\/a>;<\/li><li>prawo do sprostowania (poprawiania) swoich danych,\u00a0zgodnie z formularzem znajduj\u0105cym si\u0119\u00a0<a href=\"https:\/\/debesto.com\/pl\/wzor-formularza-wniosek-o-sprostowanie-pkt-52\/\" rel=\"nofollow \"><em>tutaj<\/em><\/a>;<\/li><li>prawo do usuni\u0119cia danych,\u00a0zgodnie z formularzem znajduj\u0105cym si\u0119\u00a0<a href=\"https:\/\/debesto.com\/pl\/wzor-formularza-wniosek-o-usuniecie-danych-53\/\" rel=\"nofollow \"><em>tutaj<\/em><\/a>;<\/li><li>prawo do ograniczenia przetwarzania danych,\u00a0zgodnie z formularzem znajduj\u0105cym si\u0119\u00a0<a href=\"https:\/\/debesto.com\/pl\/wzor-formularza-wniosek-o-ograniczenie-pkt-5-4\/\" rel=\"nofollow \"><em>tutaj<\/em><\/a>;<\/li><li>prawo do przenoszenia danych,\u00a0zgodnie z formularzem znajduj\u0105cym si\u0119\u00a0<a href=\"https:\/\/debesto.com\/pl\/wzor-formularza-wniosek-o-przeniesienie-pkt-55\/\" rel=\"nofollow \"><em>tutaj<\/em><\/a>;<\/li><li>prawo do wniesienia skargi do organu nadzorczego \u2013 do Prezesa Urz\u0119du Ochrony Danych Osobowych, gdy Osoba, kt\u00f3rej dane dotycz\u0105 uzna, \u017ce przetwarzanie jej danych osobowych narusza przepisy prawa o ochronie danych osobowych.<\/li><\/ol><p>W celu wykonania jednego z powy\u017cszych uprawnie\u0144 (1-5 powy\u017cej) prosz\u0119 o w\u0142a\u015bciwe wype\u0142nienie odpowiedniego formularza i przes\u0142anie go w wersji elektronicznej na adres e-mail\u00a0gdpr@debesto.com\u00a0lub przes\u0142anie go w formie pisemnej na adres: ul. Wa\u0142y Jagiello\u0144skie 14A, 56-400 Ole\u015bnica.<\/p><p>\u017b\u0105dania realizacji uprawnie\u0144 rozpatrywane s\u0105 przez Administratora niezw\u0142ocznie, jednak\u017ce nie p\u00f3\u017aniej ni\u017c<br \/>w terminie miesi\u0105ca od dnia otrzymania formularza. Wskazany termin mo\u017ce zosta\u0107 przed\u0142u\u017cony o kolejne dwa miesi\u0105ce w przypadku skomplikowanego charakteru \u017c\u0105dania lub znacz\u0105cej liczby otrzymanych \u017c\u0105da\u0144 w danym czasie. W takim przypadku Administrator poinformuje Pana\/ Pani\u0105 o takim przed\u0142u\u017ceniu terminu, wskazuj\u0105c jednocze\u015bnie przyczyn\u0119 op\u00f3\u017anienia.<\/p><ol start=\"6\"><li><strong>CZY MUSZ\u0118?<\/strong><\/li><\/ol><p><strong>czyli dobrowolno\u015bci podania danych osobowych.<\/strong><\/p><p>Podanie danych osobowych jest dobrowolne, jednak\u017ce brak podania danych uniemo\u017cliwi Administratorowi przeprowadzenie zleconej przez Pana\/Pani\u0105 wyceny, kontakt z Panem\/ Pani\u0105 w sprawie zam\u00f3wienia, realizacj\u0119 zam\u00f3wienia lub ewentualnej reklamacji zam\u00f3wienia.<\/p><ol start=\"7\"><li><strong>BEZPIECZNIE?<\/strong><\/li><\/ol><p><strong>czyli zabezpieczenia przetwarzania danych osobowych.<\/strong><\/p><p>Dbaj\u0105c o bezpiecze\u0144stwo Pana\/ Pani danych osobowych Administrator stosuje bardzo wysokie zabezpieczenia oraz zachowuje poufno\u015b\u0107 wszelkich przekazanych informacji. Administrator opracowa\u0142 i wdro\u017cy\u0142 wewn\u0119trzne procedury i zalecenia, kt\u00f3re maj\u0105 zapobiec udost\u0119pnieniu Pana\/ Pani danych osobom nieupowa\u017cnionym. Administrator wype\u0142nia wszystkie obowi\u0105zki, spoczywaj\u0105ce na nim zgodnie z powszechnie obowi\u0105zuj\u0105cymi przepisami prawa, jako na Administratorze Danych Osobowych.<\/p><ol start=\"8\"><li><strong>AUTOMATYCZNIE?<\/strong><\/li><\/ol><p><strong>czyli zautomatyzowane podejmowanie decyzji<\/strong><\/p><p>Administrator nie b\u0119dzie podejmowa\u0107 wobec Pana\/Pani zautomatyzowanych decyzji, w tym decyzji b\u0119d\u0105cych wynikiem profilowania.<\/p><ol start=\"9\"><li><strong>Informacje dodatkowe<\/strong><\/li><li>Administrator zastrzega sobie prawo do zmiany niniejszej Polityki Prywatno\u015bci. W takim przypadku Administrator niezw\u0142ocznie opublikuje now\u0105 polityki prywatno\u015bci na stronie internetowej www.debesto.com.<\/li><li>W przypadku zauwa\u017cenia przez Pana\/Pani\u0105 jakichkolwiek nieprawid\u0142owo\u015bci dotycz\u0105cych bezpiecze\u0144stwa danych przetwarzanych przez Administratora prosimy zg\u0142asza\u0107 wszelkie uwagi na adres e-mail:\u00a0<a href=\"mailto:dpa@callpage.io\">g<\/a>dpr@debesto.comlub telefonicznie pod numerem 0048 71 70 110 70.<\/li><\/ol>\t\t\t\t\t\t<\/div>\n\t\t\t\t<\/div>\n\t\t\t\t\t<\/div>\n\t\t<\/div>\n\t\t\t\t\t<\/div>\n\t\t<\/section>\n\t\t\t\t<\/div>\n\t\t","protected":false},"excerpt":{"rendered":"<p>Polityka prywatno\u015bci POLITYKA PRYWATNO\u015aCI czyli informacje o przetwarzaniu danych osobowych Niniejsza Polityka Prywatno\u015bci stworzona zosta\u0142a w ramach wykonania przez: debesto sp. z o.o.\u00a0z siedzib\u0105 w Ole\u015bnicy przy ul. Wa\u0142y Jagiello\u0144skie 14A, 56-400 Ole\u015bnica, posiadaj\u0105c\u0105 NIP: 911 203 71 54, prowadz\u0105c\u0105 sklep internetowy pod adresem strony internetowej:\u00a0www.debesto.com b\u0119d\u0105c\u0105 Administratorem danych osobowych przekazanych przez Pana\/ Pani\u0105, obowi\u0105zku [&hellip;]<\/p>\n","protected":false},"author":1,"featured_media":0,"parent":0,"menu_order":0,"comment_status":"closed","ping_status":"open","template":"elementor_header_footer","meta":{"site-sidebar-layout":"default","site-content-layout":"","ast-site-content-layout":"","site-content-style":"default","site-sidebar-style":"default","ast-global-header-display":"","ast-banner-title-visibility":"","ast-main-header-display":"","ast-hfb-above-header-display":"","ast-hfb-below-header-display":"","ast-hfb-mobile-header-display":"","site-post-title":"","ast-breadcrumbs-content":"","ast-featured-img":"","footer-sml-layout":"","theme-transparent-header-meta":"","adv-header-id-meta":"","stick-header-meta":"","header-above-stick-meta":"","header-main-stick-meta":"","header-below-stick-meta":"","astra-migrate-meta-layouts":"default","ast-page-background-enabled":"default","ast-page-background-meta":{"desktop":{"background-color":"var(--ast-global-color-4)","background-image":"","background-repeat":"repeat","background-position":"center center","background-size":"auto","background-attachment":"scroll","background-type":"","background-media":"","overlay-type":"","overlay-color":"","overlay-opacity":"","overlay-gradient":""},"tablet":{"background-color":"","background-image":"","background-repeat":"repeat","background-position":"center center","background-size":"auto","background-attachment":"scroll","background-type":"","background-media":"","overlay-type":"","overlay-color":"","overlay-opacity":"","overlay-gradient":""},"mobile":{"background-color":"","background-image":"","background-repeat":"repeat","background-position":"center center","background-size":"auto","background-attachment":"scroll","background-type":"","background-media":"","overlay-type":"","overlay-color":"","overlay-opacity":"","overlay-gradient":""}},"ast-content-background-meta":{"desktop":{"background-color":"var(--ast-global-color-5)","background-image":"","background-repeat":"repeat","background-position":"center center","background-size":"auto","background-attachment":"scroll","background-type":"","background-media":"","overlay-type":"","overlay-color":"","overlay-opacity":"","overlay-gradient":""},"tablet":{"background-color":"var(--ast-global-color-5)","background-image":"","background-repeat":"repeat","background-position":"center center","background-size":"auto","background-attachment":"scroll","background-type":"","background-media":"","overlay-type":"","overlay-color":"","overlay-opacity":"","overlay-gradient":""},"mobile":{"background-color":"var(--ast-global-color-5)","background-image":"","background-repeat":"repeat","background-position":"center center","background-size":"auto","background-attachment":"scroll","background-type":"","background-media":"","overlay-type":"","overlay-color":"","overlay-opacity":"","overlay-gradient":""}},"footnotes":""},"class_list":["post-3","page","type-page","status-publish","hentry"],"acf":[],"aioseo_notices":[],"yoast_head":"<!-- This site is optimized with the Yoast SEO plugin v23.2 - https:\/\/yoast.com\/wordpress\/plugins\/seo\/ -->\n<title>Polityka prywatno\u015bci | debesto.com<\/title>\n<meta name=\"description\" content=\"#joindebesto - digitalizuj z nami bran\u017c\u0119 wart\u0105 +50mld \u20ac. Szukamy marketer\u00f3w, sales\u00f3w, lead generation, UX\/UI z angielskim perfect :)\" \/>\n<meta name=\"robots\" content=\"index, follow, max-snippet:-1, max-image-preview:large, max-video-preview:-1\" \/>\n<link rel=\"canonical\" href=\"https:\/\/debesto.com\/joinus\/polityka-prywatnosci\/\" \/>\n<meta property=\"og:locale\" content=\"pl_PL\" \/>\n<meta property=\"og:type\" content=\"article\" \/>\n<meta property=\"og:title\" content=\"Praca w Ole\u015bnicy | debesto.com\" \/>\n<meta property=\"og:description\" content=\"#joindebesto - digitalizuj z nami bran\u017c\u0119 wart\u0105 +50mld \u20ac. Szukamy marketer\u00f3w, sales\u00f3w, lead generation, UX\/UI z angielskim perfect :)\" \/>\n<meta property=\"og:url\" content=\"https:\/\/debesto.com\/joinus\/polityka-prywatnosci\/\" \/>\n<meta property=\"og:site_name\" content=\"Ambitna praca w Ole\u015bnicy\" \/>\n<meta property=\"article:modified_time\" content=\"2024-09-30T10:15:05+00:00\" \/>\n<meta property=\"og:image\" content=\"https:\/\/debesto.com\/joinus\/wp-content\/uploads\/2022\/08\/sekcja-czym-sie-zajmujemy.jpg\" \/>\n\t<meta property=\"og:image:width\" content=\"1920\" \/>\n\t<meta property=\"og:image:height\" content=\"1175\" \/>\n\t<meta property=\"og:image:type\" content=\"image\/jpeg\" \/>\n<meta name=\"twitter:card\" content=\"summary_large_image\" \/>\n<meta name=\"twitter:label1\" content=\"Szacowany czas czytania\" \/>\n\t<meta name=\"twitter:data1\" content=\"6 minut\" \/>\n<script type=\"application\/ld+json\" class=\"yoast-schema-graph\">{\"@context\":\"https:\/\/schema.org\",\"@graph\":[{\"@type\":\"WebPage\",\"@id\":\"https:\/\/debesto.com\/joinus\/polityka-prywatnosci\/\",\"url\":\"https:\/\/debesto.com\/joinus\/polityka-prywatnosci\/\",\"name\":\"Polityka prywatno\u015bci | debesto.com\",\"isPartOf\":{\"@id\":\"https:\/\/debesto.com\/joinus\/#website\"},\"datePublished\":\"2022-08-04T08:59:14+00:00\",\"dateModified\":\"2024-09-30T10:15:05+00:00\",\"description\":\"#joindebesto - digitalizuj z nami bran\u017c\u0119 wart\u0105 +50mld \u20ac. Szukamy marketer\u00f3w, sales\u00f3w, lead generation, UX\/UI z angielskim perfect :)\",\"breadcrumb\":{\"@id\":\"https:\/\/debesto.com\/joinus\/polityka-prywatnosci\/#breadcrumb\"},\"inLanguage\":\"pl-PL\",\"potentialAction\":[{\"@type\":\"ReadAction\",\"target\":[\"https:\/\/debesto.com\/joinus\/polityka-prywatnosci\/\"]}]},{\"@type\":\"BreadcrumbList\",\"@id\":\"https:\/\/debesto.com\/joinus\/polityka-prywatnosci\/#breadcrumb\",\"itemListElement\":[{\"@type\":\"ListItem\",\"position\":1,\"name\":\"Strona g\u0142\u00f3wna\",\"item\":\"https:\/\/debesto.com\/joinus\/\"},{\"@type\":\"ListItem\",\"position\":2,\"name\":\"Polityka prywatno\u015bci\"}]},{\"@type\":\"WebSite\",\"@id\":\"https:\/\/debesto.com\/joinus\/#website\",\"url\":\"https:\/\/debesto.com\/joinus\/\",\"name\":\"Praca Ole\u015bnica | #joindebesto\",\"description\":\"#joindebesto\",\"publisher\":{\"@id\":\"https:\/\/debesto.com\/joinus\/#organization\"},\"potentialAction\":[{\"@type\":\"SearchAction\",\"target\":{\"@type\":\"EntryPoint\",\"urlTemplate\":\"https:\/\/debesto.com\/joinus\/?s={search_term_string}\"},\"query-input\":\"required name=search_term_string\"}],\"inLanguage\":\"pl-PL\"},{\"@type\":\"Organization\",\"@id\":\"https:\/\/debesto.com\/joinus\/#organization\",\"name\":\"Praca Ole\u015bnica | #joindebesto\",\"url\":\"https:\/\/debesto.com\/joinus\/\",\"logo\":{\"@type\":\"ImageObject\",\"inLanguage\":\"pl-PL\",\"@id\":\"https:\/\/debesto.com\/joinus\/#\/schema\/logo\/image\/\",\"url\":\"https:\/\/debesto.com\/joinus\/wp-content\/uploads\/2022\/08\/logo-white.svg\",\"contentUrl\":\"https:\/\/debesto.com\/joinus\/wp-content\/uploads\/2022\/08\/logo-white.svg\",\"width\":202,\"height\":32,\"caption\":\"Praca Ole\u015bnica | #joindebesto\"},\"image\":{\"@id\":\"https:\/\/debesto.com\/joinus\/#\/schema\/logo\/image\/\"}}]}<\/script>\n<!-- \/ Yoast SEO plugin. -->","yoast_head_json":{"title":"Polityka prywatno\u015bci | debesto.com","description":"#joindebesto - digitalizuj z nami bran\u017c\u0119 wart\u0105 +50mld \u20ac. Szukamy marketer\u00f3w, sales\u00f3w, lead generation, UX\/UI z angielskim perfect :)","robots":{"index":"index","follow":"follow","max-snippet":"max-snippet:-1","max-image-preview":"max-image-preview:large","max-video-preview":"max-video-preview:-1"},"canonical":"https:\/\/debesto.com\/joinus\/polityka-prywatnosci\/","og_locale":"pl_PL","og_type":"article","og_title":"Praca w Ole\u015bnicy | debesto.com","og_description":"#joindebesto - digitalizuj z nami bran\u017c\u0119 wart\u0105 +50mld \u20ac. Szukamy marketer\u00f3w, sales\u00f3w, lead generation, UX\/UI z angielskim perfect :)","og_url":"https:\/\/debesto.com\/joinus\/polityka-prywatnosci\/","og_site_name":"Ambitna praca w Ole\u015bnicy","article_modified_time":"2024-09-30T10:15:05+00:00","og_image":[{"width":1920,"height":1175,"url":"https:\/\/debesto.com\/joinus\/wp-content\/uploads\/2022\/08\/sekcja-czym-sie-zajmujemy.jpg","type":"image\/jpeg"}],"twitter_card":"summary_large_image","twitter_misc":{"Szacowany czas czytania":"6 minut"},"schema":{"@context":"https:\/\/schema.org","@graph":[{"@type":"WebPage","@id":"https:\/\/debesto.com\/joinus\/polityka-prywatnosci\/","url":"https:\/\/debesto.com\/joinus\/polityka-prywatnosci\/","name":"Polityka prywatno\u015bci | debesto.com","isPartOf":{"@id":"https:\/\/debesto.com\/joinus\/#website"},"datePublished":"2022-08-04T08:59:14+00:00","dateModified":"2024-09-30T10:15:05+00:00","description":"#joindebesto - digitalizuj z nami bran\u017c\u0119 wart\u0105 +50mld \u20ac. Szukamy marketer\u00f3w, sales\u00f3w, lead generation, UX\/UI z angielskim perfect :)","breadcrumb":{"@id":"https:\/\/debesto.com\/joinus\/polityka-prywatnosci\/#breadcrumb"},"inLanguage":"pl-PL","potentialAction":[{"@type":"ReadAction","target":["https:\/\/debesto.com\/joinus\/polityka-prywatnosci\/"]}]},{"@type":"BreadcrumbList","@id":"https:\/\/debesto.com\/joinus\/polityka-prywatnosci\/#breadcrumb","itemListElement":[{"@type":"ListItem","position":1,"name":"Strona g\u0142\u00f3wna","item":"https:\/\/debesto.com\/joinus\/"},{"@type":"ListItem","position":2,"name":"Polityka prywatno\u015bci"}]},{"@type":"WebSite","@id":"https:\/\/debesto.com\/joinus\/#website","url":"https:\/\/debesto.com\/joinus\/","name":"Praca Ole\u015bnica | #joindebesto","description":"#joindebesto","publisher":{"@id":"https:\/\/debesto.com\/joinus\/#organization"},"potentialAction":[{"@type":"SearchAction","target":{"@type":"EntryPoint","urlTemplate":"https:\/\/debesto.com\/joinus\/?s={search_term_string}"},"query-input":"required name=search_term_string"}],"inLanguage":"pl-PL"},{"@type":"Organization","@id":"https:\/\/debesto.com\/joinus\/#organization","name":"Praca Ole\u015bnica | #joindebesto","url":"https:\/\/debesto.com\/joinus\/","logo":{"@type":"ImageObject","inLanguage":"pl-PL","@id":"https:\/\/debesto.com\/joinus\/#\/schema\/logo\/image\/","url":"https:\/\/debesto.com\/joinus\/wp-content\/uploads\/2022\/08\/logo-white.svg","contentUrl":"https:\/\/debesto.com\/joinus\/wp-content\/uploads\/2022\/08\/logo-white.svg","width":202,"height":32,"caption":"Praca Ole\u015bnica | #joindebesto"},"image":{"@id":"https:\/\/debesto.com\/joinus\/#\/schema\/logo\/image\/"}}]}},"_links":{"self":[{"href":"https:\/\/debesto.com\/joinus\/wp-json\/wp\/v2\/pages\/3","targetHints":{"allow":["GET"]}}],"collection":[{"href":"https:\/\/debesto.com\/joinus\/wp-json\/wp\/v2\/pages"}],"about":[{"href":"https:\/\/debesto.com\/joinus\/wp-json\/wp\/v2\/types\/page"}],"author":[{"embeddable":true,"href":"https:\/\/debesto.com\/joinus\/wp-json\/wp\/v2\/users\/1"}],"replies":[{"embeddable":true,"href":"https:\/\/debesto.com\/joinus\/wp-json\/wp\/v2\/comments?post=3"}],"version-history":[{"count":13,"href":"https:\/\/debesto.com\/joinus\/wp-json\/wp\/v2\/pages\/3\/revisions"}],"predecessor-version":[{"id":5486,"href":"https:\/\/debesto.com\/joinus\/wp-json\/wp\/v2\/pages\/3\/revisions\/5486"}],"wp:attachment":[{"href":"https:\/\/debesto.com\/joinus\/wp-json\/wp\/v2\/media?parent=3"}],"curies":[{"name":"wp","href":"https:\/\/api.w.org\/{rel}","templated":true}]}}