{"id":2271,"date":"2022-08-29T08:58:43","date_gmt":"2022-08-29T06:58:43","guid":{"rendered":"https:\/\/debesto.com\/joinus\/?page_id=2271"},"modified":"2022-09-13T13:32:28","modified_gmt":"2022-09-13T11:32:28","slug":"rodo","status":"publish","type":"page","link":"https:\/\/debesto.com\/joinus\/rodo\/","title":{"rendered":"Rodo"},"content":{"rendered":"\t\t<div data-elementor-type=\"wp-page\" data-elementor-id=\"2271\" class=\"elementor elementor-2271\" data-elementor-post-type=\"page\">\n\t\t\t\t\t\t<section class=\"elementor-section elementor-top-section elementor-element elementor-element-64e368a9 elementor-section-boxed elementor-section-height-default elementor-section-height-default\" data-id=\"64e368a9\" data-element_type=\"section\" data-settings=\"{&quot;_ob_glider_is_slider&quot;:&quot;no&quot;}\">\n\t\t\t\t\t\t<div class=\"elementor-container elementor-column-gap-default\">\n\t\t\t\t\t<div class=\"elementor-column elementor-col-100 elementor-top-column elementor-element elementor-element-30973b48\" data-id=\"30973b48\" data-element_type=\"column\">\n\t\t\t<div class=\"elementor-widget-wrap elementor-element-populated\">\n\t\t\t\t\t\t<div class=\"elementor-element elementor-element-315d735 elementor-widget elementor-widget-heading\" data-id=\"315d735\" data-element_type=\"widget\" data-widget_type=\"heading.default\">\n\t\t\t\t<div class=\"elementor-widget-container\">\n\t\t\t<style>\/*! elementor - v3.23.0 - 05-08-2024 *\/\n.elementor-heading-title{padding:0;margin:0;line-height:1}.elementor-widget-heading .elementor-heading-title[class*=elementor-size-]>a{color:inherit;font-size:inherit;line-height:inherit}.elementor-widget-heading .elementor-heading-title.elementor-size-small{font-size:15px}.elementor-widget-heading .elementor-heading-title.elementor-size-medium{font-size:19px}.elementor-widget-heading .elementor-heading-title.elementor-size-large{font-size:29px}.elementor-widget-heading .elementor-heading-title.elementor-size-xl{font-size:39px}.elementor-widget-heading .elementor-heading-title.elementor-size-xxl{font-size:59px}<\/style><h1 class=\"elementor-heading-title elementor-size-default\">Klauzula informacyjna rodo<\/h1>\t\t<\/div>\n\t\t\t\t<\/div>\n\t\t\t\t<div class=\"elementor-element elementor-element-ce74262 cs-text elementor-widget elementor-widget-text-editor\" data-id=\"ce74262\" data-element_type=\"widget\" data-widget_type=\"text-editor.default\">\n\t\t\t\t<div class=\"elementor-widget-container\">\n\t\t\t<style>\/*! elementor - v3.23.0 - 05-08-2024 *\/\n.elementor-widget-text-editor.elementor-drop-cap-view-stacked .elementor-drop-cap{background-color:#69727d;color:#fff}.elementor-widget-text-editor.elementor-drop-cap-view-framed .elementor-drop-cap{color:#69727d;border:3px solid;background-color:transparent}.elementor-widget-text-editor:not(.elementor-drop-cap-view-default) .elementor-drop-cap{margin-top:8px}.elementor-widget-text-editor:not(.elementor-drop-cap-view-default) .elementor-drop-cap-letter{width:1em;height:1em}.elementor-widget-text-editor .elementor-drop-cap{float:left;text-align:center;line-height:1;font-size:50px}.elementor-widget-text-editor .elementor-drop-cap-letter{display:inline-block}<\/style>\t\t\t\t<p><b><i>Obowi\u0105zek informacyjny:<\/i><\/b><\/p><p><b>Administrator<\/b><\/p><p>Administratorem Pani\/Pana danych osobowych jest debesto sp. z o.o. z siedzib\u0105 w Ole\u015bnicy, adres: ul. Wa\u0142y Jagiello\u0144skie 14A, 56-400 Ole\u015bnica, NIP 911 203 71 54<\/p><p>Mo\u017ce si\u0119 Pani\/Pan skontaktowa\u0107 z Administratorem danych wysy\u0142aj\u0105c wiadomo\u015b\u0107 e-mail na adres gdpr@debesto.com<\/p><p><b>Podstawa i cel przetwarzania<\/b><\/p><p>Pani\/Pana dane osobowe obejmuj\u0105ce imi\u0119, nazwisko oraz adres e-mail b\u0119d\u0105 przetwarzane na podstawie prawnie uzasadnionego interesu Administratora danych w postaci prowadzenia dzia\u0142a\u0144 marketingowych dotycz\u0105cych produkt\u00f3w lub us\u0142ug Administratora. Prawn\u0105 podstaw\u0105 do przetwarzania danych osobowych jest przepis art. 6 ust. 1 lit f) Rozporz\u0105dzenia Parlamentu Europejskiego i Rady (UE) 2016\/679 z dnia 27 kwietnia 2016 r. w sprawie ochrony os\u00f3b fizycznych w zwi\u0105zku z przetwarzaniem danych osobowych i w sprawie swobodnego przep\u0142ywu takich danych oraz uchylenia dyrektywy 95\/46\/WE (og\u00f3lne rozporz\u0105dzenie o ochronie danych) (Tekst maj\u0105cy znaczenie dla EOG, dalej: RODO), kt\u00f3ry umo\u017cliwia przetwarzanie danych w sytuacji gdy jest to niezb\u0119dne do realizacji prawnie uzasadnionych interes\u00f3w Administratora. Celem przetwarzania danych jest prowadzenie dzia\u0142a\u0144 marketingowych dotycz\u0105cych produkt\u00f3w lub us\u0142ug Administratora.<\/p><p><b>Czas przetwarzania danych<\/b><\/p><p>Pani\/Pana dane osobowe b\u0119d\u0105 przetwarzane przez okres prowadzenia kampanii marketingowej przez Administratora, nie d\u0142u\u017cej ni\u017c 3 miesi\u0105ce od daty ich zebrania.<\/p><p>\u00a0<\/p><p><b>\u0179r\u00f3d\u0142o danych<\/b><\/p><p>Informujemy, \u017ce Pani\/Pana dane zosta\u0142y pozyskane z publicznych baz danych, znajduj\u0105cych si\u0119 w Internecie.<\/p><p><b>Odbiorcy danych<\/b><\/p><p>Mo\u017cemy przekaza\u0107 Pani\/Pana dane osobowe na rzecz podmiotu, kt\u00f3ry realizuje na nasz\u0105 rzecz zautomatyzowan\u0105 wysy\u0142k\u0119 wiadomo\u015bci marketingowych.<\/p><p><b>Uprawnienia<\/b><\/p><p>Ma Pani\/Pan prawo do: dost\u0119pu do swoich danych osobowych, \u017c\u0105dania ich sprostowania, \u017c\u0105dania ograniczenia ich przetwarzania, \u017c\u0105dania usuni\u0119cia danych osobowych oraz wyra\u017cenia sprzeciwu wobec przetwarzania Pani\/Pana danych osobowych.<\/p><p>\u00a0<\/p><p><b>Zautomatyzowane podejmowanie decyzji<\/b><\/p><p>Pani\/Pana dane osobowe nie b\u0119d\u0105 wykorzystywane do zautomatyzowanego podejmowania decyzji, w tym profilowania.<\/p><p><b>Prawo do skargi<\/b><\/p><p>W przypadku gdy uzna Pani\/Pan, \u017ce Pani\/Pana dane osobowe s\u0105 przetwarzane niezgodnie z prawem, ma Pani\/Pan prawo do wniesienia skargi do organu nadzorczego \u2013 Prezesa Urz\u0119du Ochrony Danych Osobowych.<\/p>\t\t\t\t\t\t<\/div>\n\t\t\t\t<\/div>\n\t\t\t\t\t<\/div>\n\t\t<\/div>\n\t\t\t\t\t<\/div>\n\t\t<\/section>\n\t\t\t\t<\/div>\n\t\t","protected":false},"excerpt":{"rendered":"<p>Klauzula informacyjna rodo Obowi\u0105zek informacyjny: Administrator Administratorem Pani\/Pana danych osobowych jest debesto sp. z o.o. z siedzib\u0105 w Ole\u015bnicy, adres: ul. Wa\u0142y Jagiello\u0144skie 14A, 56-400 Ole\u015bnica, NIP 911 203 71 54 Mo\u017ce si\u0119 Pani\/Pan skontaktowa\u0107 z Administratorem danych wysy\u0142aj\u0105c wiadomo\u015b\u0107 e-mail na adres gdpr@debesto.com Podstawa i cel przetwarzania Pani\/Pana dane osobowe obejmuj\u0105ce imi\u0119, nazwisko oraz [&hellip;]<\/p>\n","protected":false},"author":1,"featured_media":0,"parent":0,"menu_order":0,"comment_status":"closed","ping_status":"open","template":"elementor_header_footer","meta":{"site-sidebar-layout":"default","site-content-layout":"","ast-site-content-layout":"","site-content-style":"default","site-sidebar-style":"default","ast-global-header-display":"","ast-banner-title-visibility":"","ast-main-header-display":"","ast-hfb-above-header-display":"","ast-hfb-below-header-display":"","ast-hfb-mobile-header-display":"","site-post-title":"","ast-breadcrumbs-content":"","ast-featured-img":"","footer-sml-layout":"","theme-transparent-header-meta":"","adv-header-id-meta":"","stick-header-meta":"","header-above-stick-meta":"","header-main-stick-meta":"","header-below-stick-meta":"","astra-migrate-meta-layouts":"default","ast-page-background-enabled":"default","ast-page-background-meta":{"desktop":{"background-color":"var(--ast-global-color-4)","background-image":"","background-repeat":"repeat","background-position":"center center","background-size":"auto","background-attachment":"scroll","background-type":"","background-media":"","overlay-type":"","overlay-color":"","overlay-opacity":"","overlay-gradient":""},"tablet":{"background-color":"","background-image":"","background-repeat":"repeat","background-position":"center center","background-size":"auto","background-attachment":"scroll","background-type":"","background-media":"","overlay-type":"","overlay-color":"","overlay-opacity":"","overlay-gradient":""},"mobile":{"background-color":"","background-image":"","background-repeat":"repeat","background-position":"center center","background-size":"auto","background-attachment":"scroll","background-type":"","background-media":"","overlay-type":"","overlay-color":"","overlay-opacity":"","overlay-gradient":""}},"ast-content-background-meta":{"desktop":{"background-color":"var(--ast-global-color-5)","background-image":"","background-repeat":"repeat","background-position":"center center","background-size":"auto","background-attachment":"scroll","background-type":"","background-media":"","overlay-type":"","overlay-color":"","overlay-opacity":"","overlay-gradient":""},"tablet":{"background-color":"var(--ast-global-color-5)","background-image":"","background-repeat":"repeat","background-position":"center center","background-size":"auto","background-attachment":"scroll","background-type":"","background-media":"","overlay-type":"","overlay-color":"","overlay-opacity":"","overlay-gradient":""},"mobile":{"background-color":"var(--ast-global-color-5)","background-image":"","background-repeat":"repeat","background-position":"center center","background-size":"auto","background-attachment":"scroll","background-type":"","background-media":"","overlay-type":"","overlay-color":"","overlay-opacity":"","overlay-gradient":""}},"footnotes":""},"class_list":["post-2271","page","type-page","status-publish","hentry"],"acf":[],"aioseo_notices":[],"yoast_head":"<!-- This site is optimized with the Yoast SEO plugin v23.2 - https:\/\/yoast.com\/wordpress\/plugins\/seo\/ -->\n<title>Rodo | debesto.com<\/title>\n<meta name=\"description\" content=\"#joindebesto - digitalizuj z nami bran\u017c\u0119 wart\u0105 +50mld \u20ac. Szukamy marketer\u00f3w, sales\u00f3w, lead generation, UX\/UI z angielskim perfect :)\" \/>\n<meta name=\"robots\" content=\"index, follow, max-snippet:-1, max-image-preview:large, max-video-preview:-1\" \/>\n<link rel=\"canonical\" href=\"https:\/\/debesto.com\/joinus\/rodo\/\" \/>\n<meta property=\"og:locale\" content=\"pl_PL\" \/>\n<meta property=\"og:type\" content=\"article\" \/>\n<meta property=\"og:title\" content=\"Praca w Ole\u015bnicy | debesto.com\" \/>\n<meta property=\"og:description\" content=\"#joindebesto - digitalizuj z nami bran\u017c\u0119 wart\u0105 +50mld \u20ac. Szukamy marketer\u00f3w, sales\u00f3w, lead generation, UX\/UI z angielskim perfect :)\" \/>\n<meta property=\"og:url\" content=\"https:\/\/debesto.com\/joinus\/rodo\/\" \/>\n<meta property=\"og:site_name\" content=\"Ambitna praca w Ole\u015bnicy\" \/>\n<meta property=\"article:modified_time\" content=\"2022-09-13T11:32:28+00:00\" \/>\n<meta property=\"og:image\" content=\"https:\/\/debesto.com\/joinus\/wp-content\/uploads\/2022\/08\/sekcja-poznaj-nasze-biuro-3.jpg\" \/>\n\t<meta property=\"og:image:width\" content=\"1920\" \/>\n\t<meta property=\"og:image:height\" content=\"1282\" \/>\n\t<meta property=\"og:image:type\" content=\"image\/jpeg\" \/>\n<meta name=\"twitter:card\" content=\"summary_large_image\" \/>\n<meta name=\"twitter:label1\" content=\"Szacowany czas czytania\" \/>\n\t<meta name=\"twitter:data1\" content=\"2 minuty\" \/>\n<script type=\"application\/ld+json\" class=\"yoast-schema-graph\">{\"@context\":\"https:\/\/schema.org\",\"@graph\":[{\"@type\":\"WebPage\",\"@id\":\"https:\/\/debesto.com\/joinus\/rodo\/\",\"url\":\"https:\/\/debesto.com\/joinus\/rodo\/\",\"name\":\"Rodo | debesto.com\",\"isPartOf\":{\"@id\":\"https:\/\/debesto.com\/joinus\/#website\"},\"datePublished\":\"2022-08-29T06:58:43+00:00\",\"dateModified\":\"2022-09-13T11:32:28+00:00\",\"description\":\"#joindebesto - digitalizuj z nami bran\u017c\u0119 wart\u0105 +50mld \u20ac. Szukamy marketer\u00f3w, sales\u00f3w, lead generation, UX\/UI z angielskim perfect :)\",\"breadcrumb\":{\"@id\":\"https:\/\/debesto.com\/joinus\/rodo\/#breadcrumb\"},\"inLanguage\":\"pl-PL\",\"potentialAction\":[{\"@type\":\"ReadAction\",\"target\":[\"https:\/\/debesto.com\/joinus\/rodo\/\"]}]},{\"@type\":\"BreadcrumbList\",\"@id\":\"https:\/\/debesto.com\/joinus\/rodo\/#breadcrumb\",\"itemListElement\":[{\"@type\":\"ListItem\",\"position\":1,\"name\":\"Strona g\u0142\u00f3wna\",\"item\":\"https:\/\/debesto.com\/joinus\/\"},{\"@type\":\"ListItem\",\"position\":2,\"name\":\"Rodo\"}]},{\"@type\":\"WebSite\",\"@id\":\"https:\/\/debesto.com\/joinus\/#website\",\"url\":\"https:\/\/debesto.com\/joinus\/\",\"name\":\"Praca Ole\u015bnica | #joindebesto\",\"description\":\"#joindebesto\",\"publisher\":{\"@id\":\"https:\/\/debesto.com\/joinus\/#organization\"},\"potentialAction\":[{\"@type\":\"SearchAction\",\"target\":{\"@type\":\"EntryPoint\",\"urlTemplate\":\"https:\/\/debesto.com\/joinus\/?s={search_term_string}\"},\"query-input\":\"required name=search_term_string\"}],\"inLanguage\":\"pl-PL\"},{\"@type\":\"Organization\",\"@id\":\"https:\/\/debesto.com\/joinus\/#organization\",\"name\":\"Praca Ole\u015bnica | #joindebesto\",\"url\":\"https:\/\/debesto.com\/joinus\/\",\"logo\":{\"@type\":\"ImageObject\",\"inLanguage\":\"pl-PL\",\"@id\":\"https:\/\/debesto.com\/joinus\/#\/schema\/logo\/image\/\",\"url\":\"https:\/\/debesto.com\/joinus\/wp-content\/uploads\/2022\/08\/logo-white.svg\",\"contentUrl\":\"https:\/\/debesto.com\/joinus\/wp-content\/uploads\/2022\/08\/logo-white.svg\",\"width\":202,\"height\":32,\"caption\":\"Praca Ole\u015bnica | #joindebesto\"},\"image\":{\"@id\":\"https:\/\/debesto.com\/joinus\/#\/schema\/logo\/image\/\"}}]}<\/script>\n<!-- \/ Yoast SEO plugin. -->","yoast_head_json":{"title":"Rodo | debesto.com","description":"#joindebesto - digitalizuj z nami bran\u017c\u0119 wart\u0105 +50mld \u20ac. Szukamy marketer\u00f3w, sales\u00f3w, lead generation, UX\/UI z angielskim perfect :)","robots":{"index":"index","follow":"follow","max-snippet":"max-snippet:-1","max-image-preview":"max-image-preview:large","max-video-preview":"max-video-preview:-1"},"canonical":"https:\/\/debesto.com\/joinus\/rodo\/","og_locale":"pl_PL","og_type":"article","og_title":"Praca w Ole\u015bnicy | debesto.com","og_description":"#joindebesto - digitalizuj z nami bran\u017c\u0119 wart\u0105 +50mld \u20ac. Szukamy marketer\u00f3w, sales\u00f3w, lead generation, UX\/UI z angielskim perfect :)","og_url":"https:\/\/debesto.com\/joinus\/rodo\/","og_site_name":"Ambitna praca w Ole\u015bnicy","article_modified_time":"2022-09-13T11:32:28+00:00","og_image":[{"width":1920,"height":1282,"url":"https:\/\/debesto.com\/joinus\/wp-content\/uploads\/2022\/08\/sekcja-poznaj-nasze-biuro-3.jpg","type":"image\/jpeg"}],"twitter_card":"summary_large_image","twitter_misc":{"Szacowany czas czytania":"2 minuty"},"schema":{"@context":"https:\/\/schema.org","@graph":[{"@type":"WebPage","@id":"https:\/\/debesto.com\/joinus\/rodo\/","url":"https:\/\/debesto.com\/joinus\/rodo\/","name":"Rodo | debesto.com","isPartOf":{"@id":"https:\/\/debesto.com\/joinus\/#website"},"datePublished":"2022-08-29T06:58:43+00:00","dateModified":"2022-09-13T11:32:28+00:00","description":"#joindebesto - digitalizuj z nami bran\u017c\u0119 wart\u0105 +50mld \u20ac. Szukamy marketer\u00f3w, sales\u00f3w, lead generation, UX\/UI z angielskim perfect :)","breadcrumb":{"@id":"https:\/\/debesto.com\/joinus\/rodo\/#breadcrumb"},"inLanguage":"pl-PL","potentialAction":[{"@type":"ReadAction","target":["https:\/\/debesto.com\/joinus\/rodo\/"]}]},{"@type":"BreadcrumbList","@id":"https:\/\/debesto.com\/joinus\/rodo\/#breadcrumb","itemListElement":[{"@type":"ListItem","position":1,"name":"Strona g\u0142\u00f3wna","item":"https:\/\/debesto.com\/joinus\/"},{"@type":"ListItem","position":2,"name":"Rodo"}]},{"@type":"WebSite","@id":"https:\/\/debesto.com\/joinus\/#website","url":"https:\/\/debesto.com\/joinus\/","name":"Praca Ole\u015bnica | #joindebesto","description":"#joindebesto","publisher":{"@id":"https:\/\/debesto.com\/joinus\/#organization"},"potentialAction":[{"@type":"SearchAction","target":{"@type":"EntryPoint","urlTemplate":"https:\/\/debesto.com\/joinus\/?s={search_term_string}"},"query-input":"required name=search_term_string"}],"inLanguage":"pl-PL"},{"@type":"Organization","@id":"https:\/\/debesto.com\/joinus\/#organization","name":"Praca Ole\u015bnica | #joindebesto","url":"https:\/\/debesto.com\/joinus\/","logo":{"@type":"ImageObject","inLanguage":"pl-PL","@id":"https:\/\/debesto.com\/joinus\/#\/schema\/logo\/image\/","url":"https:\/\/debesto.com\/joinus\/wp-content\/uploads\/2022\/08\/logo-white.svg","contentUrl":"https:\/\/debesto.com\/joinus\/wp-content\/uploads\/2022\/08\/logo-white.svg","width":202,"height":32,"caption":"Praca Ole\u015bnica | #joindebesto"},"image":{"@id":"https:\/\/debesto.com\/joinus\/#\/schema\/logo\/image\/"}}]}},"_links":{"self":[{"href":"https:\/\/debesto.com\/joinus\/wp-json\/wp\/v2\/pages\/2271","targetHints":{"allow":["GET"]}}],"collection":[{"href":"https:\/\/debesto.com\/joinus\/wp-json\/wp\/v2\/pages"}],"about":[{"href":"https:\/\/debesto.com\/joinus\/wp-json\/wp\/v2\/types\/page"}],"author":[{"embeddable":true,"href":"https:\/\/debesto.com\/joinus\/wp-json\/wp\/v2\/users\/1"}],"replies":[{"embeddable":true,"href":"https:\/\/debesto.com\/joinus\/wp-json\/wp\/v2\/comments?post=2271"}],"version-history":[{"count":4,"href":"https:\/\/debesto.com\/joinus\/wp-json\/wp\/v2\/pages\/2271\/revisions"}],"predecessor-version":[{"id":3112,"href":"https:\/\/debesto.com\/joinus\/wp-json\/wp\/v2\/pages\/2271\/revisions\/3112"}],"wp:attachment":[{"href":"https:\/\/debesto.com\/joinus\/wp-json\/wp\/v2\/media?parent=2271"}],"curies":[{"name":"wp","href":"https:\/\/api.w.org\/{rel}","templated":true}]}}