{"id":48046,"date":"2023-03-03T13:30:28","date_gmt":"2023-03-03T12:30:28","guid":{"rendered":"https:\/\/debesto.com\/en\/?page_id=48046"},"modified":"2024-12-17T10:25:56","modified_gmt":"2024-12-17T09:25:56","slug":"schuco-aluminium-systems","status":"publish","type":"page","link":"https:\/\/debesto.com\/en\/schuco-aluminium-systems\/","title":{"rendered":"Sch\u00fcco Aluminium Systems for European companies"},"content":{"rendered":"\n<figure class=\"wp-block-image size-large\"><img decoding=\"async\" width=\"1024\" height=\"256\" src=\"https:\/\/cdn.debesto.com\/web\/assets\/2023\/03\/06090947\/banner-Schuco-Aluminium-Doors-ASS-70-1024x256.jpg\" alt=\"banner Sch\u00fcco Aluminum Doors ASS 70\" class=\"wp-image-50627\" srcset=\"https:\/\/cdn.debesto.com\/web\/assets\/2023\/03\/06090947\/banner-Schuco-Aluminium-Doors-ASS-70-1024x256.jpg 1024w, https:\/\/cdn.debesto.com\/web\/assets\/2023\/03\/06090947\/banner-Schuco-Aluminium-Doors-ASS-70-300x75.jpg 300w, https:\/\/cdn.debesto.com\/web\/assets\/2023\/03\/06090947\/banner-Schuco-Aluminium-Doors-ASS-70-768x192.jpg 768w, https:\/\/cdn.debesto.com\/web\/assets\/2023\/03\/06090947\/banner-Schuco-Aluminium-Doors-ASS-70.jpg 1200w\" sizes=\"(max-width: 1024px) 100vw, 1024px\" \/><\/figure>\n\n\n\n<p><strong><strong>Sch\u00fcco is an experienced<\/strong> <strong>German brand of energy-efficient aluminium windows. <\/strong>Read our article to learn more about this renowned company. <\/strong><\/p>\n\n\n\n<div style=\"height:40px\" aria-hidden=\"true\" class=\"wp-block-spacer\"><\/div>\n\n\n\n<p>After reading this article, you will know:<\/p>\n\n\n\n<div style=\"height:20px\" aria-hidden=\"true\" class=\"wp-block-spacer\"><\/div>\n\n\n\n<ul class=\"wp-block-list\">\n<li><a href=\"#What-is-Sch\u00fcco-system\">What is Sch\u00fcco system<\/a><\/li>\n\n\n\n<li><a href=\"#What-are-Sch\u00fcco-windows\">What are Sch\u00fcco windows<\/a><\/li>\n\n\n\n<li><a href=\"#Where-are-Sch\u00fcco-windows-manufactured\">Where Sch\u00fcco windows are manufactured<\/a><\/li>\n<\/ul>\n\n\n\n<div style=\"height:100px\" aria-hidden=\"true\" class=\"wp-block-spacer\"><\/div>\n\n\n\n<h2 class=\"wp-block-heading\" id=\"What-is-Sch\u00fcco-system\">What is Sch\u00fcco system?<\/h2>\n\n\n\n<div style=\"height:20px\" aria-hidden=\"true\" class=\"wp-block-spacer\"><\/div>\n\n\n\n<div class=\"wp-block-columns are-vertically-aligned-top is-layout-flex wp-container-core-columns-is-layout-1 wp-block-columns-is-layout-flex\">\n<div class=\"wp-block-column is-vertically-aligned-top is-layout-flow wp-block-column-is-layout-flow\"><div class=\"wp-block-image\">\n<figure class=\"alignright size-full\"><img decoding=\"async\" src=\"https:\/\/debesto.com\/pl\/wp-content\/uploads\/sites\/1\/2020\/03\/schuco.jpg\" alt=\"okna-aluminiowe-schuco-debesto\" class=\"wp-image-5792\" \/><\/figure><\/div><\/div>\n\n\n\n<div class=\"wp-block-column is-vertically-aligned-top is-layout-flow wp-block-column-is-layout-flow\" style=\"flex-basis:10%\"><\/div>\n\n\n\n<div class=\"wp-block-column is-vertically-aligned-top is-layout-flow wp-block-column-is-layout-flow\">\n<p>Sch\u00fcco aluminium systems are<strong> energy-efficient profiles that meet the demands of modern architecture and building norms<\/strong>.<\/p>\n\n\n\n<p>Sch\u00fcco, as a renowned German company with global operations in more than 80 countries, specializes in manufacturing high-quality vinyl and aluminium window, door, or facade systems.<\/p>\n<\/div>\n<\/div>\n\n\n\n<div style=\"height:100px\" aria-hidden=\"true\" class=\"wp-block-spacer\"><\/div>\n\n\n\n<h2 class=\"wp-block-heading\" id=\"What-are-Sch\u00fcco-windows\">What are Sch\u00fcco windows?<\/h2>\n\n\n\n<div style=\"height:20px\" aria-hidden=\"true\" class=\"wp-block-spacer\"><\/div>\n\n\n\n<div class=\"wp-block-columns are-vertically-aligned-top is-layout-flex wp-container-core-columns-is-layout-2 wp-block-columns-is-layout-flex\">\n<div class=\"wp-block-column is-vertically-aligned-top is-layout-flow wp-block-column-is-layout-flow\">\n<p>Sch\u00fcco windows are first and foremost \u2014 <strong>highly energy efficient, durable, and design flexible<\/strong>, thus, you will find there, standard windows for a single-family home, but also for a luxury skyscraper or conservatory.<\/p>\n\n\n\n<p>Unfortunately, the company&#8217;s reputation also affects the price of its products, we can assure you that competitors offer technologically similar solutions with lower costs.<\/p>\n<\/div>\n\n\n\n<div class=\"wp-block-column is-vertically-aligned-top is-layout-flow wp-block-column-is-layout-flow\" style=\"flex-basis:10%\"><\/div>\n\n\n\n<div class=\"wp-block-column is-vertically-aligned-top is-layout-flow wp-block-column-is-layout-flow\">\n<figure class=\"wp-block-image size-full\"><img decoding=\"async\" src=\"https:\/\/debesto.com\/pl\/wp-content\/uploads\/sites\/1\/2020\/08\/Schuco_ase_67_pd_realizacja_produkt-min.jpg\" alt=\"system przesuwny schuco ase 67 panorama design realizacja\" class=\"wp-image-7369\" \/><\/figure>\n<\/div>\n<\/div>\n\n\n\n<div style=\"height:40px\" aria-hidden=\"true\" class=\"wp-block-spacer\"><\/div>\n\n\n<article class=\"post post--tile\">\n  <div class=\"post__image\">\n    <figure class=\"\">\n      <img decoding=\"async\" class=\"\" src=\"https:\/\/cdn.debesto.com\/web\/assets\/2019\/03\/06091937\/image_1-min.jpg\" alt=\"Schuco-ASS-77-Panorama-Design-aluminium-sliding-system-debesto\"\/>\n    <\/figure>\n  <\/div>\n  <div class=\"post__content\">\n    <h2><a href=\"https:\/\/debesto.com\/en\/windows\/aluminium-windows\/?brand=schuco\" title=\"Check out Schuco products\">Are you looking for Schuco aluminium systems?<\/a><\/h2>\n        <p>Browse the best Sch\u00fcco aluminium profiles now<\/p>\n        <a href=\"https:\/\/debesto.com\/en\/windows\/aluminium-windows\/?brand=schuco\" class=\"btn btn--fill\" title=\"Check out Schuco products\"><span>Check out Schuco products<\/span><\/a>\n  <\/div>\n<\/article>\n\n\n<div style=\"height:100px\" aria-hidden=\"true\" class=\"wp-block-spacer\"><\/div>\n\n\n\n<h2 class=\"wp-block-heading\" id=\"Where-are-Sch\u00fcco-windows-manufactured\">Where are Sch\u00fcco windows manufactured?<\/h2>\n\n\n\n<div style=\"height:20px\" aria-hidden=\"true\" class=\"wp-block-spacer\"><\/div>\n\n\n\n<div class=\"wp-block-columns are-vertically-aligned-top is-layout-flex wp-container-core-columns-is-layout-3 wp-block-columns-is-layout-flex\">\n<div class=\"wp-block-column is-vertically-aligned-top is-layout-flow wp-block-column-is-layout-flow\"><div class=\"wp-block-image\">\n<figure class=\"alignright size-full\"><img decoding=\"async\" src=\"https:\/\/debesto.com\/pl\/wp-content\/uploads\/sites\/1\/2019\/03\/image-min-min.jpg\" alt=\"Sch\u00fcco ASS 77 PD\" class=\"wp-image-2985\" \/><\/figure><\/div><\/div>\n\n\n\n<div class=\"wp-block-column is-vertically-aligned-top is-layout-flow wp-block-column-is-layout-flow\" style=\"flex-basis:10%\"><\/div>\n\n\n\n<div class=\"wp-block-column is-vertically-aligned-top is-layout-flow wp-block-column-is-layout-flow\">\n<p>The windows are  made in Germany in Wei\u00dfenfels, but also in many other countries. You can search for cheaper way without compromising on quality by<strong> working with Polish manufacturers. <\/strong><\/p>\n\n\n\n<p>In addition, the company works with certified partners in, for instance, Singapore, Thailand, Vietnam, Indonesia, Malaysia, and the Philippines. Those countries locally manufacture structures based on Sch\u00fcco systems.<\/p>\n<\/div>\n<\/div>\n\n\n\n<div style=\"height:100px\" aria-hidden=\"true\" class=\"wp-block-spacer\"><\/div>\n\n\n\n<p>In conclusion, Sch\u00fcco aluminium systems are among the most advanced and innovative window profiles available on the market today. Whether your investor is planning to build a new house or estate \u2013 the aesthetic appearance, excellent thermal insulation and weather resistance, will meet most of the needs and requirements of a given customer.<\/p>\n\n\n\n<div style=\"height:40px\" aria-hidden=\"true\" class=\"wp-block-spacer\"><\/div>\n\n\n\n<h3 class=\"wp-block-heading has-text-align-center\">Want to talk about alternatives to Schuco windows?<\/h3>\n\n\n\n<div style=\"height:15px\" aria-hidden=\"true\" class=\"wp-block-spacer\"><\/div>\n\n\n\n<div class=\"wp-block-buttons is-layout-flex wp-block-buttons-is-layout-flex\">\n<div class=\"wp-block-button\"><a class=\"wp-block-button__link has-vivid-red-background-color has-background wp-element-button\" href=\"https:\/\/debesto.com\/en\/quick-contact-form\/\" style=\"border-radius:0px\" target=\"_blank\" rel=\"noreferrer noopener\"><strong>Get in touch with our technologist and business consultant.<\/strong><\/a><\/div>\n<\/div>\n","protected":false},"excerpt":{"rendered":"<p>Sch\u00fcco is an experienced German brand of energy-efficient aluminium windows. Read our article to learn more about this renowned company. After reading this article, you will know: What is Sch\u00fcco system? Sch\u00fcco aluminium systems are energy-efficient profiles that meet the demands of modern architecture and building norms. Sch\u00fcco, as a renowned German company with global [&hellip;]<\/p>\n","protected":false},"author":32,"featured_media":0,"parent":0,"menu_order":64,"comment_status":"closed","ping_status":"closed","template":"controllers\/page-gutenberg.php","meta":{"_acf_changed":false,"_uag_custom_page_level_css":"","footnotes":""},"class_list":["post-48046","page","type-page","status-publish","hentry"],"acf":[],"yoast_head":"<!-- This site is optimized with the Yoast SEO plugin v25.6 - https:\/\/yoast.com\/wordpress\/plugins\/seo\/ -->\n<title>Sch\u00fcco Aluminium Systems for European companies | debesto.com<\/title>\n<meta name=\"description\" content=\"Do you want to quickly find an energy-efficient aluminium windows of good quality? Sch\u00fcco brand products will satisfy your needs.\" \/>\n<meta name=\"robots\" content=\"index, follow, max-snippet:-1, max-image-preview:large, max-video-preview:-1\" \/>\n<link rel=\"canonical\" href=\"https:\/\/debesto.com\/en\/schuco-aluminium-systems\/\" \/>\n<meta property=\"og:locale\" content=\"en_GB\" \/>\n<meta property=\"og:type\" content=\"article\" \/>\n<meta property=\"og:title\" content=\"Sch\u00fcco Aluminium Systems for European companies | debesto.com\" \/>\n<meta property=\"og:description\" content=\"Do you want to quickly find an energy-efficient aluminium windows of good quality? Sch\u00fcco brand products will satisfy your needs.\" \/>\n<meta property=\"og:url\" content=\"https:\/\/debesto.com\/en\/schuco-aluminium-systems\/\" \/>\n<meta property=\"og:site_name\" content=\"debesto\" \/>\n<meta property=\"article:publisher\" content=\"https:\/\/www.facebook.com\/debestousa\/\" \/>\n<meta property=\"article:modified_time\" content=\"2024-12-17T09:25:56+00:00\" \/>\n<meta property=\"og:image\" content=\"https:\/\/debesto.com\/en\/wp-content\/uploads\/2023\/03\/banner-Schuco-Aluminium-Doors-ASS-70-1024x256.jpg\" \/>\n<meta name=\"twitter:card\" content=\"summary_large_image\" \/>\n<meta name=\"twitter:label1\" content=\"Estimated reading time\" \/>\n\t<meta name=\"twitter:data1\" content=\"3 minutes\" \/>\n<script type=\"application\/ld+json\" class=\"yoast-schema-graph\">{\"@context\":\"https:\/\/schema.org\",\"@graph\":[{\"@type\":\"WebPage\",\"@id\":\"https:\/\/debesto.com\/en\/schuco-aluminium-systems\/\",\"url\":\"https:\/\/debesto.com\/en\/schuco-aluminium-systems\/\",\"name\":\"Sch\u00fcco Aluminium Systems for European companies | debesto.com\",\"isPartOf\":{\"@id\":\"https:\/\/debesto.com\/en\/#website\"},\"primaryImageOfPage\":{\"@id\":\"https:\/\/debesto.com\/en\/schuco-aluminium-systems\/#primaryimage\"},\"image\":{\"@id\":\"https:\/\/debesto.com\/en\/schuco-aluminium-systems\/#primaryimage\"},\"thumbnailUrl\":\"https:\/\/debesto.com\/en\/wp-content\/uploads\/2023\/03\/banner-Schuco-Aluminium-Doors-ASS-70-1024x256.jpg\",\"datePublished\":\"2023-03-03T12:30:28+00:00\",\"dateModified\":\"2024-12-17T09:25:56+00:00\",\"description\":\"Do you want to quickly find an energy-efficient aluminium windows of good quality? Sch\u00fcco brand products will satisfy your needs.\",\"breadcrumb\":{\"@id\":\"https:\/\/debesto.com\/en\/schuco-aluminium-systems\/#breadcrumb\"},\"inLanguage\":\"en-GB\",\"potentialAction\":[{\"@type\":\"ReadAction\",\"target\":[\"https:\/\/debesto.com\/en\/schuco-aluminium-systems\/\"]}]},{\"@type\":\"ImageObject\",\"inLanguage\":\"en-GB\",\"@id\":\"https:\/\/debesto.com\/en\/schuco-aluminium-systems\/#primaryimage\",\"url\":\"https:\/\/cdn.debesto.com\/web\/assets\/2023\/03\/06090947\/banner-Schuco-Aluminium-Doors-ASS-70.jpg\",\"contentUrl\":\"https:\/\/cdn.debesto.com\/web\/assets\/2023\/03\/06090947\/banner-Schuco-Aluminium-Doors-ASS-70.jpg\",\"width\":1200,\"height\":300,\"caption\":\"banner Sch\u00fcco Aluminum Doors ASS 70\"},{\"@type\":\"BreadcrumbList\",\"@id\":\"https:\/\/debesto.com\/en\/schuco-aluminium-systems\/#breadcrumb\",\"itemListElement\":[{\"@type\":\"ListItem\",\"position\":1,\"name\":\"Strona g\u0142\u00f3wna\",\"item\":\"https:\/\/debesto.com\/en\/\"},{\"@type\":\"ListItem\",\"position\":2,\"name\":\"Sch\u00fcco Aluminium Systems for European companies\"}]},{\"@type\":\"WebSite\",\"@id\":\"https:\/\/debesto.com\/en\/#website\",\"url\":\"https:\/\/debesto.com\/en\/\",\"name\":\"debesto\",\"description\":\"windows, doors, shutters and garage doors for B2B\",\"potentialAction\":[{\"@type\":\"SearchAction\",\"target\":{\"@type\":\"EntryPoint\",\"urlTemplate\":\"https:\/\/debesto.com\/en\/?s={search_term_string}\"},\"query-input\":{\"@type\":\"PropertyValueSpecification\",\"valueRequired\":true,\"valueName\":\"search_term_string\"}}],\"inLanguage\":\"en-GB\"}]}<\/script>\n<!-- \/ Yoast SEO plugin. -->","yoast_head_json":{"title":"Sch\u00fcco Aluminium Systems for European companies | debesto.com","description":"Do you want to quickly find an energy-efficient aluminium windows of good quality? Sch\u00fcco brand products will satisfy your needs.","robots":{"index":"index","follow":"follow","max-snippet":"max-snippet:-1","max-image-preview":"max-image-preview:large","max-video-preview":"max-video-preview:-1"},"canonical":"https:\/\/debesto.com\/en\/schuco-aluminium-systems\/","og_locale":"en_GB","og_type":"article","og_title":"Sch\u00fcco Aluminium Systems for European companies | debesto.com","og_description":"Do you want to quickly find an energy-efficient aluminium windows of good quality? Sch\u00fcco brand products will satisfy your needs.","og_url":"https:\/\/debesto.com\/en\/schuco-aluminium-systems\/","og_site_name":"debesto","article_publisher":"https:\/\/www.facebook.com\/debestousa\/","article_modified_time":"2024-12-17T09:25:56+00:00","og_image":[{"url":"https:\/\/debesto.com\/en\/wp-content\/uploads\/2023\/03\/banner-Schuco-Aluminium-Doors-ASS-70-1024x256.jpg","type":"","width":"","height":""}],"twitter_card":"summary_large_image","twitter_misc":{"Estimated reading time":"3 minutes"},"schema":{"@context":"https:\/\/schema.org","@graph":[{"@type":"WebPage","@id":"https:\/\/debesto.com\/en\/schuco-aluminium-systems\/","url":"https:\/\/debesto.com\/en\/schuco-aluminium-systems\/","name":"Sch\u00fcco Aluminium Systems for European companies | debesto.com","isPartOf":{"@id":"https:\/\/debesto.com\/en\/#website"},"primaryImageOfPage":{"@id":"https:\/\/debesto.com\/en\/schuco-aluminium-systems\/#primaryimage"},"image":{"@id":"https:\/\/debesto.com\/en\/schuco-aluminium-systems\/#primaryimage"},"thumbnailUrl":"https:\/\/debesto.com\/en\/wp-content\/uploads\/2023\/03\/banner-Schuco-Aluminium-Doors-ASS-70-1024x256.jpg","datePublished":"2023-03-03T12:30:28+00:00","dateModified":"2024-12-17T09:25:56+00:00","description":"Do you want to quickly find an energy-efficient aluminium windows of good quality? Sch\u00fcco brand products will satisfy your needs.","breadcrumb":{"@id":"https:\/\/debesto.com\/en\/schuco-aluminium-systems\/#breadcrumb"},"inLanguage":"en-GB","potentialAction":[{"@type":"ReadAction","target":["https:\/\/debesto.com\/en\/schuco-aluminium-systems\/"]}]},{"@type":"ImageObject","inLanguage":"en-GB","@id":"https:\/\/debesto.com\/en\/schuco-aluminium-systems\/#primaryimage","url":"https:\/\/cdn.debesto.com\/web\/assets\/2023\/03\/06090947\/banner-Schuco-Aluminium-Doors-ASS-70.jpg","contentUrl":"https:\/\/cdn.debesto.com\/web\/assets\/2023\/03\/06090947\/banner-Schuco-Aluminium-Doors-ASS-70.jpg","width":1200,"height":300,"caption":"banner Sch\u00fcco Aluminum Doors ASS 70"},{"@type":"BreadcrumbList","@id":"https:\/\/debesto.com\/en\/schuco-aluminium-systems\/#breadcrumb","itemListElement":[{"@type":"ListItem","position":1,"name":"Strona g\u0142\u00f3wna","item":"https:\/\/debesto.com\/en\/"},{"@type":"ListItem","position":2,"name":"Sch\u00fcco Aluminium Systems for European companies"}]},{"@type":"WebSite","@id":"https:\/\/debesto.com\/en\/#website","url":"https:\/\/debesto.com\/en\/","name":"debesto","description":"windows, doors, shutters and garage doors for B2B","potentialAction":[{"@type":"SearchAction","target":{"@type":"EntryPoint","urlTemplate":"https:\/\/debesto.com\/en\/?s={search_term_string}"},"query-input":{"@type":"PropertyValueSpecification","valueRequired":true,"valueName":"search_term_string"}}],"inLanguage":"en-GB"}]}},"uagb_featured_image_src":{"full":false,"thumbnail":false,"medium":false,"medium_large":false,"large":false,"1536x1536":false,"2048x2048":false},"uagb_author_info":{"display_name":"oklonowska","author_link":"https:\/\/debesto.com\/en\/author\/oklonowska\/"},"uagb_comment_info":0,"uagb_excerpt":"Sch\u00fcco is an experienced German brand of energy-efficient aluminium windows. Read our article to learn more about this renowned company. After reading this article, you will know: What is Sch\u00fcco system? Sch\u00fcco aluminium systems are energy-efficient profiles that meet the demands of modern architecture and building norms. Sch\u00fcco, as a renowned German company with global&hellip;","_links":{"self":[{"href":"https:\/\/debesto.com\/en\/wp-json\/wp\/v2\/pages\/48046","targetHints":{"allow":["GET"]}}],"collection":[{"href":"https:\/\/debesto.com\/en\/wp-json\/wp\/v2\/pages"}],"about":[{"href":"https:\/\/debesto.com\/en\/wp-json\/wp\/v2\/types\/page"}],"author":[{"embeddable":true,"href":"https:\/\/debesto.com\/en\/wp-json\/wp\/v2\/users\/32"}],"replies":[{"embeddable":true,"href":"https:\/\/debesto.com\/en\/wp-json\/wp\/v2\/comments?post=48046"}],"version-history":[{"count":2,"href":"https:\/\/debesto.com\/en\/wp-json\/wp\/v2\/pages\/48046\/revisions"}],"predecessor-version":[{"id":70419,"href":"https:\/\/debesto.com\/en\/wp-json\/wp\/v2\/pages\/48046\/revisions\/70419"}],"wp:attachment":[{"href":"https:\/\/debesto.com\/en\/wp-json\/wp\/v2\/media?parent=48046"}],"curies":[{"name":"wp","href":"https:\/\/api.w.org\/{rel}","templated":true}]}}