{"id":39959,"date":"2019-02-20T18:23:39","date_gmt":"2019-02-20T17:23:39","guid":{"rendered":"https:\/\/debesto.com\/en\/cenniki\/"},"modified":"2025-06-16T10:10:34","modified_gmt":"2025-06-16T08:10:34","slug":"price-lists","status":"publish","type":"page","link":"https:\/\/debesto.com\/en\/price-lists\/","title":{"rendered":"price lists"},"content":{"rendered":"","protected":false},"excerpt":{"rendered":"","protected":false},"author":1,"featured_media":0,"parent":0,"menu_order":122,"comment_status":"closed","ping_status":"closed","template":"controllers\/product-category.php","meta":{"_acf_changed":false,"_uag_custom_page_level_css":"","footnotes":""},"class_list":["post-39959","page","type-page","status-publish","hentry"],"acf":[],"yoast_head":"<!-- This site is optimized with the Yoast SEO plugin v25.6 - https:\/\/yoast.com\/wordpress\/plugins\/seo\/ -->\n<title>Price lists of windows, transport and shutters | Offer for debesto companies<\/title>\n<meta name=\"description\" content=\"Do you sell or install joinery? Check prices, cooperate with us and save up to 50%. Import windows from Poland.\" \/>\n<meta name=\"robots\" content=\"index, follow, max-snippet:-1, max-image-preview:large, max-video-preview:-1\" \/>\n<link rel=\"canonical\" href=\"https:\/\/debesto.com\/en\/price-lists\/\" \/>\n<meta property=\"og:locale\" content=\"en_GB\" \/>\n<meta property=\"og:type\" content=\"article\" \/>\n<meta property=\"og:title\" content=\"Montujesz lub sprzedajesz stolark\u0119 otworow\u0105?\" \/>\n<meta property=\"og:description\" content=\"Sprawd\u017a ceny i wsp\u00f3\u0142pracuj z nami i oszcz\u0119dzaj do 50%. Importuj okna z Polski.\" \/>\n<meta property=\"og:url\" content=\"https:\/\/debesto.com\/en\/price-lists\/\" \/>\n<meta property=\"og:site_name\" content=\"debesto\" \/>\n<meta property=\"article:publisher\" content=\"https:\/\/www.facebook.com\/debestousa\/\" \/>\n<meta property=\"article:modified_time\" content=\"2025-06-16T08:10:34+00:00\" \/>\n<meta property=\"og:image\" content=\"https:\/\/cdn.debesto.com\/web\/assets\/2019\/02\/06092324\/post-thumb-5.jpg\" \/>\n\t<meta property=\"og:image:width\" content=\"295\" \/>\n\t<meta property=\"og:image:height\" content=\"264\" \/>\n\t<meta property=\"og:image:type\" content=\"image\/jpeg\" \/>\n<meta name=\"twitter:card\" content=\"summary_large_image\" \/>\n<meta name=\"twitter:label1\" content=\"Estimated reading time\" \/>\n\t<meta name=\"twitter:data1\" content=\"4 minutes\" \/>\n<script type=\"application\/ld+json\" class=\"yoast-schema-graph\">{\"@context\":\"https:\/\/schema.org\",\"@graph\":[{\"@type\":\"WebPage\",\"@id\":\"https:\/\/debesto.com\/en\/price-lists\/\",\"url\":\"https:\/\/debesto.com\/en\/price-lists\/\",\"name\":\"Price lists of windows, transport and shutters | Offer for debesto companies\",\"isPartOf\":{\"@id\":\"https:\/\/debesto.com\/en\/#website\"},\"datePublished\":\"2019-02-20T17:23:39+00:00\",\"dateModified\":\"2025-06-16T08:10:34+00:00\",\"description\":\"Do you sell or install joinery? Check prices, cooperate with us and save up to 50%. Import windows from Poland.\",\"breadcrumb\":{\"@id\":\"https:\/\/debesto.com\/en\/price-lists\/#breadcrumb\"},\"inLanguage\":\"en-GB\",\"potentialAction\":[{\"@type\":\"ReadAction\",\"target\":[\"https:\/\/debesto.com\/en\/price-lists\/\"]}]},{\"@type\":\"BreadcrumbList\",\"@id\":\"https:\/\/debesto.com\/en\/price-lists\/#breadcrumb\",\"itemListElement\":[{\"@type\":\"ListItem\",\"position\":1,\"name\":\"Strona g\u0142\u00f3wna\",\"item\":\"https:\/\/debesto.com\/en\/\"},{\"@type\":\"ListItem\",\"position\":2,\"name\":\"price lists\"}]},{\"@type\":\"WebSite\",\"@id\":\"https:\/\/debesto.com\/en\/#website\",\"url\":\"https:\/\/debesto.com\/en\/\",\"name\":\"debesto\",\"description\":\"windows, doors, shutters and garage doors for B2B\",\"potentialAction\":[{\"@type\":\"SearchAction\",\"target\":{\"@type\":\"EntryPoint\",\"urlTemplate\":\"https:\/\/debesto.com\/en\/?s={search_term_string}\"},\"query-input\":{\"@type\":\"PropertyValueSpecification\",\"valueRequired\":true,\"valueName\":\"search_term_string\"}}],\"inLanguage\":\"en-GB\"}]}<\/script>\n<!-- \/ Yoast SEO plugin. -->","yoast_head_json":{"title":"Price lists of windows, transport and shutters | Offer for debesto companies","description":"Do you sell or install joinery? Check prices, cooperate with us and save up to 50%. Import windows from Poland.","robots":{"index":"index","follow":"follow","max-snippet":"max-snippet:-1","max-image-preview":"max-image-preview:large","max-video-preview":"max-video-preview:-1"},"canonical":"https:\/\/debesto.com\/en\/price-lists\/","og_locale":"en_GB","og_type":"article","og_title":"Montujesz lub sprzedajesz stolark\u0119 otworow\u0105?","og_description":"Sprawd\u017a ceny i wsp\u00f3\u0142pracuj z nami i oszcz\u0119dzaj do 50%. Importuj okna z Polski.","og_url":"https:\/\/debesto.com\/en\/price-lists\/","og_site_name":"debesto","article_publisher":"https:\/\/www.facebook.com\/debestousa\/","article_modified_time":"2025-06-16T08:10:34+00:00","og_image":[{"width":295,"height":264,"url":"https:\/\/cdn.debesto.com\/web\/assets\/2019\/02\/06092324\/post-thumb-5.jpg","type":"image\/jpeg"}],"twitter_card":"summary_large_image","twitter_misc":{"Estimated reading time":"4 minutes"},"schema":{"@context":"https:\/\/schema.org","@graph":[{"@type":"WebPage","@id":"https:\/\/debesto.com\/en\/price-lists\/","url":"https:\/\/debesto.com\/en\/price-lists\/","name":"Price lists of windows, transport and shutters | Offer for debesto companies","isPartOf":{"@id":"https:\/\/debesto.com\/en\/#website"},"datePublished":"2019-02-20T17:23:39+00:00","dateModified":"2025-06-16T08:10:34+00:00","description":"Do you sell or install joinery? Check prices, cooperate with us and save up to 50%. Import windows from Poland.","breadcrumb":{"@id":"https:\/\/debesto.com\/en\/price-lists\/#breadcrumb"},"inLanguage":"en-GB","potentialAction":[{"@type":"ReadAction","target":["https:\/\/debesto.com\/en\/price-lists\/"]}]},{"@type":"BreadcrumbList","@id":"https:\/\/debesto.com\/en\/price-lists\/#breadcrumb","itemListElement":[{"@type":"ListItem","position":1,"name":"Strona g\u0142\u00f3wna","item":"https:\/\/debesto.com\/en\/"},{"@type":"ListItem","position":2,"name":"price lists"}]},{"@type":"WebSite","@id":"https:\/\/debesto.com\/en\/#website","url":"https:\/\/debesto.com\/en\/","name":"debesto","description":"windows, doors, shutters and garage doors for B2B","potentialAction":[{"@type":"SearchAction","target":{"@type":"EntryPoint","urlTemplate":"https:\/\/debesto.com\/en\/?s={search_term_string}"},"query-input":{"@type":"PropertyValueSpecification","valueRequired":true,"valueName":"search_term_string"}}],"inLanguage":"en-GB"}]}},"uagb_featured_image_src":{"full":false,"thumbnail":false,"medium":false,"medium_large":false,"large":false,"1536x1536":false,"2048x2048":false},"uagb_author_info":{"display_name":"mohito","author_link":"https:\/\/debesto.com\/en\/author\/mohito\/"},"uagb_comment_info":0,"uagb_excerpt":null,"_links":{"self":[{"href":"https:\/\/debesto.com\/en\/wp-json\/wp\/v2\/pages\/39959","targetHints":{"allow":["GET"]}}],"collection":[{"href":"https:\/\/debesto.com\/en\/wp-json\/wp\/v2\/pages"}],"about":[{"href":"https:\/\/debesto.com\/en\/wp-json\/wp\/v2\/types\/page"}],"author":[{"embeddable":true,"href":"https:\/\/debesto.com\/en\/wp-json\/wp\/v2\/users\/1"}],"replies":[{"embeddable":true,"href":"https:\/\/debesto.com\/en\/wp-json\/wp\/v2\/comments?post=39959"}],"version-history":[{"count":1,"href":"https:\/\/debesto.com\/en\/wp-json\/wp\/v2\/pages\/39959\/revisions"}],"predecessor-version":[{"id":72760,"href":"https:\/\/debesto.com\/en\/wp-json\/wp\/v2\/pages\/39959\/revisions\/72760"}],"wp:attachment":[{"href":"https:\/\/debesto.com\/en\/wp-json\/wp\/v2\/media?parent=39959"}],"curies":[{"name":"wp","href":"https:\/\/api.w.org\/{rel}","templated":true}]}}