{"id":6672,"date":"2020-10-05T12:40:39","date_gmt":"2020-10-05T10:40:39","guid":{"rendered":"https:\/\/debesto.com\/en-us\/rodo\/"},"modified":"2023-02-20T11:34:09","modified_gmt":"2023-02-20T10:34:09","slug":"gdpr","status":"publish","type":"page","link":"https:\/\/debesto.com\/en-us\/gdpr\/","title":{"rendered":"GDPR Information Obligation"},"content":{"rendered":"<p><b>GDPR Information Obligation<\/b><\/p>\n<p><b>Data administrator:<\/b><\/p>\n<p><span style=\"font-weight: 400\">The administrator of your data is debesto sp. z o.o., ul.Wa\u0142y Jagiello\u0144skie 14A, 56-400 Ole\u015bnica. Identification numbers : NIP 911 203 71 54<\/span><\/p>\n<p><span style=\"font-weight: 400\">You can contact the administrator by sending an e-mail: gdpr@debesto.com<\/span><\/p>\n<p><b>The basis and purpose of data processing<\/b><\/p>\n<p><span style=\"font-weight: 400\">Your personal data (name, surname and e-mail address) will be processed on the basis of the legitimate interest of the Data Administrator in the form of marketing activities regarding the Administrator\u2019s products or services. The legal basis for processing personal data is the provision of art. 6 clause 1 letter f) of Regulation (EU) 2016\/679 of the European Parliament and of the Council of 27 April 2016 on the protection of individuals with regard to the processing of personal data and on the free movement of such data, and repealing Directive 95\/46 \/ EC (General Regulation on data protection) (Text with EEA relevance, hereinafter: GDPR), which enables data to be processed when it is necessary to implement the Administrator\u2019s legitimate interests. The purpose of data processing is to conduct marketing activities regarding the Administrator\u2019s products or services.<\/span><\/p>\n<p><b>Data processing time<\/b><\/p>\n<p><span style=\"font-weight: 400\">Your personal data will be processed for the period of conducting a marketing campaign by the Administrator. We won\u2019t store your data for more than 3 months from the date of their collection.<\/span><\/p>\n<p><b>Data source<\/b><\/p>\n<p><span style=\"font-weight: 400\">We inform that your data has been obtained from public databases located on the Internet.<\/span><\/p>\n<p><b>Data recipients<\/b><\/p>\n<p><span style=\"font-weight: 400\">We may transfer your personal data to an entity that carries out automated sending of marketing messages for us.<\/span><\/p>\n<p><b>Permissions<\/b><\/p>\n<p><span style=\"font-weight: 400\">You have the right to: access your personal data, request rectification, request to stop data processing, request deletion of your personal data and object to the processing of your personal data.<\/span><\/p>\n<p><b>Automated decision making<\/b><\/p>\n<p><span style=\"font-weight: 400\">Your personal data will not be used for automated decision making, including profiling.<\/span><\/p>\n","protected":false},"excerpt":{"rendered":"<p>GDPR Information Obligation Data administrator: The administrator of your data is debesto sp. z o.o., ul.Wa\u0142y Jagiello\u0144skie 14A, 56-400 Ole\u015bnica. Identification numbers : NIP 911 203 71 54 You can contact the administrator by sending an e-mail: gdpr@debesto.com The basis and purpose of data processing Your personal data (name, surname and e-mail address) will be [&hellip;]<\/p>\n","protected":false},"author":2,"featured_media":0,"parent":0,"menu_order":187,"comment_status":"closed","ping_status":"closed","template":"","meta":{"_acf_changed":false,"_uag_custom_page_level_css":"","footnotes":""},"class_list":["post-6672","page","type-page","status-publish","hentry"],"acf":[],"yoast_head":"<!-- This site is optimized with the Yoast SEO plugin v25.6 - https:\/\/yoast.com\/wordpress\/plugins\/seo\/ -->\n<title>GDPR Information Obligation | debesto.com<\/title>\n<meta name=\"description\" content=\"Do you run a company in the construction industry? Buying GDPR Information Obligation from Poland is the best way to grow your business! Call us: 0048717575021\" \/>\n<meta name=\"robots\" content=\"noindex, follow\" \/>\n<meta property=\"og:locale\" content=\"en_US\" \/>\n<meta property=\"og:type\" content=\"article\" \/>\n<meta property=\"og:title\" content=\"GDPR Information Obligation | debesto.com\" \/>\n<meta property=\"og:description\" content=\"Do you run a company in the construction industry? Buying GDPR Information Obligation from Poland is the best way to grow your business! Call us: 0048717575021\" \/>\n<meta property=\"og:url\" content=\"https:\/\/debesto.com\/en-us\/gdpr\/\" \/>\n<meta property=\"og:site_name\" content=\"debesto\" \/>\n<meta property=\"article:publisher\" content=\"https:\/\/www.facebook.com\/debestousa\/\" \/>\n<meta property=\"article:modified_time\" content=\"2023-02-20T10:34:09+00:00\" \/>\n<meta property=\"og:image\" content=\"https:\/\/cdn.debesto.com\/web\/assets\/2019\/02\/06092324\/post-thumb-5.jpg\" \/>\n\t<meta property=\"og:image:width\" content=\"295\" \/>\n\t<meta property=\"og:image:height\" content=\"264\" \/>\n\t<meta property=\"og:image:type\" content=\"image\/jpeg\" \/>\n<meta name=\"twitter:card\" content=\"summary_large_image\" \/>\n<meta name=\"twitter:label1\" content=\"Est. reading time\" \/>\n\t<meta name=\"twitter:data1\" content=\"2 minutes\" \/>\n<script type=\"application\/ld+json\" class=\"yoast-schema-graph\">{\"@context\":\"https:\/\/schema.org\",\"@graph\":[{\"@type\":\"WebPage\",\"@id\":\"https:\/\/debesto.com\/en-us\/gdpr\/\",\"url\":\"https:\/\/debesto.com\/en-us\/gdpr\/\",\"name\":\"GDPR Information Obligation | debesto.com\",\"isPartOf\":{\"@id\":\"https:\/\/debesto.com\/en-us\/#website\"},\"datePublished\":\"2020-10-05T10:40:39+00:00\",\"dateModified\":\"2023-02-20T10:34:09+00:00\",\"description\":\"Do you run a company in the construction industry? Buying GDPR Information Obligation from Poland is the best way to grow your business! Call us: 0048717575021\",\"breadcrumb\":{\"@id\":\"https:\/\/debesto.com\/en-us\/gdpr\/#breadcrumb\"},\"inLanguage\":\"en-US\",\"potentialAction\":[{\"@type\":\"ReadAction\",\"target\":[\"https:\/\/debesto.com\/en-us\/gdpr\/\"]}]},{\"@type\":\"BreadcrumbList\",\"@id\":\"https:\/\/debesto.com\/en-us\/gdpr\/#breadcrumb\",\"itemListElement\":[{\"@type\":\"ListItem\",\"position\":1,\"name\":\"Home\",\"item\":\"https:\/\/debesto.com\/en-us\/\"},{\"@type\":\"ListItem\",\"position\":2,\"name\":\"GDPR Information Obligation\"}]},{\"@type\":\"WebSite\",\"@id\":\"https:\/\/debesto.com\/en-us\/#website\",\"url\":\"https:\/\/debesto.com\/en-us\/\",\"name\":\"debesto\",\"description\":\"windows, doors, shutters and garage doors for B2B\",\"publisher\":{\"@id\":\"https:\/\/debesto.com\/en-us\/#organization\"},\"potentialAction\":[{\"@type\":\"SearchAction\",\"target\":{\"@type\":\"EntryPoint\",\"urlTemplate\":\"https:\/\/debesto.com\/en-us\/?s={search_term_string}\"},\"query-input\":{\"@type\":\"PropertyValueSpecification\",\"valueRequired\":true,\"valueName\":\"search_term_string\"}}],\"inLanguage\":\"en-US\"},{\"@type\":\"Organization\",\"@id\":\"https:\/\/debesto.com\/en-us\/#organization\",\"name\":\"debesto\",\"url\":\"https:\/\/debesto.com\/en-us\/\",\"logo\":{\"@type\":\"ImageObject\",\"inLanguage\":\"en-US\",\"@id\":\"https:\/\/debesto.com\/en-us\/#\/schema\/logo\/image\/\",\"url\":\"https:\/\/cdn.debesto.com\/web\/assets\/2022\/05\/06091240\/logo-debesto-comparison.jpg\",\"contentUrl\":\"https:\/\/cdn.debesto.com\/web\/assets\/2022\/05\/06091240\/logo-debesto-comparison.jpg\",\"width\":188,\"height\":25,\"caption\":\"debesto\"},\"image\":{\"@id\":\"https:\/\/debesto.com\/en-us\/#\/schema\/logo\/image\/\"},\"sameAs\":[\"https:\/\/www.facebook.com\/debestousa\/\",\"https:\/\/www.instagram.com\/wearedebesto\/\",\"https:\/\/www.linkedin.com\/company\/debesto-the-best-european-windows\/\",\"https:\/\/www.youtube.com\/@debesto\"]}]}<\/script>\n<!-- \/ Yoast SEO plugin. -->","yoast_head_json":{"title":"GDPR Information Obligation | debesto.com","description":"Do you run a company in the construction industry? Buying GDPR Information Obligation from Poland is the best way to grow your business! Call us: 0048717575021","robots":{"index":"noindex","follow":"follow"},"og_locale":"en_US","og_type":"article","og_title":"GDPR Information Obligation | debesto.com","og_description":"Do you run a company in the construction industry? Buying GDPR Information Obligation from Poland is the best way to grow your business! Call us: 0048717575021","og_url":"https:\/\/debesto.com\/en-us\/gdpr\/","og_site_name":"debesto","article_publisher":"https:\/\/www.facebook.com\/debestousa\/","article_modified_time":"2023-02-20T10:34:09+00:00","og_image":[{"width":295,"height":264,"url":"https:\/\/cdn.debesto.com\/web\/assets\/2019\/02\/06092324\/post-thumb-5.jpg","type":"image\/jpeg"}],"twitter_card":"summary_large_image","twitter_misc":{"Est. reading time":"2 minutes"},"schema":{"@context":"https:\/\/schema.org","@graph":[{"@type":"WebPage","@id":"https:\/\/debesto.com\/en-us\/gdpr\/","url":"https:\/\/debesto.com\/en-us\/gdpr\/","name":"GDPR Information Obligation | debesto.com","isPartOf":{"@id":"https:\/\/debesto.com\/en-us\/#website"},"datePublished":"2020-10-05T10:40:39+00:00","dateModified":"2023-02-20T10:34:09+00:00","description":"Do you run a company in the construction industry? Buying GDPR Information Obligation from Poland is the best way to grow your business! Call us: 0048717575021","breadcrumb":{"@id":"https:\/\/debesto.com\/en-us\/gdpr\/#breadcrumb"},"inLanguage":"en-US","potentialAction":[{"@type":"ReadAction","target":["https:\/\/debesto.com\/en-us\/gdpr\/"]}]},{"@type":"BreadcrumbList","@id":"https:\/\/debesto.com\/en-us\/gdpr\/#breadcrumb","itemListElement":[{"@type":"ListItem","position":1,"name":"Home","item":"https:\/\/debesto.com\/en-us\/"},{"@type":"ListItem","position":2,"name":"GDPR Information Obligation"}]},{"@type":"WebSite","@id":"https:\/\/debesto.com\/en-us\/#website","url":"https:\/\/debesto.com\/en-us\/","name":"debesto","description":"windows, doors, shutters and garage doors for B2B","publisher":{"@id":"https:\/\/debesto.com\/en-us\/#organization"},"potentialAction":[{"@type":"SearchAction","target":{"@type":"EntryPoint","urlTemplate":"https:\/\/debesto.com\/en-us\/?s={search_term_string}"},"query-input":{"@type":"PropertyValueSpecification","valueRequired":true,"valueName":"search_term_string"}}],"inLanguage":"en-US"},{"@type":"Organization","@id":"https:\/\/debesto.com\/en-us\/#organization","name":"debesto","url":"https:\/\/debesto.com\/en-us\/","logo":{"@type":"ImageObject","inLanguage":"en-US","@id":"https:\/\/debesto.com\/en-us\/#\/schema\/logo\/image\/","url":"https:\/\/cdn.debesto.com\/web\/assets\/2022\/05\/06091240\/logo-debesto-comparison.jpg","contentUrl":"https:\/\/cdn.debesto.com\/web\/assets\/2022\/05\/06091240\/logo-debesto-comparison.jpg","width":188,"height":25,"caption":"debesto"},"image":{"@id":"https:\/\/debesto.com\/en-us\/#\/schema\/logo\/image\/"},"sameAs":["https:\/\/www.facebook.com\/debestousa\/","https:\/\/www.instagram.com\/wearedebesto\/","https:\/\/www.linkedin.com\/company\/debesto-the-best-european-windows\/","https:\/\/www.youtube.com\/@debesto"]}]}},"uagb_featured_image_src":{"full":false,"thumbnail":false,"medium":false,"medium_large":false,"large":false,"1536x1536":false,"2048x2048":false},"uagb_author_info":{"display_name":"debesto","author_link":"https:\/\/debesto.com\/en-us\/author\/debesto\/"},"uagb_comment_info":0,"uagb_excerpt":"GDPR Information Obligation Data administrator: The administrator of your data is debesto sp. z o.o., ul.Wa\u0142y Jagiello\u0144skie 14A, 56-400 Ole\u015bnica. Identification numbers : NIP 911 203 71 54 You can contact the administrator by sending an e-mail: gdpr@debesto.com The basis and purpose of data processing Your personal data (name, surname and e-mail address) will be&hellip;","_links":{"self":[{"href":"https:\/\/debesto.com\/en-us\/wp-json\/wp\/v2\/pages\/6672","targetHints":{"allow":["GET"]}}],"collection":[{"href":"https:\/\/debesto.com\/en-us\/wp-json\/wp\/v2\/pages"}],"about":[{"href":"https:\/\/debesto.com\/en-us\/wp-json\/wp\/v2\/types\/page"}],"author":[{"embeddable":true,"href":"https:\/\/debesto.com\/en-us\/wp-json\/wp\/v2\/users\/2"}],"replies":[{"embeddable":true,"href":"https:\/\/debesto.com\/en-us\/wp-json\/wp\/v2\/comments?post=6672"}],"version-history":[{"count":0,"href":"https:\/\/debesto.com\/en-us\/wp-json\/wp\/v2\/pages\/6672\/revisions"}],"wp:attachment":[{"href":"https:\/\/debesto.com\/en-us\/wp-json\/wp\/v2\/media?parent=6672"}],"curies":[{"name":"wp","href":"https:\/\/api.w.org\/{rel}","templated":true}]}}